{"id":19932,"date":"2019-09-30T10:32:09","date_gmt":"2019-09-30T10:32:09","guid":{"rendered":"https:\/\/www.canuti.com\/prodotto\/delizie-mozzarella-di-latte-di-bufala-e-olive-taggiasche\/"},"modified":"2022-05-27T17:32:27","modified_gmt":"2022-05-27T17:32:27","slug":"delizie-de-mozzarella-de-leche-de-bufala-y-aceitunas-taggiasca","status":"publish","type":"product","link":"https:\/\/www.canuti.com\/es\/prodotto\/delizie-de-mozzarella-de-leche-de-bufala-y-aceitunas-taggiasca\/","title":{"rendered":"Delizie de Mozzarella de Leche de B\u00fafala y Aceitunas Taggiasca"},"content":{"rendered":"","protected":false},"excerpt":{"rendered":"<p align=\"justify\">Aut\u00e9nticos sabores mediterr\u00e1neos con la frescura exquisita de la mozzarella de leche de b\u00fafala junto con el gusto fuerte e intenso de las verdaderas aceitunas de variedad Taggiasca.<\/p>\n<p align=\"justify\">La experiencia de los \u201cmaestros de la pasta\u201d Canuti ha permitido crear una exquisita pasta trefilada, con una cocci\u00f3n r\u00e1pida y perfecta, as\u00ed como un aroma y una rugosidad como la hecha en casa.<\/p>\n","protected":false},"featured_media":23520,"template":"","meta":{"_acf_changed":false,"inline_featured_image":false,"_joinchat":[]},"product_brand":[],"product_cat":[438],"product_tag":[],"class_list":{"0":"post-19932","1":"product","2":"type-product","3":"status-publish","4":"has-post-thumbnail","6":"product-attribute-formaggi-es","7":"product-attribute-sfoglia-extra-ruvida-es","8":"product-attribute-verdure-es","9":"product_cat-le-delizie-es","10":"pa_tipologia-pasta-pasta-ripiena-es","12":"first","13":"instock","14":"shipping-taxable","15":"product-type-simple"},"acf":[],"yoast_head":"<!-- This site is optimized with the Yoast SEO plugin v25.0 - https:\/\/yoast.com\/wordpress\/plugins\/seo\/ -->\n<title>Frozen Delizie de Mozzarella de Leche de B\u00fafala y Aceitunas Taggiasca - Canuti Sito Ufficiale<\/title>\n<meta name=\"description\" content=\"Delizie de Mozzarella de Leche de B\u00fafala y Aceitunas Taggiasca: find out the Canuti&#039;s frozen pasta in our website.\" \/>\n<meta name=\"robots\" content=\"index, follow, max-snippet:-1, max-image-preview:large, max-video-preview:-1\" \/>\n<link rel=\"canonical\" href=\"https:\/\/www.canuti.com\/es\/prodotto\/delizie-de-mozzarella-de-leche-de-bufala-y-aceitunas-taggiasca\/\" \/>\n<meta property=\"og:locale\" content=\"es_ES\" \/>\n<meta property=\"og:type\" content=\"article\" \/>\n<meta property=\"og:title\" content=\"Frozen Delizie de Mozzarella de Leche de B\u00fafala y Aceitunas Taggiasca - Canuti Sito Ufficiale\" \/>\n<meta property=\"og:description\" content=\"Delizie de Mozzarella de Leche de B\u00fafala y Aceitunas Taggiasca: find out the Canuti&#039;s frozen pasta in our website.\" \/>\n<meta property=\"og:url\" content=\"https:\/\/www.canuti.com\/es\/prodotto\/delizie-de-mozzarella-de-leche-de-bufala-y-aceitunas-taggiasca\/\" \/>\n<meta property=\"og:site_name\" content=\"Canuti Sito Ufficiale\" \/>\n<meta property=\"article:modified_time\" content=\"2022-05-27T17:32:27+00:00\" \/>\n<meta property=\"og:image\" content=\"https:\/\/www.canuti.com\/wp-content\/uploads\/2022\/12\/delizia-triangolo.jpg\" \/>\n\t<meta property=\"og:image:width\" content=\"800\" \/>\n\t<meta property=\"og:image:height\" content=\"800\" \/>\n\t<meta property=\"og:image:type\" content=\"image\/jpeg\" \/>\n<meta name=\"twitter:card\" content=\"summary_large_image\" \/>\n<script type=\"application\/ld+json\" class=\"yoast-schema-graph\">{\"@context\":\"https:\/\/schema.org\",\"@graph\":[{\"@type\":\"WebPage\",\"@id\":\"https:\/\/www.canuti.com\/es\/prodotto\/delizie-de-mozzarella-de-leche-de-bufala-y-aceitunas-taggiasca\/\",\"url\":\"https:\/\/www.canuti.com\/es\/prodotto\/delizie-de-mozzarella-de-leche-de-bufala-y-aceitunas-taggiasca\/\",\"name\":\"Frozen Delizie de Mozzarella de Leche de B\u00fafala y Aceitunas Taggiasca - Canuti Sito Ufficiale\",\"isPartOf\":{\"@id\":\"https:\/\/www.canuti.com\/es\/#website\"},\"primaryImageOfPage\":{\"@id\":\"https:\/\/www.canuti.com\/es\/prodotto\/delizie-de-mozzarella-de-leche-de-bufala-y-aceitunas-taggiasca\/#primaryimage\"},\"image\":{\"@id\":\"https:\/\/www.canuti.com\/es\/prodotto\/delizie-de-mozzarella-de-leche-de-bufala-y-aceitunas-taggiasca\/#primaryimage\"},\"thumbnailUrl\":\"https:\/\/www.canuti.com\/wp-content\/uploads\/2022\/12\/delizia-triangolo.jpg\",\"datePublished\":\"2019-09-30T10:32:09+00:00\",\"dateModified\":\"2022-05-27T17:32:27+00:00\",\"description\":\"Delizie de Mozzarella de Leche de B\u00fafala y Aceitunas Taggiasca: find out the Canuti's frozen pasta in our website.\",\"breadcrumb\":{\"@id\":\"https:\/\/www.canuti.com\/es\/prodotto\/delizie-de-mozzarella-de-leche-de-bufala-y-aceitunas-taggiasca\/#breadcrumb\"},\"inLanguage\":\"es\",\"potentialAction\":[{\"@type\":\"ReadAction\",\"target\":[\"https:\/\/www.canuti.com\/es\/prodotto\/delizie-de-mozzarella-de-leche-de-bufala-y-aceitunas-taggiasca\/\"]}]},{\"@type\":\"ImageObject\",\"inLanguage\":\"es\",\"@id\":\"https:\/\/www.canuti.com\/es\/prodotto\/delizie-de-mozzarella-de-leche-de-bufala-y-aceitunas-taggiasca\/#primaryimage\",\"url\":\"https:\/\/www.canuti.com\/wp-content\/uploads\/2022\/12\/delizia-triangolo.jpg\",\"contentUrl\":\"https:\/\/www.canuti.com\/wp-content\/uploads\/2022\/12\/delizia-triangolo.jpg\",\"width\":800,\"height\":800},{\"@type\":\"BreadcrumbList\",\"@id\":\"https:\/\/www.canuti.com\/es\/prodotto\/delizie-de-mozzarella-de-leche-de-bufala-y-aceitunas-taggiasca\/#breadcrumb\",\"itemListElement\":[{\"@type\":\"ListItem\",\"position\":1,\"name\":\"Canuti\",\"item\":\"https:\/\/www.canuti.com\/es\/\"},{\"@type\":\"ListItem\",\"position\":2,\"name\":\"Productos\",\"item\":\"https:\/\/www.canuti.com\/es\/productos\/\"},{\"@type\":\"ListItem\",\"position\":3,\"name\":\"Delizie de Mozzarella de Leche de B\u00fafala y Aceitunas Taggiasca\"}]},{\"@type\":\"WebSite\",\"@id\":\"https:\/\/www.canuti.com\/es\/#website\",\"url\":\"https:\/\/www.canuti.com\/es\/\",\"name\":\"Canuti Sito Ufficiale\",\"description\":\"Pasta fresca congelada made in Italy para HORECA y el retail\",\"publisher\":{\"@id\":\"https:\/\/www.canuti.com\/es\/#organization\"},\"potentialAction\":[{\"@type\":\"SearchAction\",\"target\":{\"@type\":\"EntryPoint\",\"urlTemplate\":\"https:\/\/www.canuti.com\/es\/?s={search_term_string}\"},\"query-input\":{\"@type\":\"PropertyValueSpecification\",\"valueRequired\":true,\"valueName\":\"search_term_string\"}}],\"inLanguage\":\"es\"},{\"@type\":\"Organization\",\"@id\":\"https:\/\/www.canuti.com\/es\/#organization\",\"name\":\"Canuti Pasta Artisans\",\"url\":\"https:\/\/www.canuti.com\/es\/\",\"logo\":{\"@type\":\"ImageObject\",\"inLanguage\":\"es\",\"@id\":\"https:\/\/www.canuti.com\/es\/#\/schema\/logo\/image\/\",\"url\":\"http:\/\/www.canuti.com\/wp-content\/uploads\/2019\/09\/canuti_logo.png\",\"contentUrl\":\"http:\/\/www.canuti.com\/wp-content\/uploads\/2019\/09\/canuti_logo.png\",\"width\":172,\"height\":115,\"caption\":\"Canuti Pasta Artisans\"},\"image\":{\"@id\":\"https:\/\/www.canuti.com\/es\/#\/schema\/logo\/image\/\"}}]}<\/script>\n<!-- \/ Yoast SEO plugin. -->","yoast_head_json":{"title":"Frozen Delizie de Mozzarella de Leche de B\u00fafala y Aceitunas Taggiasca - Canuti Sito Ufficiale","description":"Delizie de Mozzarella de Leche de B\u00fafala y Aceitunas Taggiasca: find out the Canuti's frozen pasta in our website.","robots":{"index":"index","follow":"follow","max-snippet":"max-snippet:-1","max-image-preview":"max-image-preview:large","max-video-preview":"max-video-preview:-1"},"canonical":"https:\/\/www.canuti.com\/es\/prodotto\/delizie-de-mozzarella-de-leche-de-bufala-y-aceitunas-taggiasca\/","og_locale":"es_ES","og_type":"article","og_title":"Frozen Delizie de Mozzarella de Leche de B\u00fafala y Aceitunas Taggiasca - Canuti Sito Ufficiale","og_description":"Delizie de Mozzarella de Leche de B\u00fafala y Aceitunas Taggiasca: find out the Canuti's frozen pasta in our website.","og_url":"https:\/\/www.canuti.com\/es\/prodotto\/delizie-de-mozzarella-de-leche-de-bufala-y-aceitunas-taggiasca\/","og_site_name":"Canuti Sito Ufficiale","article_modified_time":"2022-05-27T17:32:27+00:00","og_image":[{"width":800,"height":800,"url":"https:\/\/www.canuti.com\/wp-content\/uploads\/2022\/12\/delizia-triangolo.jpg","type":"image\/jpeg"}],"twitter_card":"summary_large_image","schema":{"@context":"https:\/\/schema.org","@graph":[{"@type":"WebPage","@id":"https:\/\/www.canuti.com\/es\/prodotto\/delizie-de-mozzarella-de-leche-de-bufala-y-aceitunas-taggiasca\/","url":"https:\/\/www.canuti.com\/es\/prodotto\/delizie-de-mozzarella-de-leche-de-bufala-y-aceitunas-taggiasca\/","name":"Frozen Delizie de Mozzarella de Leche de B\u00fafala y Aceitunas Taggiasca - Canuti Sito Ufficiale","isPartOf":{"@id":"https:\/\/www.canuti.com\/es\/#website"},"primaryImageOfPage":{"@id":"https:\/\/www.canuti.com\/es\/prodotto\/delizie-de-mozzarella-de-leche-de-bufala-y-aceitunas-taggiasca\/#primaryimage"},"image":{"@id":"https:\/\/www.canuti.com\/es\/prodotto\/delizie-de-mozzarella-de-leche-de-bufala-y-aceitunas-taggiasca\/#primaryimage"},"thumbnailUrl":"https:\/\/www.canuti.com\/wp-content\/uploads\/2022\/12\/delizia-triangolo.jpg","datePublished":"2019-09-30T10:32:09+00:00","dateModified":"2022-05-27T17:32:27+00:00","description":"Delizie de Mozzarella de Leche de B\u00fafala y Aceitunas Taggiasca: find out the Canuti's frozen pasta in our website.","breadcrumb":{"@id":"https:\/\/www.canuti.com\/es\/prodotto\/delizie-de-mozzarella-de-leche-de-bufala-y-aceitunas-taggiasca\/#breadcrumb"},"inLanguage":"es","potentialAction":[{"@type":"ReadAction","target":["https:\/\/www.canuti.com\/es\/prodotto\/delizie-de-mozzarella-de-leche-de-bufala-y-aceitunas-taggiasca\/"]}]},{"@type":"ImageObject","inLanguage":"es","@id":"https:\/\/www.canuti.com\/es\/prodotto\/delizie-de-mozzarella-de-leche-de-bufala-y-aceitunas-taggiasca\/#primaryimage","url":"https:\/\/www.canuti.com\/wp-content\/uploads\/2022\/12\/delizia-triangolo.jpg","contentUrl":"https:\/\/www.canuti.com\/wp-content\/uploads\/2022\/12\/delizia-triangolo.jpg","width":800,"height":800},{"@type":"BreadcrumbList","@id":"https:\/\/www.canuti.com\/es\/prodotto\/delizie-de-mozzarella-de-leche-de-bufala-y-aceitunas-taggiasca\/#breadcrumb","itemListElement":[{"@type":"ListItem","position":1,"name":"Canuti","item":"https:\/\/www.canuti.com\/es\/"},{"@type":"ListItem","position":2,"name":"Productos","item":"https:\/\/www.canuti.com\/es\/productos\/"},{"@type":"ListItem","position":3,"name":"Delizie de Mozzarella de Leche de B\u00fafala y Aceitunas Taggiasca"}]},{"@type":"WebSite","@id":"https:\/\/www.canuti.com\/es\/#website","url":"https:\/\/www.canuti.com\/es\/","name":"Canuti Sito Ufficiale","description":"Pasta fresca congelada made in Italy para HORECA y el retail","publisher":{"@id":"https:\/\/www.canuti.com\/es\/#organization"},"potentialAction":[{"@type":"SearchAction","target":{"@type":"EntryPoint","urlTemplate":"https:\/\/www.canuti.com\/es\/?s={search_term_string}"},"query-input":{"@type":"PropertyValueSpecification","valueRequired":true,"valueName":"search_term_string"}}],"inLanguage":"es"},{"@type":"Organization","@id":"https:\/\/www.canuti.com\/es\/#organization","name":"Canuti Pasta Artisans","url":"https:\/\/www.canuti.com\/es\/","logo":{"@type":"ImageObject","inLanguage":"es","@id":"https:\/\/www.canuti.com\/es\/#\/schema\/logo\/image\/","url":"http:\/\/www.canuti.com\/wp-content\/uploads\/2019\/09\/canuti_logo.png","contentUrl":"http:\/\/www.canuti.com\/wp-content\/uploads\/2019\/09\/canuti_logo.png","width":172,"height":115,"caption":"Canuti Pasta Artisans"},"image":{"@id":"https:\/\/www.canuti.com\/es\/#\/schema\/logo\/image\/"}}]}},"_links":{"self":[{"href":"https:\/\/www.canuti.com\/es\/wp-json\/wp\/v2\/product\/19932","targetHints":{"allow":["GET"]}}],"collection":[{"href":"https:\/\/www.canuti.com\/es\/wp-json\/wp\/v2\/product"}],"about":[{"href":"https:\/\/www.canuti.com\/es\/wp-json\/wp\/v2\/types\/product"}],"wp:featuredmedia":[{"embeddable":true,"href":"https:\/\/www.canuti.com\/es\/wp-json\/wp\/v2\/media\/23520"}],"wp:attachment":[{"href":"https:\/\/www.canuti.com\/es\/wp-json\/wp\/v2\/media?parent=19932"}],"wp:term":[{"taxonomy":"product_brand","embeddable":true,"href":"https:\/\/www.canuti.com\/es\/wp-json\/wp\/v2\/product_brand?post=19932"},{"taxonomy":"product_cat","embeddable":true,"href":"https:\/\/www.canuti.com\/es\/wp-json\/wp\/v2\/product_cat?post=19932"},{"taxonomy":"product_tag","embeddable":true,"href":"https:\/\/www.canuti.com\/es\/wp-json\/wp\/v2\/product_tag?post=19932"}],"curies":[{"name":"wp","href":"https:\/\/api.w.org\/{rel}","templated":true}]}}