{"id":19589,"date":"2019-10-02T15:05:01","date_gmt":"2019-10-02T15:05:01","guid":{"rendered":"https:\/\/www.canuti.com\/prodotto\/gnocchi-di-patate-gialli\/"},"modified":"2024-06-28T14:34:09","modified_gmt":"2024-06-28T14:34:09","slug":"gnocchi-de-patatas","status":"publish","type":"product","link":"https:\/\/www.canuti.com\/es\/prodotto\/gnocchi-de-patatas\/","title":{"rendered":"Gnocchi de Patatas"},"content":{"rendered":"","protected":false},"excerpt":{"rendered":"<p>&lt;span <span class=\"webkit-css-property\" aria-label=\"CSS property name: text-align\">text-align<\/span><span class=\"styles-name-value-separator\">: <\/span><span class=\"value\" aria-label=\"CSS property value: justify\">justify&gt;<\/span>En la ciudad de Roma, los \u00f1oquis representan el plato tradicional del jueves, siguiendo el dicho \u201cjueves \u00f1oquis, viernes pescado y s\u00e1bado callos \u201c. El proverbio resalta la importancia del jueves, que necesita un plato elaborado y sabroso que anticipe el plato magro del d\u00eda siguiente. Pr\u00e1cticos y r\u00e1pidos de cocinar, son \u00f3ptimos con rag\u00fas de carne o condimentos a base de quesos.<\/p>\n","protected":false},"featured_media":19591,"template":"","meta":{"_acf_changed":false,"inline_featured_image":false,"_joinchat":[]},"product_brand":[],"product_cat":[443],"product_tag":[],"class_list":{"0":"post-19589","1":"product","2":"type-product","3":"status-publish","4":"has-post-thumbnail","6":"product-attribute-senza-uova-es","7":"product-attribute-specialita-regionale-es","8":"product_cat-le-classiche-es","9":"pa_tipologia-pasta-gnocchi-es","11":"first","12":"instock","13":"shipping-taxable","14":"product-type-simple"},"acf":[],"yoast_head":"<!-- This site is optimized with the Yoast SEO plugin v25.0 - https:\/\/yoast.com\/wordpress\/plugins\/seo\/ -->\n<title>Frozen Gnocchi de Patatas - Canuti Sito Ufficiale<\/title>\n<meta name=\"description\" content=\"Gnocchi de Patatas: find out the Canuti&#039;s frozen pasta in our website.\" \/>\n<meta name=\"robots\" content=\"index, follow, max-snippet:-1, max-image-preview:large, max-video-preview:-1\" \/>\n<link rel=\"canonical\" href=\"https:\/\/www.canuti.com\/es\/prodotto\/gnocchi-de-patatas\/\" \/>\n<meta property=\"og:locale\" content=\"es_ES\" \/>\n<meta property=\"og:type\" content=\"article\" \/>\n<meta property=\"og:title\" content=\"Frozen Gnocchi de Patatas - Canuti Sito Ufficiale\" \/>\n<meta property=\"og:description\" content=\"Gnocchi de Patatas: find out the Canuti&#039;s frozen pasta in our website.\" \/>\n<meta property=\"og:url\" content=\"https:\/\/www.canuti.com\/es\/prodotto\/gnocchi-de-patatas\/\" \/>\n<meta property=\"og:site_name\" content=\"Canuti Sito Ufficiale\" \/>\n<meta property=\"article:modified_time\" content=\"2024-06-28T14:34:09+00:00\" \/>\n<meta property=\"og:image\" content=\"https:\/\/www.canuti.com\/wp-content\/uploads\/2019\/10\/22S.jpg\" \/>\n\t<meta property=\"og:image:width\" content=\"505\" \/>\n\t<meta property=\"og:image:height\" content=\"552\" \/>\n\t<meta property=\"og:image:type\" content=\"image\/jpeg\" \/>\n<meta name=\"twitter:card\" content=\"summary_large_image\" \/>\n<script type=\"application\/ld+json\" class=\"yoast-schema-graph\">{\"@context\":\"https:\/\/schema.org\",\"@graph\":[{\"@type\":\"WebPage\",\"@id\":\"https:\/\/www.canuti.com\/es\/prodotto\/gnocchi-de-patatas\/\",\"url\":\"https:\/\/www.canuti.com\/es\/prodotto\/gnocchi-de-patatas\/\",\"name\":\"Frozen Gnocchi de Patatas - Canuti Sito Ufficiale\",\"isPartOf\":{\"@id\":\"https:\/\/www.canuti.com\/es\/#website\"},\"primaryImageOfPage\":{\"@id\":\"https:\/\/www.canuti.com\/es\/prodotto\/gnocchi-de-patatas\/#primaryimage\"},\"image\":{\"@id\":\"https:\/\/www.canuti.com\/es\/prodotto\/gnocchi-de-patatas\/#primaryimage\"},\"thumbnailUrl\":\"https:\/\/www.canuti.com\/wp-content\/uploads\/2019\/10\/22S.jpg\",\"datePublished\":\"2019-10-02T15:05:01+00:00\",\"dateModified\":\"2024-06-28T14:34:09+00:00\",\"description\":\"Gnocchi de Patatas: find out the Canuti's frozen pasta in our website.\",\"breadcrumb\":{\"@id\":\"https:\/\/www.canuti.com\/es\/prodotto\/gnocchi-de-patatas\/#breadcrumb\"},\"inLanguage\":\"es\",\"potentialAction\":[{\"@type\":\"ReadAction\",\"target\":[\"https:\/\/www.canuti.com\/es\/prodotto\/gnocchi-de-patatas\/\"]}]},{\"@type\":\"ImageObject\",\"inLanguage\":\"es\",\"@id\":\"https:\/\/www.canuti.com\/es\/prodotto\/gnocchi-de-patatas\/#primaryimage\",\"url\":\"https:\/\/www.canuti.com\/wp-content\/uploads\/2019\/10\/22S.jpg\",\"contentUrl\":\"https:\/\/www.canuti.com\/wp-content\/uploads\/2019\/10\/22S.jpg\",\"width\":505,\"height\":552},{\"@type\":\"BreadcrumbList\",\"@id\":\"https:\/\/www.canuti.com\/es\/prodotto\/gnocchi-de-patatas\/#breadcrumb\",\"itemListElement\":[{\"@type\":\"ListItem\",\"position\":1,\"name\":\"Canuti\",\"item\":\"https:\/\/www.canuti.com\/es\/\"},{\"@type\":\"ListItem\",\"position\":2,\"name\":\"Productos\",\"item\":\"https:\/\/www.canuti.com\/es\/productos\/\"},{\"@type\":\"ListItem\",\"position\":3,\"name\":\"Gnocchi de Patatas\"}]},{\"@type\":\"WebSite\",\"@id\":\"https:\/\/www.canuti.com\/es\/#website\",\"url\":\"https:\/\/www.canuti.com\/es\/\",\"name\":\"Canuti Sito Ufficiale\",\"description\":\"Pasta fresca congelada made in Italy para HORECA y el retail\",\"publisher\":{\"@id\":\"https:\/\/www.canuti.com\/es\/#organization\"},\"potentialAction\":[{\"@type\":\"SearchAction\",\"target\":{\"@type\":\"EntryPoint\",\"urlTemplate\":\"https:\/\/www.canuti.com\/es\/?s={search_term_string}\"},\"query-input\":{\"@type\":\"PropertyValueSpecification\",\"valueRequired\":true,\"valueName\":\"search_term_string\"}}],\"inLanguage\":\"es\"},{\"@type\":\"Organization\",\"@id\":\"https:\/\/www.canuti.com\/es\/#organization\",\"name\":\"Canuti Pasta Artisans\",\"url\":\"https:\/\/www.canuti.com\/es\/\",\"logo\":{\"@type\":\"ImageObject\",\"inLanguage\":\"es\",\"@id\":\"https:\/\/www.canuti.com\/es\/#\/schema\/logo\/image\/\",\"url\":\"http:\/\/www.canuti.com\/wp-content\/uploads\/2019\/09\/canuti_logo.png\",\"contentUrl\":\"http:\/\/www.canuti.com\/wp-content\/uploads\/2019\/09\/canuti_logo.png\",\"width\":172,\"height\":115,\"caption\":\"Canuti Pasta Artisans\"},\"image\":{\"@id\":\"https:\/\/www.canuti.com\/es\/#\/schema\/logo\/image\/\"}}]}<\/script>\n<!-- \/ Yoast SEO plugin. -->","yoast_head_json":{"title":"Frozen Gnocchi de Patatas - Canuti Sito Ufficiale","description":"Gnocchi de Patatas: find out the Canuti's frozen pasta in our website.","robots":{"index":"index","follow":"follow","max-snippet":"max-snippet:-1","max-image-preview":"max-image-preview:large","max-video-preview":"max-video-preview:-1"},"canonical":"https:\/\/www.canuti.com\/es\/prodotto\/gnocchi-de-patatas\/","og_locale":"es_ES","og_type":"article","og_title":"Frozen Gnocchi de Patatas - Canuti Sito Ufficiale","og_description":"Gnocchi de Patatas: find out the Canuti's frozen pasta in our website.","og_url":"https:\/\/www.canuti.com\/es\/prodotto\/gnocchi-de-patatas\/","og_site_name":"Canuti Sito Ufficiale","article_modified_time":"2024-06-28T14:34:09+00:00","og_image":[{"width":505,"height":552,"url":"https:\/\/www.canuti.com\/wp-content\/uploads\/2019\/10\/22S.jpg","type":"image\/jpeg"}],"twitter_card":"summary_large_image","schema":{"@context":"https:\/\/schema.org","@graph":[{"@type":"WebPage","@id":"https:\/\/www.canuti.com\/es\/prodotto\/gnocchi-de-patatas\/","url":"https:\/\/www.canuti.com\/es\/prodotto\/gnocchi-de-patatas\/","name":"Frozen Gnocchi de Patatas - Canuti Sito Ufficiale","isPartOf":{"@id":"https:\/\/www.canuti.com\/es\/#website"},"primaryImageOfPage":{"@id":"https:\/\/www.canuti.com\/es\/prodotto\/gnocchi-de-patatas\/#primaryimage"},"image":{"@id":"https:\/\/www.canuti.com\/es\/prodotto\/gnocchi-de-patatas\/#primaryimage"},"thumbnailUrl":"https:\/\/www.canuti.com\/wp-content\/uploads\/2019\/10\/22S.jpg","datePublished":"2019-10-02T15:05:01+00:00","dateModified":"2024-06-28T14:34:09+00:00","description":"Gnocchi de Patatas: find out the Canuti's frozen pasta in our website.","breadcrumb":{"@id":"https:\/\/www.canuti.com\/es\/prodotto\/gnocchi-de-patatas\/#breadcrumb"},"inLanguage":"es","potentialAction":[{"@type":"ReadAction","target":["https:\/\/www.canuti.com\/es\/prodotto\/gnocchi-de-patatas\/"]}]},{"@type":"ImageObject","inLanguage":"es","@id":"https:\/\/www.canuti.com\/es\/prodotto\/gnocchi-de-patatas\/#primaryimage","url":"https:\/\/www.canuti.com\/wp-content\/uploads\/2019\/10\/22S.jpg","contentUrl":"https:\/\/www.canuti.com\/wp-content\/uploads\/2019\/10\/22S.jpg","width":505,"height":552},{"@type":"BreadcrumbList","@id":"https:\/\/www.canuti.com\/es\/prodotto\/gnocchi-de-patatas\/#breadcrumb","itemListElement":[{"@type":"ListItem","position":1,"name":"Canuti","item":"https:\/\/www.canuti.com\/es\/"},{"@type":"ListItem","position":2,"name":"Productos","item":"https:\/\/www.canuti.com\/es\/productos\/"},{"@type":"ListItem","position":3,"name":"Gnocchi de Patatas"}]},{"@type":"WebSite","@id":"https:\/\/www.canuti.com\/es\/#website","url":"https:\/\/www.canuti.com\/es\/","name":"Canuti Sito Ufficiale","description":"Pasta fresca congelada made in Italy para HORECA y el retail","publisher":{"@id":"https:\/\/www.canuti.com\/es\/#organization"},"potentialAction":[{"@type":"SearchAction","target":{"@type":"EntryPoint","urlTemplate":"https:\/\/www.canuti.com\/es\/?s={search_term_string}"},"query-input":{"@type":"PropertyValueSpecification","valueRequired":true,"valueName":"search_term_string"}}],"inLanguage":"es"},{"@type":"Organization","@id":"https:\/\/www.canuti.com\/es\/#organization","name":"Canuti Pasta Artisans","url":"https:\/\/www.canuti.com\/es\/","logo":{"@type":"ImageObject","inLanguage":"es","@id":"https:\/\/www.canuti.com\/es\/#\/schema\/logo\/image\/","url":"http:\/\/www.canuti.com\/wp-content\/uploads\/2019\/09\/canuti_logo.png","contentUrl":"http:\/\/www.canuti.com\/wp-content\/uploads\/2019\/09\/canuti_logo.png","width":172,"height":115,"caption":"Canuti Pasta Artisans"},"image":{"@id":"https:\/\/www.canuti.com\/es\/#\/schema\/logo\/image\/"}}]}},"_links":{"self":[{"href":"https:\/\/www.canuti.com\/es\/wp-json\/wp\/v2\/product\/19589","targetHints":{"allow":["GET"]}}],"collection":[{"href":"https:\/\/www.canuti.com\/es\/wp-json\/wp\/v2\/product"}],"about":[{"href":"https:\/\/www.canuti.com\/es\/wp-json\/wp\/v2\/types\/product"}],"wp:featuredmedia":[{"embeddable":true,"href":"https:\/\/www.canuti.com\/es\/wp-json\/wp\/v2\/media\/19591"}],"wp:attachment":[{"href":"https:\/\/www.canuti.com\/es\/wp-json\/wp\/v2\/media?parent=19589"}],"wp:term":[{"taxonomy":"product_brand","embeddable":true,"href":"https:\/\/www.canuti.com\/es\/wp-json\/wp\/v2\/product_brand?post=19589"},{"taxonomy":"product_cat","embeddable":true,"href":"https:\/\/www.canuti.com\/es\/wp-json\/wp\/v2\/product_cat?post=19589"},{"taxonomy":"product_tag","embeddable":true,"href":"https:\/\/www.canuti.com\/es\/wp-json\/wp\/v2\/product_tag?post=19589"}],"curies":[{"name":"wp","href":"https:\/\/api.w.org\/{rel}","templated":true}]}}