{"id":23565,"date":"2022-12-15T13:31:13","date_gmt":"2022-12-15T13:31:13","guid":{"rendered":"https:\/\/www.canuti.com\/?page_id=23565"},"modified":"2023-01-10T15:31:13","modified_gmt":"2023-01-10T15:31:13","slug":"la-nostra-sfoglia-extra-ruvida","status":"publish","type":"page","link":"https:\/\/www.canuti.com\/es\/la-nostra-sfoglia-extra-ruvida\/","title":{"rendered":"Nuestra \u201cPASTA EXTRA RUGOSA\u201d"},"content":{"rendered":"<div class=\"wpb-content-wrapper\"><p>[vc_row][vc_column][vc_column_text]<\/p>\n<h1><strong>Nuestra \u201cPasta Extra Rugosa\u201d<\/strong><\/h1>\n<p>[\/vc_column_text][\/vc_column][\/vc_row][vc_row][vc_column width=&#8221;1\/2&#8243;][vc_column_text]\u00a1Solo los \u201c<strong>Maestros de Pasta<\/strong>\u201d Canuti pod\u00edan realizar una pasta tan exquisita y \u00fanica!<br \/>\nEl trefilado de la pasta, as\u00ed como una particular elaboraci\u00f3n con rodillos, estriados artesanalmente, aportar a la pasta una rugosidad \u00fanica, t\u00edpica de la mejor pasta artesanal.<br \/>\nDe esta forma ya no se quedar\u00e1n en el plato las salsas y los condimentos, sino que se \u201cligar\u00e1n\u201d perfectamente con la pasta, obteniendo una explosi\u00f3n de sabor con cada bocado.[\/vc_column_text][\/vc_column][vc_column width=&#8221;1\/2&#8243;][vc_single_image image=&#8221;23775&#8243; img_size=&#8221;full&#8221;][\/vc_column][\/vc_row][vc_row][vc_column][vc_empty_space][\/vc_column][\/vc_row][vc_row][vc_column][vc_single_image image=&#8221;23583&#8243; img_size=&#8221;full&#8221;][\/vc_column][\/vc_row][vc_row][vc_column][vc_empty_space][\/vc_column][\/vc_row]<\/p>\n<\/div>","protected":false},"excerpt":{"rendered":"<p>[vc_row][vc_column][vc_column_text] Nuestra \u201cPasta Extra Rugosa\u201d [\/vc_column_text][\/vc_column][\/vc_row][vc_row][vc_column width=&#8221;1\/2&#8243;][vc_column_text]\u00a1Solo los \u201cMaestros de Pasta\u201d Canuti pod\u00edan realizar una pasta tan exquisita y \u00fanica! El trefilado de la pasta, as\u00ed como una particular elaboraci\u00f3n con rodillos, estriados artesanalmente, aportar a la pasta una rugosidad \u00fanica, t\u00edpica de la mejor pasta artesanal. De esta forma ya no se quedar\u00e1n en [&hellip;]<\/p>\n","protected":false},"author":1,"featured_media":0,"parent":0,"menu_order":0,"comment_status":"closed","ping_status":"closed","template":"","meta":{"_acf_changed":false,"inline_featured_image":false,"_joinchat":[],"footnotes":""},"class_list":["post-23565","page","type-page","status-publish","hentry"],"acf":[],"yoast_head":"<!-- This site is optimized with the Yoast SEO plugin v25.0 - https:\/\/yoast.com\/wordpress\/plugins\/seo\/ -->\n<title>La sfoglia tradizionale Romagnola Made in Italy del pastificio Canuti<\/title>\n<meta name=\"description\" content=\"Scopri la foglia Canuti, gli ingredienti, i formati e tutti i ripieni delle nostre linee di pasta fresca surgelata per la ristorazione.\" \/>\n<meta name=\"robots\" content=\"index, follow, max-snippet:-1, max-image-preview:large, max-video-preview:-1\" \/>\n<link rel=\"canonical\" href=\"https:\/\/www.canuti.com\/es\/la-nostra-sfoglia-extra-ruvida\/\" \/>\n<meta property=\"og:locale\" content=\"es_ES\" \/>\n<meta property=\"og:type\" content=\"article\" \/>\n<meta property=\"og:title\" content=\"La sfoglia tradizionale Romagnola Made in Italy del pastificio Canuti\" \/>\n<meta property=\"og:description\" content=\"Scopri la foglia Canuti, gli ingredienti, i formati e tutti i ripieni delle nostre linee di pasta fresca surgelata per la ristorazione.\" \/>\n<meta property=\"og:url\" content=\"https:\/\/www.canuti.com\/es\/la-nostra-sfoglia-extra-ruvida\/\" \/>\n<meta property=\"og:site_name\" content=\"Canuti Sito Ufficiale\" \/>\n<meta property=\"article:modified_time\" content=\"2023-01-10T15:31:13+00:00\" \/>\n<meta name=\"twitter:card\" content=\"summary_large_image\" \/>\n<meta name=\"twitter:label1\" content=\"Tiempo de lectura\" \/>\n\t<meta name=\"twitter:data1\" content=\"1 minuto\" \/>\n<script type=\"application\/ld+json\" class=\"yoast-schema-graph\">{\"@context\":\"https:\/\/schema.org\",\"@graph\":[{\"@type\":\"WebPage\",\"@id\":\"https:\/\/www.canuti.com\/es\/la-nostra-sfoglia-extra-ruvida\/\",\"url\":\"https:\/\/www.canuti.com\/es\/la-nostra-sfoglia-extra-ruvida\/\",\"name\":\"La sfoglia tradizionale Romagnola Made in Italy del pastificio Canuti\",\"isPartOf\":{\"@id\":\"https:\/\/www.canuti.com\/es\/#website\"},\"datePublished\":\"2022-12-15T13:31:13+00:00\",\"dateModified\":\"2023-01-10T15:31:13+00:00\",\"description\":\"Scopri la foglia Canuti, gli ingredienti, i formati e tutti i ripieni delle nostre linee di pasta fresca surgelata per la ristorazione.\",\"breadcrumb\":{\"@id\":\"https:\/\/www.canuti.com\/es\/la-nostra-sfoglia-extra-ruvida\/#breadcrumb\"},\"inLanguage\":\"es\",\"potentialAction\":[{\"@type\":\"ReadAction\",\"target\":[\"https:\/\/www.canuti.com\/es\/la-nostra-sfoglia-extra-ruvida\/\"]}]},{\"@type\":\"BreadcrumbList\",\"@id\":\"https:\/\/www.canuti.com\/es\/la-nostra-sfoglia-extra-ruvida\/#breadcrumb\",\"itemListElement\":[{\"@type\":\"ListItem\",\"position\":1,\"name\":\"Canuti\",\"item\":\"https:\/\/www.canuti.com\/es\/\"},{\"@type\":\"ListItem\",\"position\":2,\"name\":\"Nuestra \u201cPASTA EXTRA RUGOSA\u201d\"}]},{\"@type\":\"WebSite\",\"@id\":\"https:\/\/www.canuti.com\/es\/#website\",\"url\":\"https:\/\/www.canuti.com\/es\/\",\"name\":\"Canuti Sito Ufficiale\",\"description\":\"Pasta fresca congelada made in Italy para HORECA y el retail\",\"publisher\":{\"@id\":\"https:\/\/www.canuti.com\/es\/#organization\"},\"potentialAction\":[{\"@type\":\"SearchAction\",\"target\":{\"@type\":\"EntryPoint\",\"urlTemplate\":\"https:\/\/www.canuti.com\/es\/?s={search_term_string}\"},\"query-input\":{\"@type\":\"PropertyValueSpecification\",\"valueRequired\":true,\"valueName\":\"search_term_string\"}}],\"inLanguage\":\"es\"},{\"@type\":\"Organization\",\"@id\":\"https:\/\/www.canuti.com\/es\/#organization\",\"name\":\"Canuti Pasta Artisans\",\"url\":\"https:\/\/www.canuti.com\/es\/\",\"logo\":{\"@type\":\"ImageObject\",\"inLanguage\":\"es\",\"@id\":\"https:\/\/www.canuti.com\/es\/#\/schema\/logo\/image\/\",\"url\":\"http:\/\/www.canuti.com\/wp-content\/uploads\/2019\/09\/canuti_logo.png\",\"contentUrl\":\"http:\/\/www.canuti.com\/wp-content\/uploads\/2019\/09\/canuti_logo.png\",\"width\":172,\"height\":115,\"caption\":\"Canuti Pasta Artisans\"},\"image\":{\"@id\":\"https:\/\/www.canuti.com\/es\/#\/schema\/logo\/image\/\"}}]}<\/script>\n<!-- \/ Yoast SEO plugin. -->","yoast_head_json":{"title":"La sfoglia tradizionale Romagnola Made in Italy del pastificio Canuti","description":"Scopri la foglia Canuti, gli ingredienti, i formati e tutti i ripieni delle nostre linee di pasta fresca surgelata per la ristorazione.","robots":{"index":"index","follow":"follow","max-snippet":"max-snippet:-1","max-image-preview":"max-image-preview:large","max-video-preview":"max-video-preview:-1"},"canonical":"https:\/\/www.canuti.com\/es\/la-nostra-sfoglia-extra-ruvida\/","og_locale":"es_ES","og_type":"article","og_title":"La sfoglia tradizionale Romagnola Made in Italy del pastificio Canuti","og_description":"Scopri la foglia Canuti, gli ingredienti, i formati e tutti i ripieni delle nostre linee di pasta fresca surgelata per la ristorazione.","og_url":"https:\/\/www.canuti.com\/es\/la-nostra-sfoglia-extra-ruvida\/","og_site_name":"Canuti Sito Ufficiale","article_modified_time":"2023-01-10T15:31:13+00:00","twitter_card":"summary_large_image","twitter_misc":{"Tiempo de lectura":"1 minuto"},"schema":{"@context":"https:\/\/schema.org","@graph":[{"@type":"WebPage","@id":"https:\/\/www.canuti.com\/es\/la-nostra-sfoglia-extra-ruvida\/","url":"https:\/\/www.canuti.com\/es\/la-nostra-sfoglia-extra-ruvida\/","name":"La sfoglia tradizionale Romagnola Made in Italy del pastificio Canuti","isPartOf":{"@id":"https:\/\/www.canuti.com\/es\/#website"},"datePublished":"2022-12-15T13:31:13+00:00","dateModified":"2023-01-10T15:31:13+00:00","description":"Scopri la foglia Canuti, gli ingredienti, i formati e tutti i ripieni delle nostre linee di pasta fresca surgelata per la ristorazione.","breadcrumb":{"@id":"https:\/\/www.canuti.com\/es\/la-nostra-sfoglia-extra-ruvida\/#breadcrumb"},"inLanguage":"es","potentialAction":[{"@type":"ReadAction","target":["https:\/\/www.canuti.com\/es\/la-nostra-sfoglia-extra-ruvida\/"]}]},{"@type":"BreadcrumbList","@id":"https:\/\/www.canuti.com\/es\/la-nostra-sfoglia-extra-ruvida\/#breadcrumb","itemListElement":[{"@type":"ListItem","position":1,"name":"Canuti","item":"https:\/\/www.canuti.com\/es\/"},{"@type":"ListItem","position":2,"name":"Nuestra \u201cPASTA EXTRA RUGOSA\u201d"}]},{"@type":"WebSite","@id":"https:\/\/www.canuti.com\/es\/#website","url":"https:\/\/www.canuti.com\/es\/","name":"Canuti Sito Ufficiale","description":"Pasta fresca congelada made in Italy para HORECA y el retail","publisher":{"@id":"https:\/\/www.canuti.com\/es\/#organization"},"potentialAction":[{"@type":"SearchAction","target":{"@type":"EntryPoint","urlTemplate":"https:\/\/www.canuti.com\/es\/?s={search_term_string}"},"query-input":{"@type":"PropertyValueSpecification","valueRequired":true,"valueName":"search_term_string"}}],"inLanguage":"es"},{"@type":"Organization","@id":"https:\/\/www.canuti.com\/es\/#organization","name":"Canuti Pasta Artisans","url":"https:\/\/www.canuti.com\/es\/","logo":{"@type":"ImageObject","inLanguage":"es","@id":"https:\/\/www.canuti.com\/es\/#\/schema\/logo\/image\/","url":"http:\/\/www.canuti.com\/wp-content\/uploads\/2019\/09\/canuti_logo.png","contentUrl":"http:\/\/www.canuti.com\/wp-content\/uploads\/2019\/09\/canuti_logo.png","width":172,"height":115,"caption":"Canuti Pasta Artisans"},"image":{"@id":"https:\/\/www.canuti.com\/es\/#\/schema\/logo\/image\/"}}]}},"_links":{"self":[{"href":"https:\/\/www.canuti.com\/es\/wp-json\/wp\/v2\/pages\/23565","targetHints":{"allow":["GET"]}}],"collection":[{"href":"https:\/\/www.canuti.com\/es\/wp-json\/wp\/v2\/pages"}],"about":[{"href":"https:\/\/www.canuti.com\/es\/wp-json\/wp\/v2\/types\/page"}],"author":[{"embeddable":true,"href":"https:\/\/www.canuti.com\/es\/wp-json\/wp\/v2\/users\/1"}],"replies":[{"embeddable":true,"href":"https:\/\/www.canuti.com\/es\/wp-json\/wp\/v2\/comments?post=23565"}],"version-history":[{"count":5,"href":"https:\/\/www.canuti.com\/es\/wp-json\/wp\/v2\/pages\/23565\/revisions"}],"predecessor-version":[{"id":24064,"href":"https:\/\/www.canuti.com\/es\/wp-json\/wp\/v2\/pages\/23565\/revisions\/24064"}],"wp:attachment":[{"href":"https:\/\/www.canuti.com\/es\/wp-json\/wp\/v2\/media?parent=23565"}],"curies":[{"name":"wp","href":"https:\/\/api.w.org\/{rel}","templated":true}]}}