{"id":19321,"date":"2022-05-23T15:27:36","date_gmt":"2022-05-23T15:27:36","guid":{"rendered":"https:\/\/www.canuti.com\/?page_id=19321"},"modified":"2024-07-03T10:13:13","modified_gmt":"2024-07-03T10:13:13","slug":"casa-canuti-retail","status":"publish","type":"page","link":"https:\/\/www.canuti.com\/es\/casa-canuti-retail\/","title":{"rendered":"Casa Canuti Retail"},"content":{"rendered":"<div class=\"wpb-content-wrapper\"><p>[vc_row][vc_column][vc_empty_space height=&#8221;25&#8243;][\/vc_column][\/vc_row][vc_row][vc_column][vc_single_image image=&#8221;19265&#8243; img_size=&#8221;full&#8221; alignment=&#8221;center&#8221;][cms_heading text=&#8221;Casa Canuti Retail Collection&#8221; tag=&#8221;h1&#8243; align_lg=&#8221;align-center&#8221; align_md=&#8221;align-center-md&#8221; align_sm=&#8221;align-center-sm&#8221; align_xs=&#8221;align-center-xs&#8221; font_size=&#8221;48&#8243; line_height=&#8221;78&#8243; sub_title_position=&#8221;after-title&#8221; el_class=&#8221;page-title&#8221;][\/vc_column][\/vc_row][vc_row][vc_column css=&#8221;.vc_custom_1595966842353{margin-bottom: 30px !important;}&#8221;][cms_fancybox cms_template=&#8221;cms_fancybox&#8211;layout5.php&#8221; title_color=&#8221;#610a0a&#8221; title_link=&#8221;url:%2Fcasa-canuti-retail-prodotti-classici|||&#8221; item_image=&#8221;23344&#8243; title=&#8221;PRODUCTOS CL\u00c1SICOS&#8221;][\/vc_column][\/vc_row][vc_row][vc_column][vc_empty_space][\/vc_column][\/vc_row][vc_row content_placement=&#8221;middle&#8221; el_class=&#8221;retail-collection-banner&#8221; css=&#8221;.vc_custom_1596543222469{margin-bottom: 60px !important;background-color: #efefef !important;}&#8221;][vc_column width=&#8221;2\/5&#8243; css=&#8221;.vc_custom_1596175766704{padding-left: 0px !important;}&#8221;][vc_single_image image=&#8221;23225&#8243; img_size=&#8221;400&#215;400&#8243; css=&#8221;.vc_custom_1674139150133{margin-bottom: 0px !important;}&#8221;][\/vc_column][vc_column width=&#8221;3\/5&#8243;][vc_custom_heading text=&#8221;El packaging&#8221; use_theme_fonts=&#8221;yes&#8221;][vc_column_text]Todos los productos de la l\u00ednea <strong>Casa Canuti<\/strong> est\u00e1n disponibles en pr\u00e1cticos paquetes de 250g y en bolsas de 300g.<br \/>\nRicas de informaci\u00f3n sobre el producto y su preparaci\u00f3n, est\u00e1n realizadas con un robusto cart\u00f3n adecuado para las bajas temperaturas[\/vc_column_text][\/vc_column][\/vc_row][vc_row content_placement=&#8221;middle&#8221; css=&#8221;.vc_custom_1596543211087{margin-bottom: 60px !important;background-color: #efefef !important;}&#8221; el_class=&#8221;retail-collection-banner&#8221;][vc_column width=&#8221;2\/5&#8243; css=&#8221;.vc_custom_1596175772211{padding-left: 0px !important;}&#8221;][vc_single_image image=&#8221;23357&#8243; img_size=&#8221;400&#215;400&#8243; css=&#8221;.vc_custom_1674139169421{margin-bottom: 0px !important;}&#8221;][\/vc_column][vc_column width=&#8221;3\/5&#8243;][vc_custom_heading text=&#8221;Etiqueta personalizada&#8221; use_theme_fonts=&#8221;yes&#8221;][vc_column_text]Todo el packaging de la l\u00ednea <strong>Casa Canuti<\/strong> est\u00e1 disponible para el Private Label (Etiqueta personalizada).<br \/>\nSe puede personalizar completamente con el logo de su l\u00ednea y de su empresa.<br \/>\n[\/vc_column_text][\/vc_column][\/vc_row][vc_row content_placement=&#8221;middle&#8221; css=&#8221;.vc_custom_1596543156980{margin-bottom: 60px !important;background-color: #efefef !important;}&#8221; el_class=&#8221;retail-collection-banner&#8221;][vc_column width=&#8221;2\/5&#8243; css=&#8221;.vc_custom_1596175776066{padding-left: 0px !important;}&#8221;][vc_single_image image=&#8221;23256&#8243; img_size=&#8221;400&#215;400&#8243; css=&#8221;.vc_custom_1674139192730{margin-bottom: 0px !important;}&#8221;][\/vc_column][vc_column width=&#8221;3\/5&#8243;][vc_custom_heading text=&#8221;Descarga el cat\u00e1logo&#8221; use_theme_fonts=&#8221;yes&#8221;][vc_column_text]Descarga o visualiza el cat\u00e1logo de la l\u00ednea <strong>Casa Canuti<\/strong> en un c\u00f3modo formato PDF.[\/vc_column_text][vc_column_text]<a id=\"retail-catalogue-cta\" class=\"btn btn-default size-default\" href=\"http:\/\/www.canuti.com\/wp-content\/uploads\/2020\/08\/Catalogo-Retail-Casa-Canuti-2020.pdf\" target=\"_blank\" rel=\"noopener noreferrer\"><span id=\"retail-catalogue-cta\" class=\"\">Descarga el cat\u00e1logo<\/span><\/a>[\/vc_column_text][\/vc_column][\/vc_row]<\/p>\n<\/div>","protected":false},"excerpt":{"rendered":"<p>[vc_row][vc_column][vc_empty_space height=&#8221;25&#8243;][\/vc_column][\/vc_row][vc_row][vc_column][vc_single_image image=&#8221;19265&#8243; img_size=&#8221;full&#8221; alignment=&#8221;center&#8221;][cms_heading text=&#8221;Casa Canuti Retail Collection&#8221; tag=&#8221;h1&#8243; align_lg=&#8221;align-center&#8221; align_md=&#8221;align-center-md&#8221; align_sm=&#8221;align-center-sm&#8221; align_xs=&#8221;align-center-xs&#8221; font_size=&#8221;48&#8243; line_height=&#8221;78&#8243; sub_title_position=&#8221;after-title&#8221; el_class=&#8221;page-title&#8221;][\/vc_column][\/vc_row][vc_row][vc_column css=&#8221;.vc_custom_1595966842353{margin-bottom: 30px !important;}&#8221;][cms_fancybox cms_template=&#8221;cms_fancybox&#8211;layout5.php&#8221; title_color=&#8221;#610a0a&#8221; title_link=&#8221;url:%2Fcasa-canuti-retail-prodotti-classici|||&#8221; item_image=&#8221;23344&#8243; title=&#8221;PRODUCTOS CL\u00c1SICOS&#8221;][\/vc_column][\/vc_row][vc_row][vc_column][vc_empty_space][\/vc_column][\/vc_row][vc_row content_placement=&#8221;middle&#8221; el_class=&#8221;retail-collection-banner&#8221; css=&#8221;.vc_custom_1596543222469{margin-bottom: 60px !important;background-color: #efefef !important;}&#8221;][vc_column width=&#8221;2\/5&#8243; css=&#8221;.vc_custom_1596175766704{padding-left: 0px !important;}&#8221;][vc_single_image image=&#8221;23225&#8243; img_size=&#8221;400&#215;400&#8243; css=&#8221;.vc_custom_1674139150133{margin-bottom: 0px !important;}&#8221;][\/vc_column][vc_column width=&#8221;3\/5&#8243;][vc_custom_heading text=&#8221;El packaging&#8221; use_theme_fonts=&#8221;yes&#8221;][vc_column_text]Todos los productos de la l\u00ednea Casa Canuti est\u00e1n [&hellip;]<\/p>\n","protected":false},"author":6,"featured_media":0,"parent":0,"menu_order":0,"comment_status":"closed","ping_status":"closed","template":"","meta":{"_acf_changed":false,"inline_featured_image":false,"_joinchat":[],"footnotes":""},"class_list":["post-19321","page","type-page","status-publish","hentry"],"acf":[],"yoast_head":"<!-- This site is optimized with the Yoast SEO plugin v25.0 - https:\/\/yoast.com\/wordpress\/plugins\/seo\/ -->\n<title>Casa Canuti Retail - Canuti Sito Ufficiale<\/title>\n<meta name=\"description\" content=\"Descubre todos los productos de Casa Canuti Retail Collection. S\u00f3lo en nuestra web oficial. Encuentra tu producto favorito ahora.\" \/>\n<meta name=\"robots\" content=\"index, follow, max-snippet:-1, max-image-preview:large, max-video-preview:-1\" \/>\n<link rel=\"canonical\" href=\"https:\/\/www.canuti.com\/es\/casa-canuti-retail\/\" \/>\n<meta property=\"og:locale\" content=\"es_ES\" \/>\n<meta property=\"og:type\" content=\"article\" \/>\n<meta property=\"og:title\" content=\"Casa Canuti Retail - Canuti Sito Ufficiale\" \/>\n<meta property=\"og:description\" content=\"Descubre todos los productos de Casa Canuti Retail Collection. S\u00f3lo en nuestra web oficial. Encuentra tu producto favorito ahora.\" \/>\n<meta property=\"og:url\" content=\"https:\/\/www.canuti.com\/es\/casa-canuti-retail\/\" \/>\n<meta property=\"og:site_name\" content=\"Canuti Sito Ufficiale\" \/>\n<meta property=\"article:modified_time\" content=\"2024-07-03T10:13:13+00:00\" \/>\n<meta name=\"twitter:card\" content=\"summary_large_image\" \/>\n<meta name=\"twitter:label1\" content=\"Tiempo de lectura\" \/>\n\t<meta name=\"twitter:data1\" content=\"1 minuto\" \/>\n<script type=\"application\/ld+json\" class=\"yoast-schema-graph\">{\"@context\":\"https:\/\/schema.org\",\"@graph\":[{\"@type\":\"WebPage\",\"@id\":\"https:\/\/www.canuti.com\/es\/casa-canuti-retail\/\",\"url\":\"https:\/\/www.canuti.com\/es\/casa-canuti-retail\/\",\"name\":\"Casa Canuti Retail - Canuti Sito Ufficiale\",\"isPartOf\":{\"@id\":\"https:\/\/www.canuti.com\/es\/#website\"},\"datePublished\":\"2022-05-23T15:27:36+00:00\",\"dateModified\":\"2024-07-03T10:13:13+00:00\",\"description\":\"Descubre todos los productos de Casa Canuti Retail Collection. S\u00f3lo en nuestra web oficial. Encuentra tu producto favorito ahora.\",\"breadcrumb\":{\"@id\":\"https:\/\/www.canuti.com\/es\/casa-canuti-retail\/#breadcrumb\"},\"inLanguage\":\"es\",\"potentialAction\":[{\"@type\":\"ReadAction\",\"target\":[\"https:\/\/www.canuti.com\/es\/casa-canuti-retail\/\"]}]},{\"@type\":\"BreadcrumbList\",\"@id\":\"https:\/\/www.canuti.com\/es\/casa-canuti-retail\/#breadcrumb\",\"itemListElement\":[{\"@type\":\"ListItem\",\"position\":1,\"name\":\"Canuti\",\"item\":\"https:\/\/www.canuti.com\/es\/\"},{\"@type\":\"ListItem\",\"position\":2,\"name\":\"Casa Canuti Retail\"}]},{\"@type\":\"WebSite\",\"@id\":\"https:\/\/www.canuti.com\/es\/#website\",\"url\":\"https:\/\/www.canuti.com\/es\/\",\"name\":\"Canuti Sito Ufficiale\",\"description\":\"Pasta fresca congelada made in Italy para HORECA y el retail\",\"publisher\":{\"@id\":\"https:\/\/www.canuti.com\/es\/#organization\"},\"potentialAction\":[{\"@type\":\"SearchAction\",\"target\":{\"@type\":\"EntryPoint\",\"urlTemplate\":\"https:\/\/www.canuti.com\/es\/?s={search_term_string}\"},\"query-input\":{\"@type\":\"PropertyValueSpecification\",\"valueRequired\":true,\"valueName\":\"search_term_string\"}}],\"inLanguage\":\"es\"},{\"@type\":\"Organization\",\"@id\":\"https:\/\/www.canuti.com\/es\/#organization\",\"name\":\"Canuti Pasta Artisans\",\"url\":\"https:\/\/www.canuti.com\/es\/\",\"logo\":{\"@type\":\"ImageObject\",\"inLanguage\":\"es\",\"@id\":\"https:\/\/www.canuti.com\/es\/#\/schema\/logo\/image\/\",\"url\":\"http:\/\/www.canuti.com\/wp-content\/uploads\/2019\/09\/canuti_logo.png\",\"contentUrl\":\"http:\/\/www.canuti.com\/wp-content\/uploads\/2019\/09\/canuti_logo.png\",\"width\":172,\"height\":115,\"caption\":\"Canuti Pasta Artisans\"},\"image\":{\"@id\":\"https:\/\/www.canuti.com\/es\/#\/schema\/logo\/image\/\"}}]}<\/script>\n<!-- \/ Yoast SEO plugin. -->","yoast_head_json":{"title":"Casa Canuti Retail - Canuti Sito Ufficiale","description":"Descubre todos los productos de Casa Canuti Retail Collection. S\u00f3lo en nuestra web oficial. Encuentra tu producto favorito ahora.","robots":{"index":"index","follow":"follow","max-snippet":"max-snippet:-1","max-image-preview":"max-image-preview:large","max-video-preview":"max-video-preview:-1"},"canonical":"https:\/\/www.canuti.com\/es\/casa-canuti-retail\/","og_locale":"es_ES","og_type":"article","og_title":"Casa Canuti Retail - Canuti Sito Ufficiale","og_description":"Descubre todos los productos de Casa Canuti Retail Collection. S\u00f3lo en nuestra web oficial. Encuentra tu producto favorito ahora.","og_url":"https:\/\/www.canuti.com\/es\/casa-canuti-retail\/","og_site_name":"Canuti Sito Ufficiale","article_modified_time":"2024-07-03T10:13:13+00:00","twitter_card":"summary_large_image","twitter_misc":{"Tiempo de lectura":"1 minuto"},"schema":{"@context":"https:\/\/schema.org","@graph":[{"@type":"WebPage","@id":"https:\/\/www.canuti.com\/es\/casa-canuti-retail\/","url":"https:\/\/www.canuti.com\/es\/casa-canuti-retail\/","name":"Casa Canuti Retail - Canuti Sito Ufficiale","isPartOf":{"@id":"https:\/\/www.canuti.com\/es\/#website"},"datePublished":"2022-05-23T15:27:36+00:00","dateModified":"2024-07-03T10:13:13+00:00","description":"Descubre todos los productos de Casa Canuti Retail Collection. S\u00f3lo en nuestra web oficial. Encuentra tu producto favorito ahora.","breadcrumb":{"@id":"https:\/\/www.canuti.com\/es\/casa-canuti-retail\/#breadcrumb"},"inLanguage":"es","potentialAction":[{"@type":"ReadAction","target":["https:\/\/www.canuti.com\/es\/casa-canuti-retail\/"]}]},{"@type":"BreadcrumbList","@id":"https:\/\/www.canuti.com\/es\/casa-canuti-retail\/#breadcrumb","itemListElement":[{"@type":"ListItem","position":1,"name":"Canuti","item":"https:\/\/www.canuti.com\/es\/"},{"@type":"ListItem","position":2,"name":"Casa Canuti Retail"}]},{"@type":"WebSite","@id":"https:\/\/www.canuti.com\/es\/#website","url":"https:\/\/www.canuti.com\/es\/","name":"Canuti Sito Ufficiale","description":"Pasta fresca congelada made in Italy para HORECA y el retail","publisher":{"@id":"https:\/\/www.canuti.com\/es\/#organization"},"potentialAction":[{"@type":"SearchAction","target":{"@type":"EntryPoint","urlTemplate":"https:\/\/www.canuti.com\/es\/?s={search_term_string}"},"query-input":{"@type":"PropertyValueSpecification","valueRequired":true,"valueName":"search_term_string"}}],"inLanguage":"es"},{"@type":"Organization","@id":"https:\/\/www.canuti.com\/es\/#organization","name":"Canuti Pasta Artisans","url":"https:\/\/www.canuti.com\/es\/","logo":{"@type":"ImageObject","inLanguage":"es","@id":"https:\/\/www.canuti.com\/es\/#\/schema\/logo\/image\/","url":"http:\/\/www.canuti.com\/wp-content\/uploads\/2019\/09\/canuti_logo.png","contentUrl":"http:\/\/www.canuti.com\/wp-content\/uploads\/2019\/09\/canuti_logo.png","width":172,"height":115,"caption":"Canuti Pasta Artisans"},"image":{"@id":"https:\/\/www.canuti.com\/es\/#\/schema\/logo\/image\/"}}]}},"_links":{"self":[{"href":"https:\/\/www.canuti.com\/es\/wp-json\/wp\/v2\/pages\/19321","targetHints":{"allow":["GET"]}}],"collection":[{"href":"https:\/\/www.canuti.com\/es\/wp-json\/wp\/v2\/pages"}],"about":[{"href":"https:\/\/www.canuti.com\/es\/wp-json\/wp\/v2\/types\/page"}],"author":[{"embeddable":true,"href":"https:\/\/www.canuti.com\/es\/wp-json\/wp\/v2\/users\/6"}],"replies":[{"embeddable":true,"href":"https:\/\/www.canuti.com\/es\/wp-json\/wp\/v2\/comments?post=19321"}],"version-history":[{"count":9,"href":"https:\/\/www.canuti.com\/es\/wp-json\/wp\/v2\/pages\/19321\/revisions"}],"predecessor-version":[{"id":24154,"href":"https:\/\/www.canuti.com\/es\/wp-json\/wp\/v2\/pages\/19321\/revisions\/24154"}],"wp:attachment":[{"href":"https:\/\/www.canuti.com\/es\/wp-json\/wp\/v2\/media?parent=19321"}],"curies":[{"name":"wp","href":"https:\/\/api.w.org\/{rel}","templated":true}]}}