{"id":19254,"date":"2019-10-18T11:24:38","date_gmt":"2019-10-18T11:24:38","guid":{"rendered":"https:\/\/www.canuti.com\/iscrizione-newsletter\/"},"modified":"2024-07-03T12:44:52","modified_gmt":"2024-07-03T12:44:52","slug":"suscribete-al-boletin-informativo","status":"publish","type":"page","link":"https:\/\/www.canuti.com\/es\/suscribete-al-boletin-informativo\/","title":{"rendered":"Suscr\u00edbete al bolet\u00edn informativo"},"content":{"rendered":"<div class=\"wpb-content-wrapper\"><p>[vc_row][vc_column][cms_heading text=&#8221;Suscr\u00edbete al bolet\u00edn informativo de Canuti&#8221; tag=&#8221;h1&#8243; font_size=&#8221;48&#8243; line_height=&#8221;52&#8243; sub_title_position=&#8221;after-title&#8221; el_class=&#8221;page-title&#8221;][vc_column_text el_class=&#8221;page-paragraph-text&#8221; css=&#8221;.vc_custom_1653299877459{margin-bottom: 16px !important;}&#8221;]Suscr\u00edbete con dos simples clics y mantente actualizado sobre las novedades Canuti, promociones, recetas, ferias y manifestaciones.[\/vc_column_text][vc_row_inner][vc_column_inner width=&#8221;2\/3&#8243;][cms_contact_form id=&#8221;8499&#8243;][\/vc_column_inner][vc_column_inner width=&#8221;1\/3&#8243;][\/vc_column_inner][\/vc_row_inner][\/vc_column][\/vc_row]<\/p>\n<\/div>","protected":false},"excerpt":{"rendered":"<p>[vc_row][vc_column][cms_heading text=&#8221;Suscr\u00edbete al bolet\u00edn informativo de Canuti&#8221; tag=&#8221;h1&#8243; font_size=&#8221;48&#8243; line_height=&#8221;52&#8243; sub_title_position=&#8221;after-title&#8221; el_class=&#8221;page-title&#8221;][vc_column_text el_class=&#8221;page-paragraph-text&#8221; css=&#8221;.vc_custom_1653299877459{margin-bottom: 16px !important;}&#8221;]Suscr\u00edbete con dos simples clics y mantente actualizado sobre las novedades Canuti, promociones, recetas, ferias y manifestaciones.[\/vc_column_text][vc_row_inner][vc_column_inner width=&#8221;2\/3&#8243;][cms_contact_form id=&#8221;8499&#8243;][\/vc_column_inner][vc_column_inner width=&#8221;1\/3&#8243;][\/vc_column_inner][\/vc_row_inner][\/vc_column][\/vc_row]<\/p>\n","protected":false},"author":1,"featured_media":0,"parent":0,"menu_order":0,"comment_status":"closed","ping_status":"closed","template":"","meta":{"_acf_changed":false,"inline_featured_image":false,"_joinchat":[],"footnotes":""},"class_list":["post-19254","page","type-page","status-publish","hentry"],"acf":[],"yoast_head":"<!-- This site is optimized with the Yoast SEO plugin v25.0 - https:\/\/yoast.com\/wordpress\/plugins\/seo\/ -->\n<title>Suscr\u00edbete al bolet\u00edn Canuti Tradizione Italiana<\/title>\n<meta name=\"description\" content=\"Suscr\u00edbete a la newsletter de Canuti Tradizione Italiana: noticias, promociones, recetas, ferias y eventos.\" \/>\n<meta name=\"robots\" content=\"index, follow, max-snippet:-1, max-image-preview:large, max-video-preview:-1\" \/>\n<link rel=\"canonical\" href=\"https:\/\/www.canuti.com\/es\/suscribete-al-boletin-informativo\/\" \/>\n<meta property=\"og:locale\" content=\"es_ES\" \/>\n<meta property=\"og:type\" content=\"article\" \/>\n<meta property=\"og:title\" content=\"Suscr\u00edbete al bolet\u00edn Canuti Tradizione Italiana\" \/>\n<meta property=\"og:description\" content=\"Suscr\u00edbete a la newsletter de Canuti Tradizione Italiana: noticias, promociones, recetas, ferias y eventos.\" \/>\n<meta property=\"og:url\" content=\"https:\/\/www.canuti.com\/es\/suscribete-al-boletin-informativo\/\" \/>\n<meta property=\"og:site_name\" content=\"Canuti Sito Ufficiale\" \/>\n<meta property=\"article:modified_time\" content=\"2024-07-03T12:44:52+00:00\" \/>\n<meta name=\"twitter:card\" content=\"summary_large_image\" \/>\n<meta name=\"twitter:label1\" content=\"Tiempo de lectura\" \/>\n\t<meta name=\"twitter:data1\" content=\"1 minuto\" \/>\n<script type=\"application\/ld+json\" class=\"yoast-schema-graph\">{\"@context\":\"https:\/\/schema.org\",\"@graph\":[{\"@type\":\"WebPage\",\"@id\":\"https:\/\/www.canuti.com\/es\/suscribete-al-boletin-informativo\/\",\"url\":\"https:\/\/www.canuti.com\/es\/suscribete-al-boletin-informativo\/\",\"name\":\"Suscr\u00edbete al bolet\u00edn Canuti Tradizione Italiana\",\"isPartOf\":{\"@id\":\"https:\/\/www.canuti.com\/es\/#website\"},\"datePublished\":\"2019-10-18T11:24:38+00:00\",\"dateModified\":\"2024-07-03T12:44:52+00:00\",\"description\":\"Suscr\u00edbete a la newsletter de Canuti Tradizione Italiana: noticias, promociones, recetas, ferias y eventos.\",\"breadcrumb\":{\"@id\":\"https:\/\/www.canuti.com\/es\/suscribete-al-boletin-informativo\/#breadcrumb\"},\"inLanguage\":\"es\",\"potentialAction\":[{\"@type\":\"ReadAction\",\"target\":[\"https:\/\/www.canuti.com\/es\/suscribete-al-boletin-informativo\/\"]}]},{\"@type\":\"BreadcrumbList\",\"@id\":\"https:\/\/www.canuti.com\/es\/suscribete-al-boletin-informativo\/#breadcrumb\",\"itemListElement\":[{\"@type\":\"ListItem\",\"position\":1,\"name\":\"Canuti\",\"item\":\"https:\/\/www.canuti.com\/es\/\"},{\"@type\":\"ListItem\",\"position\":2,\"name\":\"Suscr\u00edbete al bolet\u00edn informativo\"}]},{\"@type\":\"WebSite\",\"@id\":\"https:\/\/www.canuti.com\/es\/#website\",\"url\":\"https:\/\/www.canuti.com\/es\/\",\"name\":\"Canuti Sito Ufficiale\",\"description\":\"Pasta fresca congelada made in Italy para HORECA y el retail\",\"publisher\":{\"@id\":\"https:\/\/www.canuti.com\/es\/#organization\"},\"potentialAction\":[{\"@type\":\"SearchAction\",\"target\":{\"@type\":\"EntryPoint\",\"urlTemplate\":\"https:\/\/www.canuti.com\/es\/?s={search_term_string}\"},\"query-input\":{\"@type\":\"PropertyValueSpecification\",\"valueRequired\":true,\"valueName\":\"search_term_string\"}}],\"inLanguage\":\"es\"},{\"@type\":\"Organization\",\"@id\":\"https:\/\/www.canuti.com\/es\/#organization\",\"name\":\"Canuti Pasta Artisans\",\"url\":\"https:\/\/www.canuti.com\/es\/\",\"logo\":{\"@type\":\"ImageObject\",\"inLanguage\":\"es\",\"@id\":\"https:\/\/www.canuti.com\/es\/#\/schema\/logo\/image\/\",\"url\":\"http:\/\/www.canuti.com\/wp-content\/uploads\/2019\/09\/canuti_logo.png\",\"contentUrl\":\"http:\/\/www.canuti.com\/wp-content\/uploads\/2019\/09\/canuti_logo.png\",\"width\":172,\"height\":115,\"caption\":\"Canuti Pasta Artisans\"},\"image\":{\"@id\":\"https:\/\/www.canuti.com\/es\/#\/schema\/logo\/image\/\"}}]}<\/script>\n<!-- \/ Yoast SEO plugin. -->","yoast_head_json":{"title":"Suscr\u00edbete al bolet\u00edn Canuti Tradizione Italiana","description":"Suscr\u00edbete a la newsletter de Canuti Tradizione Italiana: noticias, promociones, recetas, ferias y eventos.","robots":{"index":"index","follow":"follow","max-snippet":"max-snippet:-1","max-image-preview":"max-image-preview:large","max-video-preview":"max-video-preview:-1"},"canonical":"https:\/\/www.canuti.com\/es\/suscribete-al-boletin-informativo\/","og_locale":"es_ES","og_type":"article","og_title":"Suscr\u00edbete al bolet\u00edn Canuti Tradizione Italiana","og_description":"Suscr\u00edbete a la newsletter de Canuti Tradizione Italiana: noticias, promociones, recetas, ferias y eventos.","og_url":"https:\/\/www.canuti.com\/es\/suscribete-al-boletin-informativo\/","og_site_name":"Canuti Sito Ufficiale","article_modified_time":"2024-07-03T12:44:52+00:00","twitter_card":"summary_large_image","twitter_misc":{"Tiempo de lectura":"1 minuto"},"schema":{"@context":"https:\/\/schema.org","@graph":[{"@type":"WebPage","@id":"https:\/\/www.canuti.com\/es\/suscribete-al-boletin-informativo\/","url":"https:\/\/www.canuti.com\/es\/suscribete-al-boletin-informativo\/","name":"Suscr\u00edbete al bolet\u00edn Canuti Tradizione Italiana","isPartOf":{"@id":"https:\/\/www.canuti.com\/es\/#website"},"datePublished":"2019-10-18T11:24:38+00:00","dateModified":"2024-07-03T12:44:52+00:00","description":"Suscr\u00edbete a la newsletter de Canuti Tradizione Italiana: noticias, promociones, recetas, ferias y eventos.","breadcrumb":{"@id":"https:\/\/www.canuti.com\/es\/suscribete-al-boletin-informativo\/#breadcrumb"},"inLanguage":"es","potentialAction":[{"@type":"ReadAction","target":["https:\/\/www.canuti.com\/es\/suscribete-al-boletin-informativo\/"]}]},{"@type":"BreadcrumbList","@id":"https:\/\/www.canuti.com\/es\/suscribete-al-boletin-informativo\/#breadcrumb","itemListElement":[{"@type":"ListItem","position":1,"name":"Canuti","item":"https:\/\/www.canuti.com\/es\/"},{"@type":"ListItem","position":2,"name":"Suscr\u00edbete al bolet\u00edn informativo"}]},{"@type":"WebSite","@id":"https:\/\/www.canuti.com\/es\/#website","url":"https:\/\/www.canuti.com\/es\/","name":"Canuti Sito Ufficiale","description":"Pasta fresca congelada made in Italy para HORECA y el retail","publisher":{"@id":"https:\/\/www.canuti.com\/es\/#organization"},"potentialAction":[{"@type":"SearchAction","target":{"@type":"EntryPoint","urlTemplate":"https:\/\/www.canuti.com\/es\/?s={search_term_string}"},"query-input":{"@type":"PropertyValueSpecification","valueRequired":true,"valueName":"search_term_string"}}],"inLanguage":"es"},{"@type":"Organization","@id":"https:\/\/www.canuti.com\/es\/#organization","name":"Canuti Pasta Artisans","url":"https:\/\/www.canuti.com\/es\/","logo":{"@type":"ImageObject","inLanguage":"es","@id":"https:\/\/www.canuti.com\/es\/#\/schema\/logo\/image\/","url":"http:\/\/www.canuti.com\/wp-content\/uploads\/2019\/09\/canuti_logo.png","contentUrl":"http:\/\/www.canuti.com\/wp-content\/uploads\/2019\/09\/canuti_logo.png","width":172,"height":115,"caption":"Canuti Pasta Artisans"},"image":{"@id":"https:\/\/www.canuti.com\/es\/#\/schema\/logo\/image\/"}}]}},"_links":{"self":[{"href":"https:\/\/www.canuti.com\/es\/wp-json\/wp\/v2\/pages\/19254","targetHints":{"allow":["GET"]}}],"collection":[{"href":"https:\/\/www.canuti.com\/es\/wp-json\/wp\/v2\/pages"}],"about":[{"href":"https:\/\/www.canuti.com\/es\/wp-json\/wp\/v2\/types\/page"}],"author":[{"embeddable":true,"href":"https:\/\/www.canuti.com\/es\/wp-json\/wp\/v2\/users\/1"}],"replies":[{"embeddable":true,"href":"https:\/\/www.canuti.com\/es\/wp-json\/wp\/v2\/comments?post=19254"}],"version-history":[{"count":3,"href":"https:\/\/www.canuti.com\/es\/wp-json\/wp\/v2\/pages\/19254\/revisions"}],"predecessor-version":[{"id":19257,"href":"https:\/\/www.canuti.com\/es\/wp-json\/wp\/v2\/pages\/19254\/revisions\/19257"}],"wp:attachment":[{"href":"https:\/\/www.canuti.com\/es\/wp-json\/wp\/v2\/media?parent=19254"}],"curies":[{"name":"wp","href":"https:\/\/api.w.org\/{rel}","templated":true}]}}