{"id":19244,"date":"2019-09-30T15:04:03","date_gmt":"2019-09-30T15:04:03","guid":{"rendered":"https:\/\/www.canuti.com\/chi-siamo\/"},"modified":"2024-07-03T10:07:10","modified_gmt":"2024-07-03T10:07:10","slug":"quienes-somos","status":"publish","type":"page","link":"https:\/\/www.canuti.com\/es\/quienes-somos\/","title":{"rendered":"Qui\u00e9nes somos"},"content":{"rendered":"<div class=\"wpb-content-wrapper\"><p>[vc_row][vc_column][cms_heading text=&#8221;Fabricantes de Pasta desde 1950&#8243; tag=&#8221;h1&#8243; font_size=&#8221;48&#8243; line_height=&#8221;52&#8243; sub_title_position=&#8221;after-title&#8221; el_class=&#8221;page-title&#8221;][vc_empty_space][vc_row_inner content_placement=&#8221;bottom&#8221; el_class=&#8221;logos-wrapper&#8221;][vc_column_inner width=&#8221;1\/2&#8243; offset=&#8221;vc_col-lg-3 vc_col-md-6 vc_col-xs-12&#8243;][vc_single_image image=&#8221;19248&#8243; img_size=&#8221;full&#8221; alignment=&#8221;center&#8221; css=&#8221;.vc_custom_1578648651941{margin-bottom: 10px !important;}&#8221;][vc_column_text el_class=&#8221;logo-caption&#8221;]A\u00f1os 70 \/ 80 \/ 90[\/vc_column_text][\/vc_column_inner][vc_column_inner width=&#8221;1\/2&#8243; offset=&#8221;vc_col-lg-3 vc_col-md-6 vc_col-xs-12&#8243;][vc_single_image image=&#8221;19249&#8243; img_size=&#8221;full&#8221; alignment=&#8221;center&#8221; css=&#8221;.vc_custom_1578648661413{margin-bottom: 10px !important;}&#8221;][vc_column_text el_class=&#8221;logo-caption&#8221;]A\u00f1os 2000[\/vc_column_text][\/vc_column_inner][vc_column_inner width=&#8221;1\/2&#8243; offset=&#8221;vc_col-lg-3 vc_col-md-6 vc_col-xs-12&#8243;][vc_single_image image=&#8221;19250&#8243; img_size=&#8221;full&#8221; alignment=&#8221;center&#8221; css=&#8221;.vc_custom_1578648669132{margin-bottom: 10px !important;}&#8221;][vc_column_text el_class=&#8221;logo-caption&#8221;]Desde 2013[\/vc_column_text][\/vc_column_inner][vc_column_inner width=&#8221;1\/2&#8243; offset=&#8221;vc_col-lg-3 vc_col-md-3 vc_hidden-md vc_hidden-sm vc_col-xs-12 vc_hidden-xs&#8221;][\/vc_column_inner][\/vc_row_inner][vc_column_text el_class=&#8221;page-paragraph-text&#8221;]La historia de la f\u00e1brica de pasta Canuti testimonia el amor por la tradici\u00f3n italiana, la sabidur\u00eda por la pasta y la pasi\u00f3n por la creatividad como expresi\u00f3n del gusto.<\/p>\n<p><strong>En 1950 el fundador Mario Canuti abre el primer obrador de pasta fresca en R\u00edmini<\/strong> <b>, en Emilia-Roma\u00f1a, regi\u00f3n conocida a nivel internacional por sus excelencias gastron\u00f3micas. Desde entonces la actividad se ha intensificado y actualmente la producci\u00f3n est\u00e1 organizada en una moderna f\u00e1brica.<\/b><\/p>\n<ul>\n<li>Conservamos nuestro saber hacer artesanal de fabricantes de pasta y lo aplicamos tambi\u00e9n a la satisfacci\u00f3n de las espec\u00edficas solicitudes de los diferentes mercados<\/li>\n<li>Utilizamos la ultracongelaci\u00f3n, <strong>la mejor t\u00e9cnica de conservaci\u00f3n existente<\/strong>, para exportar nuestros productos desde Italia a todo el mundo<\/li>\n<li>En estos a\u00f1os, nuestro trabajo ha sido premiado con <strong>la obtenci\u00f3n y el mantenimiento de certificaciones internacionales<\/strong> del sector.<\/li>\n<\/ul>\n<p>[\/vc_column_text][\/vc_column][\/vc_row][vc_row][vc_column][cms_heading text=&#8221;Nuestra historia&#8221; tag=&#8221;h2&#8243; font_size=&#8221;24&#8243; line_height=&#8221;38&#8243; sub_title_position=&#8221;after-title&#8221; el_class=&#8221;page-subtitle&#8221;][vc_column_text el_class=&#8221;page-paragraph-text&#8221;]La pasi\u00f3n y la calidad de quien fabrica pasta desde 1950[\/vc_column_text][\/vc_column][\/vc_row][vc_row el_class=&#8221;timeline-row&#8221;][vc_column width=&#8221;1\/2&#8243; offset=&#8221;vc_col-lg-3 vc_col-md-6 vc_col-xs-12&#8243;][cms_fancybox cms_template=&#8221;cms_fancybox&#8211;layout6.php&#8221; title=&#8221;1950&#8243; description=&#8221;Mario Canuti abre en R\u00edmini el primer obrador de pasta fresca&#8221; el_class=&#8221;timeline-first&#8221;][vc_empty_space height=&#8221;24px&#8221;][\/vc_column][vc_column width=&#8221;1\/2&#8243; offset=&#8221;vc_col-lg-3 vc_col-md-6 vc_col-xs-12&#8243;][cms_fancybox cms_template=&#8221;cms_fancybox&#8211;layout6.php&#8221; title=&#8221;1960&#8243; description=&#8221;Apertura de tres puntos de venta en R\u00edmini (Italia)&#8221;][vc_empty_space height=&#8221;24px&#8221;][\/vc_column][vc_column width=&#8221;1\/2&#8243; offset=&#8221;vc_col-lg-3 vc_col-md-6 vc_col-xs-12&#8243;][cms_fancybox cms_template=&#8221;cms_fancybox&#8211;layout6.php&#8221; title=&#8221;1970&#8243; description=&#8221;Distribuci\u00f3n directa a restaurantes, hoteles y GDO&#8221;][vc_empty_space height=&#8221;24px&#8221;][\/vc_column][vc_column width=&#8221;1\/2&#8243; offset=&#8221;vc_col-lg-3 vc_col-md-6 vc_col-xs-12&#8243;][cms_fancybox cms_template=&#8221;cms_fancybox&#8211;layout6.php&#8221; title=&#8221;1980&#8243; description=&#8221;Es uno de los primeros en Italia en fabricar pasta fresca congelada&#8221;][vc_empty_space height=&#8221;24px&#8221;][\/vc_column][\/vc_row][vc_row el_class=&#8221;timeline-row&#8221;][vc_column width=&#8221;1\/2&#8243; offset=&#8221;vc_col-lg-3 vc_col-md-6 vc_col-xs-12&#8243;][cms_fancybox cms_template=&#8221;cms_fancybox&#8211;layout6.php&#8221; title=&#8221;1996&#8243; description=&#8221;Nueva planta de fabricaci\u00f3n&#8221;][vc_empty_space height=&#8221;24px&#8221;][\/vc_column][vc_column width=&#8221;1\/2&#8243; offset=&#8221;vc_col-lg-3 vc_col-md-6 vc_col-xs-12&#8243;][cms_fancybox cms_template=&#8221;cms_fancybox&#8211;layout6.php&#8221; title=&#8221;2000&#8243; description=&#8221;Exportaci\u00f3n de pasta congelada a los pa\u00edses CEE&#8221;][vc_empty_space height=&#8221;24px&#8221;][\/vc_column][vc_column width=&#8221;1\/2&#8243; offset=&#8221;vc_col-lg-3 vc_col-md-6 vc_col-xs-12&#8243;][cms_fancybox cms_template=&#8221;cms_fancybox&#8211;layout6.php&#8221; title=&#8221;2013&#8243; description=&#8221;Obtenci\u00f3n de las certificaciones IFS, BRC y Halal&#8221;][vc_empty_space height=&#8221;24px&#8221;][\/vc_column][vc_column width=&#8221;1\/2&#8243; offset=&#8221;vc_col-lg-3 vc_col-md-6 vc_col-xs-12&#8243;][cms_fancybox cms_template=&#8221;cms_fancybox&#8211;layout6.php&#8221; title=&#8221;2014&#8243; description=&#8221;Obtenci\u00f3n de la certificaci\u00f3n Biol\u00f3gica&#8221;][vc_empty_space height=&#8221;24px&#8221;][\/vc_column][\/vc_row][vc_row el_class=&#8221;timeline-row&#8221;][vc_column width=&#8221;1\/2&#8243; offset=&#8221;vc_col-lg-3 vc_col-md-6 vc_col-xs-12&#8243;][cms_fancybox cms_template=&#8221;cms_fancybox&#8211;layout6.php&#8221; title=&#8221;2015&#8243; description=&#8221;Adquisici\u00f3n por parte del grupo Toffano&#8221;][vc_empty_space height=&#8221;24px&#8221;][\/vc_column][vc_column width=&#8221;1\/2&#8243; offset=&#8221;vc_col-lg-3 vc_col-md-6 vc_col-xs-12&#8243;][cms_fancybox cms_template=&#8221;cms_fancybox&#8211;layout6.php&#8221; title=&#8221;2016&#8243; description=&#8221;Renovaci\u00f3n de los sistemas de fabricaci\u00f3n, expansi\u00f3n en las marcaciones extra-UE en el foodservice y retail &#8220;][vc_empty_space height=&#8221;24px&#8221;][\/vc_column][vc_column width=&#8221;1\/2&#8243; offset=&#8221;vc_col-lg-3 vc_col-md-6 vc_col-xs-12&#8243;][cms_fancybox cms_template=&#8221;cms_fancybox&#8211;layout6.php&#8221; title=&#8221;2017&#8243; description=&#8221;Ampliaci\u00f3n de la gama con tres l\u00edneas de productos, le Classiche, le Delizie y le Biospeciali&#8221;][vc_empty_space height=&#8221;24px&#8221;][\/vc_column][vc_column width=&#8221;1\/2&#8243; offset=&#8221;vc_col-lg-3 vc_col-md-6 vc_col-xs-12&#8243;][\/vc_column][\/vc_row][vc_row][vc_column][vc_empty_space][\/vc_column][\/vc_row][vc_row el_class=&#8221;canuti-location-images-wrapper&#8221;][vc_column width=&#8221;1\/2&#8243;][vc_single_image image=&#8221;22216&#8243; img_size=&#8221;full&#8221; css=&#8221;.vc_custom_1574758908124{margin-bottom: 16px !important;}&#8221;][vc_column_text text_align=&#8221;text-center&#8221; el_class=&#8221;page-paragraph-text&#8221;]<span style=\"color: #999999;\"><em>Obrador de pasta en via Spagna en R\u00edmini<br \/>\n<b>A\u00f1os &#8217;70<\/b><\/em><\/span>[\/vc_column_text][\/vc_column][vc_column width=&#8221;1\/2&#8243;][vc_single_image image=&#8221;19247&#8243; img_size=&#8221;full&#8221; css=&#8221;.vc_custom_1574758925895{margin-bottom: 16px !important;}&#8221;][vc_column_text text_align=&#8221;text-center&#8221; el_class=&#8221;page-paragraph-text&#8221;]<span style=\"color: #999999;\"><em>Planta de fabricaci\u00f3n y oficinas comerciales\/log\u00edstica de via Sassonia 16, R\u00edmini\u00a0<\/em><\/span><br \/>\n<strong>Imagen actual <\/strong>[\/vc_column_text][\/vc_column][\/vc_row]<\/p>\n<\/div>","protected":false},"excerpt":{"rendered":"<p>[vc_row][vc_column][cms_heading text=&#8221;Fabricantes de Pasta desde 1950&#8243; tag=&#8221;h1&#8243; font_size=&#8221;48&#8243; line_height=&#8221;52&#8243; sub_title_position=&#8221;after-title&#8221; el_class=&#8221;page-title&#8221;][vc_empty_space][vc_row_inner content_placement=&#8221;bottom&#8221; el_class=&#8221;logos-wrapper&#8221;][vc_column_inner width=&#8221;1\/2&#8243; offset=&#8221;vc_col-lg-3 vc_col-md-6 vc_col-xs-12&#8243;][vc_single_image image=&#8221;19248&#8243; img_size=&#8221;full&#8221; alignment=&#8221;center&#8221; css=&#8221;.vc_custom_1578648651941{margin-bottom: 10px !important;}&#8221;][vc_column_text el_class=&#8221;logo-caption&#8221;]A\u00f1os 70 \/ 80 \/ 90[\/vc_column_text][\/vc_column_inner][vc_column_inner width=&#8221;1\/2&#8243; offset=&#8221;vc_col-lg-3 vc_col-md-6 vc_col-xs-12&#8243;][vc_single_image image=&#8221;19249&#8243; img_size=&#8221;full&#8221; alignment=&#8221;center&#8221; css=&#8221;.vc_custom_1578648661413{margin-bottom: 10px !important;}&#8221;][vc_column_text el_class=&#8221;logo-caption&#8221;]A\u00f1os 2000[\/vc_column_text][\/vc_column_inner][vc_column_inner width=&#8221;1\/2&#8243; offset=&#8221;vc_col-lg-3 vc_col-md-6 vc_col-xs-12&#8243;][vc_single_image image=&#8221;19250&#8243; img_size=&#8221;full&#8221; alignment=&#8221;center&#8221; css=&#8221;.vc_custom_1578648669132{margin-bottom: 10px !important;}&#8221;][vc_column_text el_class=&#8221;logo-caption&#8221;]Desde 2013[\/vc_column_text][\/vc_column_inner][vc_column_inner width=&#8221;1\/2&#8243; offset=&#8221;vc_col-lg-3 [&hellip;]<\/p>\n","protected":false},"author":3,"featured_media":0,"parent":0,"menu_order":0,"comment_status":"closed","ping_status":"closed","template":"","meta":{"_acf_changed":false,"inline_featured_image":false,"_joinchat":[],"footnotes":""},"class_list":["post-19244","page","type-page","status-publish","hentry"],"acf":[],"yoast_head":"<!-- This site is optimized with the Yoast SEO plugin v25.0 - https:\/\/yoast.com\/wordpress\/plugins\/seo\/ -->\n<title>Pastificio Canuti: la tradici\u00f3n Made in Italy de pasta artesanal<\/title>\n<meta name=\"description\" content=\"La historia de la f\u00e1brica de pasta Canuti atestigua el amor por la tradici\u00f3n italiana, el conocimiento de la pasta y la creatividad.\" \/>\n<meta name=\"robots\" content=\"index, follow, max-snippet:-1, max-image-preview:large, max-video-preview:-1\" \/>\n<link rel=\"canonical\" href=\"https:\/\/www.canuti.com\/es\/quienes-somos\/\" \/>\n<meta property=\"og:locale\" content=\"es_ES\" \/>\n<meta property=\"og:type\" content=\"article\" \/>\n<meta property=\"og:title\" content=\"Pastificio Canuti: la tradici\u00f3n Made in Italy de pasta artesanal\" \/>\n<meta property=\"og:description\" content=\"La historia de la f\u00e1brica de pasta Canuti atestigua el amor por la tradici\u00f3n italiana, el conocimiento de la pasta y la creatividad.\" \/>\n<meta property=\"og:url\" content=\"https:\/\/www.canuti.com\/es\/quienes-somos\/\" \/>\n<meta property=\"og:site_name\" content=\"Canuti Sito Ufficiale\" \/>\n<meta property=\"article:modified_time\" content=\"2024-07-03T10:07:10+00:00\" \/>\n<meta name=\"twitter:card\" content=\"summary_large_image\" \/>\n<meta name=\"twitter:label1\" content=\"Tiempo de lectura\" \/>\n\t<meta name=\"twitter:data1\" content=\"3 minutos\" \/>\n<script type=\"application\/ld+json\" class=\"yoast-schema-graph\">{\"@context\":\"https:\/\/schema.org\",\"@graph\":[{\"@type\":\"WebPage\",\"@id\":\"https:\/\/www.canuti.com\/es\/quienes-somos\/\",\"url\":\"https:\/\/www.canuti.com\/es\/quienes-somos\/\",\"name\":\"Pastificio Canuti: la tradici\u00f3n Made in Italy de pasta artesanal\",\"isPartOf\":{\"@id\":\"https:\/\/www.canuti.com\/es\/#website\"},\"datePublished\":\"2019-09-30T15:04:03+00:00\",\"dateModified\":\"2024-07-03T10:07:10+00:00\",\"description\":\"La historia de la f\u00e1brica de pasta Canuti atestigua el amor por la tradici\u00f3n italiana, el conocimiento de la pasta y la creatividad.\",\"breadcrumb\":{\"@id\":\"https:\/\/www.canuti.com\/es\/quienes-somos\/#breadcrumb\"},\"inLanguage\":\"es\",\"potentialAction\":[{\"@type\":\"ReadAction\",\"target\":[\"https:\/\/www.canuti.com\/es\/quienes-somos\/\"]}]},{\"@type\":\"BreadcrumbList\",\"@id\":\"https:\/\/www.canuti.com\/es\/quienes-somos\/#breadcrumb\",\"itemListElement\":[{\"@type\":\"ListItem\",\"position\":1,\"name\":\"Canuti\",\"item\":\"https:\/\/www.canuti.com\/es\/\"},{\"@type\":\"ListItem\",\"position\":2,\"name\":\"Qui\u00e9nes somos\"}]},{\"@type\":\"WebSite\",\"@id\":\"https:\/\/www.canuti.com\/es\/#website\",\"url\":\"https:\/\/www.canuti.com\/es\/\",\"name\":\"Canuti Sito Ufficiale\",\"description\":\"Pasta fresca congelada made in Italy para HORECA y el retail\",\"publisher\":{\"@id\":\"https:\/\/www.canuti.com\/es\/#organization\"},\"potentialAction\":[{\"@type\":\"SearchAction\",\"target\":{\"@type\":\"EntryPoint\",\"urlTemplate\":\"https:\/\/www.canuti.com\/es\/?s={search_term_string}\"},\"query-input\":{\"@type\":\"PropertyValueSpecification\",\"valueRequired\":true,\"valueName\":\"search_term_string\"}}],\"inLanguage\":\"es\"},{\"@type\":\"Organization\",\"@id\":\"https:\/\/www.canuti.com\/es\/#organization\",\"name\":\"Canuti Pasta Artisans\",\"url\":\"https:\/\/www.canuti.com\/es\/\",\"logo\":{\"@type\":\"ImageObject\",\"inLanguage\":\"es\",\"@id\":\"https:\/\/www.canuti.com\/es\/#\/schema\/logo\/image\/\",\"url\":\"http:\/\/www.canuti.com\/wp-content\/uploads\/2019\/09\/canuti_logo.png\",\"contentUrl\":\"http:\/\/www.canuti.com\/wp-content\/uploads\/2019\/09\/canuti_logo.png\",\"width\":172,\"height\":115,\"caption\":\"Canuti Pasta Artisans\"},\"image\":{\"@id\":\"https:\/\/www.canuti.com\/es\/#\/schema\/logo\/image\/\"}}]}<\/script>\n<!-- \/ Yoast SEO plugin. -->","yoast_head_json":{"title":"Pastificio Canuti: la tradici\u00f3n Made in Italy de pasta artesanal","description":"La historia de la f\u00e1brica de pasta Canuti atestigua el amor por la tradici\u00f3n italiana, el conocimiento de la pasta y la creatividad.","robots":{"index":"index","follow":"follow","max-snippet":"max-snippet:-1","max-image-preview":"max-image-preview:large","max-video-preview":"max-video-preview:-1"},"canonical":"https:\/\/www.canuti.com\/es\/quienes-somos\/","og_locale":"es_ES","og_type":"article","og_title":"Pastificio Canuti: la tradici\u00f3n Made in Italy de pasta artesanal","og_description":"La historia de la f\u00e1brica de pasta Canuti atestigua el amor por la tradici\u00f3n italiana, el conocimiento de la pasta y la creatividad.","og_url":"https:\/\/www.canuti.com\/es\/quienes-somos\/","og_site_name":"Canuti Sito Ufficiale","article_modified_time":"2024-07-03T10:07:10+00:00","twitter_card":"summary_large_image","twitter_misc":{"Tiempo de lectura":"3 minutos"},"schema":{"@context":"https:\/\/schema.org","@graph":[{"@type":"WebPage","@id":"https:\/\/www.canuti.com\/es\/quienes-somos\/","url":"https:\/\/www.canuti.com\/es\/quienes-somos\/","name":"Pastificio Canuti: la tradici\u00f3n Made in Italy de pasta artesanal","isPartOf":{"@id":"https:\/\/www.canuti.com\/es\/#website"},"datePublished":"2019-09-30T15:04:03+00:00","dateModified":"2024-07-03T10:07:10+00:00","description":"La historia de la f\u00e1brica de pasta Canuti atestigua el amor por la tradici\u00f3n italiana, el conocimiento de la pasta y la creatividad.","breadcrumb":{"@id":"https:\/\/www.canuti.com\/es\/quienes-somos\/#breadcrumb"},"inLanguage":"es","potentialAction":[{"@type":"ReadAction","target":["https:\/\/www.canuti.com\/es\/quienes-somos\/"]}]},{"@type":"BreadcrumbList","@id":"https:\/\/www.canuti.com\/es\/quienes-somos\/#breadcrumb","itemListElement":[{"@type":"ListItem","position":1,"name":"Canuti","item":"https:\/\/www.canuti.com\/es\/"},{"@type":"ListItem","position":2,"name":"Qui\u00e9nes somos"}]},{"@type":"WebSite","@id":"https:\/\/www.canuti.com\/es\/#website","url":"https:\/\/www.canuti.com\/es\/","name":"Canuti Sito Ufficiale","description":"Pasta fresca congelada made in Italy para HORECA y el retail","publisher":{"@id":"https:\/\/www.canuti.com\/es\/#organization"},"potentialAction":[{"@type":"SearchAction","target":{"@type":"EntryPoint","urlTemplate":"https:\/\/www.canuti.com\/es\/?s={search_term_string}"},"query-input":{"@type":"PropertyValueSpecification","valueRequired":true,"valueName":"search_term_string"}}],"inLanguage":"es"},{"@type":"Organization","@id":"https:\/\/www.canuti.com\/es\/#organization","name":"Canuti Pasta Artisans","url":"https:\/\/www.canuti.com\/es\/","logo":{"@type":"ImageObject","inLanguage":"es","@id":"https:\/\/www.canuti.com\/es\/#\/schema\/logo\/image\/","url":"http:\/\/www.canuti.com\/wp-content\/uploads\/2019\/09\/canuti_logo.png","contentUrl":"http:\/\/www.canuti.com\/wp-content\/uploads\/2019\/09\/canuti_logo.png","width":172,"height":115,"caption":"Canuti Pasta Artisans"},"image":{"@id":"https:\/\/www.canuti.com\/es\/#\/schema\/logo\/image\/"}}]}},"_links":{"self":[{"href":"https:\/\/www.canuti.com\/es\/wp-json\/wp\/v2\/pages\/19244","targetHints":{"allow":["GET"]}}],"collection":[{"href":"https:\/\/www.canuti.com\/es\/wp-json\/wp\/v2\/pages"}],"about":[{"href":"https:\/\/www.canuti.com\/es\/wp-json\/wp\/v2\/types\/page"}],"author":[{"embeddable":true,"href":"https:\/\/www.canuti.com\/es\/wp-json\/wp\/v2\/users\/3"}],"replies":[{"embeddable":true,"href":"https:\/\/www.canuti.com\/es\/wp-json\/wp\/v2\/comments?post=19244"}],"version-history":[{"count":5,"href":"https:\/\/www.canuti.com\/es\/wp-json\/wp\/v2\/pages\/19244\/revisions"}],"predecessor-version":[{"id":25649,"href":"https:\/\/www.canuti.com\/es\/wp-json\/wp\/v2\/pages\/19244\/revisions\/25649"}],"wp:attachment":[{"href":"https:\/\/www.canuti.com\/es\/wp-json\/wp\/v2\/media?parent=19244"}],"curies":[{"name":"wp","href":"https:\/\/api.w.org\/{rel}","templated":true}]}}