{"id":19227,"date":"2019-09-15T13:06:08","date_gmt":"2019-09-15T13:06:08","guid":{"rendered":"https:\/\/www.canuti.com\/richiedi-ricetta\/"},"modified":"2024-07-03T10:15:21","modified_gmt":"2024-07-03T10:15:21","slug":"necesitas-ayuda","status":"publish","type":"page","link":"https:\/\/www.canuti.com\/es\/necesitas-ayuda\/","title":{"rendered":"\u00bfNecesitas ayuda?"},"content":{"rendered":"<div class=\"wpb-content-wrapper\"><p>[vc_row][vc_column][vc_single_image image=&#8221;24750&#8243; img_size=&#8221;full&#8221; alignment=&#8221;center&#8221; css=&#8221;.vc_custom_1692698573473{background-color: #ffffff !important;}&#8221;][\/vc_column][\/vc_row][vc_row full_width=&#8221;stretch_row&#8221; css=&#8221;.vc_custom_1574630890701{padding-bottom: 40px !important;}&#8221;][vc_column width=&#8221;2\/3&#8243;][cms_heading text=&#8221;\u00bfNecesitas ayuda?&#8221; tag=&#8221;h1&#8243; font_size=&#8221;48&#8243; line_height=&#8221;52&#8243; sub_title_position=&#8221;after-title&#8221; el_class=&#8221;page-title&#8221;][vc_column_text el_class=&#8221;page-paragraph-text&#8221;]<strong>&#8220;Chefs4You&#8221;<\/strong> es un equipo de Chefs profesionales de Canuti que te ayudar\u00e1n online en la preparaci\u00f3n de platos y men\u00fas perfectos. Nuestros Chefs est\u00e1n disponibles por <strong>Whatsapp<\/strong> o por correo electr\u00f3nico en <strong>www.canuti.com<\/strong> para responder a cualquier pregunta sobre las especialidades de Canuti.[\/vc_column_text][cms_heading text=&#8221;\u00bfC\u00f3mo te pueden ayudar nuestros Chefs?&#8221; tag=&#8221;h2&#8243; font_size=&#8221;24&#8243; line_height=&#8221;38&#8243; sub_title_position=&#8221;after-title&#8221; el_class=&#8221;page-subtitle&#8221;][vc_column_text el_class=&#8221;page-paragraph-text&#8221;]<\/p>\n<ul>\n<li>Recetas exclusivas de Canuti y combinaciones<\/li>\n<li>Consejos de preparaci\u00f3n<\/li>\n<li>Informaci\u00f3n detallada sobre los productos<\/li>\n<li>Distribuidores y puntos de venta de la pasta Canuti<\/li>\n<\/ul>\n<p>[\/vc_column_text][vc_separator][cms_heading text=&#8221;\u00a1Desde hoy nuestros Chefs te contestar\u00e1n tambi\u00e9n por Whatsapp!&#8221; tag=&#8221;h2&#8243; font_size=&#8221;24&#8243; line_height=&#8221;38&#8243; sub_title_position=&#8221;after-title&#8221; el_class=&#8221;page-subtitle&#8221;][vc_single_image image=&#8221;22403&#8243; img_size=&#8221;full&#8221;][vc_column_text el_class=&#8221;page-paragraph-text&#8221;]El chat de Whatsapp est\u00e1 disponible de lunes a viernes de 8.30 a 17.30 horas.[\/vc_column_text][vc_separator][\/vc_column][vc_column width=&#8221;1\/3&#8243;][vc_empty_space height=&#8221;40px&#8221;][cms_contact_form id=&#8221;8947&#8243; box_content=&#8221;cms-box&#8221; el_title=&#8221;\u00a1Pide la receta al chef!&#8221; el_desc=&#8221;Introduce tus datos y pide una receta especificando para que producto Canuti. O bien pide informaci\u00f3n sobre combinaciones, productos, l\u00edneas o distribuidores. \u00a1Te contestaremos lo antes posible!&#8221;][\/vc_column][\/vc_row]<\/p>\n<\/div>","protected":false},"excerpt":{"rendered":"<p>[vc_row][vc_column][vc_single_image image=&#8221;24750&#8243; img_size=&#8221;full&#8221; alignment=&#8221;center&#8221; css=&#8221;.vc_custom_1692698573473{background-color: #ffffff !important;}&#8221;][\/vc_column][\/vc_row][vc_row full_width=&#8221;stretch_row&#8221; css=&#8221;.vc_custom_1574630890701{padding-bottom: 40px !important;}&#8221;][vc_column width=&#8221;2\/3&#8243;][cms_heading text=&#8221;\u00bfNecesitas ayuda?&#8221; tag=&#8221;h1&#8243; font_size=&#8221;48&#8243; line_height=&#8221;52&#8243; sub_title_position=&#8221;after-title&#8221; el_class=&#8221;page-title&#8221;][vc_column_text el_class=&#8221;page-paragraph-text&#8221;]&#8220;Chefs4You&#8221; es un equipo de Chefs profesionales de Canuti que te ayudar\u00e1n online en la preparaci\u00f3n de platos y men\u00fas perfectos. Nuestros Chefs est\u00e1n disponibles por Whatsapp o por correo electr\u00f3nico en www.canuti.com para responder a [&hellip;]<\/p>\n","protected":false},"author":1,"featured_media":0,"parent":0,"menu_order":0,"comment_status":"closed","ping_status":"closed","template":"","meta":{"_acf_changed":false,"inline_featured_image":false,"_joinchat":[],"footnotes":""},"class_list":["post-19227","page","type-page","status-publish","hentry"],"acf":[],"yoast_head":"<!-- This site is optimized with the Yoast SEO plugin v25.0 - https:\/\/yoast.com\/wordpress\/plugins\/seo\/ -->\n<title>Solicitar receta es la ayuda de los chefs de Canuti<\/title>\n<meta name=\"description\" content=\"Solicitar Receta es la f\u00f3rmula perfecta para impresionar con platos y men\u00fas tradicionales \u00fanicos. Chefs4You es nuestro equipo de chefs.\" \/>\n<meta name=\"robots\" content=\"index, follow, max-snippet:-1, max-image-preview:large, max-video-preview:-1\" \/>\n<link rel=\"canonical\" href=\"https:\/\/www.canuti.com\/es\/necesitas-ayuda\/\" \/>\n<meta property=\"og:locale\" content=\"es_ES\" \/>\n<meta property=\"og:type\" content=\"article\" \/>\n<meta property=\"og:title\" content=\"Solicitar receta es la ayuda de los chefs de Canuti\" \/>\n<meta property=\"og:description\" content=\"Solicitar Receta es la f\u00f3rmula perfecta para impresionar con platos y men\u00fas tradicionales \u00fanicos. Chefs4You es nuestro equipo de chefs.\" \/>\n<meta property=\"og:url\" content=\"https:\/\/www.canuti.com\/es\/necesitas-ayuda\/\" \/>\n<meta property=\"og:site_name\" content=\"Canuti Sito Ufficiale\" \/>\n<meta property=\"article:modified_time\" content=\"2024-07-03T10:15:21+00:00\" \/>\n<meta name=\"twitter:card\" content=\"summary_large_image\" \/>\n<meta name=\"twitter:label1\" content=\"Tiempo de lectura\" \/>\n\t<meta name=\"twitter:data1\" content=\"1 minuto\" \/>\n<script type=\"application\/ld+json\" class=\"yoast-schema-graph\">{\"@context\":\"https:\/\/schema.org\",\"@graph\":[{\"@type\":\"WebPage\",\"@id\":\"https:\/\/www.canuti.com\/es\/necesitas-ayuda\/\",\"url\":\"https:\/\/www.canuti.com\/es\/necesitas-ayuda\/\",\"name\":\"Solicitar receta es la ayuda de los chefs de Canuti\",\"isPartOf\":{\"@id\":\"https:\/\/www.canuti.com\/es\/#website\"},\"datePublished\":\"2019-09-15T13:06:08+00:00\",\"dateModified\":\"2024-07-03T10:15:21+00:00\",\"description\":\"Solicitar Receta es la f\u00f3rmula perfecta para impresionar con platos y men\u00fas tradicionales \u00fanicos. Chefs4You es nuestro equipo de chefs.\",\"breadcrumb\":{\"@id\":\"https:\/\/www.canuti.com\/es\/necesitas-ayuda\/#breadcrumb\"},\"inLanguage\":\"es\",\"potentialAction\":[{\"@type\":\"ReadAction\",\"target\":[\"https:\/\/www.canuti.com\/es\/necesitas-ayuda\/\"]}]},{\"@type\":\"BreadcrumbList\",\"@id\":\"https:\/\/www.canuti.com\/es\/necesitas-ayuda\/#breadcrumb\",\"itemListElement\":[{\"@type\":\"ListItem\",\"position\":1,\"name\":\"Canuti\",\"item\":\"https:\/\/www.canuti.com\/es\/\"},{\"@type\":\"ListItem\",\"position\":2,\"name\":\"\u00bfNecesitas ayuda?\"}]},{\"@type\":\"WebSite\",\"@id\":\"https:\/\/www.canuti.com\/es\/#website\",\"url\":\"https:\/\/www.canuti.com\/es\/\",\"name\":\"Canuti Sito Ufficiale\",\"description\":\"Pasta fresca congelada made in Italy para HORECA y el retail\",\"publisher\":{\"@id\":\"https:\/\/www.canuti.com\/es\/#organization\"},\"potentialAction\":[{\"@type\":\"SearchAction\",\"target\":{\"@type\":\"EntryPoint\",\"urlTemplate\":\"https:\/\/www.canuti.com\/es\/?s={search_term_string}\"},\"query-input\":{\"@type\":\"PropertyValueSpecification\",\"valueRequired\":true,\"valueName\":\"search_term_string\"}}],\"inLanguage\":\"es\"},{\"@type\":\"Organization\",\"@id\":\"https:\/\/www.canuti.com\/es\/#organization\",\"name\":\"Canuti Pasta Artisans\",\"url\":\"https:\/\/www.canuti.com\/es\/\",\"logo\":{\"@type\":\"ImageObject\",\"inLanguage\":\"es\",\"@id\":\"https:\/\/www.canuti.com\/es\/#\/schema\/logo\/image\/\",\"url\":\"http:\/\/www.canuti.com\/wp-content\/uploads\/2019\/09\/canuti_logo.png\",\"contentUrl\":\"http:\/\/www.canuti.com\/wp-content\/uploads\/2019\/09\/canuti_logo.png\",\"width\":172,\"height\":115,\"caption\":\"Canuti Pasta Artisans\"},\"image\":{\"@id\":\"https:\/\/www.canuti.com\/es\/#\/schema\/logo\/image\/\"}}]}<\/script>\n<!-- \/ Yoast SEO plugin. -->","yoast_head_json":{"title":"Solicitar receta es la ayuda de los chefs de Canuti","description":"Solicitar Receta es la f\u00f3rmula perfecta para impresionar con platos y men\u00fas tradicionales \u00fanicos. Chefs4You es nuestro equipo de chefs.","robots":{"index":"index","follow":"follow","max-snippet":"max-snippet:-1","max-image-preview":"max-image-preview:large","max-video-preview":"max-video-preview:-1"},"canonical":"https:\/\/www.canuti.com\/es\/necesitas-ayuda\/","og_locale":"es_ES","og_type":"article","og_title":"Solicitar receta es la ayuda de los chefs de Canuti","og_description":"Solicitar Receta es la f\u00f3rmula perfecta para impresionar con platos y men\u00fas tradicionales \u00fanicos. Chefs4You es nuestro equipo de chefs.","og_url":"https:\/\/www.canuti.com\/es\/necesitas-ayuda\/","og_site_name":"Canuti Sito Ufficiale","article_modified_time":"2024-07-03T10:15:21+00:00","twitter_card":"summary_large_image","twitter_misc":{"Tiempo de lectura":"1 minuto"},"schema":{"@context":"https:\/\/schema.org","@graph":[{"@type":"WebPage","@id":"https:\/\/www.canuti.com\/es\/necesitas-ayuda\/","url":"https:\/\/www.canuti.com\/es\/necesitas-ayuda\/","name":"Solicitar receta es la ayuda de los chefs de Canuti","isPartOf":{"@id":"https:\/\/www.canuti.com\/es\/#website"},"datePublished":"2019-09-15T13:06:08+00:00","dateModified":"2024-07-03T10:15:21+00:00","description":"Solicitar Receta es la f\u00f3rmula perfecta para impresionar con platos y men\u00fas tradicionales \u00fanicos. Chefs4You es nuestro equipo de chefs.","breadcrumb":{"@id":"https:\/\/www.canuti.com\/es\/necesitas-ayuda\/#breadcrumb"},"inLanguage":"es","potentialAction":[{"@type":"ReadAction","target":["https:\/\/www.canuti.com\/es\/necesitas-ayuda\/"]}]},{"@type":"BreadcrumbList","@id":"https:\/\/www.canuti.com\/es\/necesitas-ayuda\/#breadcrumb","itemListElement":[{"@type":"ListItem","position":1,"name":"Canuti","item":"https:\/\/www.canuti.com\/es\/"},{"@type":"ListItem","position":2,"name":"\u00bfNecesitas ayuda?"}]},{"@type":"WebSite","@id":"https:\/\/www.canuti.com\/es\/#website","url":"https:\/\/www.canuti.com\/es\/","name":"Canuti Sito Ufficiale","description":"Pasta fresca congelada made in Italy para HORECA y el retail","publisher":{"@id":"https:\/\/www.canuti.com\/es\/#organization"},"potentialAction":[{"@type":"SearchAction","target":{"@type":"EntryPoint","urlTemplate":"https:\/\/www.canuti.com\/es\/?s={search_term_string}"},"query-input":{"@type":"PropertyValueSpecification","valueRequired":true,"valueName":"search_term_string"}}],"inLanguage":"es"},{"@type":"Organization","@id":"https:\/\/www.canuti.com\/es\/#organization","name":"Canuti Pasta Artisans","url":"https:\/\/www.canuti.com\/es\/","logo":{"@type":"ImageObject","inLanguage":"es","@id":"https:\/\/www.canuti.com\/es\/#\/schema\/logo\/image\/","url":"http:\/\/www.canuti.com\/wp-content\/uploads\/2019\/09\/canuti_logo.png","contentUrl":"http:\/\/www.canuti.com\/wp-content\/uploads\/2019\/09\/canuti_logo.png","width":172,"height":115,"caption":"Canuti Pasta Artisans"},"image":{"@id":"https:\/\/www.canuti.com\/es\/#\/schema\/logo\/image\/"}}]}},"_links":{"self":[{"href":"https:\/\/www.canuti.com\/es\/wp-json\/wp\/v2\/pages\/19227","targetHints":{"allow":["GET"]}}],"collection":[{"href":"https:\/\/www.canuti.com\/es\/wp-json\/wp\/v2\/pages"}],"about":[{"href":"https:\/\/www.canuti.com\/es\/wp-json\/wp\/v2\/types\/page"}],"author":[{"embeddable":true,"href":"https:\/\/www.canuti.com\/es\/wp-json\/wp\/v2\/users\/1"}],"replies":[{"embeddable":true,"href":"https:\/\/www.canuti.com\/es\/wp-json\/wp\/v2\/comments?post=19227"}],"version-history":[{"count":6,"href":"https:\/\/www.canuti.com\/es\/wp-json\/wp\/v2\/pages\/19227\/revisions"}],"predecessor-version":[{"id":25650,"href":"https:\/\/www.canuti.com\/es\/wp-json\/wp\/v2\/pages\/19227\/revisions\/25650"}],"wp:attachment":[{"href":"https:\/\/www.canuti.com\/es\/wp-json\/wp\/v2\/media?parent=19227"}],"curies":[{"name":"wp","href":"https:\/\/api.w.org\/{rel}","templated":true}]}}