{"id":19202,"date":"2019-10-01T10:25:00","date_gmt":"2019-10-01T10:25:00","guid":{"rendered":"https:\/\/www.canuti.com\/il-nostro-packaging-multilingua\/"},"modified":"2024-07-03T10:16:20","modified_gmt":"2024-07-03T10:16:20","slug":"nuestro-packaging-multilingue","status":"publish","type":"page","link":"https:\/\/www.canuti.com\/es\/nuestro-packaging-multilingue\/","title":{"rendered":"Nuestro packaging multiling\u00fce"},"content":{"rendered":"<div class=\"wpb-content-wrapper\"><p>[vc_row][vc_column][cms_heading text=&#8221;Nuestro packaging multiling\u00fce&#8221; tag=&#8221;h1&#8243; font_size=&#8221;48&#8243; line_height=&#8221;52&#8243; sub_title_position=&#8221;after-title&#8221; el_class=&#8221;page-title&#8221; margin_top=&#8221;20&#8243;][vc_column_text el_class=&#8221;page-paragraph-text&#8221;]El packaging de Canuti se puede reconocer enseguida. Cada l\u00ednea tiene su color y una dimensi\u00f3n estudiada para hacerlo lo m\u00e1s compacto posible, ahorrando inestimable espacio en los frigor\u00edficos de los chefs.[\/vc_column_text][vc_column_text el_class=&#8221;page-paragraph-text&#8221;]El cart\u00f3n con el que est\u00e1 realizado es resistente, con una calidad apta para bajas temperaturas, <strong>el etiquetado multiling\u00fce es rico de informaci\u00f3ns sobre el producto<\/strong>, la conservaci\u00f3n y la preparaci\u00f3n. En el interior, el producto est\u00e1 protegido en <strong> pr\u00e1cticas bolsas selladas que se abren f\u00e1cilmente<\/strong>.[\/vc_column_text][vc_empty_space][\/vc_column][\/vc_row][vc_row content_placement=&#8221;middle&#8221;][vc_column offset=&#8221;vc_col-lg-6 vc_col-md-12 vc_col-xs-12&#8243;][vc_single_image image=&#8221;23790&#8243; img_size=&#8221;full&#8221;][\/vc_column][vc_column width=&#8221;1\/2&#8243;][cms_heading text=&#8221;Las caracter\u00edsticas de nuestro packaging&#8221; font_size=&#8221;24&#8243; line_height=&#8221;30&#8243; sub_title_position=&#8221;after-title&#8221; el_class=&#8221;page-subtitle&#8221;][vc_column_text el_class=&#8221;page-paragraph-text&#8221;]<\/p>\n<ul>\n<li>Completamente traducido en 7 idiomas<\/li>\n<li>Imagen y dimensiones del producto<\/li>\n<li>Lista de ingredientes y valores nutricionales<\/li>\n<li>Tiempos de cocci\u00f3n<\/li>\n<li>Peso\/porci\u00f3n aconsejada en crudo y cocido<\/li>\n<li>N\u00famero de porciones por cart\u00f3n<\/li>\n<li>Consejos de preparaci\u00f3n<\/li>\n<li>Apertura f\u00e1cil de rasgar<\/li>\n<li>Envases sellados para preservar la frescura<\/li>\n<\/ul>\n<p>[\/vc_column_text][\/vc_column][\/vc_row][vc_row el_class=&#8221;linee-packages-wrapper&#8221;][vc_column width=&#8221;1\/2&#8243;][cms_fancybox cms_template=&#8221;cms_fancybox&#8211;layout2.php&#8221; title_color=&#8221;#610a0a&#8221; icon_type=&#8221;image&#8221; icon_image=&#8221;6814&#8243; title=&#8221;COLOR L\u00cdNEA BORDEAUX<br \/>\nExquisita pasta extra rugosa, suav\u00edsimos rellenos,<br \/>\nrecetas gourmet y grandes formatos.&#8221; el_class=&#8221;linee-package-delizie&#8221;][\/vc_column][vc_column width=&#8221;1\/2&#8243;][cms_fancybox cms_template=&#8221;cms_fancybox&#8211;layout2.php&#8221; title_color=&#8221;#384e77&#8243; icon_type=&#8221;image&#8221; icon_image=&#8221;6818&#8243; title=&#8221;COLOR L\u00cdNEA BLU<br \/>\nAmplia gama con pastas cortas, largas, rellenas,<br \/>\n\u00f1oquis y productos de gastronom\u00eda.&#8221; el_class=&#8221;linee-package-classiche&#8221;][\/vc_column][\/vc_row][vc_row el_class=&#8221;delizie-packaging-wrapper&#8221;][vc_column][vc_empty_space height=&#8221;60px&#8221;][cms_banner cms_template=&#8221;cms_banner&#8211;layout1.php&#8221; banner_image=&#8221;7239&#8243; title=&#8221;Le Delizie de Canuti, especiales incluso en el envase&#8221; description=&#8221;1. Envases en pr\u00e1cticas bolsas de 1 kg que se pueden vender incluso separadamente<br \/>\n2. Completamente traducido en 7 idiomas<br \/>\n3. Ricas de informaci\u00f3n sobre el producto y la preparaci\u00f3n<br \/>\n4. Apertura f\u00e1cil de rasgar<br \/>\n5. Envases sellados para preservar la frescura<br \/>\n6. Cada cart\u00f3n contiene 3 bolsas de 1 kg&#8221;][vc_empty_space height=&#8221;60px&#8221;][\/vc_column][\/vc_row][vc_row][vc_column][cms_heading text=&#8221;Paletizaci\u00f3n&#8221; tag=&#8221;h2&#8243; font_size=&#8221;24&#8243; line_height=&#8221;38&#8243; sub_title_position=&#8221;after-title&#8221; el_class=&#8221;page-subtitle&#8221;][vc_column_text el_class=&#8221;page-paragraph-text&#8221;]<\/p>\n<p class=\"p1\">Tanto los embalajes como la paletizaci\u00f3n se han estudiado para optimizar al m\u00e1ximo los espacios. Cada palet est\u00e1 protegido con esquinas r\u00edgidas y envuelto con varias capas de robusto film extensible.<\/p>\n<p>[\/vc_column_text][vc_empty_space height=&#8221;40px&#8221;][\/vc_column][\/vc_row][vc_row el_class=&#8221;palletizing-wrapper&#8221;][vc_column width=&#8221;1\/2&#8243;][cms_fancybox cms_template=&#8221;cms_fancybox&#8211;layout1.php&#8221; icon_type=&#8221;image&#8221; icon_image=&#8221;7436&#8243; title=&#8221;Palet Europeo<br \/>\n80 cm x 120 cm&#8221; description=&#8221;Paletizaci\u00f3n est\u00e1ndar:<br \/>\n14 cartones por capa<br \/>\n11 capas<br \/>\n154 cartones por bancada&#8221;][vc_empty_space height=&#8221;40px&#8221;][\/vc_column][vc_column width=&#8221;1\/2&#8243;][cms_fancybox cms_template=&#8221;cms_fancybox&#8211;layout1.php&#8221; icon_type=&#8221;image&#8221; icon_image=&#8221;7440&#8243; title=&#8221;Palet Industrial<br \/>\n100 cm x 120 cm&#8221; description=&#8221;Paletizaci\u00f3n est\u00e1ndar:<br \/>\n17 cartones por capa<br \/>\n11 capas<br \/>\n187 cartones por bancada&#8221;][vc_empty_space height=&#8221;40px&#8221;][\/vc_column][\/vc_row][vc_row][vc_column][vc_empty_space height=&#8221;40&#8243;][\/vc_column][\/vc_row][vc_row][vc_column][vc_column_text]<\/p>\n<h5 style=\"text-align: center;\"><strong>Descarga el PDF con la disposici\u00f3n de la paletizaci\u00f3n para todos nuestros productos<\/strong><br \/>\nPara \u201cEuro pallet\u201d e \u201cIndustrial pallet\u201d<\/h5>\n<p>[\/vc_column_text][\/vc_column][\/vc_row][vc_row][vc_column][vc_btn title=&#8221;Descarga el PDF de la paletizaci\u00f3n&#8221; style=&#8221;classic&#8221; shape=&#8221;square&#8221; color=&#8221;primary&#8221; size=&#8221;lg&#8221; align=&#8221;center&#8221; css_animation=&#8221;none&#8221; link=&#8221;url:https%3A%2F%2Fwww.canuti.com%2Fwp-content%2Fuploads%2F2022%2F12%2FPalettizzazione-Canuti-2022.pdf|title:Paletizzazione%20Canuti|target:%20_blank|&#8221;][\/vc_column][\/vc_row][vc_row][vc_column][vc_empty_space height=&#8221;40&#8243;][\/vc_column][\/vc_row]<\/p>\n<\/div>","protected":false},"excerpt":{"rendered":"<p>[vc_row][vc_column][cms_heading text=&#8221;Nuestro packaging multiling\u00fce&#8221; tag=&#8221;h1&#8243; font_size=&#8221;48&#8243; line_height=&#8221;52&#8243; sub_title_position=&#8221;after-title&#8221; el_class=&#8221;page-title&#8221; margin_top=&#8221;20&#8243;][vc_column_text el_class=&#8221;page-paragraph-text&#8221;]El packaging de Canuti se puede reconocer enseguida. Cada l\u00ednea tiene su color y una dimensi\u00f3n estudiada para hacerlo lo m\u00e1s compacto posible, ahorrando inestimable espacio en los frigor\u00edficos de los chefs.[\/vc_column_text][vc_column_text el_class=&#8221;page-paragraph-text&#8221;]El cart\u00f3n con el que est\u00e1 realizado es resistente, con una calidad apta [&hellip;]<\/p>\n","protected":false},"author":3,"featured_media":0,"parent":0,"menu_order":0,"comment_status":"closed","ping_status":"closed","template":"","meta":{"_acf_changed":false,"inline_featured_image":false,"_joinchat":[],"footnotes":""},"class_list":["post-19202","page","type-page","status-publish","hentry"],"acf":[],"yoast_head":"<!-- This site is optimized with the Yoast SEO plugin v25.0 - https:\/\/yoast.com\/wordpress\/plugins\/seo\/ -->\n<title>Canuti Multilingual Packaging: pasi\u00f3n reconocible por la pasta<\/title>\n<meta name=\"description\" content=\"Canuti Packaging Multiling\u00fce: cada l\u00ednea tiene su propio color y un tama\u00f1o dise\u00f1ado para que sea lo m\u00e1s compacto posible.\" \/>\n<meta name=\"robots\" content=\"index, follow, max-snippet:-1, max-image-preview:large, max-video-preview:-1\" \/>\n<link rel=\"canonical\" href=\"https:\/\/www.canuti.com\/es\/nuestro-packaging-multilingue\/\" \/>\n<meta property=\"og:locale\" content=\"es_ES\" \/>\n<meta property=\"og:type\" content=\"article\" \/>\n<meta property=\"og:title\" content=\"Canuti Multilingual Packaging: pasi\u00f3n reconocible por la pasta\" \/>\n<meta property=\"og:description\" content=\"Canuti Packaging Multiling\u00fce: cada l\u00ednea tiene su propio color y un tama\u00f1o dise\u00f1ado para que sea lo m\u00e1s compacto posible.\" \/>\n<meta property=\"og:url\" content=\"https:\/\/www.canuti.com\/es\/nuestro-packaging-multilingue\/\" \/>\n<meta property=\"og:site_name\" content=\"Canuti Sito Ufficiale\" \/>\n<meta property=\"article:modified_time\" content=\"2024-07-03T10:16:20+00:00\" \/>\n<meta name=\"twitter:card\" content=\"summary_large_image\" \/>\n<meta name=\"twitter:label1\" content=\"Tiempo de lectura\" \/>\n\t<meta name=\"twitter:data1\" content=\"3 minutos\" \/>\n<script type=\"application\/ld+json\" class=\"yoast-schema-graph\">{\"@context\":\"https:\/\/schema.org\",\"@graph\":[{\"@type\":\"WebPage\",\"@id\":\"https:\/\/www.canuti.com\/es\/nuestro-packaging-multilingue\/\",\"url\":\"https:\/\/www.canuti.com\/es\/nuestro-packaging-multilingue\/\",\"name\":\"Canuti Multilingual Packaging: pasi\u00f3n reconocible por la pasta\",\"isPartOf\":{\"@id\":\"https:\/\/www.canuti.com\/es\/#website\"},\"datePublished\":\"2019-10-01T10:25:00+00:00\",\"dateModified\":\"2024-07-03T10:16:20+00:00\",\"description\":\"Canuti Packaging Multiling\u00fce: cada l\u00ednea tiene su propio color y un tama\u00f1o dise\u00f1ado para que sea lo m\u00e1s compacto posible.\",\"breadcrumb\":{\"@id\":\"https:\/\/www.canuti.com\/es\/nuestro-packaging-multilingue\/#breadcrumb\"},\"inLanguage\":\"es\",\"potentialAction\":[{\"@type\":\"ReadAction\",\"target\":[\"https:\/\/www.canuti.com\/es\/nuestro-packaging-multilingue\/\"]}]},{\"@type\":\"BreadcrumbList\",\"@id\":\"https:\/\/www.canuti.com\/es\/nuestro-packaging-multilingue\/#breadcrumb\",\"itemListElement\":[{\"@type\":\"ListItem\",\"position\":1,\"name\":\"Canuti\",\"item\":\"https:\/\/www.canuti.com\/es\/\"},{\"@type\":\"ListItem\",\"position\":2,\"name\":\"Nuestro packaging multiling\u00fce\"}]},{\"@type\":\"WebSite\",\"@id\":\"https:\/\/www.canuti.com\/es\/#website\",\"url\":\"https:\/\/www.canuti.com\/es\/\",\"name\":\"Canuti Sito Ufficiale\",\"description\":\"Pasta fresca congelada made in Italy para HORECA y el retail\",\"publisher\":{\"@id\":\"https:\/\/www.canuti.com\/es\/#organization\"},\"potentialAction\":[{\"@type\":\"SearchAction\",\"target\":{\"@type\":\"EntryPoint\",\"urlTemplate\":\"https:\/\/www.canuti.com\/es\/?s={search_term_string}\"},\"query-input\":{\"@type\":\"PropertyValueSpecification\",\"valueRequired\":true,\"valueName\":\"search_term_string\"}}],\"inLanguage\":\"es\"},{\"@type\":\"Organization\",\"@id\":\"https:\/\/www.canuti.com\/es\/#organization\",\"name\":\"Canuti Pasta Artisans\",\"url\":\"https:\/\/www.canuti.com\/es\/\",\"logo\":{\"@type\":\"ImageObject\",\"inLanguage\":\"es\",\"@id\":\"https:\/\/www.canuti.com\/es\/#\/schema\/logo\/image\/\",\"url\":\"http:\/\/www.canuti.com\/wp-content\/uploads\/2019\/09\/canuti_logo.png\",\"contentUrl\":\"http:\/\/www.canuti.com\/wp-content\/uploads\/2019\/09\/canuti_logo.png\",\"width\":172,\"height\":115,\"caption\":\"Canuti Pasta Artisans\"},\"image\":{\"@id\":\"https:\/\/www.canuti.com\/es\/#\/schema\/logo\/image\/\"}}]}<\/script>\n<!-- \/ Yoast SEO plugin. -->","yoast_head_json":{"title":"Canuti Multilingual Packaging: pasi\u00f3n reconocible por la pasta","description":"Canuti Packaging Multiling\u00fce: cada l\u00ednea tiene su propio color y un tama\u00f1o dise\u00f1ado para que sea lo m\u00e1s compacto posible.","robots":{"index":"index","follow":"follow","max-snippet":"max-snippet:-1","max-image-preview":"max-image-preview:large","max-video-preview":"max-video-preview:-1"},"canonical":"https:\/\/www.canuti.com\/es\/nuestro-packaging-multilingue\/","og_locale":"es_ES","og_type":"article","og_title":"Canuti Multilingual Packaging: pasi\u00f3n reconocible por la pasta","og_description":"Canuti Packaging Multiling\u00fce: cada l\u00ednea tiene su propio color y un tama\u00f1o dise\u00f1ado para que sea lo m\u00e1s compacto posible.","og_url":"https:\/\/www.canuti.com\/es\/nuestro-packaging-multilingue\/","og_site_name":"Canuti Sito Ufficiale","article_modified_time":"2024-07-03T10:16:20+00:00","twitter_card":"summary_large_image","twitter_misc":{"Tiempo de lectura":"3 minutos"},"schema":{"@context":"https:\/\/schema.org","@graph":[{"@type":"WebPage","@id":"https:\/\/www.canuti.com\/es\/nuestro-packaging-multilingue\/","url":"https:\/\/www.canuti.com\/es\/nuestro-packaging-multilingue\/","name":"Canuti Multilingual Packaging: pasi\u00f3n reconocible por la pasta","isPartOf":{"@id":"https:\/\/www.canuti.com\/es\/#website"},"datePublished":"2019-10-01T10:25:00+00:00","dateModified":"2024-07-03T10:16:20+00:00","description":"Canuti Packaging Multiling\u00fce: cada l\u00ednea tiene su propio color y un tama\u00f1o dise\u00f1ado para que sea lo m\u00e1s compacto posible.","breadcrumb":{"@id":"https:\/\/www.canuti.com\/es\/nuestro-packaging-multilingue\/#breadcrumb"},"inLanguage":"es","potentialAction":[{"@type":"ReadAction","target":["https:\/\/www.canuti.com\/es\/nuestro-packaging-multilingue\/"]}]},{"@type":"BreadcrumbList","@id":"https:\/\/www.canuti.com\/es\/nuestro-packaging-multilingue\/#breadcrumb","itemListElement":[{"@type":"ListItem","position":1,"name":"Canuti","item":"https:\/\/www.canuti.com\/es\/"},{"@type":"ListItem","position":2,"name":"Nuestro packaging multiling\u00fce"}]},{"@type":"WebSite","@id":"https:\/\/www.canuti.com\/es\/#website","url":"https:\/\/www.canuti.com\/es\/","name":"Canuti Sito Ufficiale","description":"Pasta fresca congelada made in Italy para HORECA y el retail","publisher":{"@id":"https:\/\/www.canuti.com\/es\/#organization"},"potentialAction":[{"@type":"SearchAction","target":{"@type":"EntryPoint","urlTemplate":"https:\/\/www.canuti.com\/es\/?s={search_term_string}"},"query-input":{"@type":"PropertyValueSpecification","valueRequired":true,"valueName":"search_term_string"}}],"inLanguage":"es"},{"@type":"Organization","@id":"https:\/\/www.canuti.com\/es\/#organization","name":"Canuti Pasta Artisans","url":"https:\/\/www.canuti.com\/es\/","logo":{"@type":"ImageObject","inLanguage":"es","@id":"https:\/\/www.canuti.com\/es\/#\/schema\/logo\/image\/","url":"http:\/\/www.canuti.com\/wp-content\/uploads\/2019\/09\/canuti_logo.png","contentUrl":"http:\/\/www.canuti.com\/wp-content\/uploads\/2019\/09\/canuti_logo.png","width":172,"height":115,"caption":"Canuti Pasta Artisans"},"image":{"@id":"https:\/\/www.canuti.com\/es\/#\/schema\/logo\/image\/"}}]}},"_links":{"self":[{"href":"https:\/\/www.canuti.com\/es\/wp-json\/wp\/v2\/pages\/19202","targetHints":{"allow":["GET"]}}],"collection":[{"href":"https:\/\/www.canuti.com\/es\/wp-json\/wp\/v2\/pages"}],"about":[{"href":"https:\/\/www.canuti.com\/es\/wp-json\/wp\/v2\/types\/page"}],"author":[{"embeddable":true,"href":"https:\/\/www.canuti.com\/es\/wp-json\/wp\/v2\/users\/3"}],"replies":[{"embeddable":true,"href":"https:\/\/www.canuti.com\/es\/wp-json\/wp\/v2\/comments?post=19202"}],"version-history":[{"count":8,"href":"https:\/\/www.canuti.com\/es\/wp-json\/wp\/v2\/pages\/19202\/revisions"}],"predecessor-version":[{"id":23970,"href":"https:\/\/www.canuti.com\/es\/wp-json\/wp\/v2\/pages\/19202\/revisions\/23970"}],"wp:attachment":[{"href":"https:\/\/www.canuti.com\/es\/wp-json\/wp\/v2\/media?parent=19202"}],"curies":[{"name":"wp","href":"https:\/\/api.w.org\/{rel}","templated":true}]}}