{"id":19187,"date":"2019-09-13T07:07:41","date_gmt":"2019-09-13T07:07:41","guid":{"rendered":"https:\/\/www.canuti.com\/perche-surgelato\/"},"modified":"2024-07-03T12:50:28","modified_gmt":"2024-07-03T12:50:28","slug":"por-que-elegir-la-pasta-congelada","status":"publish","type":"page","link":"https:\/\/www.canuti.com\/es\/por-que-elegir-la-pasta-congelada\/","title":{"rendered":"\u00bfPor qu\u00e9 elegir la pasta congelada?"},"content":{"rendered":"<div class=\"wpb-content-wrapper\"><p>[vc_row][vc_column][cms_heading text=&#8221;\u00bfPor qu\u00e9 elegir la pasta congelada?&#8221; tag=&#8221;h1&#8243; font_size=&#8221;48&#8243; line_height=&#8221;52&#8243; sub_title_position=&#8221;after-title&#8221; el_class=&#8221;page-title&#8221; margin_top=&#8221;20&#8243;][vc_column_text el_class=&#8221;page-paragraph-text&#8221;]<\/p>\n<p class=\"p1\">Porque la ultracongelaci\u00f3n es <b>el \u00fanico m\u00e9todo que preserva la pasta fresca de forma natural y durante largo tiempo<\/b>.<br \/>\nLa pasta fresca Canuti se trefila al bronce, se le da forma, se pasteuriza y por \u00faltimo se congela utilizando el <b>m\u00e9todo IQF <\/b> (Individual Quick Frozen) en un \u00fanico y r\u00e1pido ciclo productivo.<\/p>\n<p><strong>Canuti Tradizione Italiana es pionera en la ultracongelaci\u00f3n de la pasta fresca.<\/strong>, En los a\u00f1os 80 fue una de las primeras f\u00e1bricas de pasta que lo adoptaron para conservar intacta la frescura de sus productos.[\/vc_column_text][vc_empty_space height=&#8221;16px&#8221;][cms_banner cms_template=&#8221;cms_banner&#8211;layout1.php&#8221; content_position=&#8221;left&#8221; banner_image=&#8221;16626&#8243; title=&#8221;Cinco \u00f3ptimas ventajas de la pasta congelada&#8221; description=&#8221;1. Una vida de anaquel (Shelf life) de 18 meses a -18\u00b0C (0\u00b0F)<br \/>\n2. Las caracter\u00edsticas organol\u00e9pticas (olor, gusto y color) y las cualidades nutricionales permanecen invariadas durante todo el periodo de conservaci\u00f3n y sin uso de conservantes<br \/>\n3. Gracias al m\u00e9todo IQF, se retira de la bolsa sola la cantidad necesaria para la cocci\u00f3n<br \/>\n4. Se puede cocer directamente el producto congelado<br \/>\n5. Control del food cost: menos desperdicios y nuevos pedidos menos frecuentes respecto a la pasta fresca no congelada&#8221;][vc_empty_space height=&#8221;40px&#8221;][vc_single_image image=&#8221;19193&#8243; img_size=&#8221;240&#215;240&#8243; alignment=&#8221;center&#8221;][\/vc_column][\/vc_row]<\/p>\n<\/div>","protected":false},"excerpt":{"rendered":"<p>[vc_row][vc_column][cms_heading text=&#8221;\u00bfPor qu\u00e9 elegir la pasta congelada?&#8221; tag=&#8221;h1&#8243; font_size=&#8221;48&#8243; line_height=&#8221;52&#8243; sub_title_position=&#8221;after-title&#8221; el_class=&#8221;page-title&#8221; margin_top=&#8221;20&#8243;][vc_column_text el_class=&#8221;page-paragraph-text&#8221;] Porque la ultracongelaci\u00f3n es el \u00fanico m\u00e9todo que preserva la pasta fresca de forma natural y durante largo tiempo. La pasta fresca Canuti se trefila al bronce, se le da forma, se pasteuriza y por \u00faltimo se congela utilizando el m\u00e9todo [&hellip;]<\/p>\n","protected":false},"author":1,"featured_media":0,"parent":0,"menu_order":0,"comment_status":"closed","ping_status":"closed","template":"","meta":{"_acf_changed":false,"inline_featured_image":false,"_joinchat":[],"footnotes":""},"class_list":["post-19187","page","type-page","status-publish","hentry"],"acf":[],"yoast_head":"<!-- This site is optimized with the Yoast SEO plugin v25.0 - https:\/\/yoast.com\/wordpress\/plugins\/seo\/ -->\n<title>Pasta Congelada Canuti para una conservaci\u00f3n natural en el tiempo<\/title>\n<meta name=\"description\" content=\"La pasta congelada se conserva de forma natural y durante mucho tiempo. Canuti ha sido pionero en congelaci\u00f3n desde 1980.\" \/>\n<meta name=\"robots\" content=\"index, follow, max-snippet:-1, max-image-preview:large, max-video-preview:-1\" \/>\n<link rel=\"canonical\" href=\"https:\/\/www.canuti.com\/es\/por-que-elegir-la-pasta-congelada\/\" \/>\n<meta property=\"og:locale\" content=\"es_ES\" \/>\n<meta property=\"og:type\" content=\"article\" \/>\n<meta property=\"og:title\" content=\"Pasta Congelada Canuti para una conservaci\u00f3n natural en el tiempo\" \/>\n<meta property=\"og:description\" content=\"La pasta congelada se conserva de forma natural y durante mucho tiempo. Canuti ha sido pionero en congelaci\u00f3n desde 1980.\" \/>\n<meta property=\"og:url\" content=\"https:\/\/www.canuti.com\/es\/por-que-elegir-la-pasta-congelada\/\" \/>\n<meta property=\"og:site_name\" content=\"Canuti Sito Ufficiale\" \/>\n<meta property=\"article:modified_time\" content=\"2024-07-03T12:50:28+00:00\" \/>\n<meta name=\"twitter:card\" content=\"summary_large_image\" \/>\n<meta name=\"twitter:label1\" content=\"Tiempo de lectura\" \/>\n\t<meta name=\"twitter:data1\" content=\"2 minutos\" \/>\n<script type=\"application\/ld+json\" class=\"yoast-schema-graph\">{\"@context\":\"https:\/\/schema.org\",\"@graph\":[{\"@type\":\"WebPage\",\"@id\":\"https:\/\/www.canuti.com\/es\/por-que-elegir-la-pasta-congelada\/\",\"url\":\"https:\/\/www.canuti.com\/es\/por-que-elegir-la-pasta-congelada\/\",\"name\":\"Pasta Congelada Canuti para una conservaci\u00f3n natural en el tiempo\",\"isPartOf\":{\"@id\":\"https:\/\/www.canuti.com\/es\/#website\"},\"datePublished\":\"2019-09-13T07:07:41+00:00\",\"dateModified\":\"2024-07-03T12:50:28+00:00\",\"description\":\"La pasta congelada se conserva de forma natural y durante mucho tiempo. Canuti ha sido pionero en congelaci\u00f3n desde 1980.\",\"breadcrumb\":{\"@id\":\"https:\/\/www.canuti.com\/es\/por-que-elegir-la-pasta-congelada\/#breadcrumb\"},\"inLanguage\":\"es\",\"potentialAction\":[{\"@type\":\"ReadAction\",\"target\":[\"https:\/\/www.canuti.com\/es\/por-que-elegir-la-pasta-congelada\/\"]}]},{\"@type\":\"BreadcrumbList\",\"@id\":\"https:\/\/www.canuti.com\/es\/por-que-elegir-la-pasta-congelada\/#breadcrumb\",\"itemListElement\":[{\"@type\":\"ListItem\",\"position\":1,\"name\":\"Canuti\",\"item\":\"https:\/\/www.canuti.com\/es\/\"},{\"@type\":\"ListItem\",\"position\":2,\"name\":\"\u00bfPor qu\u00e9 elegir la pasta congelada?\"}]},{\"@type\":\"WebSite\",\"@id\":\"https:\/\/www.canuti.com\/es\/#website\",\"url\":\"https:\/\/www.canuti.com\/es\/\",\"name\":\"Canuti Sito Ufficiale\",\"description\":\"Pasta fresca congelada made in Italy para HORECA y el retail\",\"publisher\":{\"@id\":\"https:\/\/www.canuti.com\/es\/#organization\"},\"potentialAction\":[{\"@type\":\"SearchAction\",\"target\":{\"@type\":\"EntryPoint\",\"urlTemplate\":\"https:\/\/www.canuti.com\/es\/?s={search_term_string}\"},\"query-input\":{\"@type\":\"PropertyValueSpecification\",\"valueRequired\":true,\"valueName\":\"search_term_string\"}}],\"inLanguage\":\"es\"},{\"@type\":\"Organization\",\"@id\":\"https:\/\/www.canuti.com\/es\/#organization\",\"name\":\"Canuti Pasta Artisans\",\"url\":\"https:\/\/www.canuti.com\/es\/\",\"logo\":{\"@type\":\"ImageObject\",\"inLanguage\":\"es\",\"@id\":\"https:\/\/www.canuti.com\/es\/#\/schema\/logo\/image\/\",\"url\":\"http:\/\/www.canuti.com\/wp-content\/uploads\/2019\/09\/canuti_logo.png\",\"contentUrl\":\"http:\/\/www.canuti.com\/wp-content\/uploads\/2019\/09\/canuti_logo.png\",\"width\":172,\"height\":115,\"caption\":\"Canuti Pasta Artisans\"},\"image\":{\"@id\":\"https:\/\/www.canuti.com\/es\/#\/schema\/logo\/image\/\"}}]}<\/script>\n<!-- \/ Yoast SEO plugin. -->","yoast_head_json":{"title":"Pasta Congelada Canuti para una conservaci\u00f3n natural en el tiempo","description":"La pasta congelada se conserva de forma natural y durante mucho tiempo. Canuti ha sido pionero en congelaci\u00f3n desde 1980.","robots":{"index":"index","follow":"follow","max-snippet":"max-snippet:-1","max-image-preview":"max-image-preview:large","max-video-preview":"max-video-preview:-1"},"canonical":"https:\/\/www.canuti.com\/es\/por-que-elegir-la-pasta-congelada\/","og_locale":"es_ES","og_type":"article","og_title":"Pasta Congelada Canuti para una conservaci\u00f3n natural en el tiempo","og_description":"La pasta congelada se conserva de forma natural y durante mucho tiempo. Canuti ha sido pionero en congelaci\u00f3n desde 1980.","og_url":"https:\/\/www.canuti.com\/es\/por-que-elegir-la-pasta-congelada\/","og_site_name":"Canuti Sito Ufficiale","article_modified_time":"2024-07-03T12:50:28+00:00","twitter_card":"summary_large_image","twitter_misc":{"Tiempo de lectura":"2 minutos"},"schema":{"@context":"https:\/\/schema.org","@graph":[{"@type":"WebPage","@id":"https:\/\/www.canuti.com\/es\/por-que-elegir-la-pasta-congelada\/","url":"https:\/\/www.canuti.com\/es\/por-que-elegir-la-pasta-congelada\/","name":"Pasta Congelada Canuti para una conservaci\u00f3n natural en el tiempo","isPartOf":{"@id":"https:\/\/www.canuti.com\/es\/#website"},"datePublished":"2019-09-13T07:07:41+00:00","dateModified":"2024-07-03T12:50:28+00:00","description":"La pasta congelada se conserva de forma natural y durante mucho tiempo. Canuti ha sido pionero en congelaci\u00f3n desde 1980.","breadcrumb":{"@id":"https:\/\/www.canuti.com\/es\/por-que-elegir-la-pasta-congelada\/#breadcrumb"},"inLanguage":"es","potentialAction":[{"@type":"ReadAction","target":["https:\/\/www.canuti.com\/es\/por-que-elegir-la-pasta-congelada\/"]}]},{"@type":"BreadcrumbList","@id":"https:\/\/www.canuti.com\/es\/por-que-elegir-la-pasta-congelada\/#breadcrumb","itemListElement":[{"@type":"ListItem","position":1,"name":"Canuti","item":"https:\/\/www.canuti.com\/es\/"},{"@type":"ListItem","position":2,"name":"\u00bfPor qu\u00e9 elegir la pasta congelada?"}]},{"@type":"WebSite","@id":"https:\/\/www.canuti.com\/es\/#website","url":"https:\/\/www.canuti.com\/es\/","name":"Canuti Sito Ufficiale","description":"Pasta fresca congelada made in Italy para HORECA y el retail","publisher":{"@id":"https:\/\/www.canuti.com\/es\/#organization"},"potentialAction":[{"@type":"SearchAction","target":{"@type":"EntryPoint","urlTemplate":"https:\/\/www.canuti.com\/es\/?s={search_term_string}"},"query-input":{"@type":"PropertyValueSpecification","valueRequired":true,"valueName":"search_term_string"}}],"inLanguage":"es"},{"@type":"Organization","@id":"https:\/\/www.canuti.com\/es\/#organization","name":"Canuti Pasta Artisans","url":"https:\/\/www.canuti.com\/es\/","logo":{"@type":"ImageObject","inLanguage":"es","@id":"https:\/\/www.canuti.com\/es\/#\/schema\/logo\/image\/","url":"http:\/\/www.canuti.com\/wp-content\/uploads\/2019\/09\/canuti_logo.png","contentUrl":"http:\/\/www.canuti.com\/wp-content\/uploads\/2019\/09\/canuti_logo.png","width":172,"height":115,"caption":"Canuti Pasta Artisans"},"image":{"@id":"https:\/\/www.canuti.com\/es\/#\/schema\/logo\/image\/"}}]}},"_links":{"self":[{"href":"https:\/\/www.canuti.com\/es\/wp-json\/wp\/v2\/pages\/19187","targetHints":{"allow":["GET"]}}],"collection":[{"href":"https:\/\/www.canuti.com\/es\/wp-json\/wp\/v2\/pages"}],"about":[{"href":"https:\/\/www.canuti.com\/es\/wp-json\/wp\/v2\/types\/page"}],"author":[{"embeddable":true,"href":"https:\/\/www.canuti.com\/es\/wp-json\/wp\/v2\/users\/1"}],"replies":[{"embeddable":true,"href":"https:\/\/www.canuti.com\/es\/wp-json\/wp\/v2\/comments?post=19187"}],"version-history":[{"count":4,"href":"https:\/\/www.canuti.com\/es\/wp-json\/wp\/v2\/pages\/19187\/revisions"}],"predecessor-version":[{"id":19201,"href":"https:\/\/www.canuti.com\/es\/wp-json\/wp\/v2\/pages\/19187\/revisions\/19201"}],"wp:attachment":[{"href":"https:\/\/www.canuti.com\/es\/wp-json\/wp\/v2\/media?parent=19187"}],"curies":[{"name":"wp","href":"https:\/\/api.w.org\/{rel}","templated":true}]}}