{"id":19183,"date":"2019-10-15T13:40:45","date_gmt":"2019-10-15T13:40:45","guid":{"rendered":"https:\/\/www.canuti.com\/scopri-le-nostre-linee\/"},"modified":"2024-07-03T12:46:22","modified_gmt":"2024-07-03T12:46:22","slug":"descubre-nuestras-lineas","status":"publish","type":"page","link":"https:\/\/www.canuti.com\/es\/descubre-nuestras-lineas\/","title":{"rendered":"DESCUBRE NUESTRAS L\u00cdNEAS"},"content":{"rendered":"<div class=\"wpb-content-wrapper\"><p>[vc_row][vc_column][cms_heading text=&#8221;Descubre las l\u00edneas de pasta fresca congelada Canuti&#8221; tag=&#8221;h1&#8243; font_size=&#8221;48&#8243; line_height=&#8221;78&#8243; sub_title_position=&#8221;after-title&#8221; el_class=&#8221;page-title&#8221;][vc_column_text el_class=&#8221;page-paragraph-text&#8221;]Una amplia gama dividida en dos l\u00edneas de producto, cada una con especiales caracter\u00edsticas, para proponer una carta original o tradicional.[\/vc_column_text][\/vc_column][\/vc_row][vc_row][vc_column width=&#8221;1\/2&#8243;][vc_row_inner][vc_column_inner el_class=&#8221;linee-cards-wrapper&#8221;][cms_fancybox cms_template=&#8221;cms_fancybox&#8211;layout5.php&#8221; btn_text=&#8221;Scopri&#8221; btn_link=&#8221;url:%2Fes%2Fproductos%2Fle-delizie-es|||&#8221; item_image=&#8221;6629&#8243; title=&#8221;Exquisita pasta extra rugosa, suav\u00edsimos rellenos, recetas gourmet y grandes formatos.&#8221;][vc_column_text el_class=&#8221;linee-cards-link&#8221;]<a href=\"\/es\/productos\/le-delizie-es\">&#8211;<\/a>[\/vc_column_text][\/vc_column_inner][\/vc_row_inner][cms_fancybox cms_template=&#8221;cms_fancybox&#8211;layout6.php&#8221; title=&#8221;1. Recetas gourmet<br \/>\n2. Pasta fina y extra rugosa<br \/>\n3. Harinas de origen italiana<br \/>\n4. Huevos de gallinas criadas en suelo<br \/>\n5. Formatos grandes y aspecto artesanal<br \/>\n6. Alta porcentaje de relleno<br \/>\n7. Pasta trefilada al bronce&#8221; description=&#8221;Recetas gourmet creadas por nuestros Chefs, deliciosos y cremosos rellenos preparados con excelentes materias primas y de alt\u00edsima calidad, como el queso \u201cBurrata di Puglia\u201d, el Parmigiano Reggiano de 24 meses, las aceitunas de variedad Taggiasca, las gambas de Sicilia y el cabracho.<br \/>\nUna excelente pasta trefilada al bronce realizada con una particular elaboraci\u00f3n que hace que sea a\u00fan m\u00e1s rugosa y artesanal en su aspecto.&#8221; el_class=&#8221;delizie-info&#8221;][cms_button button_text=&#8221;Consulta los productos &#8220;le Delizie&#8220;&#8221; button_link=&#8221;url:https%3A%2F%2Fwww.canuti.com%2Fes%2Fproductos%2Fle-delizie-es%2F|||&#8221; button_size=&#8221;size-lg&#8221; align_lg=&#8221;align-center&#8221; align_md=&#8221;align-center-md&#8221; align_sm=&#8221;align-center-sm&#8221; align_xs=&#8221;align-center-xs&#8221; el_class=&#8221;delizie-button&#8221;][\/vc_column][vc_column width=&#8221;1\/2&#8243;][vc_row_inner][vc_column_inner el_class=&#8221;linee-cards-wrapper&#8221;][cms_fancybox cms_template=&#8221;cms_fancybox&#8211;layout5.php&#8221; item_image=&#8221;6625&#8243; title=&#8221;Amplia gama con pastas cortas, largas, rellenas, \u00f1oquis y productos de gastronom\u00eda.&#8221;][vc_column_text el_class=&#8221;linee-cards-link&#8221;]<a href=\"\/es\/productos\/le-classiche-es\">&#8211;<\/a>[\/vc_column_text][\/vc_column_inner][\/vc_row_inner][cms_fancybox cms_template=&#8221;cms_fancybox&#8211;layout6.php&#8221; title=&#8221;1. Amplia gama<br \/>\n2. Especialidades regionales<br \/>\n3. Recetas de la tradici\u00f3n italiana<br \/>\n4. Pasta tradicional de Romagnola<br \/>\n5. Harinas de origen italiana<br \/>\n6. Huevos de gallinas criadas en el suelo<br \/>\n7. Pasta trefilada&#8221; description=&#8221;Una amplia gama con los formatos y los rellenos de la mejor tradici\u00f3n italiana. La excelente pasta trefilada Canuti es la base para la preparaci\u00f3n de pastas largas, cortas y rellenas. Rellenos preparados con las mejores materias primas, rigurosamente realizados y utilizados en el d\u00eda. Materias primas que preferimos adquirir enteras para elaborarlas en nuestra cocina.&#8221; el_class=&#8221;classiche-info&#8221;][cms_button button_text=&#8221;Consulta los productos &#8220;le Classiche&#8220;&#8221; button_link=&#8221;url:https%3A%2F%2Fwww.canuti.com%2Fes%2Fproductos%2Fle-classiche-es%2F|||&#8221; button_size=&#8221;size-lg&#8221; align_lg=&#8221;align-center&#8221; align_md=&#8221;align-center-md&#8221; align_sm=&#8221;align-center-sm&#8221; align_xs=&#8221;align-center-xs&#8221; el_class=&#8221;classiche-button&#8221;][\/vc_column][\/vc_row]<\/p>\n<\/div>","protected":false},"excerpt":{"rendered":"<p>[vc_row][vc_column][cms_heading text=&#8221;Descubre las l\u00edneas de pasta fresca congelada Canuti&#8221; tag=&#8221;h1&#8243; font_size=&#8221;48&#8243; line_height=&#8221;78&#8243; sub_title_position=&#8221;after-title&#8221; el_class=&#8221;page-title&#8221;][vc_column_text el_class=&#8221;page-paragraph-text&#8221;]Una amplia gama dividida en dos l\u00edneas de producto, cada una con especiales caracter\u00edsticas, para proponer una carta original o tradicional.[\/vc_column_text][\/vc_column][\/vc_row][vc_row][vc_column width=&#8221;1\/2&#8243;][vc_row_inner][vc_column_inner el_class=&#8221;linee-cards-wrapper&#8221;][cms_fancybox cms_template=&#8221;cms_fancybox&#8211;layout5.php&#8221; btn_text=&#8221;Scopri&#8221; btn_link=&#8221;url:%2Fes%2Fproductos%2Fle-delizie-es|||&#8221; item_image=&#8221;6629&#8243; title=&#8221;Exquisita pasta extra rugosa, suav\u00edsimos rellenos, recetas gourmet y grandes formatos.&#8221;][vc_column_text el_class=&#8221;linee-cards-link&#8221;]&#8211;[\/vc_column_text][\/vc_column_inner][\/vc_row_inner][cms_fancybox cms_template=&#8221;cms_fancybox&#8211;layout6.php&#8221; title=&#8221;1. [&hellip;]<\/p>\n","protected":false},"author":3,"featured_media":0,"parent":0,"menu_order":0,"comment_status":"closed","ping_status":"closed","template":"","meta":{"_acf_changed":false,"inline_featured_image":false,"_joinchat":[],"footnotes":""},"class_list":["post-19183","page","type-page","status-publish","hentry"],"acf":[],"yoast_head":"<!-- This site is optimized with the Yoast SEO plugin v25.0 - https:\/\/yoast.com\/wordpress\/plugins\/seo\/ -->\n<title>Descubre las l\u00edneas de pasta fresca congelada Canuti: Delicias y Cl\u00e1sicos<\/title>\n<meta name=\"description\" content=\"L\u00edneas de pasta fresca congelada para restauraci\u00f3n Made in Italy by Canuti. Descubre las Delicias y Cl\u00e1sicos para tu men\u00fa.\" \/>\n<meta name=\"robots\" content=\"index, follow, max-snippet:-1, max-image-preview:large, max-video-preview:-1\" \/>\n<link rel=\"canonical\" href=\"https:\/\/www.canuti.com\/es\/descubre-nuestras-lineas\/\" \/>\n<meta property=\"og:locale\" content=\"es_ES\" \/>\n<meta property=\"og:type\" content=\"article\" \/>\n<meta property=\"og:title\" content=\"Descubre las l\u00edneas de pasta fresca congelada Canuti: Delicias y Cl\u00e1sicos\" \/>\n<meta property=\"og:description\" content=\"L\u00edneas de pasta fresca congelada para restauraci\u00f3n Made in Italy by Canuti. Descubre las Delicias y Cl\u00e1sicos para tu men\u00fa.\" \/>\n<meta property=\"og:url\" content=\"https:\/\/www.canuti.com\/es\/descubre-nuestras-lineas\/\" \/>\n<meta property=\"og:site_name\" content=\"Canuti Sito Ufficiale\" \/>\n<meta property=\"article:modified_time\" content=\"2024-07-03T12:46:22+00:00\" \/>\n<meta name=\"twitter:card\" content=\"summary_large_image\" \/>\n<meta name=\"twitter:label1\" content=\"Tiempo de lectura\" \/>\n\t<meta name=\"twitter:data1\" content=\"2 minutos\" \/>\n<script type=\"application\/ld+json\" class=\"yoast-schema-graph\">{\"@context\":\"https:\/\/schema.org\",\"@graph\":[{\"@type\":\"WebPage\",\"@id\":\"https:\/\/www.canuti.com\/es\/descubre-nuestras-lineas\/\",\"url\":\"https:\/\/www.canuti.com\/es\/descubre-nuestras-lineas\/\",\"name\":\"Descubre las l\u00edneas de pasta fresca congelada Canuti: Delicias y Cl\u00e1sicos\",\"isPartOf\":{\"@id\":\"https:\/\/www.canuti.com\/es\/#website\"},\"datePublished\":\"2019-10-15T13:40:45+00:00\",\"dateModified\":\"2024-07-03T12:46:22+00:00\",\"description\":\"L\u00edneas de pasta fresca congelada para restauraci\u00f3n Made in Italy by Canuti. Descubre las Delicias y Cl\u00e1sicos para tu men\u00fa.\",\"breadcrumb\":{\"@id\":\"https:\/\/www.canuti.com\/es\/descubre-nuestras-lineas\/#breadcrumb\"},\"inLanguage\":\"es\",\"potentialAction\":[{\"@type\":\"ReadAction\",\"target\":[\"https:\/\/www.canuti.com\/es\/descubre-nuestras-lineas\/\"]}]},{\"@type\":\"BreadcrumbList\",\"@id\":\"https:\/\/www.canuti.com\/es\/descubre-nuestras-lineas\/#breadcrumb\",\"itemListElement\":[{\"@type\":\"ListItem\",\"position\":1,\"name\":\"Canuti\",\"item\":\"https:\/\/www.canuti.com\/es\/\"},{\"@type\":\"ListItem\",\"position\":2,\"name\":\"DESCUBRE NUESTRAS L\u00cdNEAS\"}]},{\"@type\":\"WebSite\",\"@id\":\"https:\/\/www.canuti.com\/es\/#website\",\"url\":\"https:\/\/www.canuti.com\/es\/\",\"name\":\"Canuti Sito Ufficiale\",\"description\":\"Pasta fresca congelada made in Italy para HORECA y el retail\",\"publisher\":{\"@id\":\"https:\/\/www.canuti.com\/es\/#organization\"},\"potentialAction\":[{\"@type\":\"SearchAction\",\"target\":{\"@type\":\"EntryPoint\",\"urlTemplate\":\"https:\/\/www.canuti.com\/es\/?s={search_term_string}\"},\"query-input\":{\"@type\":\"PropertyValueSpecification\",\"valueRequired\":true,\"valueName\":\"search_term_string\"}}],\"inLanguage\":\"es\"},{\"@type\":\"Organization\",\"@id\":\"https:\/\/www.canuti.com\/es\/#organization\",\"name\":\"Canuti Pasta Artisans\",\"url\":\"https:\/\/www.canuti.com\/es\/\",\"logo\":{\"@type\":\"ImageObject\",\"inLanguage\":\"es\",\"@id\":\"https:\/\/www.canuti.com\/es\/#\/schema\/logo\/image\/\",\"url\":\"http:\/\/www.canuti.com\/wp-content\/uploads\/2019\/09\/canuti_logo.png\",\"contentUrl\":\"http:\/\/www.canuti.com\/wp-content\/uploads\/2019\/09\/canuti_logo.png\",\"width\":172,\"height\":115,\"caption\":\"Canuti Pasta Artisans\"},\"image\":{\"@id\":\"https:\/\/www.canuti.com\/es\/#\/schema\/logo\/image\/\"}}]}<\/script>\n<!-- \/ Yoast SEO plugin. -->","yoast_head_json":{"title":"Descubre las l\u00edneas de pasta fresca congelada Canuti: Delicias y Cl\u00e1sicos","description":"L\u00edneas de pasta fresca congelada para restauraci\u00f3n Made in Italy by Canuti. Descubre las Delicias y Cl\u00e1sicos para tu men\u00fa.","robots":{"index":"index","follow":"follow","max-snippet":"max-snippet:-1","max-image-preview":"max-image-preview:large","max-video-preview":"max-video-preview:-1"},"canonical":"https:\/\/www.canuti.com\/es\/descubre-nuestras-lineas\/","og_locale":"es_ES","og_type":"article","og_title":"Descubre las l\u00edneas de pasta fresca congelada Canuti: Delicias y Cl\u00e1sicos","og_description":"L\u00edneas de pasta fresca congelada para restauraci\u00f3n Made in Italy by Canuti. Descubre las Delicias y Cl\u00e1sicos para tu men\u00fa.","og_url":"https:\/\/www.canuti.com\/es\/descubre-nuestras-lineas\/","og_site_name":"Canuti Sito Ufficiale","article_modified_time":"2024-07-03T12:46:22+00:00","twitter_card":"summary_large_image","twitter_misc":{"Tiempo de lectura":"2 minutos"},"schema":{"@context":"https:\/\/schema.org","@graph":[{"@type":"WebPage","@id":"https:\/\/www.canuti.com\/es\/descubre-nuestras-lineas\/","url":"https:\/\/www.canuti.com\/es\/descubre-nuestras-lineas\/","name":"Descubre las l\u00edneas de pasta fresca congelada Canuti: Delicias y Cl\u00e1sicos","isPartOf":{"@id":"https:\/\/www.canuti.com\/es\/#website"},"datePublished":"2019-10-15T13:40:45+00:00","dateModified":"2024-07-03T12:46:22+00:00","description":"L\u00edneas de pasta fresca congelada para restauraci\u00f3n Made in Italy by Canuti. Descubre las Delicias y Cl\u00e1sicos para tu men\u00fa.","breadcrumb":{"@id":"https:\/\/www.canuti.com\/es\/descubre-nuestras-lineas\/#breadcrumb"},"inLanguage":"es","potentialAction":[{"@type":"ReadAction","target":["https:\/\/www.canuti.com\/es\/descubre-nuestras-lineas\/"]}]},{"@type":"BreadcrumbList","@id":"https:\/\/www.canuti.com\/es\/descubre-nuestras-lineas\/#breadcrumb","itemListElement":[{"@type":"ListItem","position":1,"name":"Canuti","item":"https:\/\/www.canuti.com\/es\/"},{"@type":"ListItem","position":2,"name":"DESCUBRE NUESTRAS L\u00cdNEAS"}]},{"@type":"WebSite","@id":"https:\/\/www.canuti.com\/es\/#website","url":"https:\/\/www.canuti.com\/es\/","name":"Canuti Sito Ufficiale","description":"Pasta fresca congelada made in Italy para HORECA y el retail","publisher":{"@id":"https:\/\/www.canuti.com\/es\/#organization"},"potentialAction":[{"@type":"SearchAction","target":{"@type":"EntryPoint","urlTemplate":"https:\/\/www.canuti.com\/es\/?s={search_term_string}"},"query-input":{"@type":"PropertyValueSpecification","valueRequired":true,"valueName":"search_term_string"}}],"inLanguage":"es"},{"@type":"Organization","@id":"https:\/\/www.canuti.com\/es\/#organization","name":"Canuti Pasta Artisans","url":"https:\/\/www.canuti.com\/es\/","logo":{"@type":"ImageObject","inLanguage":"es","@id":"https:\/\/www.canuti.com\/es\/#\/schema\/logo\/image\/","url":"http:\/\/www.canuti.com\/wp-content\/uploads\/2019\/09\/canuti_logo.png","contentUrl":"http:\/\/www.canuti.com\/wp-content\/uploads\/2019\/09\/canuti_logo.png","width":172,"height":115,"caption":"Canuti Pasta Artisans"},"image":{"@id":"https:\/\/www.canuti.com\/es\/#\/schema\/logo\/image\/"}}]}},"_links":{"self":[{"href":"https:\/\/www.canuti.com\/es\/wp-json\/wp\/v2\/pages\/19183","targetHints":{"allow":["GET"]}}],"collection":[{"href":"https:\/\/www.canuti.com\/es\/wp-json\/wp\/v2\/pages"}],"about":[{"href":"https:\/\/www.canuti.com\/es\/wp-json\/wp\/v2\/types\/page"}],"author":[{"embeddable":true,"href":"https:\/\/www.canuti.com\/es\/wp-json\/wp\/v2\/users\/3"}],"replies":[{"embeddable":true,"href":"https:\/\/www.canuti.com\/es\/wp-json\/wp\/v2\/comments?post=19183"}],"version-history":[{"count":11,"href":"https:\/\/www.canuti.com\/es\/wp-json\/wp\/v2\/pages\/19183\/revisions"}],"predecessor-version":[{"id":22900,"href":"https:\/\/www.canuti.com\/es\/wp-json\/wp\/v2\/pages\/19183\/revisions\/22900"}],"wp:attachment":[{"href":"https:\/\/www.canuti.com\/es\/wp-json\/wp\/v2\/media?parent=19183"}],"curies":[{"name":"wp","href":"https:\/\/api.w.org\/{rel}","templated":true}]}}