{"id":19157,"date":"2019-09-13T07:14:56","date_gmt":"2019-09-13T07:14:56","guid":{"rendered":"https:\/\/www.canuti.com\/cataloghi\/"},"modified":"2024-07-03T10:18:33","modified_gmt":"2024-07-03T10:18:33","slug":"catalogos","status":"publish","type":"page","link":"https:\/\/www.canuti.com\/es\/catalogos\/","title":{"rendered":"cat\u00e1logos"},"content":{"rendered":"<div class=\"wpb-content-wrapper\"><p>[vc_row][vc_column][cms_heading text=&#8221;Descarga los cat\u00e1logos&#8221; tag=&#8221;h1&#8243; font_size=&#8221;48&#8243; line_height=&#8221;52&#8243; sub_title_position=&#8221;after-title&#8221; el_class=&#8221;page-title&#8221;][vc_column_text el_class=&#8221;page-paragraph-text&#8221;]Descarga gratuitamente o visualiza los cat\u00e1logos y los folletos de las l\u00edneas de producto de Canuti Tradizione Italiana.[\/vc_column_text][\/vc_column][\/vc_row][vc_row][vc_column][vc_empty_space height=&#8221;40px&#8221;][\/vc_column][\/vc_row][vc_row][vc_column][cms_heading text=&#8221;Cat\u00e1logos para el Food Service&#8221; tag=&#8221;h1&#8243; font_size=&#8221;30&#8243; line_height=&#8221;52&#8243; sub_title_position=&#8221;after-title&#8221; el_class=&#8221;page-title&#8221;][\/vc_column][\/vc_row][vc_row equal_height=&#8221;yes&#8221; content_placement=&#8221;top&#8221; el_class=&#8221;catalogues-wrapper&#8221;][vc_column width=&#8221;1\/2&#8243; offset=&#8221;vc_col-lg-3 vc_col-md-6 vc_col-xs-12&#8243;][vc_column_text]<\/p>\n<div class=\"cms-fancybox-layout5 delizie-catalogue\">\n<div class=\"cms-fancybox-inner clearfix\">\n<div class=\"cms-fancybox-image\"><img decoding=\"async\" data-src=\"\/wp-content\/uploads\/2020\/12\/Schermata-2020-12-14-alle-12.39.49.png\" alt=\"\" src=\"data:image\/gif;base64,R0lGODlhAQABAAAAACH5BAEKAAEALAAAAAABAAEAAAICTAEAOw==\" class=\"lazyload\" style=\"--smush-placeholder-width: 594px; --smush-placeholder-aspect-ratio: 594\/838;\" \/><\/div>\n<div class=\"cms-fancybox-content\">\n<h3 class=\"cms-fancybox-title\">Cat\u00e1logo l\u00ednea<br \/>\n\u201cle Delizie\u201d<br \/>\nITALIANO \/ ESPA\u00d1OL<\/h3>\n<\/div>\n<\/div>\n<div class=\"catalogue-link\"><a id=\"canuti-delizie-catalogue\" href=\"https:\/\/www.canuti.com\/wp-content\/uploads\/2022\/04\/Catalogo-Le-Delizie-Edizione-4.pdf\">.<\/a><\/div>\n<\/div>\n<p>[\/vc_column_text][\/vc_column][vc_column width=&#8221;1\/2&#8243; offset=&#8221;vc_col-lg-3 vc_col-md-6 vc_col-xs-12&#8243;][vc_column_text]<\/p>\n<div class=\"cms-fancybox-layout5 pro-catalogue\">\n<div class=\"cms-fancybox-inner clearfix\">\n<div class=\"cms-fancybox-image\"><img decoding=\"async\" data-src=\"\/wp-content\/uploads\/2022\/04\/Schermata-2020-12-14-alle-12.39.49.png\" alt=\"\" src=\"data:image\/gif;base64,R0lGODlhAQABAAAAACH5BAEKAAEALAAAAAABAAEAAAICTAEAOw==\" class=\"lazyload\" style=\"--smush-placeholder-width: 594px; --smush-placeholder-aspect-ratio: 594\/838;\" \/><\/div>\n<div class=\"cms-fancybox-content\">\n<h3 class=\"cms-fancybox-title\">Cat\u00e1logo l\u00ednea<br \/>\n\u201cle Classiche\u201d<br \/>\nITALIANO \/ ESPA\u00d1OL<\/h3>\n<\/div>\n<\/div>\n<div class=\"catalogue-link\"><a id=\"canuti-pro-catalogue\" href=\"https:\/\/www.canuti.com\/wp-content\/uploads\/2022\/04\/Catalogo-Generale-Canuti-2022-Edizione-39.pdf\">.<\/a><\/div>\n<\/div>\n<p>[\/vc_column_text][\/vc_column][\/vc_row][vc_row][vc_column][vc_empty_space height=&#8221;40px&#8221;][\/vc_column][\/vc_row][vc_row][vc_column][cms_heading text=&#8221;Cat\u00e1logos para el Retail&#8221; tag=&#8221;h1&#8243; font_size=&#8221;30&#8243; line_height=&#8221;52&#8243; sub_title_position=&#8221;after-title&#8221; el_class=&#8221;page-title&#8221;][\/vc_column][\/vc_row][vc_row equal_height=&#8221;yes&#8221; content_placement=&#8221;top&#8221; el_class=&#8221;catalogues-wrapper&#8221;][vc_column width=&#8221;1\/2&#8243; offset=&#8221;vc_col-lg-3 vc_col-md-6 vc_col-xs-12&#8243;][vc_column_text]<\/p>\n<div class=\"cms-fancybox-layout5 delizie-catalogue\">\n<div class=\"cms-fancybox-inner clearfix\">\n<div class=\"cms-fancybox-image\"><img decoding=\"async\" data-src=\"\/wp-content\/uploads\/2022\/05\/catalogo-casa-canuti.jpg\" alt=\"\" src=\"data:image\/gif;base64,R0lGODlhAQABAAAAACH5BAEKAAEALAAAAAABAAEAAAICTAEAOw==\" class=\"lazyload\" style=\"--smush-placeholder-width: 594px; --smush-placeholder-aspect-ratio: 594\/838;\" \/><\/div>\n<div class=\"cms-fancybox-content\">\n<h3 class=\"cms-fancybox-title\">Cat\u00e1logo l\u00ednea retail<br \/>\n\u201cCasa Canuti\u201d<br \/>\nITALIANO \/ ESPA\u00d1OL<\/h3>\n<\/div>\n<\/div>\n<div class=\"catalogue-link\"><a id=\"retail-catalogue-cta\" href=\"https:\/\/www.canuti.com\/wp-content\/uploads\/2022\/05\/Catalogo-Casa-Canuti-Retail-2022.pdf\">.<\/a><\/div>\n<\/div>\n<p>[\/vc_column_text][\/vc_column][\/vc_row]<\/p>\n<\/div>","protected":false},"excerpt":{"rendered":"<p>[vc_row][vc_column][cms_heading text=&#8221;Descarga los cat\u00e1logos&#8221; tag=&#8221;h1&#8243; font_size=&#8221;48&#8243; line_height=&#8221;52&#8243; sub_title_position=&#8221;after-title&#8221; el_class=&#8221;page-title&#8221;][vc_column_text el_class=&#8221;page-paragraph-text&#8221;]Descarga gratuitamente o visualiza los cat\u00e1logos y los folletos de las l\u00edneas de producto de Canuti Tradizione Italiana.[\/vc_column_text][\/vc_column][\/vc_row][vc_row][vc_column][vc_empty_space height=&#8221;40px&#8221;][\/vc_column][\/vc_row][vc_row][vc_column][cms_heading text=&#8221;Cat\u00e1logos para el Food Service&#8221; tag=&#8221;h1&#8243; font_size=&#8221;30&#8243; line_height=&#8221;52&#8243; sub_title_position=&#8221;after-title&#8221; el_class=&#8221;page-title&#8221;][\/vc_column][\/vc_row][vc_row equal_height=&#8221;yes&#8221; content_placement=&#8221;top&#8221; el_class=&#8221;catalogues-wrapper&#8221;][vc_column width=&#8221;1\/2&#8243; offset=&#8221;vc_col-lg-3 vc_col-md-6 vc_col-xs-12&#8243;][vc_column_text] Cat\u00e1logo l\u00ednea \u201cle Delizie\u201d ITALIANO \/ ESPA\u00d1OL . [\/vc_column_text][\/vc_column][vc_column width=&#8221;1\/2&#8243; [&hellip;]<\/p>\n","protected":false},"author":1,"featured_media":0,"parent":0,"menu_order":0,"comment_status":"closed","ping_status":"closed","template":"","meta":{"_acf_changed":false,"inline_featured_image":false,"_joinchat":[],"footnotes":""},"class_list":["post-19157","page","type-page","status-publish","hentry"],"acf":[],"yoast_head":"<!-- This site is optimized with the Yoast SEO plugin v25.0 - https:\/\/yoast.com\/wordpress\/plugins\/seo\/ -->\n<title>Canuti: Maestros pasteleros desde 1950. Consulta los cat\u00e1logos<\/title>\n<meta name=\"description\" content=\"Descargue de forma r\u00e1pida y gratuita el cat\u00e1logo de la gama Canuti Tradizione Italiana y los folletos de nuestras l\u00edneas de productos.\" \/>\n<meta name=\"robots\" content=\"index, follow, max-snippet:-1, max-image-preview:large, max-video-preview:-1\" \/>\n<link rel=\"canonical\" href=\"https:\/\/www.canuti.com\/es\/catalogos\/\" \/>\n<meta property=\"og:locale\" content=\"es_ES\" \/>\n<meta property=\"og:type\" content=\"article\" \/>\n<meta property=\"og:title\" content=\"Canuti: Maestros pasteleros desde 1950. Consulta los cat\u00e1logos\" \/>\n<meta property=\"og:description\" content=\"Descargue de forma r\u00e1pida y gratuita el cat\u00e1logo de la gama Canuti Tradizione Italiana y los folletos de nuestras l\u00edneas de productos.\" \/>\n<meta property=\"og:url\" content=\"https:\/\/www.canuti.com\/es\/catalogos\/\" \/>\n<meta property=\"og:site_name\" content=\"Canuti Sito Ufficiale\" \/>\n<meta property=\"article:modified_time\" content=\"2024-07-03T10:18:33+00:00\" \/>\n<meta name=\"twitter:card\" content=\"summary_large_image\" \/>\n<meta name=\"twitter:label1\" content=\"Tiempo de lectura\" \/>\n\t<meta name=\"twitter:data1\" content=\"2 minutos\" \/>\n<script type=\"application\/ld+json\" class=\"yoast-schema-graph\">{\"@context\":\"https:\/\/schema.org\",\"@graph\":[{\"@type\":\"WebPage\",\"@id\":\"https:\/\/www.canuti.com\/es\/catalogos\/\",\"url\":\"https:\/\/www.canuti.com\/es\/catalogos\/\",\"name\":\"Canuti: Maestros pasteleros desde 1950. Consulta los cat\u00e1logos\",\"isPartOf\":{\"@id\":\"https:\/\/www.canuti.com\/es\/#website\"},\"datePublished\":\"2019-09-13T07:14:56+00:00\",\"dateModified\":\"2024-07-03T10:18:33+00:00\",\"description\":\"Descargue de forma r\u00e1pida y gratuita el cat\u00e1logo de la gama Canuti Tradizione Italiana y los folletos de nuestras l\u00edneas de productos.\",\"breadcrumb\":{\"@id\":\"https:\/\/www.canuti.com\/es\/catalogos\/#breadcrumb\"},\"inLanguage\":\"es\",\"potentialAction\":[{\"@type\":\"ReadAction\",\"target\":[\"https:\/\/www.canuti.com\/es\/catalogos\/\"]}]},{\"@type\":\"BreadcrumbList\",\"@id\":\"https:\/\/www.canuti.com\/es\/catalogos\/#breadcrumb\",\"itemListElement\":[{\"@type\":\"ListItem\",\"position\":1,\"name\":\"Canuti\",\"item\":\"https:\/\/www.canuti.com\/es\/\"},{\"@type\":\"ListItem\",\"position\":2,\"name\":\"cat\u00e1logos\"}]},{\"@type\":\"WebSite\",\"@id\":\"https:\/\/www.canuti.com\/es\/#website\",\"url\":\"https:\/\/www.canuti.com\/es\/\",\"name\":\"Canuti Sito Ufficiale\",\"description\":\"Pasta fresca congelada made in Italy para HORECA y el retail\",\"publisher\":{\"@id\":\"https:\/\/www.canuti.com\/es\/#organization\"},\"potentialAction\":[{\"@type\":\"SearchAction\",\"target\":{\"@type\":\"EntryPoint\",\"urlTemplate\":\"https:\/\/www.canuti.com\/es\/?s={search_term_string}\"},\"query-input\":{\"@type\":\"PropertyValueSpecification\",\"valueRequired\":true,\"valueName\":\"search_term_string\"}}],\"inLanguage\":\"es\"},{\"@type\":\"Organization\",\"@id\":\"https:\/\/www.canuti.com\/es\/#organization\",\"name\":\"Canuti Pasta Artisans\",\"url\":\"https:\/\/www.canuti.com\/es\/\",\"logo\":{\"@type\":\"ImageObject\",\"inLanguage\":\"es\",\"@id\":\"https:\/\/www.canuti.com\/es\/#\/schema\/logo\/image\/\",\"url\":\"http:\/\/www.canuti.com\/wp-content\/uploads\/2019\/09\/canuti_logo.png\",\"contentUrl\":\"http:\/\/www.canuti.com\/wp-content\/uploads\/2019\/09\/canuti_logo.png\",\"width\":172,\"height\":115,\"caption\":\"Canuti Pasta Artisans\"},\"image\":{\"@id\":\"https:\/\/www.canuti.com\/es\/#\/schema\/logo\/image\/\"}}]}<\/script>\n<!-- \/ Yoast SEO plugin. -->","yoast_head_json":{"title":"Canuti: Maestros pasteleros desde 1950. Consulta los cat\u00e1logos","description":"Descargue de forma r\u00e1pida y gratuita el cat\u00e1logo de la gama Canuti Tradizione Italiana y los folletos de nuestras l\u00edneas de productos.","robots":{"index":"index","follow":"follow","max-snippet":"max-snippet:-1","max-image-preview":"max-image-preview:large","max-video-preview":"max-video-preview:-1"},"canonical":"https:\/\/www.canuti.com\/es\/catalogos\/","og_locale":"es_ES","og_type":"article","og_title":"Canuti: Maestros pasteleros desde 1950. Consulta los cat\u00e1logos","og_description":"Descargue de forma r\u00e1pida y gratuita el cat\u00e1logo de la gama Canuti Tradizione Italiana y los folletos de nuestras l\u00edneas de productos.","og_url":"https:\/\/www.canuti.com\/es\/catalogos\/","og_site_name":"Canuti Sito Ufficiale","article_modified_time":"2024-07-03T10:18:33+00:00","twitter_card":"summary_large_image","twitter_misc":{"Tiempo de lectura":"2 minutos"},"schema":{"@context":"https:\/\/schema.org","@graph":[{"@type":"WebPage","@id":"https:\/\/www.canuti.com\/es\/catalogos\/","url":"https:\/\/www.canuti.com\/es\/catalogos\/","name":"Canuti: Maestros pasteleros desde 1950. Consulta los cat\u00e1logos","isPartOf":{"@id":"https:\/\/www.canuti.com\/es\/#website"},"datePublished":"2019-09-13T07:14:56+00:00","dateModified":"2024-07-03T10:18:33+00:00","description":"Descargue de forma r\u00e1pida y gratuita el cat\u00e1logo de la gama Canuti Tradizione Italiana y los folletos de nuestras l\u00edneas de productos.","breadcrumb":{"@id":"https:\/\/www.canuti.com\/es\/catalogos\/#breadcrumb"},"inLanguage":"es","potentialAction":[{"@type":"ReadAction","target":["https:\/\/www.canuti.com\/es\/catalogos\/"]}]},{"@type":"BreadcrumbList","@id":"https:\/\/www.canuti.com\/es\/catalogos\/#breadcrumb","itemListElement":[{"@type":"ListItem","position":1,"name":"Canuti","item":"https:\/\/www.canuti.com\/es\/"},{"@type":"ListItem","position":2,"name":"cat\u00e1logos"}]},{"@type":"WebSite","@id":"https:\/\/www.canuti.com\/es\/#website","url":"https:\/\/www.canuti.com\/es\/","name":"Canuti Sito Ufficiale","description":"Pasta fresca congelada made in Italy para HORECA y el retail","publisher":{"@id":"https:\/\/www.canuti.com\/es\/#organization"},"potentialAction":[{"@type":"SearchAction","target":{"@type":"EntryPoint","urlTemplate":"https:\/\/www.canuti.com\/es\/?s={search_term_string}"},"query-input":{"@type":"PropertyValueSpecification","valueRequired":true,"valueName":"search_term_string"}}],"inLanguage":"es"},{"@type":"Organization","@id":"https:\/\/www.canuti.com\/es\/#organization","name":"Canuti Pasta Artisans","url":"https:\/\/www.canuti.com\/es\/","logo":{"@type":"ImageObject","inLanguage":"es","@id":"https:\/\/www.canuti.com\/es\/#\/schema\/logo\/image\/","url":"http:\/\/www.canuti.com\/wp-content\/uploads\/2019\/09\/canuti_logo.png","contentUrl":"http:\/\/www.canuti.com\/wp-content\/uploads\/2019\/09\/canuti_logo.png","width":172,"height":115,"caption":"Canuti Pasta Artisans"},"image":{"@id":"https:\/\/www.canuti.com\/es\/#\/schema\/logo\/image\/"}}]}},"_links":{"self":[{"href":"https:\/\/www.canuti.com\/es\/wp-json\/wp\/v2\/pages\/19157","targetHints":{"allow":["GET"]}}],"collection":[{"href":"https:\/\/www.canuti.com\/es\/wp-json\/wp\/v2\/pages"}],"about":[{"href":"https:\/\/www.canuti.com\/es\/wp-json\/wp\/v2\/types\/page"}],"author":[{"embeddable":true,"href":"https:\/\/www.canuti.com\/es\/wp-json\/wp\/v2\/users\/1"}],"replies":[{"embeddable":true,"href":"https:\/\/www.canuti.com\/es\/wp-json\/wp\/v2\/comments?post=19157"}],"version-history":[{"count":2,"href":"https:\/\/www.canuti.com\/es\/wp-json\/wp\/v2\/pages\/19157\/revisions"}],"predecessor-version":[{"id":19181,"href":"https:\/\/www.canuti.com\/es\/wp-json\/wp\/v2\/pages\/19157\/revisions\/19181"}],"wp:attachment":[{"href":"https:\/\/www.canuti.com\/es\/wp-json\/wp\/v2\/media?parent=19157"}],"curies":[{"name":"wp","href":"https:\/\/api.w.org\/{rel}","templated":true}]}}