{"id":19153,"date":"2019-11-21T12:04:00","date_gmt":"2019-11-21T12:04:00","guid":{"rendered":"https:\/\/www.canuti.com\/privacy-policy\/"},"modified":"2024-07-03T13:07:47","modified_gmt":"2024-07-03T13:07:47","slug":"politica-de-privacidad","status":"publish","type":"page","link":"https:\/\/www.canuti.com\/es\/politica-de-privacidad\/","title":{"rendered":"POL\u00cdTICA DE PRIVACIDAD"},"content":{"rendered":"<div class=\"wpb-content-wrapper\"><p>[vc_row][vc_column][cms_heading text=&#8221;POL\u00cdTICA DE PRIVACIDAD CON ARREGLO A LOS ART\u00cdCULOS 13 Y 14 DEL REGLAMENTO UE 2016\/679 REGLAMENTO GENERAL<br \/>\nDE PROTECCI\u00d3N DE DATOS (RGPD)<br \/>\n***<br \/>\nPOL\u00cdTICA DE PRIVACIDAD&#8221; tag=&#8221;h1&#8243; align_lg=&#8221;align-center&#8221; align_md=&#8221;align-center-md&#8221; font_size=&#8221;42&#8243; line_height=&#8221;60&#8243; sub_title_position=&#8221;after-title&#8221; el_class=&#8221;page-title&#8221;][vc_empty_space][vc_column_text el_class=&#8221;page-paragraph-text&#8221;]Si est\u00e1 leyendo esta pol\u00edtica quiere decir que se halla en nuestro sitio web. Le brindamos estas indicaciones para que sepa la forma en la que procesamos sus datos personales al navegar en nuestro sitio web o cuando interact\u00faa con nosotros a trav\u00e9s del mismo: por ejemplo, cuando nos escribe o se inscribe a nuestro bolet\u00edn informativo. En todas estas ocasiones y en otras m\u00e1s, procesamos sus datos personales. Esto lo hacemos de conformidad con el Reglamento UE 679\/2016 (RGPD) y conforme al c\u00f3digo de privacidad modificado por el Decreto Legislativo\u00a0 101\/2018.<\/p>\n<p><strong>\u00a0<\/strong><\/p>\n<p><strong>\u00bfQui\u00e9n es el Titular del tratamiento de sus datos?<\/strong><\/p>\n<p>El Titular del tratamiento de los datos recopilados en este sitio web es <strong>Canuti Tradizione Italiana S.r.l.<\/strong>, con domicilio social en Via Sassonia n.\u00ba 16 \u2013 47922 Rimini (RN), (de aqu\u00ed en adelante denominada tambi\u00e9n \u00ab<strong>Titular<\/strong>\u00bb). Puede contactar con el Titular mediante la direcci\u00f3n de correo electr\u00f3nico <a href=\"correo%20electr\u00f3nico%20predeterminado:%20info@canuti.com\">info@canuti.com<\/a> o escribir a nuestra direcci\u00f3n postal.<\/p>\n<p><strong>\u00a0<\/strong><\/p>\n<p><strong>\u00bfPor qu\u00e9 tratamos sus datos y cu\u00e1ndo los recopilamos?<\/strong><\/p>\n<p><strong>DATOS DE NAVEGACI\u00d3N<\/strong><\/p>\n<p>Los sistemas y los procedimientos inform\u00e1ticos encargados del funcionamiento de este sitio web adquieren, durante su ejercicio normal, algunos datos personales cuya transmisi\u00f3n est\u00e1 impl\u00edcita en el uso de protocolos de comunicaci\u00f3n de Internet.<\/p>\n<p>En esta categor\u00eda de datos est\u00e1n contemplados las direcciones IP o los nombres de dominio de los ordenadores y terminales utilizados por los usuarios, las direcciones en notaci\u00f3n URI\/URL de los recursos solicitados, la hora de la solicitud, el m\u00e9todo empleado al plantear la petici\u00f3n al servidor, el tama\u00f1o del archivo obtenido como respuesta, el c\u00f3digo num\u00e9rico que indica el estado de la respuesta proporcionada por el servidor (\u00e9xito, error, etc.) y otros par\u00e1metros concernientes al sistema operativo y al entorno inform\u00e1tico del usuario.<\/p>\n<p><strong>\u00bfPodemos hacer esto sin su consentimiento? <\/strong>S\u00ed, ya que los datos sirven para realizar la comunicaci\u00f3n de Internet y para permitirle utilizar el sitio web (art.\u00a0 6, letra f, RGPD).<\/p>\n<p><strong>\u00bfDurante cu\u00e1nto tiempo se conservan estos datos? <\/strong>Los datos de navegaci\u00f3n no duran m\u00e1s de siete d\u00edas (excepto cuando es necesario que la Autoridad judicial tipifique posibles delitos).<\/p>\n<p><strong>\u00a0<\/strong><\/p>\n<p><strong>DATOS SOBRE LOS <em>COOKIES<\/em><\/strong><\/p>\n<p>Como Titulares, durante la navegaci\u00f3n en nuestro sitio, recopilamos algunos datos suyos a efectos de an\u00e1lisis y procesamiento de informaci\u00f3n, sus preferencias y experiencias de navegaci\u00f3n. Para desempe\u00f1ar esta actividad empleamos tecnolog\u00edas como los <em>cookies<\/em> (propios o de terceros).<\/p>\n<p><strong>\u00bfPodemos hacer esto sin su consentimiento? <\/strong>De forma parcial. La recopilaci\u00f3n de los datos por medio de <em>cookies<\/em> t\u00e9cnicos, necesarios para el funcionamiento correcto y la seguridad del sitio web, tiene lugar sobre la base de un inter\u00e9s leg\u00edtimo nuestro (art. 6, letra f, RGPD). La recopilaci\u00f3n de los datos personales por medio de <em>cookies<\/em>, propios o de terceros, no estrictamente necesarios, se verifica solo tras su consentimiento expreso (art. 6, letra a, RGPD). Esto se lo comunicamos a trav\u00e9s del <em>banner <\/em>espec\u00edfico que halla al pie de la p\u00e1gina al conectarse la primera vez. En ese momento puede elegir de forma anal\u00edtica los <em>cookies<\/em> que desea instalar. Para m\u00e1s informaci\u00f3n sobre el significado de los <em>cookies<\/em>, su funci\u00f3n, etc., puede consultar nuestra <u>pol\u00edtica sobre <em>cookies<\/em><\/u>.<\/p>\n<p><strong>\u00bfDurante cu\u00e1nto tiempo se conservan estos datos? <\/strong>El periodo de conservaci\u00f3n de estos datos est\u00e1 especificado en el <em>banner<\/em> de los <em>cookies<\/em>, donde usted puede elegir si visualizarlos de forma anal\u00edtica o en el men\u00fa de configuraci\u00f3n que se halla en cada p\u00e1gina del sitio web.<\/p>\n<p><strong>\u00a0<\/strong><\/p>\n<p><strong>CONTACTOS<\/strong><\/p>\n<p>Si decide contactarnos con el formulario de nuestro sitio, procesaremos sus datos personales y los relativos a su direcci\u00f3n de correo electr\u00f3nico.<\/p>\n<p><strong>\u00bfPodemos hacer esto sin su consentimiento? <\/strong>S\u00ed, porque estamos actuando en respuesta a una solicitud por parte suya (art. 6, letra b, RGPD).<\/p>\n<p><strong>\u00bfDurante cu\u00e1nto tiempo se conservan estos datos? <\/strong>Conservamos estos datos durante el tiempo necesario para tramitar su solicitud.<\/p>\n<p><strong>\u00a0<\/strong><\/p>\n<p><strong>BOLET\u00cdN INFORMATIVO<\/strong><\/p>\n<p>En el sitio web tambi\u00e9n es posible inscribirse a nuestro bolet\u00edn informativo y en este caso trataremos sus nombres, apellidos y direcci\u00f3n de correo electr\u00f3nico.<\/p>\n<p><strong>\u00bfPodemos hacer esto sin su consentimiento? <\/strong>S\u00ed, porque estamos actuando tras una solicitud por parte suya (art. 6, letra b, RGPD).<\/p>\n<p><strong>\u00bfDurante cu\u00e1nto tiempo se conservan estos datos? <\/strong>Conservaremos estos datos durante 36 meses a partir de la \u00faltima vez en que se puso en contacto con nosotros. De cualquier forma, usted podr\u00e1 solicitar la cancelaci\u00f3n de sus datos, lo cual haremos de inmediato.<\/p>\n<p><strong>\u00a0<\/strong><\/p>\n<p><strong>\u00bfC\u00f3mo tratamos sus datos?<\/strong><\/p>\n<p>El tratamiento de sus datos tiene lugar mediante el uso de instrumentos y procedimientos aptos para garantizar su seguridad y confidencialidad, y puede llevarse a cabo ya sea en nuestro sitio web o con otros instrumentos electr\u00f3nicos (por ejemplo, sistemas de gesti\u00f3n interna) y a veces, incluso utilizando material impreso. En algunos casos, adem\u00e1s del Titular puede que tengan acceso a los datos otros individuos involucrados en la organizaci\u00f3n de este sitio web (personal administrativo, comercial, administradores de sistema, etc.), o sea, sujetos externos (como proveedores de servicios t\u00e9cnicos de terceros, proveedores de alojamiento web, sociedades de inform\u00e1tica, agencias de comunicaci\u00f3n, agencias de entrada de datos) nombrados, en los casos previstos por la normativa, responsables del tratamiento por nuestra parte. Puede obtener la lista completa de los responsables del tratamiento escribiendo a la direcci\u00f3n de correo electr\u00f3nico: info@canuti.com<\/p>\n<p><strong>\u00a0<\/strong><\/p>\n<p><strong>\u00bfD\u00f3nde se encuentran sus datos?<\/strong><\/p>\n<p>Los tratamientos que realizamos con sus datos personales tienen lugar sobre todo en el territorio europeo. Sus datos de navegaci\u00f3n (direcci\u00f3n IP), en cambio, mediante la instalaci\u00f3n de <em>cookies<\/em>, pueden transferirse fuera de la Uni\u00f3n Europea y en particular, a los Estados Unidos (a t\u00edtulo de ejemplo y sin car\u00e1cter exhaustivo, Google).<\/p>\n<p>&nbsp;<\/p>\n<p><strong>\u00bfQui\u00e9n puede acceder a sus datos?<\/strong><\/p>\n<p>Los empleados y colaboradores del Titular podr\u00e1n acceder a sus datos en calidad de encargados del tratamiento o administradores de sistema u otros sujetos (a t\u00edtulo indicativo: estudios profesionales, asesores, empresas de software que nos proporcionan los sistemas de gesti\u00f3n, etc.) que desempe\u00f1an actividades de externalizaci\u00f3n por cuenta nuestra, en calidad de responsables externos del tratamiento.<\/p>\n<p>Bajo ning\u00fan concepto divulgamos sus datos.<\/p>\n<p>Los destinatarios del tratamiento, en cambio, son quienes reciben comunicaciones de datos personales por parte del Titular, pero que, tras dicha comunicaci\u00f3n, act\u00faan en calidad de Titulares aut\u00f3nomos. Entre ellos caben destacar:<\/p>\n<ul>\n<li>Whatsapp y otras plataformas del Titular. Al hacer clic en los iconos de las redes sociales y de las plataformas ser\u00e1 reorientado a p\u00e1ginas externas al sitio web y aceptar\u00e1 compartir algunos de sus datos con los Titulares de ese servicio. La informaci\u00f3n que comparte ser\u00e1 reglamentada por las pol\u00edticas sobre privacidad de la red social o de la plataforma escogida.<\/li>\n<\/ul>\n<p>&nbsp;<\/p>\n<p><strong>\u00bfCu\u00e1les son sus derechos?<\/strong><\/p>\n<p>En calidad de interesado, usted posee muchos derechos. Por ejemplo, el derecho de obtener, en los casos previstos, el acceso a sus datos personales y la rectificaci\u00f3n o la cancelaci\u00f3n de los mismos o la limitaci\u00f3n del tratamiento que le ata\u00f1e o de oponerse a este \u00faltimo. Para conocer sus derechos puede consultar el Reglamento en los arts. 15 y posteriores). En cambio, para ejercer sus derechos puede escribirnos o llamarnos por tel\u00e9fono a los contactos que encuentra en esta nota informativa.<\/p>\n<p>&nbsp;<\/p>\n<p><strong>Derecho de reclamaci\u00f3n<\/strong><\/p>\n<p>Si considera que el tratamiento viola sus derechos de alguna manera puede presentar una reclamaci\u00f3n a la Autoridad Garante en materia de protecci\u00f3n de datos personales, controlando la forma de hacerlo en el sitio web <a href=\"http:\/\/www.garanteprivacy.it\">www.garanteprivacy.it<\/a>. En esta p\u00e1gina <a href=\"https:\/\/www.garanteprivacy.it\/home\/docweb\/-\/docweb-display\/docweb\/4535524\">https:\/\/www.garanteprivacy.it\/home\/docweb\/-\/docweb-display\/docweb\/4535524<\/a>\u00a0 puede consultar el formulario de reclamaci\u00f3n.<\/p>\n<p><strong>\u00a0<\/strong><\/p>\n<p><strong>Protecci\u00f3n de la privacidad de menores<\/strong><\/p>\n<p>Este sitio web est\u00e1 dirigido a un p\u00fablico gen\u00e9rico, sin embargo, sus servicios est\u00e1n destinados a personas de 18 a\u00f1os o mayores. No solicitamos, recopilamos, utilizamos ni divulgamos datos personales proporcionados en l\u00ednea por personas menores de 18 a\u00f1os. Si descubrimos haber recopilado personalmente datos de menores los borraremos inmediatamente.[\/vc_column_text][\/vc_column][\/vc_row]<\/p>\n<\/div>","protected":false},"excerpt":{"rendered":"<p>[vc_row][vc_column][cms_heading text=&#8221;POL\u00cdTICA DE PRIVACIDAD CON ARREGLO A LOS ART\u00cdCULOS 13 Y 14 DEL REGLAMENTO UE 2016\/679 REGLAMENTO GENERAL DE PROTECCI\u00d3N DE DATOS (RGPD) *** POL\u00cdTICA DE PRIVACIDAD&#8221; tag=&#8221;h1&#8243; align_lg=&#8221;align-center&#8221; align_md=&#8221;align-center-md&#8221; font_size=&#8221;42&#8243; line_height=&#8221;60&#8243; sub_title_position=&#8221;after-title&#8221; el_class=&#8221;page-title&#8221;][vc_empty_space][vc_column_text el_class=&#8221;page-paragraph-text&#8221;]Si est\u00e1 leyendo esta pol\u00edtica quiere decir que se halla en nuestro sitio web. Le brindamos estas indicaciones para que sepa [&hellip;]<\/p>\n","protected":false},"author":1,"featured_media":0,"parent":0,"menu_order":0,"comment_status":"closed","ping_status":"closed","template":"","meta":{"_acf_changed":false,"inline_featured_image":false,"_joinchat":[],"footnotes":""},"class_list":["post-19153","page","type-page","status-publish","hentry"],"acf":[],"yoast_head":"<!-- This site is optimized with the Yoast SEO plugin v25.0 - https:\/\/yoast.com\/wordpress\/plugins\/seo\/ -->\n<title>Pol\u00edtica de privacidad - Canuti Tradizione Italiana dal 1950 pasta fresca<\/title>\n<meta name=\"description\" content=\"Pol\u00edtica de privacidad Canuti Tradizione Italiana s.r.l. - La nuestra pol\u00edtica en el tratamiento de los datos sensibles y la privacidad.\" \/>\n<meta name=\"robots\" content=\"index, follow, max-snippet:-1, max-image-preview:large, max-video-preview:-1\" \/>\n<link rel=\"canonical\" href=\"https:\/\/www.canuti.com\/es\/politica-de-privacidad\/\" \/>\n<meta property=\"og:locale\" content=\"es_ES\" \/>\n<meta property=\"og:type\" content=\"article\" \/>\n<meta property=\"og:title\" content=\"Pol\u00edtica de privacidad - Canuti Tradizione Italiana dal 1950 pasta fresca\" \/>\n<meta property=\"og:description\" content=\"Pol\u00edtica de privacidad Canuti Tradizione Italiana s.r.l. - La nuestra pol\u00edtica en el tratamiento de los datos sensibles y la privacidad.\" \/>\n<meta property=\"og:url\" content=\"https:\/\/www.canuti.com\/es\/politica-de-privacidad\/\" \/>\n<meta property=\"og:site_name\" content=\"Canuti Sito Ufficiale\" \/>\n<meta property=\"article:modified_time\" content=\"2024-07-03T13:07:47+00:00\" \/>\n<meta name=\"twitter:card\" content=\"summary_large_image\" \/>\n<meta name=\"twitter:label1\" content=\"Tiempo de lectura\" \/>\n\t<meta name=\"twitter:data1\" content=\"7 minutos\" \/>\n<script type=\"application\/ld+json\" class=\"yoast-schema-graph\">{\"@context\":\"https:\/\/schema.org\",\"@graph\":[{\"@type\":\"WebPage\",\"@id\":\"https:\/\/www.canuti.com\/es\/politica-de-privacidad\/\",\"url\":\"https:\/\/www.canuti.com\/es\/politica-de-privacidad\/\",\"name\":\"Pol\u00edtica de privacidad - Canuti Tradizione Italiana dal 1950 pasta fresca\",\"isPartOf\":{\"@id\":\"https:\/\/www.canuti.com\/es\/#website\"},\"datePublished\":\"2019-11-21T12:04:00+00:00\",\"dateModified\":\"2024-07-03T13:07:47+00:00\",\"description\":\"Pol\u00edtica de privacidad Canuti Tradizione Italiana s.r.l. - La nuestra pol\u00edtica en el tratamiento de los datos sensibles y la privacidad.\",\"breadcrumb\":{\"@id\":\"https:\/\/www.canuti.com\/es\/politica-de-privacidad\/#breadcrumb\"},\"inLanguage\":\"es\",\"potentialAction\":[{\"@type\":\"ReadAction\",\"target\":[\"https:\/\/www.canuti.com\/es\/politica-de-privacidad\/\"]}]},{\"@type\":\"BreadcrumbList\",\"@id\":\"https:\/\/www.canuti.com\/es\/politica-de-privacidad\/#breadcrumb\",\"itemListElement\":[{\"@type\":\"ListItem\",\"position\":1,\"name\":\"Canuti\",\"item\":\"https:\/\/www.canuti.com\/es\/\"},{\"@type\":\"ListItem\",\"position\":2,\"name\":\"POL\u00cdTICA DE PRIVACIDAD\"}]},{\"@type\":\"WebSite\",\"@id\":\"https:\/\/www.canuti.com\/es\/#website\",\"url\":\"https:\/\/www.canuti.com\/es\/\",\"name\":\"Canuti Sito Ufficiale\",\"description\":\"Pasta fresca congelada made in Italy para HORECA y el retail\",\"publisher\":{\"@id\":\"https:\/\/www.canuti.com\/es\/#organization\"},\"potentialAction\":[{\"@type\":\"SearchAction\",\"target\":{\"@type\":\"EntryPoint\",\"urlTemplate\":\"https:\/\/www.canuti.com\/es\/?s={search_term_string}\"},\"query-input\":{\"@type\":\"PropertyValueSpecification\",\"valueRequired\":true,\"valueName\":\"search_term_string\"}}],\"inLanguage\":\"es\"},{\"@type\":\"Organization\",\"@id\":\"https:\/\/www.canuti.com\/es\/#organization\",\"name\":\"Canuti Pasta Artisans\",\"url\":\"https:\/\/www.canuti.com\/es\/\",\"logo\":{\"@type\":\"ImageObject\",\"inLanguage\":\"es\",\"@id\":\"https:\/\/www.canuti.com\/es\/#\/schema\/logo\/image\/\",\"url\":\"http:\/\/www.canuti.com\/wp-content\/uploads\/2019\/09\/canuti_logo.png\",\"contentUrl\":\"http:\/\/www.canuti.com\/wp-content\/uploads\/2019\/09\/canuti_logo.png\",\"width\":172,\"height\":115,\"caption\":\"Canuti Pasta Artisans\"},\"image\":{\"@id\":\"https:\/\/www.canuti.com\/es\/#\/schema\/logo\/image\/\"}}]}<\/script>\n<!-- \/ Yoast SEO plugin. -->","yoast_head_json":{"title":"Pol\u00edtica de privacidad - Canuti Tradizione Italiana dal 1950 pasta fresca","description":"Pol\u00edtica de privacidad Canuti Tradizione Italiana s.r.l. - La nuestra pol\u00edtica en el tratamiento de los datos sensibles y la privacidad.","robots":{"index":"index","follow":"follow","max-snippet":"max-snippet:-1","max-image-preview":"max-image-preview:large","max-video-preview":"max-video-preview:-1"},"canonical":"https:\/\/www.canuti.com\/es\/politica-de-privacidad\/","og_locale":"es_ES","og_type":"article","og_title":"Pol\u00edtica de privacidad - Canuti Tradizione Italiana dal 1950 pasta fresca","og_description":"Pol\u00edtica de privacidad Canuti Tradizione Italiana s.r.l. - La nuestra pol\u00edtica en el tratamiento de los datos sensibles y la privacidad.","og_url":"https:\/\/www.canuti.com\/es\/politica-de-privacidad\/","og_site_name":"Canuti Sito Ufficiale","article_modified_time":"2024-07-03T13:07:47+00:00","twitter_card":"summary_large_image","twitter_misc":{"Tiempo de lectura":"7 minutos"},"schema":{"@context":"https:\/\/schema.org","@graph":[{"@type":"WebPage","@id":"https:\/\/www.canuti.com\/es\/politica-de-privacidad\/","url":"https:\/\/www.canuti.com\/es\/politica-de-privacidad\/","name":"Pol\u00edtica de privacidad - Canuti Tradizione Italiana dal 1950 pasta fresca","isPartOf":{"@id":"https:\/\/www.canuti.com\/es\/#website"},"datePublished":"2019-11-21T12:04:00+00:00","dateModified":"2024-07-03T13:07:47+00:00","description":"Pol\u00edtica de privacidad Canuti Tradizione Italiana s.r.l. - La nuestra pol\u00edtica en el tratamiento de los datos sensibles y la privacidad.","breadcrumb":{"@id":"https:\/\/www.canuti.com\/es\/politica-de-privacidad\/#breadcrumb"},"inLanguage":"es","potentialAction":[{"@type":"ReadAction","target":["https:\/\/www.canuti.com\/es\/politica-de-privacidad\/"]}]},{"@type":"BreadcrumbList","@id":"https:\/\/www.canuti.com\/es\/politica-de-privacidad\/#breadcrumb","itemListElement":[{"@type":"ListItem","position":1,"name":"Canuti","item":"https:\/\/www.canuti.com\/es\/"},{"@type":"ListItem","position":2,"name":"POL\u00cdTICA DE PRIVACIDAD"}]},{"@type":"WebSite","@id":"https:\/\/www.canuti.com\/es\/#website","url":"https:\/\/www.canuti.com\/es\/","name":"Canuti Sito Ufficiale","description":"Pasta fresca congelada made in Italy para HORECA y el retail","publisher":{"@id":"https:\/\/www.canuti.com\/es\/#organization"},"potentialAction":[{"@type":"SearchAction","target":{"@type":"EntryPoint","urlTemplate":"https:\/\/www.canuti.com\/es\/?s={search_term_string}"},"query-input":{"@type":"PropertyValueSpecification","valueRequired":true,"valueName":"search_term_string"}}],"inLanguage":"es"},{"@type":"Organization","@id":"https:\/\/www.canuti.com\/es\/#organization","name":"Canuti Pasta Artisans","url":"https:\/\/www.canuti.com\/es\/","logo":{"@type":"ImageObject","inLanguage":"es","@id":"https:\/\/www.canuti.com\/es\/#\/schema\/logo\/image\/","url":"http:\/\/www.canuti.com\/wp-content\/uploads\/2019\/09\/canuti_logo.png","contentUrl":"http:\/\/www.canuti.com\/wp-content\/uploads\/2019\/09\/canuti_logo.png","width":172,"height":115,"caption":"Canuti Pasta Artisans"},"image":{"@id":"https:\/\/www.canuti.com\/es\/#\/schema\/logo\/image\/"}}]}},"_links":{"self":[{"href":"https:\/\/www.canuti.com\/es\/wp-json\/wp\/v2\/pages\/19153","targetHints":{"allow":["GET"]}}],"collection":[{"href":"https:\/\/www.canuti.com\/es\/wp-json\/wp\/v2\/pages"}],"about":[{"href":"https:\/\/www.canuti.com\/es\/wp-json\/wp\/v2\/types\/page"}],"author":[{"embeddable":true,"href":"https:\/\/www.canuti.com\/es\/wp-json\/wp\/v2\/users\/1"}],"replies":[{"embeddable":true,"href":"https:\/\/www.canuti.com\/es\/wp-json\/wp\/v2\/comments?post=19153"}],"version-history":[{"count":10,"href":"https:\/\/www.canuti.com\/es\/wp-json\/wp\/v2\/pages\/19153\/revisions"}],"predecessor-version":[{"id":24959,"href":"https:\/\/www.canuti.com\/es\/wp-json\/wp\/v2\/pages\/19153\/revisions\/24959"}],"wp:attachment":[{"href":"https:\/\/www.canuti.com\/es\/wp-json\/wp\/v2\/media?parent=19153"}],"curies":[{"name":"wp","href":"https:\/\/api.w.org\/{rel}","templated":true}]}}