{"id":19137,"date":"2019-09-30T10:06:10","date_gmt":"2019-09-30T10:06:10","guid":{"rendered":"https:\/\/www.canuti.com\/le-nostre-certificazioni\/"},"modified":"2022-05-23T16:38:59","modified_gmt":"2022-05-23T16:38:59","slug":"una-calidad-certificada","status":"publish","type":"page","link":"https:\/\/www.canuti.com\/es\/una-calidad-certificada\/","title":{"rendered":"\u00a1Una Calidad Certificada!"},"content":{"rendered":"<div class=\"wpb-content-wrapper\"><p>[vc_row][vc_column][cms_heading text=&#8221;\u00a1Una Calidad Certificada!&#8221; tag=&#8221;h1&#8243; font_size=&#8221;48&#8243; line_height=&#8221;52&#8243; sub_title_position=&#8221;after-title&#8221; el_class=&#8221;page-title&#8221;][vc_column_text el_class=&#8221;page-paragraph-text&#8221;]Canuti Tradizione Italiana, atenta desde siempre a la Alta Calidad de la Pasta (materias primas altamente seleccionadas y elaboradas en el mismo d\u00eda, trefilado, ultracongelaci\u00f3n en IQF) ha obtenido las m\u00e1s importantes Certificaciones de Sistema y Producto a nivel internacional. [\/vc_column_text][cms_fancybox cms_template=&#8221;cms_fancybox&#8211;layout4.php&#8221; icon_type=&#8221;image&#8221; icon_image=&#8221;10494&#8243; title=&#8221;BRC (Technical Standard and Protocol for Companies Supplying Retaeler Branded Food Products)&#8221; description=&#8221;Es un est\u00e1ndar nacido en 1998 en Inglaterra, donde actualmente est\u00e1 institucionalizado y ha sido desarrollado por British Retael Consortium, que representa a los mayores revendedores brit\u00e1nicos y UKAS (United Kingdom Accreditation Service), organismo de acreditaci\u00f3n nacional brit\u00e1nico.&#8221;][vc_empty_space][cms_fancybox cms_template=&#8221;cms_fancybox&#8211;layout4.php&#8221; icon_type=&#8221;image&#8221; icon_image=&#8221;8427&#8243; title=&#8221;IFS (International Food Standard)&#8221; description=&#8221;Es el equivalente del BRC para los pa\u00edses del \u00e1rea centro-europea (Austria, Suiza, Francia y Alemania). Ha sido desarrollado por un consorcio del que forman parte las realidades m\u00e1s representativas de los proveedores retailers de centro Europa, el BDH (Uni\u00f3n Federal de las Asociaciones del Comercio alemanas).&#8221;][vc_empty_space][cms_fancybox cms_template=&#8221;cms_fancybox&#8211;layout4.php&#8221; icon_type=&#8221;image&#8221; icon_image=&#8221;8419&#8243; title=&#8221;Biol\u00f3gico: certificaci\u00f3n de producto&#8221; description=&#8221;La cultivaci\u00f3n, preparaci\u00f3n (fabricaci\u00f3n), importaci\u00f3n y venta de los productos biol\u00f3gicos en Italia est\u00e1n reguladas por leyes. Estos reglamentos tienen el objetivo de garantizar al consumidor un producto obtenido sin el uso de sustancias qu\u00edmicas de s\u00edntesis y sin el empleo de Organismos Gen\u00e9ticamente Modificados (O.G.M.) y es v\u00e1lido en todos los pa\u00edses que forman parte de la Uni\u00f3n Europea y en otros pa\u00edses extra-UE donde est\u00e1 reconocida la equivalencia al reglamento y tienen libre circulaci\u00f3n.&#8221;][vc_empty_space][vc_column_text el_class=&#8221;page-paragraph-text&#8221;]Certificaciones que se traducen en la fiabilidad de una sociedad s\u00f3lida, certificada y din\u00e1mica, lista para ofrecer lo mejor de la Pasta Tradizionale Italiana: primeros platos a regla de arte, buenos, sanos y garantizados.[\/vc_column_text][\/vc_column][\/vc_row]<\/p>\n<\/div>","protected":false},"excerpt":{"rendered":"<p>[vc_row][vc_column][cms_heading text=&#8221;\u00a1Una Calidad Certificada!&#8221; tag=&#8221;h1&#8243; font_size=&#8221;48&#8243; line_height=&#8221;52&#8243; sub_title_position=&#8221;after-title&#8221; el_class=&#8221;page-title&#8221;][vc_column_text el_class=&#8221;page-paragraph-text&#8221;]Canuti Tradizione Italiana, atenta desde siempre a la Alta Calidad de la Pasta (materias primas altamente seleccionadas y elaboradas en el mismo d\u00eda, trefilado, ultracongelaci\u00f3n en IQF) ha obtenido las m\u00e1s importantes Certificaciones de Sistema y Producto a nivel internacional. [\/vc_column_text][cms_fancybox cms_template=&#8221;cms_fancybox&#8211;layout4.php&#8221; icon_type=&#8221;image&#8221; icon_image=&#8221;10494&#8243; title=&#8221;BRC (Technical [&hellip;]<\/p>\n","protected":false},"author":1,"featured_media":0,"parent":0,"menu_order":0,"comment_status":"closed","ping_status":"closed","template":"","meta":{"_acf_changed":false,"inline_featured_image":false,"_joinchat":[],"footnotes":""},"class_list":["post-19137","page","type-page","status-publish","hentry"],"acf":[],"yoast_head":"<!-- This site is optimized with the Yoast SEO plugin v25.0 - https:\/\/yoast.com\/wordpress\/plugins\/seo\/ -->\n<title>\u00a1Una Calidad Certificada! - Canuti Sito Ufficiale<\/title>\n<meta name=\"description\" content=\"Canuti da sempre attenta all\u2019Alta Qualit\u00e0 della Pasta ha ottenuto le pi\u00f9 importanti Certificazioni di Sistema e di Prodotto a livello internazionale.\" \/>\n<meta name=\"robots\" content=\"index, follow, max-snippet:-1, max-image-preview:large, max-video-preview:-1\" \/>\n<link rel=\"canonical\" href=\"https:\/\/www.canuti.com\/es\/una-calidad-certificada\/\" \/>\n<meta property=\"og:locale\" content=\"es_ES\" \/>\n<meta property=\"og:type\" content=\"article\" \/>\n<meta property=\"og:title\" content=\"\u00a1Una Calidad Certificada! - Canuti Sito Ufficiale\" \/>\n<meta property=\"og:description\" content=\"Canuti da sempre attenta all\u2019Alta Qualit\u00e0 della Pasta ha ottenuto le pi\u00f9 importanti Certificazioni di Sistema e di Prodotto a livello internazionale.\" \/>\n<meta property=\"og:url\" content=\"https:\/\/www.canuti.com\/es\/una-calidad-certificada\/\" \/>\n<meta property=\"og:site_name\" content=\"Canuti Sito Ufficiale\" \/>\n<meta property=\"article:modified_time\" content=\"2022-05-23T16:38:59+00:00\" \/>\n<meta name=\"twitter:card\" content=\"summary_large_image\" \/>\n<meta name=\"twitter:label1\" content=\"Tiempo de lectura\" \/>\n\t<meta name=\"twitter:data1\" content=\"2 minutos\" \/>\n<script type=\"application\/ld+json\" class=\"yoast-schema-graph\">{\"@context\":\"https:\/\/schema.org\",\"@graph\":[{\"@type\":\"WebPage\",\"@id\":\"https:\/\/www.canuti.com\/es\/una-calidad-certificada\/\",\"url\":\"https:\/\/www.canuti.com\/es\/una-calidad-certificada\/\",\"name\":\"\u00a1Una Calidad Certificada! - Canuti Sito Ufficiale\",\"isPartOf\":{\"@id\":\"https:\/\/www.canuti.com\/es\/#website\"},\"datePublished\":\"2019-09-30T10:06:10+00:00\",\"dateModified\":\"2022-05-23T16:38:59+00:00\",\"description\":\"Canuti da sempre attenta all\u2019Alta Qualit\u00e0 della Pasta ha ottenuto le pi\u00f9 importanti Certificazioni di Sistema e di Prodotto a livello internazionale.\",\"breadcrumb\":{\"@id\":\"https:\/\/www.canuti.com\/es\/una-calidad-certificada\/#breadcrumb\"},\"inLanguage\":\"es\",\"potentialAction\":[{\"@type\":\"ReadAction\",\"target\":[\"https:\/\/www.canuti.com\/es\/una-calidad-certificada\/\"]}]},{\"@type\":\"BreadcrumbList\",\"@id\":\"https:\/\/www.canuti.com\/es\/una-calidad-certificada\/#breadcrumb\",\"itemListElement\":[{\"@type\":\"ListItem\",\"position\":1,\"name\":\"Canuti\",\"item\":\"https:\/\/www.canuti.com\/es\/\"},{\"@type\":\"ListItem\",\"position\":2,\"name\":\"\u00a1Una Calidad Certificada!\"}]},{\"@type\":\"WebSite\",\"@id\":\"https:\/\/www.canuti.com\/es\/#website\",\"url\":\"https:\/\/www.canuti.com\/es\/\",\"name\":\"Canuti Sito Ufficiale\",\"description\":\"Pasta fresca congelada made in Italy para HORECA y el retail\",\"publisher\":{\"@id\":\"https:\/\/www.canuti.com\/es\/#organization\"},\"potentialAction\":[{\"@type\":\"SearchAction\",\"target\":{\"@type\":\"EntryPoint\",\"urlTemplate\":\"https:\/\/www.canuti.com\/es\/?s={search_term_string}\"},\"query-input\":{\"@type\":\"PropertyValueSpecification\",\"valueRequired\":true,\"valueName\":\"search_term_string\"}}],\"inLanguage\":\"es\"},{\"@type\":\"Organization\",\"@id\":\"https:\/\/www.canuti.com\/es\/#organization\",\"name\":\"Canuti Pasta Artisans\",\"url\":\"https:\/\/www.canuti.com\/es\/\",\"logo\":{\"@type\":\"ImageObject\",\"inLanguage\":\"es\",\"@id\":\"https:\/\/www.canuti.com\/es\/#\/schema\/logo\/image\/\",\"url\":\"http:\/\/www.canuti.com\/wp-content\/uploads\/2019\/09\/canuti_logo.png\",\"contentUrl\":\"http:\/\/www.canuti.com\/wp-content\/uploads\/2019\/09\/canuti_logo.png\",\"width\":172,\"height\":115,\"caption\":\"Canuti Pasta Artisans\"},\"image\":{\"@id\":\"https:\/\/www.canuti.com\/es\/#\/schema\/logo\/image\/\"}}]}<\/script>\n<!-- \/ Yoast SEO plugin. -->","yoast_head_json":{"title":"\u00a1Una Calidad Certificada! - Canuti Sito Ufficiale","description":"Canuti da sempre attenta all\u2019Alta Qualit\u00e0 della Pasta ha ottenuto le pi\u00f9 importanti Certificazioni di Sistema e di Prodotto a livello internazionale.","robots":{"index":"index","follow":"follow","max-snippet":"max-snippet:-1","max-image-preview":"max-image-preview:large","max-video-preview":"max-video-preview:-1"},"canonical":"https:\/\/www.canuti.com\/es\/una-calidad-certificada\/","og_locale":"es_ES","og_type":"article","og_title":"\u00a1Una Calidad Certificada! - Canuti Sito Ufficiale","og_description":"Canuti da sempre attenta all\u2019Alta Qualit\u00e0 della Pasta ha ottenuto le pi\u00f9 importanti Certificazioni di Sistema e di Prodotto a livello internazionale.","og_url":"https:\/\/www.canuti.com\/es\/una-calidad-certificada\/","og_site_name":"Canuti Sito Ufficiale","article_modified_time":"2022-05-23T16:38:59+00:00","twitter_card":"summary_large_image","twitter_misc":{"Tiempo de lectura":"2 minutos"},"schema":{"@context":"https:\/\/schema.org","@graph":[{"@type":"WebPage","@id":"https:\/\/www.canuti.com\/es\/una-calidad-certificada\/","url":"https:\/\/www.canuti.com\/es\/una-calidad-certificada\/","name":"\u00a1Una Calidad Certificada! - Canuti Sito Ufficiale","isPartOf":{"@id":"https:\/\/www.canuti.com\/es\/#website"},"datePublished":"2019-09-30T10:06:10+00:00","dateModified":"2022-05-23T16:38:59+00:00","description":"Canuti da sempre attenta all\u2019Alta Qualit\u00e0 della Pasta ha ottenuto le pi\u00f9 importanti Certificazioni di Sistema e di Prodotto a livello internazionale.","breadcrumb":{"@id":"https:\/\/www.canuti.com\/es\/una-calidad-certificada\/#breadcrumb"},"inLanguage":"es","potentialAction":[{"@type":"ReadAction","target":["https:\/\/www.canuti.com\/es\/una-calidad-certificada\/"]}]},{"@type":"BreadcrumbList","@id":"https:\/\/www.canuti.com\/es\/una-calidad-certificada\/#breadcrumb","itemListElement":[{"@type":"ListItem","position":1,"name":"Canuti","item":"https:\/\/www.canuti.com\/es\/"},{"@type":"ListItem","position":2,"name":"\u00a1Una Calidad Certificada!"}]},{"@type":"WebSite","@id":"https:\/\/www.canuti.com\/es\/#website","url":"https:\/\/www.canuti.com\/es\/","name":"Canuti Sito Ufficiale","description":"Pasta fresca congelada made in Italy para HORECA y el retail","publisher":{"@id":"https:\/\/www.canuti.com\/es\/#organization"},"potentialAction":[{"@type":"SearchAction","target":{"@type":"EntryPoint","urlTemplate":"https:\/\/www.canuti.com\/es\/?s={search_term_string}"},"query-input":{"@type":"PropertyValueSpecification","valueRequired":true,"valueName":"search_term_string"}}],"inLanguage":"es"},{"@type":"Organization","@id":"https:\/\/www.canuti.com\/es\/#organization","name":"Canuti Pasta Artisans","url":"https:\/\/www.canuti.com\/es\/","logo":{"@type":"ImageObject","inLanguage":"es","@id":"https:\/\/www.canuti.com\/es\/#\/schema\/logo\/image\/","url":"http:\/\/www.canuti.com\/wp-content\/uploads\/2019\/09\/canuti_logo.png","contentUrl":"http:\/\/www.canuti.com\/wp-content\/uploads\/2019\/09\/canuti_logo.png","width":172,"height":115,"caption":"Canuti Pasta Artisans"},"image":{"@id":"https:\/\/www.canuti.com\/es\/#\/schema\/logo\/image\/"}}]}},"_links":{"self":[{"href":"https:\/\/www.canuti.com\/es\/wp-json\/wp\/v2\/pages\/19137","targetHints":{"allow":["GET"]}}],"collection":[{"href":"https:\/\/www.canuti.com\/es\/wp-json\/wp\/v2\/pages"}],"about":[{"href":"https:\/\/www.canuti.com\/es\/wp-json\/wp\/v2\/types\/page"}],"author":[{"embeddable":true,"href":"https:\/\/www.canuti.com\/es\/wp-json\/wp\/v2\/users\/1"}],"replies":[{"embeddable":true,"href":"https:\/\/www.canuti.com\/es\/wp-json\/wp\/v2\/comments?post=19137"}],"version-history":[{"count":5,"href":"https:\/\/www.canuti.com\/es\/wp-json\/wp\/v2\/pages\/19137\/revisions"}],"predecessor-version":[{"id":19348,"href":"https:\/\/www.canuti.com\/es\/wp-json\/wp\/v2\/pages\/19137\/revisions\/19348"}],"wp:attachment":[{"href":"https:\/\/www.canuti.com\/es\/wp-json\/wp\/v2\/media?parent=19137"}],"curies":[{"name":"wp","href":"https:\/\/api.w.org\/{rel}","templated":true}]}}