{"id":19130,"date":"2019-09-13T07:06:44","date_gmt":"2019-09-13T07:06:44","guid":{"rendered":"https:\/\/www.canuti.com\/pasta-trafilata\/"},"modified":"2024-07-03T12:54:19","modified_gmt":"2024-07-03T12:54:19","slug":"el-trefilado","status":"publish","type":"page","link":"https:\/\/www.canuti.com\/es\/el-trefilado\/","title":{"rendered":"El trefilado"},"content":{"rendered":"<div class=\"wpb-content-wrapper\"><p>[vc_row css=&#8221;.vc_custom_1571761694614{padding-bottom: 24px !important;}&#8221;][vc_column][cms_heading text=&#8221;El trefilado&#8221; tag=&#8221;h1&#8243; font_size=&#8221;48&#8243; line_height=&#8221;52&#8243; sub_title_position=&#8221;after-title&#8221; el_class=&#8221;page-title&#8221;][vc_column_text el_class=&#8221;page-paragraph-text&#8221;]El trefilado o estirado al bronce es una de las fases m\u00e1s caracter\u00edsticas en la fabricaci\u00f3n de la pasta: es el procedimiento que da forma a la masa de agua, huevos y harina, transform\u00e1ndola en l\u00e1minas de pasta, para luego ser elaborada y convertirse en pasta corta (por ejemplo el Garganello), pasta larga (por ejemplo la Tagliatella) y, envolviendo el relleno, pasta rellena (por ejemplo el Raviolo).<\/p>\n<p>Solo el trefilado realiza una pasta tan tradicional como la artesanal, para ser porosa al punto justo y desprender un aroma de harina y huevos, agradable a la vista, con un caracter\u00edstico color amarillo intenso y rugosa para permitir que capture y se impregne de cualquier salsa y condimento.[\/vc_column_text][\/vc_column][\/vc_row][vc_row css=&#8221;.vc_custom_1571761740436{padding-bottom: 40px !important;}&#8221;][vc_column][cms_banner cms_template=&#8221;cms_banner&#8211;layout1.php&#8221; banner_image=&#8221;5193&#8243; description=&#8221;1. Pasta como la artesanal<br \/>\n2. Pasta porosa y rugosa<br \/>\n3. Retiene perfectamente salsas y condimentos<br \/>\n4. T\u00edpico color amarillo intenso de la pasta artesanal<br \/>\n5. Aroma intenso de harina y huevos<br \/>\n6. Obligaci\u00f3n de utilizar solo harinas de alta calidad&#8221; title=&#8221;Las caracter\u00edsticas \u00fanicas del trefilado&#8221;][\/vc_column][\/vc_row][vc_row][vc_column][cms_heading text=&#8221;Los maestros del trefilado&#8221; tag=&#8221;h2&#8243; font_size=&#8221;24&#8243; line_height=&#8221;38&#8243; sub_title_position=&#8221;after-title&#8221; el_class=&#8221;page-subtitle&#8221;][vc_column_text el_class=&#8221;page-paragraph-text&#8221;]Actualmente el trefilado ha sido abandonado por las f\u00e1bricas industriales de pasta, que utilizan laminadores de acero o tefl\u00f3n para reducir los costes y aumentar la productividad horaria a expensas de la calidad de las materias primas utilizadas y de las sensaciones de quien la degustar\u00e1.<\/p>\n<p>Desde 1950 los \u201cmaestros de pasta\u201d Canuti elaboran toda la pasta con el tradicional m\u00e9todo del trefilado de la masa, genuinamente realizada solo con s\u00e9mola de trigo duro de alt\u00edsima calidad y harinas seleccionadas.[\/vc_column_text][\/vc_column][\/vc_row][vc_row][vc_column][vc_single_image image=&#8221;19133&#8243; img_size=&#8221;full&#8221; alignment=&#8221;center&#8221;][\/vc_column][\/vc_row][vc_row][vc_column][vc_column_text text_align=&#8221;text-center&#8221;]<\/p>\n<h2 style=\"text-align: center;\"><em>\u201cLa vida es una combinaci\u00f3n de magia y pasta.\u201d<\/em><\/h2>\n<p style=\"text-align: center;\">FEDERICO FELLINI<\/p>\n<p>[\/vc_column_text][\/vc_column][\/vc_row]<\/p>\n<\/div>","protected":false},"excerpt":{"rendered":"<p>[vc_row css=&#8221;.vc_custom_1571761694614{padding-bottom: 24px !important;}&#8221;][vc_column][cms_heading text=&#8221;El trefilado&#8221; tag=&#8221;h1&#8243; font_size=&#8221;48&#8243; line_height=&#8221;52&#8243; sub_title_position=&#8221;after-title&#8221; el_class=&#8221;page-title&#8221;][vc_column_text el_class=&#8221;page-paragraph-text&#8221;]El trefilado o estirado al bronce es una de las fases m\u00e1s caracter\u00edsticas en la fabricaci\u00f3n de la pasta: es el procedimiento que da forma a la masa de agua, huevos y harina, transform\u00e1ndola en l\u00e1minas de pasta, para luego ser elaborada y convertirse [&hellip;]<\/p>\n","protected":false},"author":1,"featured_media":0,"parent":0,"menu_order":0,"comment_status":"closed","ping_status":"closed","template":"","meta":{"_acf_changed":false,"inline_featured_image":false,"_joinchat":[],"footnotes":""},"class_list":["post-19130","page","type-page","status-publish","hentry"],"acf":[],"yoast_head":"<!-- This site is optimized with the Yoast SEO plugin v25.0 - https:\/\/yoast.com\/wordpress\/plugins\/seo\/ -->\n<title>Pasta Filata: hojaldre tradicional perfecto para cualquier condimento<\/title>\n<meta name=\"description\" content=\"Canuti produce rigurosamente Pasta Trafilata para realzar la calidad de las materias primas utilizadas y las sensaciones en la mesa.\" \/>\n<meta name=\"robots\" content=\"index, follow, max-snippet:-1, max-image-preview:large, max-video-preview:-1\" \/>\n<link rel=\"canonical\" href=\"https:\/\/www.canuti.com\/es\/el-trefilado\/\" \/>\n<meta property=\"og:locale\" content=\"es_ES\" \/>\n<meta property=\"og:type\" content=\"article\" \/>\n<meta property=\"og:title\" content=\"Pasta Filata: hojaldre tradicional perfecto para cualquier condimento\" \/>\n<meta property=\"og:description\" content=\"Canuti produce rigurosamente Pasta Trafilata para realzar la calidad de las materias primas utilizadas y las sensaciones en la mesa.\" \/>\n<meta property=\"og:url\" content=\"https:\/\/www.canuti.com\/es\/el-trefilado\/\" \/>\n<meta property=\"og:site_name\" content=\"Canuti Sito Ufficiale\" \/>\n<meta property=\"article:modified_time\" content=\"2024-07-03T12:54:19+00:00\" \/>\n<meta name=\"twitter:card\" content=\"summary_large_image\" \/>\n<meta name=\"twitter:label1\" content=\"Tiempo de lectura\" \/>\n\t<meta name=\"twitter:data1\" content=\"2 minutos\" \/>\n<script type=\"application\/ld+json\" class=\"yoast-schema-graph\">{\"@context\":\"https:\/\/schema.org\",\"@graph\":[{\"@type\":\"WebPage\",\"@id\":\"https:\/\/www.canuti.com\/es\/el-trefilado\/\",\"url\":\"https:\/\/www.canuti.com\/es\/el-trefilado\/\",\"name\":\"Pasta Filata: hojaldre tradicional perfecto para cualquier condimento\",\"isPartOf\":{\"@id\":\"https:\/\/www.canuti.com\/es\/#website\"},\"datePublished\":\"2019-09-13T07:06:44+00:00\",\"dateModified\":\"2024-07-03T12:54:19+00:00\",\"description\":\"Canuti produce rigurosamente Pasta Trafilata para realzar la calidad de las materias primas utilizadas y las sensaciones en la mesa.\",\"breadcrumb\":{\"@id\":\"https:\/\/www.canuti.com\/es\/el-trefilado\/#breadcrumb\"},\"inLanguage\":\"es\",\"potentialAction\":[{\"@type\":\"ReadAction\",\"target\":[\"https:\/\/www.canuti.com\/es\/el-trefilado\/\"]}]},{\"@type\":\"BreadcrumbList\",\"@id\":\"https:\/\/www.canuti.com\/es\/el-trefilado\/#breadcrumb\",\"itemListElement\":[{\"@type\":\"ListItem\",\"position\":1,\"name\":\"Canuti\",\"item\":\"https:\/\/www.canuti.com\/es\/\"},{\"@type\":\"ListItem\",\"position\":2,\"name\":\"El trefilado\"}]},{\"@type\":\"WebSite\",\"@id\":\"https:\/\/www.canuti.com\/es\/#website\",\"url\":\"https:\/\/www.canuti.com\/es\/\",\"name\":\"Canuti Sito Ufficiale\",\"description\":\"Pasta fresca congelada made in Italy para HORECA y el retail\",\"publisher\":{\"@id\":\"https:\/\/www.canuti.com\/es\/#organization\"},\"potentialAction\":[{\"@type\":\"SearchAction\",\"target\":{\"@type\":\"EntryPoint\",\"urlTemplate\":\"https:\/\/www.canuti.com\/es\/?s={search_term_string}\"},\"query-input\":{\"@type\":\"PropertyValueSpecification\",\"valueRequired\":true,\"valueName\":\"search_term_string\"}}],\"inLanguage\":\"es\"},{\"@type\":\"Organization\",\"@id\":\"https:\/\/www.canuti.com\/es\/#organization\",\"name\":\"Canuti Pasta Artisans\",\"url\":\"https:\/\/www.canuti.com\/es\/\",\"logo\":{\"@type\":\"ImageObject\",\"inLanguage\":\"es\",\"@id\":\"https:\/\/www.canuti.com\/es\/#\/schema\/logo\/image\/\",\"url\":\"http:\/\/www.canuti.com\/wp-content\/uploads\/2019\/09\/canuti_logo.png\",\"contentUrl\":\"http:\/\/www.canuti.com\/wp-content\/uploads\/2019\/09\/canuti_logo.png\",\"width\":172,\"height\":115,\"caption\":\"Canuti Pasta Artisans\"},\"image\":{\"@id\":\"https:\/\/www.canuti.com\/es\/#\/schema\/logo\/image\/\"}}]}<\/script>\n<!-- \/ Yoast SEO plugin. -->","yoast_head_json":{"title":"Pasta Filata: hojaldre tradicional perfecto para cualquier condimento","description":"Canuti produce rigurosamente Pasta Trafilata para realzar la calidad de las materias primas utilizadas y las sensaciones en la mesa.","robots":{"index":"index","follow":"follow","max-snippet":"max-snippet:-1","max-image-preview":"max-image-preview:large","max-video-preview":"max-video-preview:-1"},"canonical":"https:\/\/www.canuti.com\/es\/el-trefilado\/","og_locale":"es_ES","og_type":"article","og_title":"Pasta Filata: hojaldre tradicional perfecto para cualquier condimento","og_description":"Canuti produce rigurosamente Pasta Trafilata para realzar la calidad de las materias primas utilizadas y las sensaciones en la mesa.","og_url":"https:\/\/www.canuti.com\/es\/el-trefilado\/","og_site_name":"Canuti Sito Ufficiale","article_modified_time":"2024-07-03T12:54:19+00:00","twitter_card":"summary_large_image","twitter_misc":{"Tiempo de lectura":"2 minutos"},"schema":{"@context":"https:\/\/schema.org","@graph":[{"@type":"WebPage","@id":"https:\/\/www.canuti.com\/es\/el-trefilado\/","url":"https:\/\/www.canuti.com\/es\/el-trefilado\/","name":"Pasta Filata: hojaldre tradicional perfecto para cualquier condimento","isPartOf":{"@id":"https:\/\/www.canuti.com\/es\/#website"},"datePublished":"2019-09-13T07:06:44+00:00","dateModified":"2024-07-03T12:54:19+00:00","description":"Canuti produce rigurosamente Pasta Trafilata para realzar la calidad de las materias primas utilizadas y las sensaciones en la mesa.","breadcrumb":{"@id":"https:\/\/www.canuti.com\/es\/el-trefilado\/#breadcrumb"},"inLanguage":"es","potentialAction":[{"@type":"ReadAction","target":["https:\/\/www.canuti.com\/es\/el-trefilado\/"]}]},{"@type":"BreadcrumbList","@id":"https:\/\/www.canuti.com\/es\/el-trefilado\/#breadcrumb","itemListElement":[{"@type":"ListItem","position":1,"name":"Canuti","item":"https:\/\/www.canuti.com\/es\/"},{"@type":"ListItem","position":2,"name":"El trefilado"}]},{"@type":"WebSite","@id":"https:\/\/www.canuti.com\/es\/#website","url":"https:\/\/www.canuti.com\/es\/","name":"Canuti Sito Ufficiale","description":"Pasta fresca congelada made in Italy para HORECA y el retail","publisher":{"@id":"https:\/\/www.canuti.com\/es\/#organization"},"potentialAction":[{"@type":"SearchAction","target":{"@type":"EntryPoint","urlTemplate":"https:\/\/www.canuti.com\/es\/?s={search_term_string}"},"query-input":{"@type":"PropertyValueSpecification","valueRequired":true,"valueName":"search_term_string"}}],"inLanguage":"es"},{"@type":"Organization","@id":"https:\/\/www.canuti.com\/es\/#organization","name":"Canuti Pasta Artisans","url":"https:\/\/www.canuti.com\/es\/","logo":{"@type":"ImageObject","inLanguage":"es","@id":"https:\/\/www.canuti.com\/es\/#\/schema\/logo\/image\/","url":"http:\/\/www.canuti.com\/wp-content\/uploads\/2019\/09\/canuti_logo.png","contentUrl":"http:\/\/www.canuti.com\/wp-content\/uploads\/2019\/09\/canuti_logo.png","width":172,"height":115,"caption":"Canuti Pasta Artisans"},"image":{"@id":"https:\/\/www.canuti.com\/es\/#\/schema\/logo\/image\/"}}]}},"_links":{"self":[{"href":"https:\/\/www.canuti.com\/es\/wp-json\/wp\/v2\/pages\/19130","targetHints":{"allow":["GET"]}}],"collection":[{"href":"https:\/\/www.canuti.com\/es\/wp-json\/wp\/v2\/pages"}],"about":[{"href":"https:\/\/www.canuti.com\/es\/wp-json\/wp\/v2\/types\/page"}],"author":[{"embeddable":true,"href":"https:\/\/www.canuti.com\/es\/wp-json\/wp\/v2\/users\/1"}],"replies":[{"embeddable":true,"href":"https:\/\/www.canuti.com\/es\/wp-json\/wp\/v2\/comments?post=19130"}],"version-history":[{"count":4,"href":"https:\/\/www.canuti.com\/es\/wp-json\/wp\/v2\/pages\/19130\/revisions"}],"predecessor-version":[{"id":19136,"href":"https:\/\/www.canuti.com\/es\/wp-json\/wp\/v2\/pages\/19130\/revisions\/19136"}],"wp:attachment":[{"href":"https:\/\/www.canuti.com\/es\/wp-json\/wp\/v2\/media?parent=19130"}],"curies":[{"name":"wp","href":"https:\/\/api.w.org\/{rel}","templated":true}]}}