{"id":19125,"date":"2019-10-01T10:35:44","date_gmt":"2019-10-01T10:35:44","guid":{"rendered":"https:\/\/www.canuti.com\/la-sfoglia-gli-ingredienti-i-formati-ed-i-ripieni\/"},"modified":"2024-07-03T12:59:38","modified_gmt":"2024-07-03T12:59:38","slug":"la-pasta-los-ingredientes-los-formatos-y-los-rellenos","status":"publish","type":"page","link":"https:\/\/www.canuti.com\/es\/la-pasta-los-ingredientes-los-formatos-y-los-rellenos\/","title":{"rendered":"La pasta, los ingredientes, los formatos y los rellenos"},"content":{"rendered":"<div class=\"wpb-content-wrapper\"><p>[vc_row][vc_column][cms_heading text=&#8221;La pasta, los ingredientes, los formatos y los rellenos&#8221; tag=&#8221;h1&#8243; font_size=&#8221;48&#8243; line_height=&#8221;52&#8243; sub_title_position=&#8221;after-title&#8221; el_class=&#8221;page-title&#8221;][vc_empty_space][\/vc_column][\/vc_row][vc_row el_class=&#8221;page-paragraph-text&#8221;][vc_column][cms_banner cms_template=&#8221;cms_banner&#8211;layout1.php&#8221; content_position=&#8221;left&#8221; banner_image=&#8221;5193&#8243; title=&#8221;La pasta&#8221; description=&#8221;<\/p>\n<div>La pasta es la de la <strong>tradici\u00f3n Roma\u00f1ola<\/strong>. Naturalmente <strong>rugosa<\/strong> como la estirada con el rodillo por las &#8220;sfogline&#8220; de R\u00edmini (mujeres que hac\u00edan la pasta hecha a mano), as\u00ed como <strong>gracias al trefilado al bronce<\/strong>.<\/div>\n<div>\n<ul>\n<li>Captura cualquier tipo de salsa y condimento<\/li>\n<li>Tiene un aroma de harina y huevos, adem\u00e1s de un caracter\u00edstico color amarrillo intenso<\/li>\n<li>Contiene m\u00e1s de 5 huevos por quilo de harina<\/li>\n<li><strong>Mantiene una \u00f3ptima consistencia incluso despu\u00e9s de haberla cocido<\/strong> o condimentado<\/li>\n<\/ul>\n<\/div>\n<div>Con el fin de caracterizar el color, utilizamos ingredientes naturales de origen vegetal o animal como el tomate, la paprika, las espinacas, la albahaca o la tinta de sepia; no se utilizan colorantes artificiales.<\/div>\n<p>&#8221; el_class=&#8221;page-paragraph-text&#8221;][vc_empty_space height=&#8221;64px&#8221;][cms_banner cms_template=&#8221;cms_banner&#8211;layout1.php&#8221; content_position=&#8221;left&#8221; banner_image=&#8221;5229&#8243; title=&#8221;Los ingredientes&#8221; description=&#8221;<\/p>\n<div>Para todos los formatos de pasta corta, larga y rellena:<\/div>\n<div>\n<ul>\n<li>Utilizamos las <strong>mejores harinas de origen italiana<\/strong>: la de trigo tierno obtenido del coraz\u00f3n del grano y la s\u00e9mola de trigo duro<\/li>\n<li>Utilizamos <strong>huevos de gallinas criadas en el suelo<\/strong>, de primera calidad y elaborados en Italia<\/li>\n<li>Las <strong>materias primas<\/strong> se <strong>seleccionan sin OMG, sin radiaciones ionizantes, sin conservantes a\u00f1adidos<\/strong> y son <strong>DOP<\/strong> cuando sea posible.<\/li>\n<\/ul>\n<\/div>\n<div>Empezando por una precisa selecci\u00f3n de los proveedores, nuestros rellenos est\u00e1n realizados con <strong>materias primas que controlamos y utilizamos rigurosamente en el mismo d\u00eda<\/strong>. Preferimos comprarlas enteras para elaborarlas luego en nuestra cocina.<\/div>\n<p>&#8220;][vc_empty_space height=&#8221;64px&#8221;][cms_banner cms_template=&#8221;cms_banner&#8211;layout1.php&#8221; content_position=&#8221;left&#8221; banner_image=&#8221;5201&#8243; title=&#8221;Formatos y rellenos&#8221; description=&#8221;<\/p>\n<div>\n<ul>\n<li><strong>Formatos hist\u00f3ricos de la tradici\u00f3n italiana<\/strong>, como los tortellini a la Bolo\u00f1esa con relleno de carne<\/li>\n<li><strong>Productos t\u00edpicos regionales italianos<\/strong> eg\u00fan las espec\u00edficas recetas, como los Tortelli Maremmani<\/li>\n<li><strong>Rellenos originales fruto de la creatividad de nuestros Chefs internos<\/strong>, como el realizado con jengibre y verduras de primavera<\/li>\n<li><strong>Productos de horno<\/strong> cl\u00e1sicos, incluso <strong>listos para consumir y \u00f1oquis<\/strong><\/li>\n<\/ul>\n<\/div>\n<div><strong>La variedad de rellenos <\/strong>incluye los realizados a base de:<\/div>\n<div>\n<ul>\n<li><strong>Carnes<\/strong>, como los cortes especiales de vaca y cerdo, la mortadela, el jam\u00f3n serrano y el corzo<\/li>\n<li><strong>Quesos<\/strong>, como Gorgonzola DOP, queso de Fossa di Sogliano DOP, Taleggio DOP, Grana Padano DOP, Parmigiano Reggiano DOP, Quartirolo DOP, Ricotta, Casatella, Robiola, Provola ahumada y Pecorino Romano<\/li>\n<li><strong>Verduras<\/strong>, como alcachofas, esp\u00e1rragos, espinacas, berenjenas, calabaza y patatas<\/li>\n<li><strong>Setas boletus<\/strong> y <strong>trufa negra<\/strong><\/li>\n<li><strong>Pescados<\/strong> e <strong>crust\u00e1ceos<\/strong>, como pescadilla, caballa, mero, salm\u00f3n, mejillones, almejas, gambas, bogavante, cangrejo y vieiras.<\/li>\n<\/ul>\n<\/div>\n<p>&#8220;][vc_empty_space height=&#8221;64px&#8221;][\/vc_column][\/vc_row]<\/p>\n<\/div>","protected":false},"excerpt":{"rendered":"<p>[vc_row][vc_column][cms_heading text=&#8221;La pasta, los ingredientes, los formatos y los rellenos&#8221; tag=&#8221;h1&#8243; font_size=&#8221;48&#8243; line_height=&#8221;52&#8243; sub_title_position=&#8221;after-title&#8221; el_class=&#8221;page-title&#8221;][vc_empty_space][\/vc_column][\/vc_row][vc_row el_class=&#8221;page-paragraph-text&#8221;][vc_column][cms_banner cms_template=&#8221;cms_banner&#8211;layout1.php&#8221; content_position=&#8221;left&#8221; banner_image=&#8221;5193&#8243; title=&#8221;La pasta&#8221; description=&#8221; La pasta es la de la tradici\u00f3n Roma\u00f1ola. Naturalmente rugosa como la estirada con el rodillo por las &#8220;sfogline&#8220; de R\u00edmini (mujeres que hac\u00edan la pasta hecha a mano), as\u00ed como gracias al [&hellip;]<\/p>\n","protected":false},"author":3,"featured_media":0,"parent":0,"menu_order":0,"comment_status":"closed","ping_status":"closed","template":"","meta":{"_acf_changed":false,"inline_featured_image":false,"_joinchat":[],"footnotes":""},"class_list":["post-19125","page","type-page","status-publish","hentry"],"acf":[],"yoast_head":"<!-- This site is optimized with the Yoast SEO plugin v25.0 - https:\/\/yoast.com\/wordpress\/plugins\/seo\/ -->\n<title>La pasta, los ingredientes, los formatos y los rellenos Canuti<\/title>\n<meta name=\"description\" content=\"Descubre la hoja de Canuti, los ingredientes, las formas y todos los rellenos de nuestras l\u00edneas de pasta fresca congelada para restauraci\u00f3n.\" \/>\n<meta name=\"robots\" content=\"index, follow, max-snippet:-1, max-image-preview:large, max-video-preview:-1\" \/>\n<link rel=\"canonical\" href=\"https:\/\/www.canuti.com\/es\/la-pasta-los-ingredientes-los-formatos-y-los-rellenos\/\" \/>\n<meta property=\"og:locale\" content=\"es_ES\" \/>\n<meta property=\"og:type\" content=\"article\" \/>\n<meta property=\"og:title\" content=\"La pasta, los ingredientes, los formatos y los rellenos Canuti\" \/>\n<meta property=\"og:description\" content=\"Descubre la hoja de Canuti, los ingredientes, las formas y todos los rellenos de nuestras l\u00edneas de pasta fresca congelada para restauraci\u00f3n.\" \/>\n<meta property=\"og:url\" content=\"https:\/\/www.canuti.com\/es\/la-pasta-los-ingredientes-los-formatos-y-los-rellenos\/\" \/>\n<meta property=\"og:site_name\" content=\"Canuti Sito Ufficiale\" \/>\n<meta property=\"article:modified_time\" content=\"2024-07-03T12:59:38+00:00\" \/>\n<meta name=\"twitter:card\" content=\"summary_large_image\" \/>\n<meta name=\"twitter:label1\" content=\"Tiempo de lectura\" \/>\n\t<meta name=\"twitter:data1\" content=\"2 minutos\" \/>\n<script type=\"application\/ld+json\" class=\"yoast-schema-graph\">{\"@context\":\"https:\/\/schema.org\",\"@graph\":[{\"@type\":\"WebPage\",\"@id\":\"https:\/\/www.canuti.com\/es\/la-pasta-los-ingredientes-los-formatos-y-los-rellenos\/\",\"url\":\"https:\/\/www.canuti.com\/es\/la-pasta-los-ingredientes-los-formatos-y-los-rellenos\/\",\"name\":\"La pasta, los ingredientes, los formatos y los rellenos Canuti\",\"isPartOf\":{\"@id\":\"https:\/\/www.canuti.com\/es\/#website\"},\"datePublished\":\"2019-10-01T10:35:44+00:00\",\"dateModified\":\"2024-07-03T12:59:38+00:00\",\"description\":\"Descubre la hoja de Canuti, los ingredientes, las formas y todos los rellenos de nuestras l\u00edneas de pasta fresca congelada para restauraci\u00f3n.\",\"breadcrumb\":{\"@id\":\"https:\/\/www.canuti.com\/es\/la-pasta-los-ingredientes-los-formatos-y-los-rellenos\/#breadcrumb\"},\"inLanguage\":\"es\",\"potentialAction\":[{\"@type\":\"ReadAction\",\"target\":[\"https:\/\/www.canuti.com\/es\/la-pasta-los-ingredientes-los-formatos-y-los-rellenos\/\"]}]},{\"@type\":\"BreadcrumbList\",\"@id\":\"https:\/\/www.canuti.com\/es\/la-pasta-los-ingredientes-los-formatos-y-los-rellenos\/#breadcrumb\",\"itemListElement\":[{\"@type\":\"ListItem\",\"position\":1,\"name\":\"Canuti\",\"item\":\"https:\/\/www.canuti.com\/es\/\"},{\"@type\":\"ListItem\",\"position\":2,\"name\":\"La pasta, los ingredientes, los formatos y los rellenos\"}]},{\"@type\":\"WebSite\",\"@id\":\"https:\/\/www.canuti.com\/es\/#website\",\"url\":\"https:\/\/www.canuti.com\/es\/\",\"name\":\"Canuti Sito Ufficiale\",\"description\":\"Pasta fresca congelada made in Italy para HORECA y el retail\",\"publisher\":{\"@id\":\"https:\/\/www.canuti.com\/es\/#organization\"},\"potentialAction\":[{\"@type\":\"SearchAction\",\"target\":{\"@type\":\"EntryPoint\",\"urlTemplate\":\"https:\/\/www.canuti.com\/es\/?s={search_term_string}\"},\"query-input\":{\"@type\":\"PropertyValueSpecification\",\"valueRequired\":true,\"valueName\":\"search_term_string\"}}],\"inLanguage\":\"es\"},{\"@type\":\"Organization\",\"@id\":\"https:\/\/www.canuti.com\/es\/#organization\",\"name\":\"Canuti Pasta Artisans\",\"url\":\"https:\/\/www.canuti.com\/es\/\",\"logo\":{\"@type\":\"ImageObject\",\"inLanguage\":\"es\",\"@id\":\"https:\/\/www.canuti.com\/es\/#\/schema\/logo\/image\/\",\"url\":\"http:\/\/www.canuti.com\/wp-content\/uploads\/2019\/09\/canuti_logo.png\",\"contentUrl\":\"http:\/\/www.canuti.com\/wp-content\/uploads\/2019\/09\/canuti_logo.png\",\"width\":172,\"height\":115,\"caption\":\"Canuti Pasta Artisans\"},\"image\":{\"@id\":\"https:\/\/www.canuti.com\/es\/#\/schema\/logo\/image\/\"}}]}<\/script>\n<!-- \/ Yoast SEO plugin. -->","yoast_head_json":{"title":"La pasta, los ingredientes, los formatos y los rellenos Canuti","description":"Descubre la hoja de Canuti, los ingredientes, las formas y todos los rellenos de nuestras l\u00edneas de pasta fresca congelada para restauraci\u00f3n.","robots":{"index":"index","follow":"follow","max-snippet":"max-snippet:-1","max-image-preview":"max-image-preview:large","max-video-preview":"max-video-preview:-1"},"canonical":"https:\/\/www.canuti.com\/es\/la-pasta-los-ingredientes-los-formatos-y-los-rellenos\/","og_locale":"es_ES","og_type":"article","og_title":"La pasta, los ingredientes, los formatos y los rellenos Canuti","og_description":"Descubre la hoja de Canuti, los ingredientes, las formas y todos los rellenos de nuestras l\u00edneas de pasta fresca congelada para restauraci\u00f3n.","og_url":"https:\/\/www.canuti.com\/es\/la-pasta-los-ingredientes-los-formatos-y-los-rellenos\/","og_site_name":"Canuti Sito Ufficiale","article_modified_time":"2024-07-03T12:59:38+00:00","twitter_card":"summary_large_image","twitter_misc":{"Tiempo de lectura":"2 minutos"},"schema":{"@context":"https:\/\/schema.org","@graph":[{"@type":"WebPage","@id":"https:\/\/www.canuti.com\/es\/la-pasta-los-ingredientes-los-formatos-y-los-rellenos\/","url":"https:\/\/www.canuti.com\/es\/la-pasta-los-ingredientes-los-formatos-y-los-rellenos\/","name":"La pasta, los ingredientes, los formatos y los rellenos Canuti","isPartOf":{"@id":"https:\/\/www.canuti.com\/es\/#website"},"datePublished":"2019-10-01T10:35:44+00:00","dateModified":"2024-07-03T12:59:38+00:00","description":"Descubre la hoja de Canuti, los ingredientes, las formas y todos los rellenos de nuestras l\u00edneas de pasta fresca congelada para restauraci\u00f3n.","breadcrumb":{"@id":"https:\/\/www.canuti.com\/es\/la-pasta-los-ingredientes-los-formatos-y-los-rellenos\/#breadcrumb"},"inLanguage":"es","potentialAction":[{"@type":"ReadAction","target":["https:\/\/www.canuti.com\/es\/la-pasta-los-ingredientes-los-formatos-y-los-rellenos\/"]}]},{"@type":"BreadcrumbList","@id":"https:\/\/www.canuti.com\/es\/la-pasta-los-ingredientes-los-formatos-y-los-rellenos\/#breadcrumb","itemListElement":[{"@type":"ListItem","position":1,"name":"Canuti","item":"https:\/\/www.canuti.com\/es\/"},{"@type":"ListItem","position":2,"name":"La pasta, los ingredientes, los formatos y los rellenos"}]},{"@type":"WebSite","@id":"https:\/\/www.canuti.com\/es\/#website","url":"https:\/\/www.canuti.com\/es\/","name":"Canuti Sito Ufficiale","description":"Pasta fresca congelada made in Italy para HORECA y el retail","publisher":{"@id":"https:\/\/www.canuti.com\/es\/#organization"},"potentialAction":[{"@type":"SearchAction","target":{"@type":"EntryPoint","urlTemplate":"https:\/\/www.canuti.com\/es\/?s={search_term_string}"},"query-input":{"@type":"PropertyValueSpecification","valueRequired":true,"valueName":"search_term_string"}}],"inLanguage":"es"},{"@type":"Organization","@id":"https:\/\/www.canuti.com\/es\/#organization","name":"Canuti Pasta Artisans","url":"https:\/\/www.canuti.com\/es\/","logo":{"@type":"ImageObject","inLanguage":"es","@id":"https:\/\/www.canuti.com\/es\/#\/schema\/logo\/image\/","url":"http:\/\/www.canuti.com\/wp-content\/uploads\/2019\/09\/canuti_logo.png","contentUrl":"http:\/\/www.canuti.com\/wp-content\/uploads\/2019\/09\/canuti_logo.png","width":172,"height":115,"caption":"Canuti Pasta Artisans"},"image":{"@id":"https:\/\/www.canuti.com\/es\/#\/schema\/logo\/image\/"}}]}},"_links":{"self":[{"href":"https:\/\/www.canuti.com\/es\/wp-json\/wp\/v2\/pages\/19125","targetHints":{"allow":["GET"]}}],"collection":[{"href":"https:\/\/www.canuti.com\/es\/wp-json\/wp\/v2\/pages"}],"about":[{"href":"https:\/\/www.canuti.com\/es\/wp-json\/wp\/v2\/types\/page"}],"author":[{"embeddable":true,"href":"https:\/\/www.canuti.com\/es\/wp-json\/wp\/v2\/users\/3"}],"replies":[{"embeddable":true,"href":"https:\/\/www.canuti.com\/es\/wp-json\/wp\/v2\/comments?post=19125"}],"version-history":[{"count":4,"href":"https:\/\/www.canuti.com\/es\/wp-json\/wp\/v2\/pages\/19125\/revisions"}],"predecessor-version":[{"id":25654,"href":"https:\/\/www.canuti.com\/es\/wp-json\/wp\/v2\/pages\/19125\/revisions\/25654"}],"wp:attachment":[{"href":"https:\/\/www.canuti.com\/es\/wp-json\/wp\/v2\/media?parent=19125"}],"curies":[{"name":"wp","href":"https:\/\/api.w.org\/{rel}","templated":true}]}}