{"id":8263,"date":"2019-11-21T11:52:14","date_gmt":"2019-11-21T11:52:14","guid":{"rendered":"http:\/\/www.canuti.com\/?page_id=8263"},"modified":"2024-10-21T14:02:25","modified_gmt":"2024-10-21T14:02:25","slug":"cookie-policy","status":"publish","type":"page","link":"https:\/\/www.canuti.com\/en\/cookie-policy\/","title":{"rendered":"Cookie Policy"},"content":{"rendered":"<div class=\"wpb-content-wrapper\"><p>[vc_row][vc_column][cms_heading text=&#8221;Cookie Policy&#8221; tag=&#8221;h1&#8243; sub_title_position=&#8221;after-title&#8221;][vc_empty_space][vc_column_text el_class=&#8221;page-paragraph-text&#8221;]<strong>\u00a0<\/strong><\/p>\n<p><strong>Questo documento \u00e8 la nostra cookie policy, con esso vogliamo spiegarti cosa sono i cookie e a che cosa servono.<\/strong><\/p>\n<ol>\n<li><strong>Cosa sono i cookie?<\/strong><\/li>\n<\/ol>\n<p>Come chiarito dal Garante Privacy nelle FAQ del dicembre 2012, i cookie sono \u201cpiccoli file di testo\u201d \u2013 formati da lettere e numeri \u2013 \u201c<em>che i siti visitati dall&#8217;utente inviano al suo terminale (solitamente al browser), dove vengono memorizzati per essere poi ritrasmessi agli stessi siti alla successiva visita del medesimo utente<\/em>\u201d. I cookie hanno la funzione di snellire l&#8217;analisi del traffico sul web o di segnalare quando un sito specifico o una parte di esso vengono visitati, di distinguere tra loro i visitatori per poter fornire contenuti personalizzati, ed aiutano gli amministratori a migliorare il sito e l\u2019esperienza di navigazione degli utenti stessi. Attraverso i cookie non possiamo accedere ad altre informazioni memorizzate sul tuo dispositivo, anche se \u00e8 qui che i cookie vengono scaricati. I cookie non possono caricare codici di alcun tipo, veicolare virus o malware e non sono dannosi per il terminale dell\u2019utente.<\/p>\n<p>Di seguito \u00e8 possibile trovare tutte le informazioni sui cookie installati attraverso questo sito e le indicazioni necessarie su come gestire le proprie preferenze a riguardo.<\/p>\n<ol start=\"2\">\n<li><strong>Consenso dell\u2019utente all\u2019uso dei cookie<\/strong><\/li>\n<\/ol>\n<p>Collegandoti per la prima volta ad una qualunque pagina del nostro sito vedrai apparire un banner informativo sull\u2019utilizzo dei cookie che consentir\u00e0 di gestire le tue preferenze di installazione.<\/p>\n<p>Il sito ricorda la scelta effettuata, pertanto l\u2019informativa breve non verr\u00e0 riproposta nei collegamenti successivi dallo stesso dispositivo. Tuttavia, avrai sempre la possibilit\u00e0 di revocare in tutto o in parte il consenso gi\u00e0 espresso attraverso l\u2019apposito widget posizionato in calce ad ogni pagina del sito.<\/p>\n<p>Qualora si riscontrassero problemi di natura tecnica legati alla prestazione del consenso, puoi contattarci tramite e-mail all\u2019indirizzo che trovi all\u2019interno della privacy policy linkata nel footer del nostro sito.<\/p>\n<ol start=\"3\">\n<li><strong>Durata dei cookie<\/strong><\/li>\n<\/ol>\n<p>In base alla natura dei cookie essi possono essere memorizzati sul tuo dispositivo per periodi pi\u00f9 o meno lunghi. I cookie possono essere:<\/p>\n<ul>\n<li>di sessione, cookie che vengono memorizzati in modo persistente sul tuo computer e si cancellano con la chiusura del browser, sono strettamente limitati alla trasmissione di identificativi di sessione necessari per consentire l\u2019esplorazione sicura ed efficiente del nostro sito evitando il ricorso ad altre tecniche informatiche potenzialmente pregiudizievoli per la riservatezza della navigazione degli utenti;<\/li>\n<li>persistenti, cookie che rimangono memorizzati sul disco rigido del computer fino alla loro scadenza o cancellazione da parte degli utenti\/visitatori. Tramite i cookie persistenti i visitatori che accedono al sito (o eventuali altri utenti che impiegano il medesimo computer) vengono automaticamente riconosciuti ad ogni visita. Puoi anche impostare il browser del computer in modo tale che lo stesso accetti\/rifiuti tutti i cookie o che ti mostri un avviso ogni qual volta viene proposto un cookie, per poter valutare se accettarlo o meno. Puoi comunque modificare la configurazione predefinita e disabilitare i cookie (cio\u00e8 bloccarli in via definitiva), impostando un livello di protezione pi\u00f9 elevato.<\/li>\n<\/ul>\n<p>&nbsp;<\/p>\n<ol start=\"4\">\n<li><strong>Tipologia dei cookie<\/strong><\/li>\n<\/ol>\n<p>I cookie possono essere:<\/p>\n<ul>\n<li><strong>di prima parte<\/strong>, ovvero cookie che riportano come dominio il presente sito web;<\/li>\n<li><strong>di terza parte<\/strong>, ovvero cookie che sono relativi a domini esterni.<\/li>\n<\/ul>\n<p>I cookie di terza parte sono necessariamente installati da un soggetto esterno, sempre definito come &#8220;terza parte&#8221;, non gestito dal sito.<\/p>\n<ol start=\"5\">\n<li><strong>Natura dei cookie<\/strong><\/li>\n<\/ol>\n<p>Relativamente alla natura dei cookie, ne esistono di diversi tipi:<\/p>\n<ul>\n<li><strong>Cookie tecnici<\/strong>: sono quelli utilizzati al solo fine di <em>&#8220;effettuare la trasmissione di una comunicazione su una rete di comunicazione elettronica, o nella misura strettamente necessaria al fornitore di un servizio della societ\u00e0 dell&#8217;informazione esplicitamente richiesto dall&#8217;abbonato o dall&#8217;utente ad erogare tale servizio<\/em>&#8221; (cfr. art. 122, comma 1, del Codice).<\/li>\n<\/ul>\n<p>Essi non vengono utilizzati per scopi ulteriori e sono installati direttamente dal titolare o gestore del sito web. Possono essere suddivisi in:<\/p>\n<ul>\n<li>cookie di navigazione o di sessione, che garantiscono la normale navigazione e fruizione del sito web (permettendo, ad esempio, di realizzare un acquisto o autenticarsi per accedere ad aree riservate); essi sono di fatto necessari per il corretto funzionamento del sito;<\/li>\n<li>cookie analytics,(di prima parte) assimilati ai cookie tecnici laddove utilizzati direttamente dal gestore del sito per raccogliere informazioni, in forma aggregata, sul numero degli utenti e su come questi visitano il sito stesso, al fine di migliorare le performance del sito;<\/li>\n<li>cookie di funzionalit\u00e0, che permettono all&#8217;utente la navigazione in funzione di una serie di criteri selezionati (ad esempio, la lingua, i prodotti selezionati per l&#8217;acquisto) al fine di migliorare il servizio reso allo stesso. Per l&#8217;installazione di tali cookie non \u00e8 richiesto il preventivo consenso degli utenti (pi\u00f9 informazioni nel paragrafo Gestione dei cookie in basso).<\/li>\n<\/ul>\n<p>&nbsp;<\/p>\n<ul>\n<li><strong>Cookie analytics<\/strong> <strong>(di terze parti): <\/strong>questa tipologia di cookie, non \u00e8 utilizzata direttamente dal gestore del sito, ma viene realizzata e messa a disposizione di terze parti per fini statistici. Il sito non ha un controllo diretto dei singoli cookie e non pu\u00f2 controllarli (non pu\u00f2 n\u00e9 installarli direttamente n\u00e9 cancellarli). Puoi comunque gestire questi cookie attraverso le impostazioni che trovi cliccando in qualsiasi momento sul widget posizionato in calce ad ogni pagina del sito<\/li>\n<\/ul>\n<p>&nbsp;<\/p>\n<ul>\n<li><strong>Cookie di profilazione: <\/strong>sono volti a creare profili relativi all&#8217;utente e vengono utilizzati al fine di inviare messaggi pubblicitari in linea con le preferenze manifestate dallo stesso nell&#8217;ambito della navigazione in rete. Per l&#8217;utilizzo dei cookie di profilazione \u00e8 richiesto il consenso dell&#8217;interessato. Puoi comunque gestire questi cookie attraverso le impostazioni che trovi cliccando in qualsiasi momento sul widget posizionato in calce ad ogni pagina del sito.<\/li>\n<\/ul>\n<p>&nbsp;<\/p>\n<p>&nbsp;<\/p>\n<ol start=\"6\">\n<li><strong>Cookie presenti su questo sito e revoca del consenso<\/strong><\/li>\n<\/ol>\n<p>Questo sito web utilizza i cookie. I cookie specificamente installati su questo sito sono visionabili consultando il banner che apparir\u00e0 nuovamente cliccando sul widget collocato nel footer (in calce a qualsiasi pagina consultata). Attraverso la medesima sezione potrai abilitare e disabilitare i cookie in qualsiasi momento.[\/vc_column_text][\/vc_column][\/vc_row]<\/p>\n<\/div>","protected":false},"excerpt":{"rendered":"<p>[vc_row][vc_column][cms_heading text=&#8221;Cookie Policy&#8221; tag=&#8221;h1&#8243; sub_title_position=&#8221;after-title&#8221;][vc_empty_space][vc_column_text el_class=&#8221;page-paragraph-text&#8221;]\u00a0 Questo documento \u00e8 la nostra cookie policy, con esso vogliamo spiegarti cosa sono i cookie e a che cosa servono. Cosa sono i cookie? Come chiarito dal Garante Privacy nelle FAQ del dicembre 2012, i cookie sono \u201cpiccoli file di testo\u201d \u2013 formati da lettere e numeri \u2013 \u201cche [&hellip;]<\/p>\n","protected":false},"author":1,"featured_media":0,"parent":0,"menu_order":0,"comment_status":"closed","ping_status":"closed","template":"","meta":{"_acf_changed":false,"inline_featured_image":false,"_joinchat":[],"footnotes":""},"class_list":["post-8263","page","type-page","status-publish","hentry"],"acf":[],"yoast_head":"<!-- This site is optimized with the Yoast SEO plugin v25.0 - https:\/\/yoast.com\/wordpress\/plugins\/seo\/ -->\n<title>Cookie Policy of Canuti | since 1950, passion for fresh pasta<\/title>\n<meta name=\"description\" content=\"Cookie policy del sito Canuti Tradizione Italiana, la passione al servizio della pasta fresca surgelata dal 1950.\" \/>\n<meta name=\"robots\" content=\"index, follow, max-snippet:-1, max-image-preview:large, max-video-preview:-1\" \/>\n<link rel=\"canonical\" href=\"https:\/\/www.canuti.com\/en\/cookie-policy\/\" \/>\n<meta property=\"og:locale\" content=\"en_US\" \/>\n<meta property=\"og:type\" content=\"article\" \/>\n<meta property=\"og:title\" content=\"Cookie Policy of Canuti | since 1950, passion for fresh pasta\" \/>\n<meta property=\"og:description\" content=\"Cookie policy del sito Canuti Tradizione Italiana, la passione al servizio della pasta fresca surgelata dal 1950.\" \/>\n<meta property=\"og:url\" content=\"https:\/\/www.canuti.com\/en\/cookie-policy\/\" \/>\n<meta property=\"og:site_name\" content=\"Canuti Sito Ufficiale\" \/>\n<meta property=\"article:modified_time\" content=\"2024-10-21T14:02:25+00:00\" \/>\n<meta name=\"twitter:card\" content=\"summary_large_image\" \/>\n<meta name=\"twitter:label1\" content=\"Est. reading time\" \/>\n\t<meta name=\"twitter:data1\" content=\"6 minutes\" \/>\n<script type=\"application\/ld+json\" class=\"yoast-schema-graph\">{\"@context\":\"https:\/\/schema.org\",\"@graph\":[{\"@type\":\"WebPage\",\"@id\":\"https:\/\/www.canuti.com\/en\/cookie-policy\/\",\"url\":\"https:\/\/www.canuti.com\/en\/cookie-policy\/\",\"name\":\"Cookie Policy of Canuti | since 1950, passion for fresh pasta\",\"isPartOf\":{\"@id\":\"https:\/\/www.canuti.com\/en\/#website\"},\"datePublished\":\"2019-11-21T11:52:14+00:00\",\"dateModified\":\"2024-10-21T14:02:25+00:00\",\"description\":\"Cookie policy del sito Canuti Tradizione Italiana, la passione al servizio della pasta fresca surgelata dal 1950.\",\"breadcrumb\":{\"@id\":\"https:\/\/www.canuti.com\/en\/cookie-policy\/#breadcrumb\"},\"inLanguage\":\"en-US\",\"potentialAction\":[{\"@type\":\"ReadAction\",\"target\":[\"https:\/\/www.canuti.com\/en\/cookie-policy\/\"]}]},{\"@type\":\"BreadcrumbList\",\"@id\":\"https:\/\/www.canuti.com\/en\/cookie-policy\/#breadcrumb\",\"itemListElement\":[{\"@type\":\"ListItem\",\"position\":1,\"name\":\"Canuti\",\"item\":\"https:\/\/www.canuti.com\/en\/\"},{\"@type\":\"ListItem\",\"position\":2,\"name\":\"Cookie Policy\"}]},{\"@type\":\"WebSite\",\"@id\":\"https:\/\/www.canuti.com\/en\/#website\",\"url\":\"https:\/\/www.canuti.com\/en\/\",\"name\":\"Canuti Sito Ufficiale\",\"description\":\"Fresh frozen pasta - Made in Italy for the foodservice \",\"publisher\":{\"@id\":\"https:\/\/www.canuti.com\/en\/#organization\"},\"potentialAction\":[{\"@type\":\"SearchAction\",\"target\":{\"@type\":\"EntryPoint\",\"urlTemplate\":\"https:\/\/www.canuti.com\/en\/?s={search_term_string}\"},\"query-input\":{\"@type\":\"PropertyValueSpecification\",\"valueRequired\":true,\"valueName\":\"search_term_string\"}}],\"inLanguage\":\"en-US\"},{\"@type\":\"Organization\",\"@id\":\"https:\/\/www.canuti.com\/en\/#organization\",\"name\":\"Canuti Pasta Artisans\",\"url\":\"https:\/\/www.canuti.com\/en\/\",\"logo\":{\"@type\":\"ImageObject\",\"inLanguage\":\"en-US\",\"@id\":\"https:\/\/www.canuti.com\/en\/#\/schema\/logo\/image\/\",\"url\":\"http:\/\/www.canuti.com\/wp-content\/uploads\/2019\/09\/canuti_logo.png\",\"contentUrl\":\"http:\/\/www.canuti.com\/wp-content\/uploads\/2019\/09\/canuti_logo.png\",\"width\":172,\"height\":115,\"caption\":\"Canuti Pasta Artisans\"},\"image\":{\"@id\":\"https:\/\/www.canuti.com\/en\/#\/schema\/logo\/image\/\"}}]}<\/script>\n<!-- \/ Yoast SEO plugin. -->","yoast_head_json":{"title":"Cookie Policy of Canuti | since 1950, passion for fresh pasta","description":"Cookie policy del sito Canuti Tradizione Italiana, la passione al servizio della pasta fresca surgelata dal 1950.","robots":{"index":"index","follow":"follow","max-snippet":"max-snippet:-1","max-image-preview":"max-image-preview:large","max-video-preview":"max-video-preview:-1"},"canonical":"https:\/\/www.canuti.com\/en\/cookie-policy\/","og_locale":"en_US","og_type":"article","og_title":"Cookie Policy of Canuti | since 1950, passion for fresh pasta","og_description":"Cookie policy del sito Canuti Tradizione Italiana, la passione al servizio della pasta fresca surgelata dal 1950.","og_url":"https:\/\/www.canuti.com\/en\/cookie-policy\/","og_site_name":"Canuti Sito Ufficiale","article_modified_time":"2024-10-21T14:02:25+00:00","twitter_card":"summary_large_image","twitter_misc":{"Est. reading time":"6 minutes"},"schema":{"@context":"https:\/\/schema.org","@graph":[{"@type":"WebPage","@id":"https:\/\/www.canuti.com\/en\/cookie-policy\/","url":"https:\/\/www.canuti.com\/en\/cookie-policy\/","name":"Cookie Policy of Canuti | since 1950, passion for fresh pasta","isPartOf":{"@id":"https:\/\/www.canuti.com\/en\/#website"},"datePublished":"2019-11-21T11:52:14+00:00","dateModified":"2024-10-21T14:02:25+00:00","description":"Cookie policy del sito Canuti Tradizione Italiana, la passione al servizio della pasta fresca surgelata dal 1950.","breadcrumb":{"@id":"https:\/\/www.canuti.com\/en\/cookie-policy\/#breadcrumb"},"inLanguage":"en-US","potentialAction":[{"@type":"ReadAction","target":["https:\/\/www.canuti.com\/en\/cookie-policy\/"]}]},{"@type":"BreadcrumbList","@id":"https:\/\/www.canuti.com\/en\/cookie-policy\/#breadcrumb","itemListElement":[{"@type":"ListItem","position":1,"name":"Canuti","item":"https:\/\/www.canuti.com\/en\/"},{"@type":"ListItem","position":2,"name":"Cookie Policy"}]},{"@type":"WebSite","@id":"https:\/\/www.canuti.com\/en\/#website","url":"https:\/\/www.canuti.com\/en\/","name":"Canuti Sito Ufficiale","description":"Fresh frozen pasta - Made in Italy for the foodservice ","publisher":{"@id":"https:\/\/www.canuti.com\/en\/#organization"},"potentialAction":[{"@type":"SearchAction","target":{"@type":"EntryPoint","urlTemplate":"https:\/\/www.canuti.com\/en\/?s={search_term_string}"},"query-input":{"@type":"PropertyValueSpecification","valueRequired":true,"valueName":"search_term_string"}}],"inLanguage":"en-US"},{"@type":"Organization","@id":"https:\/\/www.canuti.com\/en\/#organization","name":"Canuti Pasta Artisans","url":"https:\/\/www.canuti.com\/en\/","logo":{"@type":"ImageObject","inLanguage":"en-US","@id":"https:\/\/www.canuti.com\/en\/#\/schema\/logo\/image\/","url":"http:\/\/www.canuti.com\/wp-content\/uploads\/2019\/09\/canuti_logo.png","contentUrl":"http:\/\/www.canuti.com\/wp-content\/uploads\/2019\/09\/canuti_logo.png","width":172,"height":115,"caption":"Canuti Pasta Artisans"},"image":{"@id":"https:\/\/www.canuti.com\/en\/#\/schema\/logo\/image\/"}}]}},"_links":{"self":[{"href":"https:\/\/www.canuti.com\/en\/wp-json\/wp\/v2\/pages\/8263","targetHints":{"allow":["GET"]}}],"collection":[{"href":"https:\/\/www.canuti.com\/en\/wp-json\/wp\/v2\/pages"}],"about":[{"href":"https:\/\/www.canuti.com\/en\/wp-json\/wp\/v2\/types\/page"}],"author":[{"embeddable":true,"href":"https:\/\/www.canuti.com\/en\/wp-json\/wp\/v2\/users\/1"}],"replies":[{"embeddable":true,"href":"https:\/\/www.canuti.com\/en\/wp-json\/wp\/v2\/comments?post=8263"}],"version-history":[{"count":18,"href":"https:\/\/www.canuti.com\/en\/wp-json\/wp\/v2\/pages\/8263\/revisions"}],"predecessor-version":[{"id":25949,"href":"https:\/\/www.canuti.com\/en\/wp-json\/wp\/v2\/pages\/8263\/revisions\/25949"}],"wp:attachment":[{"href":"https:\/\/www.canuti.com\/en\/wp-json\/wp\/v2\/media?parent=8263"}],"curies":[{"name":"wp","href":"https:\/\/api.w.org\/{rel}","templated":true}]}}