{"id":20197,"date":"2019-10-03T07:43:36","date_gmt":"2019-10-03T07:43:36","guid":{"rendered":"https:\/\/www.canuti.com\/prodotto\/cannelloni-di-carne-i-q-f\/"},"modified":"2022-05-30T12:06:36","modified_gmt":"2022-05-30T12:06:36","slug":"fleisch-cannelloni-i-q-f","status":"publish","type":"product","link":"https:\/\/www.canuti.com\/de\/prodotto\/fleisch-cannelloni-i-q-f\/","title":{"rendered":"Fleisch-Cannelloni I.Q.F."},"content":{"rendered":"","protected":false},"excerpt":{"rendered":"<p>IGF-TK-Cannelloni (einzeln eingefroren) mit einer F\u00fcllung aus Schweine- und Rindfleisch.<\/p>\n<p>Perfekt f\u00fcr die Zubereitung in der Backraine mit B\u00e9chamelsauce und Rag\u00f9, Pilzen oder K\u00e4se.<\/p>\n","protected":false},"featured_media":18565,"template":"","meta":{"_acf_changed":false,"inline_featured_image":false,"_joinchat":[]},"product_brand":[],"product_cat":[265],"product_tag":[],"class_list":{"0":"post-20197","1":"product","2":"type-product","3":"status-publish","4":"has-post-thumbnail","6":"product-attribute-fleisch-de","7":"product_cat-le-classiche-de","8":"pa_tipologia-pasta-gefullte-pasta","9":"pa_tipologia-pasta-ofenpasta","11":"first","12":"instock","13":"shipping-taxable","14":"product-type-simple"},"acf":[],"yoast_head":"<!-- This site is optimized with the Yoast SEO plugin v25.0 - https:\/\/yoast.com\/wordpress\/plugins\/seo\/ -->\n<title>Frozen Fleisch-Cannelloni I.Q.F. - Canuti Sito Ufficiale<\/title>\n<meta name=\"description\" content=\"Fleisch-Cannelloni I.Q.F.: find out the Canuti&#039;s frozen pasta in our website.\" \/>\n<meta name=\"robots\" content=\"index, follow, max-snippet:-1, max-image-preview:large, max-video-preview:-1\" \/>\n<link rel=\"canonical\" href=\"https:\/\/www.canuti.com\/de\/prodotto\/fleisch-cannelloni-i-q-f\/\" \/>\n<meta property=\"og:locale\" content=\"de_DE\" \/>\n<meta property=\"og:type\" content=\"article\" \/>\n<meta property=\"og:title\" content=\"Frozen Fleisch-Cannelloni I.Q.F. - Canuti Sito Ufficiale\" \/>\n<meta property=\"og:description\" content=\"Fleisch-Cannelloni I.Q.F.: find out the Canuti&#039;s frozen pasta in our website.\" \/>\n<meta property=\"og:url\" content=\"https:\/\/www.canuti.com\/de\/prodotto\/fleisch-cannelloni-i-q-f\/\" \/>\n<meta property=\"og:site_name\" content=\"Canuti Sito Ufficiale\" \/>\n<meta property=\"article:modified_time\" content=\"2022-05-30T12:06:36+00:00\" \/>\n<meta property=\"og:image\" content=\"https:\/\/www.canuti.com\/wp-content\/uploads\/2022\/05\/cannelloni-carne.jpg\" \/>\n\t<meta property=\"og:image:width\" content=\"800\" \/>\n\t<meta property=\"og:image:height\" content=\"800\" \/>\n\t<meta property=\"og:image:type\" content=\"image\/jpeg\" \/>\n<meta name=\"twitter:card\" content=\"summary_large_image\" \/>\n<script type=\"application\/ld+json\" class=\"yoast-schema-graph\">{\"@context\":\"https:\/\/schema.org\",\"@graph\":[{\"@type\":\"WebPage\",\"@id\":\"https:\/\/www.canuti.com\/de\/prodotto\/fleisch-cannelloni-i-q-f\/\",\"url\":\"https:\/\/www.canuti.com\/de\/prodotto\/fleisch-cannelloni-i-q-f\/\",\"name\":\"Frozen Fleisch-Cannelloni I.Q.F. - Canuti Sito Ufficiale\",\"isPartOf\":{\"@id\":\"https:\/\/www.canuti.com\/de\/#website\"},\"primaryImageOfPage\":{\"@id\":\"https:\/\/www.canuti.com\/de\/prodotto\/fleisch-cannelloni-i-q-f\/#primaryimage\"},\"image\":{\"@id\":\"https:\/\/www.canuti.com\/de\/prodotto\/fleisch-cannelloni-i-q-f\/#primaryimage\"},\"thumbnailUrl\":\"https:\/\/www.canuti.com\/wp-content\/uploads\/2022\/05\/cannelloni-carne.jpg\",\"datePublished\":\"2019-10-03T07:43:36+00:00\",\"dateModified\":\"2022-05-30T12:06:36+00:00\",\"description\":\"Fleisch-Cannelloni I.Q.F.: find out the Canuti's frozen pasta in our website.\",\"breadcrumb\":{\"@id\":\"https:\/\/www.canuti.com\/de\/prodotto\/fleisch-cannelloni-i-q-f\/#breadcrumb\"},\"inLanguage\":\"de\",\"potentialAction\":[{\"@type\":\"ReadAction\",\"target\":[\"https:\/\/www.canuti.com\/de\/prodotto\/fleisch-cannelloni-i-q-f\/\"]}]},{\"@type\":\"ImageObject\",\"inLanguage\":\"de\",\"@id\":\"https:\/\/www.canuti.com\/de\/prodotto\/fleisch-cannelloni-i-q-f\/#primaryimage\",\"url\":\"https:\/\/www.canuti.com\/wp-content\/uploads\/2022\/05\/cannelloni-carne.jpg\",\"contentUrl\":\"https:\/\/www.canuti.com\/wp-content\/uploads\/2022\/05\/cannelloni-carne.jpg\",\"width\":800,\"height\":800},{\"@type\":\"BreadcrumbList\",\"@id\":\"https:\/\/www.canuti.com\/de\/prodotto\/fleisch-cannelloni-i-q-f\/#breadcrumb\",\"itemListElement\":[{\"@type\":\"ListItem\",\"position\":1,\"name\":\"Canuti\",\"item\":\"https:\/\/www.canuti.com\/de\/\"},{\"@type\":\"ListItem\",\"position\":2,\"name\":\"Shop\",\"item\":\"https:\/\/www.canuti.com\/pasta-fresca-surgelata-ristorazione\/\"},{\"@type\":\"ListItem\",\"position\":3,\"name\":\"Fleisch-Cannelloni I.Q.F.\"}]},{\"@type\":\"WebSite\",\"@id\":\"https:\/\/www.canuti.com\/de\/#website\",\"url\":\"https:\/\/www.canuti.com\/de\/\",\"name\":\"Canuti Sito Ufficiale\",\"description\":\"Pasta fresca surgelata \u2013 Made in Italy per la ristorazione e il retail\",\"publisher\":{\"@id\":\"https:\/\/www.canuti.com\/de\/#organization\"},\"potentialAction\":[{\"@type\":\"SearchAction\",\"target\":{\"@type\":\"EntryPoint\",\"urlTemplate\":\"https:\/\/www.canuti.com\/de\/?s={search_term_string}\"},\"query-input\":{\"@type\":\"PropertyValueSpecification\",\"valueRequired\":true,\"valueName\":\"search_term_string\"}}],\"inLanguage\":\"de\"},{\"@type\":\"Organization\",\"@id\":\"https:\/\/www.canuti.com\/de\/#organization\",\"name\":\"Canuti Pasta Artisans\",\"url\":\"https:\/\/www.canuti.com\/de\/\",\"logo\":{\"@type\":\"ImageObject\",\"inLanguage\":\"de\",\"@id\":\"https:\/\/www.canuti.com\/de\/#\/schema\/logo\/image\/\",\"url\":\"http:\/\/www.canuti.com\/wp-content\/uploads\/2019\/09\/canuti_logo.png\",\"contentUrl\":\"http:\/\/www.canuti.com\/wp-content\/uploads\/2019\/09\/canuti_logo.png\",\"width\":172,\"height\":115,\"caption\":\"Canuti Pasta Artisans\"},\"image\":{\"@id\":\"https:\/\/www.canuti.com\/de\/#\/schema\/logo\/image\/\"}}]}<\/script>\n<!-- \/ Yoast SEO plugin. -->","yoast_head_json":{"title":"Frozen Fleisch-Cannelloni I.Q.F. - Canuti Sito Ufficiale","description":"Fleisch-Cannelloni I.Q.F.: find out the Canuti's frozen pasta in our website.","robots":{"index":"index","follow":"follow","max-snippet":"max-snippet:-1","max-image-preview":"max-image-preview:large","max-video-preview":"max-video-preview:-1"},"canonical":"https:\/\/www.canuti.com\/de\/prodotto\/fleisch-cannelloni-i-q-f\/","og_locale":"de_DE","og_type":"article","og_title":"Frozen Fleisch-Cannelloni I.Q.F. - Canuti Sito Ufficiale","og_description":"Fleisch-Cannelloni I.Q.F.: find out the Canuti's frozen pasta in our website.","og_url":"https:\/\/www.canuti.com\/de\/prodotto\/fleisch-cannelloni-i-q-f\/","og_site_name":"Canuti Sito Ufficiale","article_modified_time":"2022-05-30T12:06:36+00:00","og_image":[{"width":800,"height":800,"url":"https:\/\/www.canuti.com\/wp-content\/uploads\/2022\/05\/cannelloni-carne.jpg","type":"image\/jpeg"}],"twitter_card":"summary_large_image","schema":{"@context":"https:\/\/schema.org","@graph":[{"@type":"WebPage","@id":"https:\/\/www.canuti.com\/de\/prodotto\/fleisch-cannelloni-i-q-f\/","url":"https:\/\/www.canuti.com\/de\/prodotto\/fleisch-cannelloni-i-q-f\/","name":"Frozen Fleisch-Cannelloni I.Q.F. - Canuti Sito Ufficiale","isPartOf":{"@id":"https:\/\/www.canuti.com\/de\/#website"},"primaryImageOfPage":{"@id":"https:\/\/www.canuti.com\/de\/prodotto\/fleisch-cannelloni-i-q-f\/#primaryimage"},"image":{"@id":"https:\/\/www.canuti.com\/de\/prodotto\/fleisch-cannelloni-i-q-f\/#primaryimage"},"thumbnailUrl":"https:\/\/www.canuti.com\/wp-content\/uploads\/2022\/05\/cannelloni-carne.jpg","datePublished":"2019-10-03T07:43:36+00:00","dateModified":"2022-05-30T12:06:36+00:00","description":"Fleisch-Cannelloni I.Q.F.: find out the Canuti's frozen pasta in our website.","breadcrumb":{"@id":"https:\/\/www.canuti.com\/de\/prodotto\/fleisch-cannelloni-i-q-f\/#breadcrumb"},"inLanguage":"de","potentialAction":[{"@type":"ReadAction","target":["https:\/\/www.canuti.com\/de\/prodotto\/fleisch-cannelloni-i-q-f\/"]}]},{"@type":"ImageObject","inLanguage":"de","@id":"https:\/\/www.canuti.com\/de\/prodotto\/fleisch-cannelloni-i-q-f\/#primaryimage","url":"https:\/\/www.canuti.com\/wp-content\/uploads\/2022\/05\/cannelloni-carne.jpg","contentUrl":"https:\/\/www.canuti.com\/wp-content\/uploads\/2022\/05\/cannelloni-carne.jpg","width":800,"height":800},{"@type":"BreadcrumbList","@id":"https:\/\/www.canuti.com\/de\/prodotto\/fleisch-cannelloni-i-q-f\/#breadcrumb","itemListElement":[{"@type":"ListItem","position":1,"name":"Canuti","item":"https:\/\/www.canuti.com\/de\/"},{"@type":"ListItem","position":2,"name":"Shop","item":"https:\/\/www.canuti.com\/pasta-fresca-surgelata-ristorazione\/"},{"@type":"ListItem","position":3,"name":"Fleisch-Cannelloni I.Q.F."}]},{"@type":"WebSite","@id":"https:\/\/www.canuti.com\/de\/#website","url":"https:\/\/www.canuti.com\/de\/","name":"Canuti Sito Ufficiale","description":"Pasta fresca surgelata \u2013 Made in Italy per la ristorazione e il retail","publisher":{"@id":"https:\/\/www.canuti.com\/de\/#organization"},"potentialAction":[{"@type":"SearchAction","target":{"@type":"EntryPoint","urlTemplate":"https:\/\/www.canuti.com\/de\/?s={search_term_string}"},"query-input":{"@type":"PropertyValueSpecification","valueRequired":true,"valueName":"search_term_string"}}],"inLanguage":"de"},{"@type":"Organization","@id":"https:\/\/www.canuti.com\/de\/#organization","name":"Canuti Pasta Artisans","url":"https:\/\/www.canuti.com\/de\/","logo":{"@type":"ImageObject","inLanguage":"de","@id":"https:\/\/www.canuti.com\/de\/#\/schema\/logo\/image\/","url":"http:\/\/www.canuti.com\/wp-content\/uploads\/2019\/09\/canuti_logo.png","contentUrl":"http:\/\/www.canuti.com\/wp-content\/uploads\/2019\/09\/canuti_logo.png","width":172,"height":115,"caption":"Canuti Pasta Artisans"},"image":{"@id":"https:\/\/www.canuti.com\/de\/#\/schema\/logo\/image\/"}}]}},"_links":{"self":[{"href":"https:\/\/www.canuti.com\/de\/wp-json\/wp\/v2\/product\/20197","targetHints":{"allow":["GET"]}}],"collection":[{"href":"https:\/\/www.canuti.com\/de\/wp-json\/wp\/v2\/product"}],"about":[{"href":"https:\/\/www.canuti.com\/de\/wp-json\/wp\/v2\/types\/product"}],"wp:featuredmedia":[{"embeddable":true,"href":"https:\/\/www.canuti.com\/de\/wp-json\/wp\/v2\/media\/18565"}],"wp:attachment":[{"href":"https:\/\/www.canuti.com\/de\/wp-json\/wp\/v2\/media?parent=20197"}],"wp:term":[{"taxonomy":"product_brand","embeddable":true,"href":"https:\/\/www.canuti.com\/de\/wp-json\/wp\/v2\/product_brand?post=20197"},{"taxonomy":"product_cat","embeddable":true,"href":"https:\/\/www.canuti.com\/de\/wp-json\/wp\/v2\/product_cat?post=20197"},{"taxonomy":"product_tag","embeddable":true,"href":"https:\/\/www.canuti.com\/de\/wp-json\/wp\/v2\/product_tag?post=20197"}],"curies":[{"name":"wp","href":"https:\/\/api.w.org\/{rel}","templated":true}]}}