{"id":20187,"date":"2019-10-01T09:15:08","date_gmt":"2019-10-01T09:15:08","guid":{"rendered":"https:\/\/www.canuti.com\/prodotto\/maccheroni-al-torchio\/"},"modified":"2022-06-23T06:52:07","modified_gmt":"2022-06-23T06:52:07","slug":"maccheroni-al-torchio","status":"publish","type":"product","link":"https:\/\/www.canuti.com\/de\/prodotto\/maccheroni-al-torchio\/","title":{"rendered":"Maccheroni al Torchio"},"content":{"rendered":"","protected":false},"excerpt":{"rendered":"<p>Klassisches Format der italienischen Nudeltradition.<br \/>\nDer Name dieser Nudeln kommt von  \u201etorchio&#8221;, einem alten Ger\u00e4t zum Formen von Nudeln, das erstmals um 1600 bei den neapolitanischen Pasta-Herstellern in Gebrauch kam.<br \/>\nAus hochwertigem, mit dem Bronzeverfahren gezogenen Nudelteig; ideal f\u00fcr Saucen auf Fleischbasis (z. B. Rag\u00f9), K\u00e4se- oder Gem\u00fcsebasis.<\/p>\n","protected":false},"featured_media":18791,"template":"","meta":{"_acf_changed":false,"inline_featured_image":false,"_joinchat":[]},"product_brand":[],"product_cat":[265],"product_tag":[],"class_list":{"0":"post-20187","1":"product","2":"type-product","3":"status-publish","4":"has-post-thumbnail","6":"product_cat-le-classiche-de","7":"pa_tipologia-pasta-kurze-pasta","9":"first","10":"instock","11":"shipping-taxable","12":"product-type-simple"},"acf":[],"yoast_head":"<!-- This site is optimized with the Yoast SEO plugin v25.0 - https:\/\/yoast.com\/wordpress\/plugins\/seo\/ -->\n<title>Frozen Maccheroni al Torchio - Canuti Sito Ufficiale<\/title>\n<meta name=\"description\" content=\"Maccheroni al Torchio: find out the Canuti&#039;s frozen pasta in our website.\" \/>\n<meta name=\"robots\" content=\"index, follow, max-snippet:-1, max-image-preview:large, max-video-preview:-1\" \/>\n<link rel=\"canonical\" href=\"https:\/\/www.canuti.com\/de\/prodotto\/maccheroni-al-torchio\/\" \/>\n<meta property=\"og:locale\" content=\"de_DE\" \/>\n<meta property=\"og:type\" content=\"article\" \/>\n<meta property=\"og:title\" content=\"Frozen Maccheroni al Torchio - Canuti Sito Ufficiale\" \/>\n<meta property=\"og:description\" content=\"Maccheroni al Torchio: find out the Canuti&#039;s frozen pasta in our website.\" \/>\n<meta property=\"og:url\" content=\"https:\/\/www.canuti.com\/de\/prodotto\/maccheroni-al-torchio\/\" \/>\n<meta property=\"og:site_name\" content=\"Canuti Sito Ufficiale\" \/>\n<meta property=\"article:modified_time\" content=\"2022-06-23T06:52:07+00:00\" \/>\n<meta property=\"og:image\" content=\"https:\/\/www.canuti.com\/wp-content\/uploads\/2022\/05\/macch-torchio.jpg\" \/>\n\t<meta property=\"og:image:width\" content=\"800\" \/>\n\t<meta property=\"og:image:height\" content=\"800\" \/>\n\t<meta property=\"og:image:type\" content=\"image\/jpeg\" \/>\n<meta name=\"twitter:card\" content=\"summary_large_image\" \/>\n<script type=\"application\/ld+json\" class=\"yoast-schema-graph\">{\"@context\":\"https:\/\/schema.org\",\"@graph\":[{\"@type\":\"WebPage\",\"@id\":\"https:\/\/www.canuti.com\/de\/prodotto\/maccheroni-al-torchio\/\",\"url\":\"https:\/\/www.canuti.com\/de\/prodotto\/maccheroni-al-torchio\/\",\"name\":\"Frozen Maccheroni al Torchio - Canuti Sito Ufficiale\",\"isPartOf\":{\"@id\":\"https:\/\/www.canuti.com\/de\/#website\"},\"primaryImageOfPage\":{\"@id\":\"https:\/\/www.canuti.com\/de\/prodotto\/maccheroni-al-torchio\/#primaryimage\"},\"image\":{\"@id\":\"https:\/\/www.canuti.com\/de\/prodotto\/maccheroni-al-torchio\/#primaryimage\"},\"thumbnailUrl\":\"https:\/\/www.canuti.com\/wp-content\/uploads\/2022\/05\/macch-torchio.jpg\",\"datePublished\":\"2019-10-01T09:15:08+00:00\",\"dateModified\":\"2022-06-23T06:52:07+00:00\",\"description\":\"Maccheroni al Torchio: find out the Canuti's frozen pasta in our website.\",\"breadcrumb\":{\"@id\":\"https:\/\/www.canuti.com\/de\/prodotto\/maccheroni-al-torchio\/#breadcrumb\"},\"inLanguage\":\"de\",\"potentialAction\":[{\"@type\":\"ReadAction\",\"target\":[\"https:\/\/www.canuti.com\/de\/prodotto\/maccheroni-al-torchio\/\"]}]},{\"@type\":\"ImageObject\",\"inLanguage\":\"de\",\"@id\":\"https:\/\/www.canuti.com\/de\/prodotto\/maccheroni-al-torchio\/#primaryimage\",\"url\":\"https:\/\/www.canuti.com\/wp-content\/uploads\/2022\/05\/macch-torchio.jpg\",\"contentUrl\":\"https:\/\/www.canuti.com\/wp-content\/uploads\/2022\/05\/macch-torchio.jpg\",\"width\":800,\"height\":800},{\"@type\":\"BreadcrumbList\",\"@id\":\"https:\/\/www.canuti.com\/de\/prodotto\/maccheroni-al-torchio\/#breadcrumb\",\"itemListElement\":[{\"@type\":\"ListItem\",\"position\":1,\"name\":\"Canuti\",\"item\":\"https:\/\/www.canuti.com\/de\/\"},{\"@type\":\"ListItem\",\"position\":2,\"name\":\"Shop\",\"item\":\"https:\/\/www.canuti.com\/pasta-fresca-surgelata-ristorazione\/\"},{\"@type\":\"ListItem\",\"position\":3,\"name\":\"Maccheroni al Torchio\"}]},{\"@type\":\"WebSite\",\"@id\":\"https:\/\/www.canuti.com\/de\/#website\",\"url\":\"https:\/\/www.canuti.com\/de\/\",\"name\":\"Canuti Sito Ufficiale\",\"description\":\"Pasta fresca surgelata \u2013 Made in Italy per la ristorazione e il retail\",\"publisher\":{\"@id\":\"https:\/\/www.canuti.com\/de\/#organization\"},\"potentialAction\":[{\"@type\":\"SearchAction\",\"target\":{\"@type\":\"EntryPoint\",\"urlTemplate\":\"https:\/\/www.canuti.com\/de\/?s={search_term_string}\"},\"query-input\":{\"@type\":\"PropertyValueSpecification\",\"valueRequired\":true,\"valueName\":\"search_term_string\"}}],\"inLanguage\":\"de\"},{\"@type\":\"Organization\",\"@id\":\"https:\/\/www.canuti.com\/de\/#organization\",\"name\":\"Canuti Pasta Artisans\",\"url\":\"https:\/\/www.canuti.com\/de\/\",\"logo\":{\"@type\":\"ImageObject\",\"inLanguage\":\"de\",\"@id\":\"https:\/\/www.canuti.com\/de\/#\/schema\/logo\/image\/\",\"url\":\"http:\/\/www.canuti.com\/wp-content\/uploads\/2019\/09\/canuti_logo.png\",\"contentUrl\":\"http:\/\/www.canuti.com\/wp-content\/uploads\/2019\/09\/canuti_logo.png\",\"width\":172,\"height\":115,\"caption\":\"Canuti Pasta Artisans\"},\"image\":{\"@id\":\"https:\/\/www.canuti.com\/de\/#\/schema\/logo\/image\/\"}}]}<\/script>\n<!-- \/ Yoast SEO plugin. -->","yoast_head_json":{"title":"Frozen Maccheroni al Torchio - Canuti Sito Ufficiale","description":"Maccheroni al Torchio: find out the Canuti's frozen pasta in our website.","robots":{"index":"index","follow":"follow","max-snippet":"max-snippet:-1","max-image-preview":"max-image-preview:large","max-video-preview":"max-video-preview:-1"},"canonical":"https:\/\/www.canuti.com\/de\/prodotto\/maccheroni-al-torchio\/","og_locale":"de_DE","og_type":"article","og_title":"Frozen Maccheroni al Torchio - Canuti Sito Ufficiale","og_description":"Maccheroni al Torchio: find out the Canuti's frozen pasta in our website.","og_url":"https:\/\/www.canuti.com\/de\/prodotto\/maccheroni-al-torchio\/","og_site_name":"Canuti Sito Ufficiale","article_modified_time":"2022-06-23T06:52:07+00:00","og_image":[{"width":800,"height":800,"url":"https:\/\/www.canuti.com\/wp-content\/uploads\/2022\/05\/macch-torchio.jpg","type":"image\/jpeg"}],"twitter_card":"summary_large_image","schema":{"@context":"https:\/\/schema.org","@graph":[{"@type":"WebPage","@id":"https:\/\/www.canuti.com\/de\/prodotto\/maccheroni-al-torchio\/","url":"https:\/\/www.canuti.com\/de\/prodotto\/maccheroni-al-torchio\/","name":"Frozen Maccheroni al Torchio - Canuti Sito Ufficiale","isPartOf":{"@id":"https:\/\/www.canuti.com\/de\/#website"},"primaryImageOfPage":{"@id":"https:\/\/www.canuti.com\/de\/prodotto\/maccheroni-al-torchio\/#primaryimage"},"image":{"@id":"https:\/\/www.canuti.com\/de\/prodotto\/maccheroni-al-torchio\/#primaryimage"},"thumbnailUrl":"https:\/\/www.canuti.com\/wp-content\/uploads\/2022\/05\/macch-torchio.jpg","datePublished":"2019-10-01T09:15:08+00:00","dateModified":"2022-06-23T06:52:07+00:00","description":"Maccheroni al Torchio: find out the Canuti's frozen pasta in our website.","breadcrumb":{"@id":"https:\/\/www.canuti.com\/de\/prodotto\/maccheroni-al-torchio\/#breadcrumb"},"inLanguage":"de","potentialAction":[{"@type":"ReadAction","target":["https:\/\/www.canuti.com\/de\/prodotto\/maccheroni-al-torchio\/"]}]},{"@type":"ImageObject","inLanguage":"de","@id":"https:\/\/www.canuti.com\/de\/prodotto\/maccheroni-al-torchio\/#primaryimage","url":"https:\/\/www.canuti.com\/wp-content\/uploads\/2022\/05\/macch-torchio.jpg","contentUrl":"https:\/\/www.canuti.com\/wp-content\/uploads\/2022\/05\/macch-torchio.jpg","width":800,"height":800},{"@type":"BreadcrumbList","@id":"https:\/\/www.canuti.com\/de\/prodotto\/maccheroni-al-torchio\/#breadcrumb","itemListElement":[{"@type":"ListItem","position":1,"name":"Canuti","item":"https:\/\/www.canuti.com\/de\/"},{"@type":"ListItem","position":2,"name":"Shop","item":"https:\/\/www.canuti.com\/pasta-fresca-surgelata-ristorazione\/"},{"@type":"ListItem","position":3,"name":"Maccheroni al Torchio"}]},{"@type":"WebSite","@id":"https:\/\/www.canuti.com\/de\/#website","url":"https:\/\/www.canuti.com\/de\/","name":"Canuti Sito Ufficiale","description":"Pasta fresca surgelata \u2013 Made in Italy per la ristorazione e il retail","publisher":{"@id":"https:\/\/www.canuti.com\/de\/#organization"},"potentialAction":[{"@type":"SearchAction","target":{"@type":"EntryPoint","urlTemplate":"https:\/\/www.canuti.com\/de\/?s={search_term_string}"},"query-input":{"@type":"PropertyValueSpecification","valueRequired":true,"valueName":"search_term_string"}}],"inLanguage":"de"},{"@type":"Organization","@id":"https:\/\/www.canuti.com\/de\/#organization","name":"Canuti Pasta Artisans","url":"https:\/\/www.canuti.com\/de\/","logo":{"@type":"ImageObject","inLanguage":"de","@id":"https:\/\/www.canuti.com\/de\/#\/schema\/logo\/image\/","url":"http:\/\/www.canuti.com\/wp-content\/uploads\/2019\/09\/canuti_logo.png","contentUrl":"http:\/\/www.canuti.com\/wp-content\/uploads\/2019\/09\/canuti_logo.png","width":172,"height":115,"caption":"Canuti Pasta Artisans"},"image":{"@id":"https:\/\/www.canuti.com\/de\/#\/schema\/logo\/image\/"}}]}},"_links":{"self":[{"href":"https:\/\/www.canuti.com\/de\/wp-json\/wp\/v2\/product\/20187","targetHints":{"allow":["GET"]}}],"collection":[{"href":"https:\/\/www.canuti.com\/de\/wp-json\/wp\/v2\/product"}],"about":[{"href":"https:\/\/www.canuti.com\/de\/wp-json\/wp\/v2\/types\/product"}],"wp:featuredmedia":[{"embeddable":true,"href":"https:\/\/www.canuti.com\/de\/wp-json\/wp\/v2\/media\/18791"}],"wp:attachment":[{"href":"https:\/\/www.canuti.com\/de\/wp-json\/wp\/v2\/media?parent=20187"}],"wp:term":[{"taxonomy":"product_brand","embeddable":true,"href":"https:\/\/www.canuti.com\/de\/wp-json\/wp\/v2\/product_brand?post=20187"},{"taxonomy":"product_cat","embeddable":true,"href":"https:\/\/www.canuti.com\/de\/wp-json\/wp\/v2\/product_cat?post=20187"},{"taxonomy":"product_tag","embeddable":true,"href":"https:\/\/www.canuti.com\/de\/wp-json\/wp\/v2\/product_tag?post=20187"}],"curies":[{"name":"wp","href":"https:\/\/api.w.org\/{rel}","templated":true}]}}