{"id":20073,"date":"2019-09-30T13:02:32","date_gmt":"2019-09-30T13:02:32","guid":{"rendered":"https:\/\/www.canuti.com\/prodotto\/delizie-punte-di-asparagi-e-mandorle\/"},"modified":"2022-05-30T06:46:26","modified_gmt":"2022-05-30T06:46:26","slug":"delizie-spargel-und-mandeln","status":"publish","type":"product","link":"https:\/\/www.canuti.com\/de\/prodotto\/delizie-spargel-und-mandeln\/","title":{"rendered":"Delizie Spargel und Mandeln"},"content":{"rendered":"","protected":false},"excerpt":{"rendered":"<p align=\"justify\">Traditionelles Pastaformat mit viel F\u00fcllung aus zarten Spargelspitzen und knackigen Mandeln. Die ganze Erfahrung der Mastri Pastai Canuti f\u00fcr mit dem Bronzeverfahren gezogenen Teig, kurze Garzeit und perfektes Resultat, mit dem Duft und der rauen Oberfl\u00e4che wie bei hausgemachter Pasta.<\/p>\n","protected":false},"featured_media":24091,"template":"","meta":{"_acf_changed":false,"inline_featured_image":false,"_joinchat":[]},"product_brand":[],"product_cat":[258],"product_tag":[],"class_list":{"0":"post-20073","1":"product","2":"type-product","3":"status-publish","4":"has-post-thumbnail","6":"product-attribute-sfoglia-extra-ruvida-de","7":"product-attribute-verdure-de","8":"product_cat-le-delizie-de","9":"pa_tipologia-pasta-gefullte-pasta","11":"first","12":"instock","13":"shipping-taxable","14":"product-type-simple"},"acf":[],"yoast_head":"<!-- This site is optimized with the Yoast SEO plugin v25.0 - https:\/\/yoast.com\/wordpress\/plugins\/seo\/ -->\n<title>Frozen Delizie Spargel und Mandeln - Canuti Sito Ufficiale<\/title>\n<meta name=\"description\" content=\"Delizie Spargel und Mandeln: find out the Canuti&#039;s frozen pasta in our website.\" \/>\n<meta name=\"robots\" content=\"index, follow, max-snippet:-1, max-image-preview:large, max-video-preview:-1\" \/>\n<link rel=\"canonical\" href=\"https:\/\/www.canuti.com\/de\/prodotto\/delizie-spargel-und-mandeln\/\" \/>\n<meta property=\"og:locale\" content=\"de_DE\" \/>\n<meta property=\"og:type\" content=\"article\" \/>\n<meta property=\"og:title\" content=\"Frozen Delizie Spargel und Mandeln - Canuti Sito Ufficiale\" \/>\n<meta property=\"og:description\" content=\"Delizie Spargel und Mandeln: find out the Canuti&#039;s frozen pasta in our website.\" \/>\n<meta property=\"og:url\" content=\"https:\/\/www.canuti.com\/de\/prodotto\/delizie-spargel-und-mandeln\/\" \/>\n<meta property=\"og:site_name\" content=\"Canuti Sito Ufficiale\" \/>\n<meta property=\"article:modified_time\" content=\"2022-05-30T06:46:26+00:00\" \/>\n<meta property=\"og:image\" content=\"https:\/\/www.canuti.com\/wp-content\/uploads\/2023\/01\/raviolacci.jpg\" \/>\n\t<meta property=\"og:image:width\" content=\"800\" \/>\n\t<meta property=\"og:image:height\" content=\"800\" \/>\n\t<meta property=\"og:image:type\" content=\"image\/jpeg\" \/>\n<meta name=\"twitter:card\" content=\"summary_large_image\" \/>\n<script type=\"application\/ld+json\" class=\"yoast-schema-graph\">{\"@context\":\"https:\/\/schema.org\",\"@graph\":[{\"@type\":\"WebPage\",\"@id\":\"https:\/\/www.canuti.com\/de\/prodotto\/delizie-spargel-und-mandeln\/\",\"url\":\"https:\/\/www.canuti.com\/de\/prodotto\/delizie-spargel-und-mandeln\/\",\"name\":\"Frozen Delizie Spargel und Mandeln - Canuti Sito Ufficiale\",\"isPartOf\":{\"@id\":\"https:\/\/www.canuti.com\/de\/#website\"},\"primaryImageOfPage\":{\"@id\":\"https:\/\/www.canuti.com\/de\/prodotto\/delizie-spargel-und-mandeln\/#primaryimage\"},\"image\":{\"@id\":\"https:\/\/www.canuti.com\/de\/prodotto\/delizie-spargel-und-mandeln\/#primaryimage\"},\"thumbnailUrl\":\"https:\/\/www.canuti.com\/wp-content\/uploads\/2023\/01\/raviolacci.jpg\",\"datePublished\":\"2019-09-30T13:02:32+00:00\",\"dateModified\":\"2022-05-30T06:46:26+00:00\",\"description\":\"Delizie Spargel und Mandeln: find out the Canuti's frozen pasta in our website.\",\"breadcrumb\":{\"@id\":\"https:\/\/www.canuti.com\/de\/prodotto\/delizie-spargel-und-mandeln\/#breadcrumb\"},\"inLanguage\":\"de\",\"potentialAction\":[{\"@type\":\"ReadAction\",\"target\":[\"https:\/\/www.canuti.com\/de\/prodotto\/delizie-spargel-und-mandeln\/\"]}]},{\"@type\":\"ImageObject\",\"inLanguage\":\"de\",\"@id\":\"https:\/\/www.canuti.com\/de\/prodotto\/delizie-spargel-und-mandeln\/#primaryimage\",\"url\":\"https:\/\/www.canuti.com\/wp-content\/uploads\/2023\/01\/raviolacci.jpg\",\"contentUrl\":\"https:\/\/www.canuti.com\/wp-content\/uploads\/2023\/01\/raviolacci.jpg\",\"width\":800,\"height\":800,\"caption\":\"pasta fresca artigianale surgelata canuti\"},{\"@type\":\"BreadcrumbList\",\"@id\":\"https:\/\/www.canuti.com\/de\/prodotto\/delizie-spargel-und-mandeln\/#breadcrumb\",\"itemListElement\":[{\"@type\":\"ListItem\",\"position\":1,\"name\":\"Canuti\",\"item\":\"https:\/\/www.canuti.com\/de\/\"},{\"@type\":\"ListItem\",\"position\":2,\"name\":\"Shop\",\"item\":\"https:\/\/www.canuti.com\/pasta-fresca-surgelata-ristorazione\/\"},{\"@type\":\"ListItem\",\"position\":3,\"name\":\"Delizie Spargel und Mandeln\"}]},{\"@type\":\"WebSite\",\"@id\":\"https:\/\/www.canuti.com\/de\/#website\",\"url\":\"https:\/\/www.canuti.com\/de\/\",\"name\":\"Canuti Sito Ufficiale\",\"description\":\"Pasta fresca surgelata \u2013 Made in Italy per la ristorazione e il retail\",\"publisher\":{\"@id\":\"https:\/\/www.canuti.com\/de\/#organization\"},\"potentialAction\":[{\"@type\":\"SearchAction\",\"target\":{\"@type\":\"EntryPoint\",\"urlTemplate\":\"https:\/\/www.canuti.com\/de\/?s={search_term_string}\"},\"query-input\":{\"@type\":\"PropertyValueSpecification\",\"valueRequired\":true,\"valueName\":\"search_term_string\"}}],\"inLanguage\":\"de\"},{\"@type\":\"Organization\",\"@id\":\"https:\/\/www.canuti.com\/de\/#organization\",\"name\":\"Canuti Pasta Artisans\",\"url\":\"https:\/\/www.canuti.com\/de\/\",\"logo\":{\"@type\":\"ImageObject\",\"inLanguage\":\"de\",\"@id\":\"https:\/\/www.canuti.com\/de\/#\/schema\/logo\/image\/\",\"url\":\"http:\/\/www.canuti.com\/wp-content\/uploads\/2019\/09\/canuti_logo.png\",\"contentUrl\":\"http:\/\/www.canuti.com\/wp-content\/uploads\/2019\/09\/canuti_logo.png\",\"width\":172,\"height\":115,\"caption\":\"Canuti Pasta Artisans\"},\"image\":{\"@id\":\"https:\/\/www.canuti.com\/de\/#\/schema\/logo\/image\/\"}}]}<\/script>\n<!-- \/ Yoast SEO plugin. -->","yoast_head_json":{"title":"Frozen Delizie Spargel und Mandeln - Canuti Sito Ufficiale","description":"Delizie Spargel und Mandeln: find out the Canuti's frozen pasta in our website.","robots":{"index":"index","follow":"follow","max-snippet":"max-snippet:-1","max-image-preview":"max-image-preview:large","max-video-preview":"max-video-preview:-1"},"canonical":"https:\/\/www.canuti.com\/de\/prodotto\/delizie-spargel-und-mandeln\/","og_locale":"de_DE","og_type":"article","og_title":"Frozen Delizie Spargel und Mandeln - Canuti Sito Ufficiale","og_description":"Delizie Spargel und Mandeln: find out the Canuti's frozen pasta in our website.","og_url":"https:\/\/www.canuti.com\/de\/prodotto\/delizie-spargel-und-mandeln\/","og_site_name":"Canuti Sito Ufficiale","article_modified_time":"2022-05-30T06:46:26+00:00","og_image":[{"width":800,"height":800,"url":"https:\/\/www.canuti.com\/wp-content\/uploads\/2023\/01\/raviolacci.jpg","type":"image\/jpeg"}],"twitter_card":"summary_large_image","schema":{"@context":"https:\/\/schema.org","@graph":[{"@type":"WebPage","@id":"https:\/\/www.canuti.com\/de\/prodotto\/delizie-spargel-und-mandeln\/","url":"https:\/\/www.canuti.com\/de\/prodotto\/delizie-spargel-und-mandeln\/","name":"Frozen Delizie Spargel und Mandeln - Canuti Sito Ufficiale","isPartOf":{"@id":"https:\/\/www.canuti.com\/de\/#website"},"primaryImageOfPage":{"@id":"https:\/\/www.canuti.com\/de\/prodotto\/delizie-spargel-und-mandeln\/#primaryimage"},"image":{"@id":"https:\/\/www.canuti.com\/de\/prodotto\/delizie-spargel-und-mandeln\/#primaryimage"},"thumbnailUrl":"https:\/\/www.canuti.com\/wp-content\/uploads\/2023\/01\/raviolacci.jpg","datePublished":"2019-09-30T13:02:32+00:00","dateModified":"2022-05-30T06:46:26+00:00","description":"Delizie Spargel und Mandeln: find out the Canuti's frozen pasta in our website.","breadcrumb":{"@id":"https:\/\/www.canuti.com\/de\/prodotto\/delizie-spargel-und-mandeln\/#breadcrumb"},"inLanguage":"de","potentialAction":[{"@type":"ReadAction","target":["https:\/\/www.canuti.com\/de\/prodotto\/delizie-spargel-und-mandeln\/"]}]},{"@type":"ImageObject","inLanguage":"de","@id":"https:\/\/www.canuti.com\/de\/prodotto\/delizie-spargel-und-mandeln\/#primaryimage","url":"https:\/\/www.canuti.com\/wp-content\/uploads\/2023\/01\/raviolacci.jpg","contentUrl":"https:\/\/www.canuti.com\/wp-content\/uploads\/2023\/01\/raviolacci.jpg","width":800,"height":800,"caption":"pasta fresca artigianale surgelata canuti"},{"@type":"BreadcrumbList","@id":"https:\/\/www.canuti.com\/de\/prodotto\/delizie-spargel-und-mandeln\/#breadcrumb","itemListElement":[{"@type":"ListItem","position":1,"name":"Canuti","item":"https:\/\/www.canuti.com\/de\/"},{"@type":"ListItem","position":2,"name":"Shop","item":"https:\/\/www.canuti.com\/pasta-fresca-surgelata-ristorazione\/"},{"@type":"ListItem","position":3,"name":"Delizie Spargel und Mandeln"}]},{"@type":"WebSite","@id":"https:\/\/www.canuti.com\/de\/#website","url":"https:\/\/www.canuti.com\/de\/","name":"Canuti Sito Ufficiale","description":"Pasta fresca surgelata \u2013 Made in Italy per la ristorazione e il retail","publisher":{"@id":"https:\/\/www.canuti.com\/de\/#organization"},"potentialAction":[{"@type":"SearchAction","target":{"@type":"EntryPoint","urlTemplate":"https:\/\/www.canuti.com\/de\/?s={search_term_string}"},"query-input":{"@type":"PropertyValueSpecification","valueRequired":true,"valueName":"search_term_string"}}],"inLanguage":"de"},{"@type":"Organization","@id":"https:\/\/www.canuti.com\/de\/#organization","name":"Canuti Pasta Artisans","url":"https:\/\/www.canuti.com\/de\/","logo":{"@type":"ImageObject","inLanguage":"de","@id":"https:\/\/www.canuti.com\/de\/#\/schema\/logo\/image\/","url":"http:\/\/www.canuti.com\/wp-content\/uploads\/2019\/09\/canuti_logo.png","contentUrl":"http:\/\/www.canuti.com\/wp-content\/uploads\/2019\/09\/canuti_logo.png","width":172,"height":115,"caption":"Canuti Pasta Artisans"},"image":{"@id":"https:\/\/www.canuti.com\/de\/#\/schema\/logo\/image\/"}}]}},"_links":{"self":[{"href":"https:\/\/www.canuti.com\/de\/wp-json\/wp\/v2\/product\/20073","targetHints":{"allow":["GET"]}}],"collection":[{"href":"https:\/\/www.canuti.com\/de\/wp-json\/wp\/v2\/product"}],"about":[{"href":"https:\/\/www.canuti.com\/de\/wp-json\/wp\/v2\/types\/product"}],"wp:featuredmedia":[{"embeddable":true,"href":"https:\/\/www.canuti.com\/de\/wp-json\/wp\/v2\/media\/24091"}],"wp:attachment":[{"href":"https:\/\/www.canuti.com\/de\/wp-json\/wp\/v2\/media?parent=20073"}],"wp:term":[{"taxonomy":"product_brand","embeddable":true,"href":"https:\/\/www.canuti.com\/de\/wp-json\/wp\/v2\/product_brand?post=20073"},{"taxonomy":"product_cat","embeddable":true,"href":"https:\/\/www.canuti.com\/de\/wp-json\/wp\/v2\/product_cat?post=20073"},{"taxonomy":"product_tag","embeddable":true,"href":"https:\/\/www.canuti.com\/de\/wp-json\/wp\/v2\/product_tag?post=20073"}],"curies":[{"name":"wp","href":"https:\/\/api.w.org\/{rel}","templated":true}]}}