{"id":23563,"date":"2022-12-15T13:29:54","date_gmt":"2022-12-15T13:29:54","guid":{"rendered":"https:\/\/www.canuti.com\/?page_id=23563"},"modified":"2024-07-03T13:16:13","modified_gmt":"2024-07-03T13:16:13","slug":"la-nostra-sfoglia-extra-ruvida","status":"publish","type":"page","link":"https:\/\/www.canuti.com\/de\/la-nostra-sfoglia-extra-ruvida\/","title":{"rendered":"Unsere \u201eSfoglia Extra Ruvida\u201d"},"content":{"rendered":"<div class=\"wpb-content-wrapper\"><p>[vc_row][vc_column][vc_column_text]<\/p>\n<h1><strong>Unsere \u201eSfoglia Extra Ruvida\u201d<\/strong><\/h1>\n<p>[\/vc_column_text][\/vc_column][\/vc_row][vc_row][vc_column width=&#8221;1\/2&#8243;][vc_column_text]Nur den \u201e<strong>Mastri Pastai<\/strong>\u201d von Canuti gelingt es, einen so erstklassigen, einmaligen Nudelteig herzustellen!<br \/>\nDas Bronzeverfahren und die spezielle Verarbeitung mit von Hand geriffelten Walzen verleihen dem Nudelteig die einzigartig raue Oberfl\u00e4chenbeschaffenheit, durch die sich Pasta mit Spitzenqualit\u00e4t aus handwerklicher Herstellung auszeichnet.<br \/>\nUnd die daf\u00fcr sorgt, dass die So\u00dfen und Zutaten nicht mehr auf den Tellergrund abrutschen, sondern so richtig sch\u00f6n an der Nudeloberfl\u00e4che haften bleiben: Gabel f\u00fcr Gabel ein Geschmackserlebnis von h\u00f6chstem Genuss.[\/vc_column_text][\/vc_column][vc_column width=&#8221;1\/2&#8243;][vc_single_image image=&#8221;23774&#8243; img_size=&#8221;full&#8221;][\/vc_column][\/vc_row][vc_row][vc_column][vc_empty_space][\/vc_column][\/vc_row][vc_row][vc_column][vc_single_image image=&#8221;23582&#8243; img_size=&#8221;full&#8221;][\/vc_column][\/vc_row][vc_row][vc_column][vc_empty_space][\/vc_column][\/vc_row]<\/p>\n<\/div>","protected":false},"excerpt":{"rendered":"<p>[vc_row][vc_column][vc_column_text] Unsere \u201eSfoglia Extra Ruvida\u201d [\/vc_column_text][\/vc_column][\/vc_row][vc_row][vc_column width=&#8221;1\/2&#8243;][vc_column_text]Nur den \u201eMastri Pastai\u201d von Canuti gelingt es, einen so erstklassigen, einmaligen Nudelteig herzustellen! Das Bronzeverfahren und die spezielle Verarbeitung mit von Hand geriffelten Walzen verleihen dem Nudelteig die einzigartig raue Oberfl\u00e4chenbeschaffenheit, durch die sich Pasta mit Spitzenqualit\u00e4t aus handwerklicher Herstellung auszeichnet. Und die daf\u00fcr sorgt, dass die So\u00dfen [&hellip;]<\/p>\n","protected":false},"author":1,"featured_media":0,"parent":0,"menu_order":0,"comment_status":"closed","ping_status":"closed","template":"","meta":{"_acf_changed":false,"inline_featured_image":false,"_joinchat":[],"footnotes":""},"class_list":["post-23563","page","type-page","status-publish","hentry"],"acf":[],"yoast_head":"<!-- This site is optimized with the Yoast SEO plugin v25.0 - https:\/\/yoast.com\/wordpress\/plugins\/seo\/ -->\n<title>Das extra grobe Made in Italy-Geb\u00e4ck aus der Canuti-Nudelfabrik<\/title>\n<meta name=\"description\" content=\"Entdecken Sie Canutis extra raues Blatt, die Zutaten, die Formen und alle F\u00fcllungen unserer gefrorenen Frischnudellinien f\u00fcr die Gastronomie.\" \/>\n<meta name=\"robots\" content=\"index, follow, max-snippet:-1, max-image-preview:large, max-video-preview:-1\" \/>\n<link rel=\"canonical\" href=\"https:\/\/www.canuti.com\/de\/la-nostra-sfoglia-extra-ruvida\/\" \/>\n<meta property=\"og:locale\" content=\"de_DE\" \/>\n<meta property=\"og:type\" content=\"article\" \/>\n<meta property=\"og:title\" content=\"Das extra grobe Made in Italy-Geb\u00e4ck aus der Canuti-Nudelfabrik\" \/>\n<meta property=\"og:description\" content=\"Entdecken Sie Canutis extra raues Blatt, die Zutaten, die Formen und alle F\u00fcllungen unserer gefrorenen Frischnudellinien f\u00fcr die Gastronomie.\" \/>\n<meta property=\"og:url\" content=\"https:\/\/www.canuti.com\/de\/la-nostra-sfoglia-extra-ruvida\/\" \/>\n<meta property=\"og:site_name\" content=\"Canuti Sito Ufficiale\" \/>\n<meta property=\"article:modified_time\" content=\"2024-07-03T13:16:13+00:00\" \/>\n<meta name=\"twitter:card\" content=\"summary_large_image\" \/>\n<meta name=\"twitter:label1\" content=\"Gesch\u00e4tzte Lesezeit\" \/>\n\t<meta name=\"twitter:data1\" content=\"1\u00a0Minute\" \/>\n<script type=\"application\/ld+json\" class=\"yoast-schema-graph\">{\"@context\":\"https:\/\/schema.org\",\"@graph\":[{\"@type\":\"WebPage\",\"@id\":\"https:\/\/www.canuti.com\/de\/la-nostra-sfoglia-extra-ruvida\/\",\"url\":\"https:\/\/www.canuti.com\/de\/la-nostra-sfoglia-extra-ruvida\/\",\"name\":\"Das extra grobe Made in Italy-Geb\u00e4ck aus der Canuti-Nudelfabrik\",\"isPartOf\":{\"@id\":\"https:\/\/www.canuti.com\/de\/#website\"},\"datePublished\":\"2022-12-15T13:29:54+00:00\",\"dateModified\":\"2024-07-03T13:16:13+00:00\",\"description\":\"Entdecken Sie Canutis extra raues Blatt, die Zutaten, die Formen und alle F\u00fcllungen unserer gefrorenen Frischnudellinien f\u00fcr die Gastronomie.\",\"breadcrumb\":{\"@id\":\"https:\/\/www.canuti.com\/de\/la-nostra-sfoglia-extra-ruvida\/#breadcrumb\"},\"inLanguage\":\"de\",\"potentialAction\":[{\"@type\":\"ReadAction\",\"target\":[\"https:\/\/www.canuti.com\/de\/la-nostra-sfoglia-extra-ruvida\/\"]}]},{\"@type\":\"BreadcrumbList\",\"@id\":\"https:\/\/www.canuti.com\/de\/la-nostra-sfoglia-extra-ruvida\/#breadcrumb\",\"itemListElement\":[{\"@type\":\"ListItem\",\"position\":1,\"name\":\"Canuti\",\"item\":\"https:\/\/www.canuti.com\/de\/\"},{\"@type\":\"ListItem\",\"position\":2,\"name\":\"Unsere \u201eSfoglia Extra Ruvida\u201d\"}]},{\"@type\":\"WebSite\",\"@id\":\"https:\/\/www.canuti.com\/de\/#website\",\"url\":\"https:\/\/www.canuti.com\/de\/\",\"name\":\"Canuti Sito Ufficiale\",\"description\":\"Pasta fresca surgelata \u2013 Made in Italy per la ristorazione e il retail\",\"publisher\":{\"@id\":\"https:\/\/www.canuti.com\/de\/#organization\"},\"potentialAction\":[{\"@type\":\"SearchAction\",\"target\":{\"@type\":\"EntryPoint\",\"urlTemplate\":\"https:\/\/www.canuti.com\/de\/?s={search_term_string}\"},\"query-input\":{\"@type\":\"PropertyValueSpecification\",\"valueRequired\":true,\"valueName\":\"search_term_string\"}}],\"inLanguage\":\"de\"},{\"@type\":\"Organization\",\"@id\":\"https:\/\/www.canuti.com\/de\/#organization\",\"name\":\"Canuti Pasta Artisans\",\"url\":\"https:\/\/www.canuti.com\/de\/\",\"logo\":{\"@type\":\"ImageObject\",\"inLanguage\":\"de\",\"@id\":\"https:\/\/www.canuti.com\/de\/#\/schema\/logo\/image\/\",\"url\":\"http:\/\/www.canuti.com\/wp-content\/uploads\/2019\/09\/canuti_logo.png\",\"contentUrl\":\"http:\/\/www.canuti.com\/wp-content\/uploads\/2019\/09\/canuti_logo.png\",\"width\":172,\"height\":115,\"caption\":\"Canuti Pasta Artisans\"},\"image\":{\"@id\":\"https:\/\/www.canuti.com\/de\/#\/schema\/logo\/image\/\"}}]}<\/script>\n<!-- \/ Yoast SEO plugin. -->","yoast_head_json":{"title":"Das extra grobe Made in Italy-Geb\u00e4ck aus der Canuti-Nudelfabrik","description":"Entdecken Sie Canutis extra raues Blatt, die Zutaten, die Formen und alle F\u00fcllungen unserer gefrorenen Frischnudellinien f\u00fcr die Gastronomie.","robots":{"index":"index","follow":"follow","max-snippet":"max-snippet:-1","max-image-preview":"max-image-preview:large","max-video-preview":"max-video-preview:-1"},"canonical":"https:\/\/www.canuti.com\/de\/la-nostra-sfoglia-extra-ruvida\/","og_locale":"de_DE","og_type":"article","og_title":"Das extra grobe Made in Italy-Geb\u00e4ck aus der Canuti-Nudelfabrik","og_description":"Entdecken Sie Canutis extra raues Blatt, die Zutaten, die Formen und alle F\u00fcllungen unserer gefrorenen Frischnudellinien f\u00fcr die Gastronomie.","og_url":"https:\/\/www.canuti.com\/de\/la-nostra-sfoglia-extra-ruvida\/","og_site_name":"Canuti Sito Ufficiale","article_modified_time":"2024-07-03T13:16:13+00:00","twitter_card":"summary_large_image","twitter_misc":{"Gesch\u00e4tzte Lesezeit":"1\u00a0Minute"},"schema":{"@context":"https:\/\/schema.org","@graph":[{"@type":"WebPage","@id":"https:\/\/www.canuti.com\/de\/la-nostra-sfoglia-extra-ruvida\/","url":"https:\/\/www.canuti.com\/de\/la-nostra-sfoglia-extra-ruvida\/","name":"Das extra grobe Made in Italy-Geb\u00e4ck aus der Canuti-Nudelfabrik","isPartOf":{"@id":"https:\/\/www.canuti.com\/de\/#website"},"datePublished":"2022-12-15T13:29:54+00:00","dateModified":"2024-07-03T13:16:13+00:00","description":"Entdecken Sie Canutis extra raues Blatt, die Zutaten, die Formen und alle F\u00fcllungen unserer gefrorenen Frischnudellinien f\u00fcr die Gastronomie.","breadcrumb":{"@id":"https:\/\/www.canuti.com\/de\/la-nostra-sfoglia-extra-ruvida\/#breadcrumb"},"inLanguage":"de","potentialAction":[{"@type":"ReadAction","target":["https:\/\/www.canuti.com\/de\/la-nostra-sfoglia-extra-ruvida\/"]}]},{"@type":"BreadcrumbList","@id":"https:\/\/www.canuti.com\/de\/la-nostra-sfoglia-extra-ruvida\/#breadcrumb","itemListElement":[{"@type":"ListItem","position":1,"name":"Canuti","item":"https:\/\/www.canuti.com\/de\/"},{"@type":"ListItem","position":2,"name":"Unsere \u201eSfoglia Extra Ruvida\u201d"}]},{"@type":"WebSite","@id":"https:\/\/www.canuti.com\/de\/#website","url":"https:\/\/www.canuti.com\/de\/","name":"Canuti Sito Ufficiale","description":"Pasta fresca surgelata \u2013 Made in Italy per la ristorazione e il retail","publisher":{"@id":"https:\/\/www.canuti.com\/de\/#organization"},"potentialAction":[{"@type":"SearchAction","target":{"@type":"EntryPoint","urlTemplate":"https:\/\/www.canuti.com\/de\/?s={search_term_string}"},"query-input":{"@type":"PropertyValueSpecification","valueRequired":true,"valueName":"search_term_string"}}],"inLanguage":"de"},{"@type":"Organization","@id":"https:\/\/www.canuti.com\/de\/#organization","name":"Canuti Pasta Artisans","url":"https:\/\/www.canuti.com\/de\/","logo":{"@type":"ImageObject","inLanguage":"de","@id":"https:\/\/www.canuti.com\/de\/#\/schema\/logo\/image\/","url":"http:\/\/www.canuti.com\/wp-content\/uploads\/2019\/09\/canuti_logo.png","contentUrl":"http:\/\/www.canuti.com\/wp-content\/uploads\/2019\/09\/canuti_logo.png","width":172,"height":115,"caption":"Canuti Pasta Artisans"},"image":{"@id":"https:\/\/www.canuti.com\/de\/#\/schema\/logo\/image\/"}}]}},"_links":{"self":[{"href":"https:\/\/www.canuti.com\/de\/wp-json\/wp\/v2\/pages\/23563","targetHints":{"allow":["GET"]}}],"collection":[{"href":"https:\/\/www.canuti.com\/de\/wp-json\/wp\/v2\/pages"}],"about":[{"href":"https:\/\/www.canuti.com\/de\/wp-json\/wp\/v2\/types\/page"}],"author":[{"embeddable":true,"href":"https:\/\/www.canuti.com\/de\/wp-json\/wp\/v2\/users\/1"}],"replies":[{"embeddable":true,"href":"https:\/\/www.canuti.com\/de\/wp-json\/wp\/v2\/comments?post=23563"}],"version-history":[{"count":4,"href":"https:\/\/www.canuti.com\/de\/wp-json\/wp\/v2\/pages\/23563\/revisions"}],"predecessor-version":[{"id":24065,"href":"https:\/\/www.canuti.com\/de\/wp-json\/wp\/v2\/pages\/23563\/revisions\/24065"}],"wp:attachment":[{"href":"https:\/\/www.canuti.com\/de\/wp-json\/wp\/v2\/media?parent=23563"}],"curies":[{"name":"wp","href":"https:\/\/api.w.org\/{rel}","templated":true}]}}