{"id":19317,"date":"2019-10-15T13:40:45","date_gmt":"2019-10-15T13:40:45","guid":{"rendered":"https:\/\/www.canuti.com\/scopri-le-nostre-linee\/"},"modified":"2024-07-03T12:47:44","modified_gmt":"2024-07-03T12:47:44","slug":"entdecken-sie-unsere-produktlinien","status":"publish","type":"page","link":"https:\/\/www.canuti.com\/de\/entdecken-sie-unsere-produktlinien\/","title":{"rendered":"ENTDECKEN SIE UNSERE PRODUKTLINIEN"},"content":{"rendered":"<div class=\"wpb-content-wrapper\"><p>[vc_row][vc_column][cms_heading text=&#8221;Entdecken Sie die Produktlinien mit frischer TK-Pasta von Canuti&#8221; tag=&#8221;h1&#8243; font_size=&#8221;48&#8243; line_height=&#8221;78&#8243; sub_title_position=&#8221;after-title&#8221; el_class=&#8221;page-title&#8221;][vc_column_text el_class=&#8221;page-paragraph-text&#8221;]Ein umfassendes Produktprogramm mit zwei unterschiedlichen, klar definierten Produktlinien \u2013 f\u00fcr ein eher originelles oder eher traditionelles Men\u00fc.[\/vc_column_text][\/vc_column][\/vc_row][vc_row][vc_column width=&#8221;1\/2&#8243;][vc_row_inner][vc_column_inner el_class=&#8221;linee-cards-wrapper&#8221;][cms_fancybox cms_template=&#8221;cms_fancybox&#8211;layout5.php&#8221; btn_text=&#8221;Scopri&#8221; btn_link=&#8221;url:%2Fpasta-fresca-surgelata-ristorazione%2Fle-delizie%2F|||&#8221; item_image=&#8221;6629&#8243; title=&#8221;Extra rauer Top-Nudelteig, extra geschmeidige F\u00fcllung, Gourmet-Rezepte und gro\u00dfformatige Pasta.&#8221;][vc_column_text el_class=&#8221;linee-cards-link&#8221;]<a href=\"\/pasta-fresca-surgelata-ristorazione\/le-delizie\">&#8211;<\/a>[\/vc_column_text][\/vc_column_inner][\/vc_row_inner][cms_fancybox cms_template=&#8221;cms_fancybox&#8211;layout6.php&#8221; title=&#8221;1. Gourmet-Rezepte<br \/>\n2. D\u00fcnner, extra rauer Nudelteig<br \/>\n3. Mehle italienischer Herkunft<br \/>\n4. Eier von H\u00fchnern aus Bodenhaltung<br \/>\n5. Gro\u00dfe Formate und Aussehen wie aus der Handmanufaktur<br \/>\n6. Hoher Anteil an F\u00fcllung<br \/>\n7. Bronzeverfahren&#8221; description=&#8221;Gourmet-Rezepte unserer Chefk\u00f6che, weiche, cremige F\u00fcllungen aus speziell ausgew\u00e4hlten, qualitativ hochwertigsten Rohstoffen wie Burrata aus Apulien, 24 Monate alter Parmigiano Reggiano, Taggiasca-Oliven, sizilianische Garnelen und Rotbarsch.<br \/>\nHochwertiger, mit dem Bronzeverfahren speziell hergestellter Nudelteig, f\u00fcr noch rauere Oberfl\u00e4che und Aussehen wie aus der Handmanufaktur.&#8221; el_class=&#8221;delizie-info&#8221;][cms_button button_text=&#8221;Produktlinie \u201ele Delizie\u201d ansehen&#8221; button_link=&#8221;url:https%3A%2F%2Fwww.canuti.com%2Fde%2Fprodukt-kategorie%2Fle-delizie-de%2F|||&#8221; button_size=&#8221;size-lg&#8221; align_lg=&#8221;align-center&#8221; align_md=&#8221;align-center-md&#8221; align_sm=&#8221;align-center-sm&#8221; align_xs=&#8221;align-center-xs&#8221; el_class=&#8221;delizie-button&#8221;][\/vc_column][vc_column width=&#8221;1\/2&#8243;][vc_row_inner][vc_column_inner el_class=&#8221;linee-cards-wrapper&#8221;][cms_fancybox cms_template=&#8221;cms_fancybox&#8211;layout5.php&#8221; item_image=&#8221;6625&#8243; title=&#8221;Breite Produktpalette mit kurzen und langen Nudeln, Teigtaschen, Gnocchi und Angeboten f\u00fcr die Gastronomie.&#8221;][vc_column_text el_class=&#8221;linee-cards-link&#8221;]<a href=\"\/pasta-fresca-surgelata-ristorazione\/le-classiche\">&#8211;<\/a>[\/vc_column_text][\/vc_column_inner][\/vc_row_inner][cms_fancybox cms_template=&#8221;cms_fancybox&#8211;layout6.php&#8221; title=&#8221;1. Breite Produktpalette<br \/>\n2. Regionale Spezialit\u00e4ten<br \/>\n3. Traditionelle italienische Rezepte<br \/>\n4. Traditionell romagnolischer Nudelteig<br \/>\n5. Mehl aus italienischem Anbau<br \/>\n6. Eier aus Bodenhaltung<br \/>\n7. Auf Bronze gezogener Nudelteig&#8221; description=&#8221;Breite Produktpalette, mit Nudelformaten und F\u00fcllungen in bester italienischer Tradition. Als Grundlage f\u00fcr lange und kurze Nudeln und Teigtaschen dient hochwertiger, mit dem Bronzeverfahrener gezogener Nudelteig. Die F\u00fcllungen bestehen aus nur besten Rohstoffen, die immer tagesfrisch verarbeitet werden und die wir vorzugsweise unverarbeitet einkaufen, um sie dann in unserer K\u00fcche zuzubereiten.&#8221; el_class=&#8221;classiche-info&#8221;][cms_button button_text=&#8221;Produktlinie \u201ele Classiche\u201d ansehen&#8221; button_link=&#8221;url:https%3A%2F%2Fwww.canuti.com%2Fde%2Fprodukt-kategorie%2Fle-classiche-de%2F|||&#8221; button_size=&#8221;size-lg&#8221; align_lg=&#8221;align-center&#8221; align_md=&#8221;align-center-md&#8221; align_sm=&#8221;align-center-sm&#8221; align_xs=&#8221;align-center-xs&#8221; el_class=&#8221;classiche-button&#8221;][\/vc_column][\/vc_row]<\/p>\n<\/div>","protected":false},"excerpt":{"rendered":"<p>[vc_row][vc_column][cms_heading text=&#8221;Entdecken Sie die Produktlinien mit frischer TK-Pasta von Canuti&#8221; tag=&#8221;h1&#8243; font_size=&#8221;48&#8243; line_height=&#8221;78&#8243; sub_title_position=&#8221;after-title&#8221; el_class=&#8221;page-title&#8221;][vc_column_text el_class=&#8221;page-paragraph-text&#8221;]Ein umfassendes Produktprogramm mit zwei unterschiedlichen, klar definierten Produktlinien \u2013 f\u00fcr ein eher originelles oder eher traditionelles Men\u00fc.[\/vc_column_text][\/vc_column][\/vc_row][vc_row][vc_column width=&#8221;1\/2&#8243;][vc_row_inner][vc_column_inner el_class=&#8221;linee-cards-wrapper&#8221;][cms_fancybox cms_template=&#8221;cms_fancybox&#8211;layout5.php&#8221; btn_text=&#8221;Scopri&#8221; btn_link=&#8221;url:%2Fpasta-fresca-surgelata-ristorazione%2Fle-delizie%2F|||&#8221; item_image=&#8221;6629&#8243; title=&#8221;Extra rauer Top-Nudelteig, extra geschmeidige F\u00fcllung, Gourmet-Rezepte und gro\u00dfformatige Pasta.&#8221;][vc_column_text el_class=&#8221;linee-cards-link&#8221;]&#8211;[\/vc_column_text][\/vc_column_inner][\/vc_row_inner][cms_fancybox cms_template=&#8221;cms_fancybox&#8211;layout6.php&#8221; title=&#8221;1. Gourmet-Rezepte 2. D\u00fcnner, [&hellip;]<\/p>\n","protected":false},"author":3,"featured_media":0,"parent":0,"menu_order":0,"comment_status":"closed","ping_status":"closed","template":"","meta":{"_acf_changed":false,"inline_featured_image":false,"_joinchat":[],"footnotes":""},"class_list":["post-19317","page","type-page","status-publish","hentry"],"acf":[],"yoast_head":"<!-- This site is optimized with the Yoast SEO plugin v25.0 - https:\/\/yoast.com\/wordpress\/plugins\/seo\/ -->\n<title>Canuti gefrorene frische Pasta-Linien: Delikatessen und Klassiker<\/title>\n<meta name=\"description\" content=\"Frisch gefrorene Nudellinien f\u00fcr die Gastronomie, hergestellt in Italien von Canuti. Entdecken Sie die K\u00f6stlichkeiten und die Klassiker.\" \/>\n<meta name=\"robots\" content=\"index, follow, max-snippet:-1, max-image-preview:large, max-video-preview:-1\" \/>\n<link rel=\"canonical\" href=\"https:\/\/www.canuti.com\/de\/entdecken-sie-unsere-produktlinien\/\" \/>\n<meta property=\"og:locale\" content=\"de_DE\" \/>\n<meta property=\"og:type\" content=\"article\" \/>\n<meta property=\"og:title\" content=\"Canuti gefrorene frische Pasta-Linien: Delikatessen und Klassiker\" \/>\n<meta property=\"og:description\" content=\"Frisch gefrorene Nudellinien f\u00fcr die Gastronomie, hergestellt in Italien von Canuti. Entdecken Sie die K\u00f6stlichkeiten und die Klassiker.\" \/>\n<meta property=\"og:url\" content=\"https:\/\/www.canuti.com\/de\/entdecken-sie-unsere-produktlinien\/\" \/>\n<meta property=\"og:site_name\" content=\"Canuti Sito Ufficiale\" \/>\n<meta property=\"article:modified_time\" content=\"2024-07-03T12:47:44+00:00\" \/>\n<meta name=\"twitter:card\" content=\"summary_large_image\" \/>\n<meta name=\"twitter:label1\" content=\"Gesch\u00e4tzte Lesezeit\" \/>\n\t<meta name=\"twitter:data1\" content=\"2\u00a0Minuten\" \/>\n<script type=\"application\/ld+json\" class=\"yoast-schema-graph\">{\"@context\":\"https:\/\/schema.org\",\"@graph\":[{\"@type\":\"WebPage\",\"@id\":\"https:\/\/www.canuti.com\/de\/entdecken-sie-unsere-produktlinien\/\",\"url\":\"https:\/\/www.canuti.com\/de\/entdecken-sie-unsere-produktlinien\/\",\"name\":\"Canuti gefrorene frische Pasta-Linien: Delikatessen und Klassiker\",\"isPartOf\":{\"@id\":\"https:\/\/www.canuti.com\/de\/#website\"},\"datePublished\":\"2019-10-15T13:40:45+00:00\",\"dateModified\":\"2024-07-03T12:47:44+00:00\",\"description\":\"Frisch gefrorene Nudellinien f\u00fcr die Gastronomie, hergestellt in Italien von Canuti. Entdecken Sie die K\u00f6stlichkeiten und die Klassiker.\",\"breadcrumb\":{\"@id\":\"https:\/\/www.canuti.com\/de\/entdecken-sie-unsere-produktlinien\/#breadcrumb\"},\"inLanguage\":\"de\",\"potentialAction\":[{\"@type\":\"ReadAction\",\"target\":[\"https:\/\/www.canuti.com\/de\/entdecken-sie-unsere-produktlinien\/\"]}]},{\"@type\":\"BreadcrumbList\",\"@id\":\"https:\/\/www.canuti.com\/de\/entdecken-sie-unsere-produktlinien\/#breadcrumb\",\"itemListElement\":[{\"@type\":\"ListItem\",\"position\":1,\"name\":\"Canuti\",\"item\":\"https:\/\/www.canuti.com\/de\/\"},{\"@type\":\"ListItem\",\"position\":2,\"name\":\"ENTDECKEN SIE UNSERE PRODUKTLINIEN\"}]},{\"@type\":\"WebSite\",\"@id\":\"https:\/\/www.canuti.com\/de\/#website\",\"url\":\"https:\/\/www.canuti.com\/de\/\",\"name\":\"Canuti Sito Ufficiale\",\"description\":\"Pasta fresca surgelata \u2013 Made in Italy per la ristorazione e il retail\",\"publisher\":{\"@id\":\"https:\/\/www.canuti.com\/de\/#organization\"},\"potentialAction\":[{\"@type\":\"SearchAction\",\"target\":{\"@type\":\"EntryPoint\",\"urlTemplate\":\"https:\/\/www.canuti.com\/de\/?s={search_term_string}\"},\"query-input\":{\"@type\":\"PropertyValueSpecification\",\"valueRequired\":true,\"valueName\":\"search_term_string\"}}],\"inLanguage\":\"de\"},{\"@type\":\"Organization\",\"@id\":\"https:\/\/www.canuti.com\/de\/#organization\",\"name\":\"Canuti Pasta Artisans\",\"url\":\"https:\/\/www.canuti.com\/de\/\",\"logo\":{\"@type\":\"ImageObject\",\"inLanguage\":\"de\",\"@id\":\"https:\/\/www.canuti.com\/de\/#\/schema\/logo\/image\/\",\"url\":\"http:\/\/www.canuti.com\/wp-content\/uploads\/2019\/09\/canuti_logo.png\",\"contentUrl\":\"http:\/\/www.canuti.com\/wp-content\/uploads\/2019\/09\/canuti_logo.png\",\"width\":172,\"height\":115,\"caption\":\"Canuti Pasta Artisans\"},\"image\":{\"@id\":\"https:\/\/www.canuti.com\/de\/#\/schema\/logo\/image\/\"}}]}<\/script>\n<!-- \/ Yoast SEO plugin. -->","yoast_head_json":{"title":"Canuti gefrorene frische Pasta-Linien: Delikatessen und Klassiker","description":"Frisch gefrorene Nudellinien f\u00fcr die Gastronomie, hergestellt in Italien von Canuti. Entdecken Sie die K\u00f6stlichkeiten und die Klassiker.","robots":{"index":"index","follow":"follow","max-snippet":"max-snippet:-1","max-image-preview":"max-image-preview:large","max-video-preview":"max-video-preview:-1"},"canonical":"https:\/\/www.canuti.com\/de\/entdecken-sie-unsere-produktlinien\/","og_locale":"de_DE","og_type":"article","og_title":"Canuti gefrorene frische Pasta-Linien: Delikatessen und Klassiker","og_description":"Frisch gefrorene Nudellinien f\u00fcr die Gastronomie, hergestellt in Italien von Canuti. Entdecken Sie die K\u00f6stlichkeiten und die Klassiker.","og_url":"https:\/\/www.canuti.com\/de\/entdecken-sie-unsere-produktlinien\/","og_site_name":"Canuti Sito Ufficiale","article_modified_time":"2024-07-03T12:47:44+00:00","twitter_card":"summary_large_image","twitter_misc":{"Gesch\u00e4tzte Lesezeit":"2\u00a0Minuten"},"schema":{"@context":"https:\/\/schema.org","@graph":[{"@type":"WebPage","@id":"https:\/\/www.canuti.com\/de\/entdecken-sie-unsere-produktlinien\/","url":"https:\/\/www.canuti.com\/de\/entdecken-sie-unsere-produktlinien\/","name":"Canuti gefrorene frische Pasta-Linien: Delikatessen und Klassiker","isPartOf":{"@id":"https:\/\/www.canuti.com\/de\/#website"},"datePublished":"2019-10-15T13:40:45+00:00","dateModified":"2024-07-03T12:47:44+00:00","description":"Frisch gefrorene Nudellinien f\u00fcr die Gastronomie, hergestellt in Italien von Canuti. Entdecken Sie die K\u00f6stlichkeiten und die Klassiker.","breadcrumb":{"@id":"https:\/\/www.canuti.com\/de\/entdecken-sie-unsere-produktlinien\/#breadcrumb"},"inLanguage":"de","potentialAction":[{"@type":"ReadAction","target":["https:\/\/www.canuti.com\/de\/entdecken-sie-unsere-produktlinien\/"]}]},{"@type":"BreadcrumbList","@id":"https:\/\/www.canuti.com\/de\/entdecken-sie-unsere-produktlinien\/#breadcrumb","itemListElement":[{"@type":"ListItem","position":1,"name":"Canuti","item":"https:\/\/www.canuti.com\/de\/"},{"@type":"ListItem","position":2,"name":"ENTDECKEN SIE UNSERE PRODUKTLINIEN"}]},{"@type":"WebSite","@id":"https:\/\/www.canuti.com\/de\/#website","url":"https:\/\/www.canuti.com\/de\/","name":"Canuti Sito Ufficiale","description":"Pasta fresca surgelata \u2013 Made in Italy per la ristorazione e il retail","publisher":{"@id":"https:\/\/www.canuti.com\/de\/#organization"},"potentialAction":[{"@type":"SearchAction","target":{"@type":"EntryPoint","urlTemplate":"https:\/\/www.canuti.com\/de\/?s={search_term_string}"},"query-input":{"@type":"PropertyValueSpecification","valueRequired":true,"valueName":"search_term_string"}}],"inLanguage":"de"},{"@type":"Organization","@id":"https:\/\/www.canuti.com\/de\/#organization","name":"Canuti Pasta Artisans","url":"https:\/\/www.canuti.com\/de\/","logo":{"@type":"ImageObject","inLanguage":"de","@id":"https:\/\/www.canuti.com\/de\/#\/schema\/logo\/image\/","url":"http:\/\/www.canuti.com\/wp-content\/uploads\/2019\/09\/canuti_logo.png","contentUrl":"http:\/\/www.canuti.com\/wp-content\/uploads\/2019\/09\/canuti_logo.png","width":172,"height":115,"caption":"Canuti Pasta Artisans"},"image":{"@id":"https:\/\/www.canuti.com\/de\/#\/schema\/logo\/image\/"}}]}},"_links":{"self":[{"href":"https:\/\/www.canuti.com\/de\/wp-json\/wp\/v2\/pages\/19317","targetHints":{"allow":["GET"]}}],"collection":[{"href":"https:\/\/www.canuti.com\/de\/wp-json\/wp\/v2\/pages"}],"about":[{"href":"https:\/\/www.canuti.com\/de\/wp-json\/wp\/v2\/types\/page"}],"author":[{"embeddable":true,"href":"https:\/\/www.canuti.com\/de\/wp-json\/wp\/v2\/users\/3"}],"replies":[{"embeddable":true,"href":"https:\/\/www.canuti.com\/de\/wp-json\/wp\/v2\/comments?post=19317"}],"version-history":[{"count":6,"href":"https:\/\/www.canuti.com\/de\/wp-json\/wp\/v2\/pages\/19317\/revisions"}],"predecessor-version":[{"id":25653,"href":"https:\/\/www.canuti.com\/de\/wp-json\/wp\/v2\/pages\/19317\/revisions\/25653"}],"wp:attachment":[{"href":"https:\/\/www.canuti.com\/de\/wp-json\/wp\/v2\/media?parent=19317"}],"curies":[{"name":"wp","href":"https:\/\/api.w.org\/{rel}","templated":true}]}}