{"id":19308,"date":"2019-09-13T07:07:41","date_gmt":"2019-09-13T07:07:41","guid":{"rendered":"https:\/\/www.canuti.com\/perche-surgelato\/"},"modified":"2024-07-03T12:51:36","modified_gmt":"2024-07-03T12:51:36","slug":"warum-tiefkuehlpasta","status":"publish","type":"page","link":"https:\/\/www.canuti.com\/de\/warum-tiefkuehlpasta\/","title":{"rendered":"Warum Tiefk\u00fchlpasta?"},"content":{"rendered":"<div class=\"wpb-content-wrapper\"><p>[vc_row][vc_column][cms_heading text=&#8221;Warum Tiefk\u00fchlpasta?&#8221; tag=&#8221;h1&#8243; font_size=&#8221;48&#8243; line_height=&#8221;52&#8243; sub_title_position=&#8221;after-title&#8221; el_class=&#8221;page-title&#8221; margin_top=&#8221;20&#8243;][vc_column_text el_class=&#8221;page-paragraph-text&#8221;]Weil Tiefk\u00fchlung <strong>die einzige Methode ist, mit der sich frische Pasta auf nat\u00fcrliche Weise und \u00fcber lange Zeit aufbewahren l\u00e4sst.<\/strong><br \/>\nFrischnudeln von Canuti werden mit dem Bronzeverfahren gezogen, geformt, pasteurisiert und dann mit dem <strong>IQF-Verfahren<\/strong> (Individual Quick Frozen) eingefroren \u2013 und das alles in einem einzigen, z\u00fcgigen Produktionszyklus.[\/vc_column_text][vc_empty_space height=&#8221;16px&#8221;][cms_banner cms_template=&#8221;cms_banner&#8211;layout1.php&#8221; content_position=&#8221;left&#8221; banner_image=&#8221;16626&#8243; title=&#8221;F\u00fcnf \u00fcberzeugende Argumente f\u00fcr TK-Pasta&#8221; description=&#8221;1. Haltbarkeit: 18 Monate bei -18\u00b0C (0\u00b0F)<br \/>\n2. Unver\u00e4nderte organoleptische Eigenschaften (Geruch, Geschmack und Farbe) und Lebensmittelqualit\u00e4t \u00fcber die gesamte Aufbewahrungszeit und ganz ohne Konservierungsstoffe<br \/>\n3. Dank IQF l\u00e4sst sich immer die Produktmenge aus dem Beutel entnehmen, die f\u00fcr die Zubereitung erforderlich ist<br \/>\n4. Aus dem Tiefk\u00fchler direkt zum Garen<br \/>\n5. Food-Cost-Kontrolle: weniger Vergeudung und weniger h\u00e4ufiges Nachbestellen im Vergleich zu nicht tiefgek\u00fchlter frischer Pasta. &#8220;][vc_empty_space height=&#8221;40px&#8221;][vc_single_image image=&#8221;4608&#8243; img_size=&#8221;240&#215;240&#8243; alignment=&#8221;center&#8221;][\/vc_column][\/vc_row]<\/p>\n<\/div>","protected":false},"excerpt":{"rendered":"<p>[vc_row][vc_column][cms_heading text=&#8221;Warum Tiefk\u00fchlpasta?&#8221; tag=&#8221;h1&#8243; font_size=&#8221;48&#8243; line_height=&#8221;52&#8243; sub_title_position=&#8221;after-title&#8221; el_class=&#8221;page-title&#8221; margin_top=&#8221;20&#8243;][vc_column_text el_class=&#8221;page-paragraph-text&#8221;]Weil Tiefk\u00fchlung die einzige Methode ist, mit der sich frische Pasta auf nat\u00fcrliche Weise und \u00fcber lange Zeit aufbewahren l\u00e4sst. Frischnudeln von Canuti werden mit dem Bronzeverfahren gezogen, geformt, pasteurisiert und dann mit dem IQF-Verfahren (Individual Quick Frozen) eingefroren \u2013 und das alles in einem einzigen, [&hellip;]<\/p>\n","protected":false},"author":1,"featured_media":0,"parent":0,"menu_order":0,"comment_status":"closed","ping_status":"closed","template":"","meta":{"_acf_changed":false,"inline_featured_image":false,"_joinchat":[],"footnotes":""},"class_list":["post-19308","page","type-page","status-publish","hentry"],"acf":[],"yoast_head":"<!-- This site is optimized with the Yoast SEO plugin v25.0 - https:\/\/yoast.com\/wordpress\/plugins\/seo\/ -->\n<title>Canuti Frozen Pasta zur nat\u00fcrlichen Konservierung<\/title>\n<meta name=\"description\" content=\"Gefrorene Nudeln bleiben nat\u00fcrlich und lange haltbar. Canuti Tradizione Italiana ist seit 1980 ein Pionier im Gefrieren.\" \/>\n<meta name=\"robots\" content=\"index, follow, max-snippet:-1, max-image-preview:large, max-video-preview:-1\" \/>\n<link rel=\"canonical\" href=\"https:\/\/www.canuti.com\/de\/warum-tiefkuehlpasta\/\" \/>\n<meta property=\"og:locale\" content=\"de_DE\" \/>\n<meta property=\"og:type\" content=\"article\" \/>\n<meta property=\"og:title\" content=\"Canuti Frozen Pasta zur nat\u00fcrlichen Konservierung\" \/>\n<meta property=\"og:description\" content=\"Gefrorene Nudeln bleiben nat\u00fcrlich und lange haltbar. Canuti Tradizione Italiana ist seit 1980 ein Pionier im Gefrieren.\" \/>\n<meta property=\"og:url\" content=\"https:\/\/www.canuti.com\/de\/warum-tiefkuehlpasta\/\" \/>\n<meta property=\"og:site_name\" content=\"Canuti Sito Ufficiale\" \/>\n<meta property=\"article:modified_time\" content=\"2024-07-03T12:51:36+00:00\" \/>\n<meta name=\"twitter:card\" content=\"summary_large_image\" \/>\n<meta name=\"twitter:label1\" content=\"Gesch\u00e4tzte Lesezeit\" \/>\n\t<meta name=\"twitter:data1\" content=\"1\u00a0Minute\" \/>\n<script type=\"application\/ld+json\" class=\"yoast-schema-graph\">{\"@context\":\"https:\/\/schema.org\",\"@graph\":[{\"@type\":\"WebPage\",\"@id\":\"https:\/\/www.canuti.com\/de\/warum-tiefkuehlpasta\/\",\"url\":\"https:\/\/www.canuti.com\/de\/warum-tiefkuehlpasta\/\",\"name\":\"Canuti Frozen Pasta zur nat\u00fcrlichen Konservierung\",\"isPartOf\":{\"@id\":\"https:\/\/www.canuti.com\/de\/#website\"},\"datePublished\":\"2019-09-13T07:07:41+00:00\",\"dateModified\":\"2024-07-03T12:51:36+00:00\",\"description\":\"Gefrorene Nudeln bleiben nat\u00fcrlich und lange haltbar. Canuti Tradizione Italiana ist seit 1980 ein Pionier im Gefrieren.\",\"breadcrumb\":{\"@id\":\"https:\/\/www.canuti.com\/de\/warum-tiefkuehlpasta\/#breadcrumb\"},\"inLanguage\":\"de\",\"potentialAction\":[{\"@type\":\"ReadAction\",\"target\":[\"https:\/\/www.canuti.com\/de\/warum-tiefkuehlpasta\/\"]}]},{\"@type\":\"BreadcrumbList\",\"@id\":\"https:\/\/www.canuti.com\/de\/warum-tiefkuehlpasta\/#breadcrumb\",\"itemListElement\":[{\"@type\":\"ListItem\",\"position\":1,\"name\":\"Canuti\",\"item\":\"https:\/\/www.canuti.com\/de\/\"},{\"@type\":\"ListItem\",\"position\":2,\"name\":\"Warum Tiefk\u00fchlpasta?\"}]},{\"@type\":\"WebSite\",\"@id\":\"https:\/\/www.canuti.com\/de\/#website\",\"url\":\"https:\/\/www.canuti.com\/de\/\",\"name\":\"Canuti Sito Ufficiale\",\"description\":\"Pasta fresca surgelata \u2013 Made in Italy per la ristorazione e il retail\",\"publisher\":{\"@id\":\"https:\/\/www.canuti.com\/de\/#organization\"},\"potentialAction\":[{\"@type\":\"SearchAction\",\"target\":{\"@type\":\"EntryPoint\",\"urlTemplate\":\"https:\/\/www.canuti.com\/de\/?s={search_term_string}\"},\"query-input\":{\"@type\":\"PropertyValueSpecification\",\"valueRequired\":true,\"valueName\":\"search_term_string\"}}],\"inLanguage\":\"de\"},{\"@type\":\"Organization\",\"@id\":\"https:\/\/www.canuti.com\/de\/#organization\",\"name\":\"Canuti Pasta Artisans\",\"url\":\"https:\/\/www.canuti.com\/de\/\",\"logo\":{\"@type\":\"ImageObject\",\"inLanguage\":\"de\",\"@id\":\"https:\/\/www.canuti.com\/de\/#\/schema\/logo\/image\/\",\"url\":\"http:\/\/www.canuti.com\/wp-content\/uploads\/2019\/09\/canuti_logo.png\",\"contentUrl\":\"http:\/\/www.canuti.com\/wp-content\/uploads\/2019\/09\/canuti_logo.png\",\"width\":172,\"height\":115,\"caption\":\"Canuti Pasta Artisans\"},\"image\":{\"@id\":\"https:\/\/www.canuti.com\/de\/#\/schema\/logo\/image\/\"}}]}<\/script>\n<!-- \/ Yoast SEO plugin. -->","yoast_head_json":{"title":"Canuti Frozen Pasta zur nat\u00fcrlichen Konservierung","description":"Gefrorene Nudeln bleiben nat\u00fcrlich und lange haltbar. Canuti Tradizione Italiana ist seit 1980 ein Pionier im Gefrieren.","robots":{"index":"index","follow":"follow","max-snippet":"max-snippet:-1","max-image-preview":"max-image-preview:large","max-video-preview":"max-video-preview:-1"},"canonical":"https:\/\/www.canuti.com\/de\/warum-tiefkuehlpasta\/","og_locale":"de_DE","og_type":"article","og_title":"Canuti Frozen Pasta zur nat\u00fcrlichen Konservierung","og_description":"Gefrorene Nudeln bleiben nat\u00fcrlich und lange haltbar. Canuti Tradizione Italiana ist seit 1980 ein Pionier im Gefrieren.","og_url":"https:\/\/www.canuti.com\/de\/warum-tiefkuehlpasta\/","og_site_name":"Canuti Sito Ufficiale","article_modified_time":"2024-07-03T12:51:36+00:00","twitter_card":"summary_large_image","twitter_misc":{"Gesch\u00e4tzte Lesezeit":"1\u00a0Minute"},"schema":{"@context":"https:\/\/schema.org","@graph":[{"@type":"WebPage","@id":"https:\/\/www.canuti.com\/de\/warum-tiefkuehlpasta\/","url":"https:\/\/www.canuti.com\/de\/warum-tiefkuehlpasta\/","name":"Canuti Frozen Pasta zur nat\u00fcrlichen Konservierung","isPartOf":{"@id":"https:\/\/www.canuti.com\/de\/#website"},"datePublished":"2019-09-13T07:07:41+00:00","dateModified":"2024-07-03T12:51:36+00:00","description":"Gefrorene Nudeln bleiben nat\u00fcrlich und lange haltbar. Canuti Tradizione Italiana ist seit 1980 ein Pionier im Gefrieren.","breadcrumb":{"@id":"https:\/\/www.canuti.com\/de\/warum-tiefkuehlpasta\/#breadcrumb"},"inLanguage":"de","potentialAction":[{"@type":"ReadAction","target":["https:\/\/www.canuti.com\/de\/warum-tiefkuehlpasta\/"]}]},{"@type":"BreadcrumbList","@id":"https:\/\/www.canuti.com\/de\/warum-tiefkuehlpasta\/#breadcrumb","itemListElement":[{"@type":"ListItem","position":1,"name":"Canuti","item":"https:\/\/www.canuti.com\/de\/"},{"@type":"ListItem","position":2,"name":"Warum Tiefk\u00fchlpasta?"}]},{"@type":"WebSite","@id":"https:\/\/www.canuti.com\/de\/#website","url":"https:\/\/www.canuti.com\/de\/","name":"Canuti Sito Ufficiale","description":"Pasta fresca surgelata \u2013 Made in Italy per la ristorazione e il retail","publisher":{"@id":"https:\/\/www.canuti.com\/de\/#organization"},"potentialAction":[{"@type":"SearchAction","target":{"@type":"EntryPoint","urlTemplate":"https:\/\/www.canuti.com\/de\/?s={search_term_string}"},"query-input":{"@type":"PropertyValueSpecification","valueRequired":true,"valueName":"search_term_string"}}],"inLanguage":"de"},{"@type":"Organization","@id":"https:\/\/www.canuti.com\/de\/#organization","name":"Canuti Pasta Artisans","url":"https:\/\/www.canuti.com\/de\/","logo":{"@type":"ImageObject","inLanguage":"de","@id":"https:\/\/www.canuti.com\/de\/#\/schema\/logo\/image\/","url":"http:\/\/www.canuti.com\/wp-content\/uploads\/2019\/09\/canuti_logo.png","contentUrl":"http:\/\/www.canuti.com\/wp-content\/uploads\/2019\/09\/canuti_logo.png","width":172,"height":115,"caption":"Canuti Pasta Artisans"},"image":{"@id":"https:\/\/www.canuti.com\/de\/#\/schema\/logo\/image\/"}}]}},"_links":{"self":[{"href":"https:\/\/www.canuti.com\/de\/wp-json\/wp\/v2\/pages\/19308","targetHints":{"allow":["GET"]}}],"collection":[{"href":"https:\/\/www.canuti.com\/de\/wp-json\/wp\/v2\/pages"}],"about":[{"href":"https:\/\/www.canuti.com\/de\/wp-json\/wp\/v2\/types\/page"}],"author":[{"embeddable":true,"href":"https:\/\/www.canuti.com\/de\/wp-json\/wp\/v2\/users\/1"}],"replies":[{"embeddable":true,"href":"https:\/\/www.canuti.com\/de\/wp-json\/wp\/v2\/comments?post=19308"}],"version-history":[{"count":3,"href":"https:\/\/www.canuti.com\/de\/wp-json\/wp\/v2\/pages\/19308\/revisions"}],"predecessor-version":[{"id":19311,"href":"https:\/\/www.canuti.com\/de\/wp-json\/wp\/v2\/pages\/19308\/revisions\/19311"}],"wp:attachment":[{"href":"https:\/\/www.canuti.com\/de\/wp-json\/wp\/v2\/media?parent=19308"}],"curies":[{"name":"wp","href":"https:\/\/api.w.org\/{rel}","templated":true}]}}