{"id":19304,"date":"2019-09-15T13:06:08","date_gmt":"2019-09-15T13:06:08","guid":{"rendered":"https:\/\/www.canuti.com\/richiedi-ricetta\/"},"modified":"2023-08-22T10:02:12","modified_gmt":"2023-08-22T10:02:12","slug":"benoetigen-sie-hilfe","status":"publish","type":"page","link":"https:\/\/www.canuti.com\/de\/benoetigen-sie-hilfe\/","title":{"rendered":"Ben\u00f6tigen Sie Hilfe?"},"content":{"rendered":"<div class=\"wpb-content-wrapper\"><p>[vc_row][vc_column][vc_single_image image=&#8221;24749&#8243; img_size=&#8221;full&#8221; alignment=&#8221;center&#8221; css=&#8221;.vc_custom_1692698526341{background-color: #ffffff !important;}&#8221;][\/vc_column][\/vc_row][vc_row full_width=&#8221;stretch_row&#8221; css=&#8221;.vc_custom_1574630890701{padding-bottom: 40px !important;}&#8221;][vc_column width=&#8221;2\/3&#8243;][cms_heading text=&#8221;Ben\u00f6tigen Sie Hilfe?&#8221; tag=&#8221;h1&#8243; font_size=&#8221;48&#8243; line_height=&#8221;52&#8243; sub_title_position=&#8221;after-title&#8221; el_class=&#8221;page-title&#8221;][vc_column_text el_class=&#8221;page-paragraph-text&#8221;]<strong>&#8220;Chefs4You\u201d ist ein Team von Chefk\u00f6chen von Canuti, die Ihnen online bei der Zubereitung von Gerichten und perfekten Men\u00fcs helfen. Unsere Chefk\u00f6che sind erreichbar \u00fcber Whatsapp oder per E-Mail auf <strong>www.canuti.com<\/strong> um Ihnen auf all Ihre Fragen zu den Spezialit\u00e4ten von Canuti Antwort zu geben.[\/vc_column_text][cms_heading text=&#8221;Wie k\u00f6nnen Ihnen unsere Chefk\u00f6che helfen?&#8221; tag=&#8221;h2&#8243; font_size=&#8221;24&#8243; line_height=&#8221;38&#8243; sub_title_position=&#8221;after-title&#8221; el_class=&#8221;page-subtitle&#8221;][vc_column_text el_class=&#8221;page-paragraph-text&#8221;]<\/strong><\/p>\n<ul>\n<li>Exklusive Rezepte von Canuti und Kombinationen<\/li>\n<li>Zubereitungstipps<\/li>\n<li>Detaillierte Informationen zu den Produkten<\/li>\n<li>Gro\u00dfh\u00e4ndler und Verkaufspunkte f\u00fcr Pasta von Canuti<\/li>\n<\/ul>\n<p>[\/vc_column_text][vc_separator][cms_heading text=&#8221;Ab heute sind unsere Chefk\u00f6che auch auf Whatsapp f\u00fcr Sie da!&#8221; tag=&#8221;h2&#8243; font_size=&#8221;24&#8243; line_height=&#8221;38&#8243; sub_title_position=&#8221;after-title&#8221; el_class=&#8221;page-subtitle&#8221;][vc_single_image image=&#8221;11636&#8243; img_size=&#8221;full&#8221;][vc_column_text el_class=&#8221;page-paragraph-text&#8221;]Chatten auf Whatsapp ist von Montag bis Freitag, immer von 8.30 bis 17.30 Uhr m\u00f6glich.[\/vc_column_text][vc_separator][\/vc_column][vc_column width=&#8221;1\/3&#8243;][vc_empty_space height=&#8221;40px&#8221;][cms_contact_form id=&#8221;8947&#8243; box_content=&#8221;cms-box&#8221; el_title=&#8221;Fragen Sie den Chefkoch nach einem Rezept!&#8221; el_desc=&#8221;Geben Sie Ihre Daten ein und fragen Sie nach einem Rezept, unter Angabe, f\u00fcr welches Canuti-Produkt Sie es w\u00fcnschen. Sie k\u00f6nnen uns aber auch nach Infos zu Verbindungen mit anderen Gerichten\/Zutaten, zu den Produkten, Linien oder Gro\u00dfh\u00e4ndlern fragen. Wir antworten Ihnen baldm\u00f6glichst!&#8221;][\/vc_column][\/vc_row]<\/p>\n<\/div>","protected":false},"excerpt":{"rendered":"<p>[vc_row][vc_column][vc_single_image image=&#8221;24749&#8243; img_size=&#8221;full&#8221; alignment=&#8221;center&#8221; css=&#8221;.vc_custom_1692698526341{background-color: #ffffff !important;}&#8221;][\/vc_column][\/vc_row][vc_row full_width=&#8221;stretch_row&#8221; css=&#8221;.vc_custom_1574630890701{padding-bottom: 40px !important;}&#8221;][vc_column width=&#8221;2\/3&#8243;][cms_heading text=&#8221;Ben\u00f6tigen Sie Hilfe?&#8221; tag=&#8221;h1&#8243; font_size=&#8221;48&#8243; line_height=&#8221;52&#8243; sub_title_position=&#8221;after-title&#8221; el_class=&#8221;page-title&#8221;][vc_column_text el_class=&#8221;page-paragraph-text&#8221;]&#8220;Chefs4You\u201d ist ein Team von Chefk\u00f6chen von Canuti, die Ihnen online bei der Zubereitung von Gerichten und perfekten Men\u00fcs helfen. Unsere Chefk\u00f6che sind erreichbar \u00fcber Whatsapp oder per E-Mail auf www.canuti.com um Ihnen auf all [&hellip;]<\/p>\n","protected":false},"author":1,"featured_media":0,"parent":0,"menu_order":0,"comment_status":"closed","ping_status":"closed","template":"","meta":{"_acf_changed":false,"inline_featured_image":false,"_joinchat":[],"footnotes":""},"class_list":["post-19304","page","type-page","status-publish","hentry"],"acf":[],"yoast_head":"<!-- This site is optimized with the Yoast SEO plugin v25.0 - https:\/\/yoast.com\/wordpress\/plugins\/seo\/ -->\n<title>Richiedi Ricetta \u00e8 l&#039;aiuto degli chef Canuti per servire piatti unici e originali<\/title>\n<meta name=\"description\" content=\"Richiedi Ricetta \u00e8 la formula perfetta per impressionare con piatti e men\u00f9 unici della tradizione. Chefs4You \u00e8 il nostro team di chef.\" \/>\n<meta name=\"robots\" content=\"index, follow, max-snippet:-1, max-image-preview:large, max-video-preview:-1\" \/>\n<link rel=\"canonical\" href=\"https:\/\/www.canuti.com\/de\/benoetigen-sie-hilfe\/\" \/>\n<meta property=\"og:locale\" content=\"de_DE\" \/>\n<meta property=\"og:type\" content=\"article\" \/>\n<meta property=\"og:title\" content=\"Richiedi Ricetta \u00e8 l&#039;aiuto degli chef Canuti per servire piatti unici e originali\" \/>\n<meta property=\"og:description\" content=\"Richiedi Ricetta \u00e8 la formula perfetta per impressionare con piatti e men\u00f9 unici della tradizione. Chefs4You \u00e8 il nostro team di chef.\" \/>\n<meta property=\"og:url\" content=\"https:\/\/www.canuti.com\/de\/benoetigen-sie-hilfe\/\" \/>\n<meta property=\"og:site_name\" content=\"Canuti Sito Ufficiale\" \/>\n<meta property=\"article:modified_time\" content=\"2023-08-22T10:02:12+00:00\" \/>\n<meta name=\"twitter:card\" content=\"summary_large_image\" \/>\n<meta name=\"twitter:label1\" content=\"Gesch\u00e4tzte Lesezeit\" \/>\n\t<meta name=\"twitter:data1\" content=\"1\u00a0Minute\" \/>\n<script type=\"application\/ld+json\" class=\"yoast-schema-graph\">{\"@context\":\"https:\/\/schema.org\",\"@graph\":[{\"@type\":\"WebPage\",\"@id\":\"https:\/\/www.canuti.com\/de\/benoetigen-sie-hilfe\/\",\"url\":\"https:\/\/www.canuti.com\/de\/benoetigen-sie-hilfe\/\",\"name\":\"Richiedi Ricetta \u00e8 l'aiuto degli chef Canuti per servire piatti unici e originali\",\"isPartOf\":{\"@id\":\"https:\/\/www.canuti.com\/de\/#website\"},\"datePublished\":\"2019-09-15T13:06:08+00:00\",\"dateModified\":\"2023-08-22T10:02:12+00:00\",\"description\":\"Richiedi Ricetta \u00e8 la formula perfetta per impressionare con piatti e men\u00f9 unici della tradizione. Chefs4You \u00e8 il nostro team di chef.\",\"breadcrumb\":{\"@id\":\"https:\/\/www.canuti.com\/de\/benoetigen-sie-hilfe\/#breadcrumb\"},\"inLanguage\":\"de\",\"potentialAction\":[{\"@type\":\"ReadAction\",\"target\":[\"https:\/\/www.canuti.com\/de\/benoetigen-sie-hilfe\/\"]}]},{\"@type\":\"BreadcrumbList\",\"@id\":\"https:\/\/www.canuti.com\/de\/benoetigen-sie-hilfe\/#breadcrumb\",\"itemListElement\":[{\"@type\":\"ListItem\",\"position\":1,\"name\":\"Canuti\",\"item\":\"https:\/\/www.canuti.com\/de\/\"},{\"@type\":\"ListItem\",\"position\":2,\"name\":\"Ben\u00f6tigen Sie Hilfe?\"}]},{\"@type\":\"WebSite\",\"@id\":\"https:\/\/www.canuti.com\/de\/#website\",\"url\":\"https:\/\/www.canuti.com\/de\/\",\"name\":\"Canuti Sito Ufficiale\",\"description\":\"Pasta fresca surgelata \u2013 Made in Italy per la ristorazione e il retail\",\"publisher\":{\"@id\":\"https:\/\/www.canuti.com\/de\/#organization\"},\"potentialAction\":[{\"@type\":\"SearchAction\",\"target\":{\"@type\":\"EntryPoint\",\"urlTemplate\":\"https:\/\/www.canuti.com\/de\/?s={search_term_string}\"},\"query-input\":{\"@type\":\"PropertyValueSpecification\",\"valueRequired\":true,\"valueName\":\"search_term_string\"}}],\"inLanguage\":\"de\"},{\"@type\":\"Organization\",\"@id\":\"https:\/\/www.canuti.com\/de\/#organization\",\"name\":\"Canuti Pasta Artisans\",\"url\":\"https:\/\/www.canuti.com\/de\/\",\"logo\":{\"@type\":\"ImageObject\",\"inLanguage\":\"de\",\"@id\":\"https:\/\/www.canuti.com\/de\/#\/schema\/logo\/image\/\",\"url\":\"http:\/\/www.canuti.com\/wp-content\/uploads\/2019\/09\/canuti_logo.png\",\"contentUrl\":\"http:\/\/www.canuti.com\/wp-content\/uploads\/2019\/09\/canuti_logo.png\",\"width\":172,\"height\":115,\"caption\":\"Canuti Pasta Artisans\"},\"image\":{\"@id\":\"https:\/\/www.canuti.com\/de\/#\/schema\/logo\/image\/\"}}]}<\/script>\n<!-- \/ Yoast SEO plugin. -->","yoast_head_json":{"title":"Richiedi Ricetta \u00e8 l'aiuto degli chef Canuti per servire piatti unici e originali","description":"Richiedi Ricetta \u00e8 la formula perfetta per impressionare con piatti e men\u00f9 unici della tradizione. Chefs4You \u00e8 il nostro team di chef.","robots":{"index":"index","follow":"follow","max-snippet":"max-snippet:-1","max-image-preview":"max-image-preview:large","max-video-preview":"max-video-preview:-1"},"canonical":"https:\/\/www.canuti.com\/de\/benoetigen-sie-hilfe\/","og_locale":"de_DE","og_type":"article","og_title":"Richiedi Ricetta \u00e8 l'aiuto degli chef Canuti per servire piatti unici e originali","og_description":"Richiedi Ricetta \u00e8 la formula perfetta per impressionare con piatti e men\u00f9 unici della tradizione. Chefs4You \u00e8 il nostro team di chef.","og_url":"https:\/\/www.canuti.com\/de\/benoetigen-sie-hilfe\/","og_site_name":"Canuti Sito Ufficiale","article_modified_time":"2023-08-22T10:02:12+00:00","twitter_card":"summary_large_image","twitter_misc":{"Gesch\u00e4tzte Lesezeit":"1\u00a0Minute"},"schema":{"@context":"https:\/\/schema.org","@graph":[{"@type":"WebPage","@id":"https:\/\/www.canuti.com\/de\/benoetigen-sie-hilfe\/","url":"https:\/\/www.canuti.com\/de\/benoetigen-sie-hilfe\/","name":"Richiedi Ricetta \u00e8 l'aiuto degli chef Canuti per servire piatti unici e originali","isPartOf":{"@id":"https:\/\/www.canuti.com\/de\/#website"},"datePublished":"2019-09-15T13:06:08+00:00","dateModified":"2023-08-22T10:02:12+00:00","description":"Richiedi Ricetta \u00e8 la formula perfetta per impressionare con piatti e men\u00f9 unici della tradizione. Chefs4You \u00e8 il nostro team di chef.","breadcrumb":{"@id":"https:\/\/www.canuti.com\/de\/benoetigen-sie-hilfe\/#breadcrumb"},"inLanguage":"de","potentialAction":[{"@type":"ReadAction","target":["https:\/\/www.canuti.com\/de\/benoetigen-sie-hilfe\/"]}]},{"@type":"BreadcrumbList","@id":"https:\/\/www.canuti.com\/de\/benoetigen-sie-hilfe\/#breadcrumb","itemListElement":[{"@type":"ListItem","position":1,"name":"Canuti","item":"https:\/\/www.canuti.com\/de\/"},{"@type":"ListItem","position":2,"name":"Ben\u00f6tigen Sie Hilfe?"}]},{"@type":"WebSite","@id":"https:\/\/www.canuti.com\/de\/#website","url":"https:\/\/www.canuti.com\/de\/","name":"Canuti Sito Ufficiale","description":"Pasta fresca surgelata \u2013 Made in Italy per la ristorazione e il retail","publisher":{"@id":"https:\/\/www.canuti.com\/de\/#organization"},"potentialAction":[{"@type":"SearchAction","target":{"@type":"EntryPoint","urlTemplate":"https:\/\/www.canuti.com\/de\/?s={search_term_string}"},"query-input":{"@type":"PropertyValueSpecification","valueRequired":true,"valueName":"search_term_string"}}],"inLanguage":"de"},{"@type":"Organization","@id":"https:\/\/www.canuti.com\/de\/#organization","name":"Canuti Pasta Artisans","url":"https:\/\/www.canuti.com\/de\/","logo":{"@type":"ImageObject","inLanguage":"de","@id":"https:\/\/www.canuti.com\/de\/#\/schema\/logo\/image\/","url":"http:\/\/www.canuti.com\/wp-content\/uploads\/2019\/09\/canuti_logo.png","contentUrl":"http:\/\/www.canuti.com\/wp-content\/uploads\/2019\/09\/canuti_logo.png","width":172,"height":115,"caption":"Canuti Pasta Artisans"},"image":{"@id":"https:\/\/www.canuti.com\/de\/#\/schema\/logo\/image\/"}}]}},"_links":{"self":[{"href":"https:\/\/www.canuti.com\/de\/wp-json\/wp\/v2\/pages\/19304","targetHints":{"allow":["GET"]}}],"collection":[{"href":"https:\/\/www.canuti.com\/de\/wp-json\/wp\/v2\/pages"}],"about":[{"href":"https:\/\/www.canuti.com\/de\/wp-json\/wp\/v2\/types\/page"}],"author":[{"embeddable":true,"href":"https:\/\/www.canuti.com\/de\/wp-json\/wp\/v2\/users\/1"}],"replies":[{"embeddable":true,"href":"https:\/\/www.canuti.com\/de\/wp-json\/wp\/v2\/comments?post=19304"}],"version-history":[{"count":4,"href":"https:\/\/www.canuti.com\/de\/wp-json\/wp\/v2\/pages\/19304\/revisions"}],"predecessor-version":[{"id":24755,"href":"https:\/\/www.canuti.com\/de\/wp-json\/wp\/v2\/pages\/19304\/revisions\/24755"}],"wp:attachment":[{"href":"https:\/\/www.canuti.com\/de\/wp-json\/wp\/v2\/media?parent=19304"}],"curies":[{"name":"wp","href":"https:\/\/api.w.org\/{rel}","templated":true}]}}