{"id":19295,"date":"2019-10-01T10:25:00","date_gmt":"2019-10-01T10:25:00","guid":{"rendered":"https:\/\/www.canuti.com\/il-nostro-packaging-multilingua\/"},"modified":"2022-12-22T11:48:03","modified_gmt":"2022-12-22T11:48:03","slug":"unser-mehrsprachiges-packaging","status":"publish","type":"page","link":"https:\/\/www.canuti.com\/de\/unser-mehrsprachiges-packaging\/","title":{"rendered":"Unser mehrsprachiges Packaging"},"content":{"rendered":"<div class=\"wpb-content-wrapper\"><p>[vc_row][vc_column][cms_heading text=&#8221;Unser mehrsprachiges Packaging&#8221; tag=&#8221;h1&#8243; font_size=&#8221;48&#8243; line_height=&#8221;52&#8243; sub_title_position=&#8221;after-title&#8221; el_class=&#8221;page-title&#8221; margin_top=&#8221;20&#8243;][vc_column_text el_class=&#8221;page-paragraph-text&#8221;]Canuti-Verpackungen sind sofort erkennbar: jede Produktlinie hat ihre eigene Farbe und eine Packungsgr\u00f6\u00dfe, die so kompakt wie m\u00f6glich ist, um in den K\u00fchlschr\u00e4nken der Chefk\u00f6che m\u00f6glichst wenig Raum einzunehmen.[\/vc_column_text][vc_column_text el_class=&#8221;page-paragraph-text&#8221;]Der Karton f\u00fcr die Packungen ist robust und f\u00fcr die Aufbewahrung bei niedrigen Temperaturen geeignet, <strong>die mehrsprachigen Etiketten enthalten reichlich Informationen zum Produkt<\/strong>, zur Aufbewahrung und die Zubereitung, und das Produkt im Karton ist gesch\u00fctzt durch <strong>praktische, einfach zu \u00f6ffnende Siegelnahtbeutel<\/strong>.[\/vc_column_text][vc_empty_space][\/vc_column][\/vc_row][vc_row content_placement=&#8221;middle&#8221;][vc_column offset=&#8221;vc_col-lg-6 vc_col-md-12 vc_col-xs-12&#8243;][vc_single_image image=&#8221;23789&#8243; img_size=&#8221;full&#8221;][\/vc_column][vc_column width=&#8221;1\/2&#8243;][cms_heading text=&#8221;Die Merkmale unseres Packagings&#8221; font_size=&#8221;24&#8243; line_height=&#8221;30&#8243; sub_title_position=&#8221;after-title&#8221; el_class=&#8221;page-subtitle&#8221;][vc_column_text el_class=&#8221;page-paragraph-text&#8221;]<\/p>\n<ul>\n<li>Vollst\u00e4ndige \u00dcbersetzung in 7 Sprachen<\/li>\n<li>Abbildung und Ma\u00dfe des Produkts<\/li>\n<li>Zutatenliste und N\u00e4hrwerte<\/li>\n<li>Garzeiten<\/li>\n<li>Gewichts-\/Portionsempfehlungen zum rohen und gegarten Produkt<\/li>\n<li>Anzahl der Portionen pro Karton<\/li>\n<li>Zubereitungstipps<\/li>\n<li>Einfach zu \u00f6ffnender Verschluss (zum Aufrei\u00dfen)<\/li>\n<li>Versiegelte Frischhaltepackungen<\/li>\n<\/ul>\n<p>[\/vc_column_text][\/vc_column][\/vc_row][vc_row el_class=&#8221;linee-packages-wrapper&#8221;][vc_column width=&#8221;1\/2&#8243;][cms_fancybox cms_template=&#8221;cms_fancybox&#8211;layout2.php&#8221; title_color=&#8221;#610a0a&#8221; icon_type=&#8221;image&#8221; icon_image=&#8221;6814&#8243; title=&#8221;BORDEAUXFARBENE LINIE<br \/>\nHochwertiger, extra rauer Nudelteig, geschmeidige F\u00fcllungen, Gourmetrezepte und gro\u00dfe Formate.&#8221; el_class=&#8221;linee-package-delizie&#8221;][\/vc_column][vc_column width=&#8221;1\/2&#8243;][cms_fancybox cms_template=&#8221;cms_fancybox&#8211;layout2.php&#8221; title_color=&#8221;#384e77&#8243; icon_type=&#8221;image&#8221; icon_image=&#8221;6818&#8243; title=&#8221;BLAUE LINIE<br \/>\nBreites Angebot mit kurzer, langer, gef\u00fcllter Pasta, Gnocchi und Produkten f\u00fcr die Gastronomie.&#8221; el_class=&#8221;linee-package-classiche&#8221;][\/vc_column][\/vc_row][vc_row el_class=&#8221;delizie-packaging-wrapper&#8221;][vc_column][vc_empty_space height=&#8221;60px&#8221;][cms_banner cms_template=&#8221;cms_banner&#8211;layout1.php&#8221; banner_image=&#8221;7239&#8243; title=&#8221;Delizie di Canuti, etwas Besonderes auch bei der Verpackung&#8221; description=&#8221;1. Abgepackt in praktischen 1-kg-Beuteln, auch einzeln verk\u00e4uflich<br \/>\n2. Vollst\u00e4ndige \u00dcbersetzung in 7 Sprachen<br \/>\n3. Zahlreiche Informationen zum Produkt und zur Zubereitung<br \/>\n4. Einfach zu \u00f6ffnen (Aufrei\u00dfen)<br \/>\n5. Versiegelte Frischhaltepackungen<br \/>\n6. Jeder Karton enth\u00e4lt drei 1-kg-Beutel&#8221;][vc_empty_space height=&#8221;60px&#8221;][\/vc_column][\/vc_row][vc_row][vc_column][cms_heading text=&#8221;Palettierung&#8221; tag=&#8221;h2&#8243; font_size=&#8221;24&#8243; line_height=&#8221;38&#8243; sub_title_position=&#8221;after-title&#8221; el_class=&#8221;page-subtitle&#8221;][vc_column_text el_class=&#8221;page-paragraph-text&#8221;]<\/p>\n<p class=\"p1\">Die Verpackung ist ebenso wie das Palettierverfahren so ausgelegt, dass der verf\u00fcgbare Raum bestm\u00f6glichst genutzt wird. Jede Palette ist durch versteifte Kanten gesch\u00fctzt und mit mehreren Lagen Stretchfolie umwickelt.<\/p>\n<p>[\/vc_column_text][vc_empty_space height=&#8221;40px&#8221;][\/vc_column][\/vc_row][vc_row el_class=&#8221;palletizing-wrapper&#8221;][vc_column width=&#8221;1\/2&#8243;][cms_fancybox cms_template=&#8221;cms_fancybox&#8211;layout1.php&#8221; icon_type=&#8221;image&#8221; icon_image=&#8221;7436&#8243; title=&#8221;Euro-Palette<br \/>\n80 cm x 120 cm&#8221; description=&#8221;Standardpalette:<br \/>\n14 Kartons pro Lage<br \/>\n11 Lagen<br \/>\n154 Kartons pro Palette&#8221;][vc_empty_space height=&#8221;40px&#8221;][\/vc_column][vc_column width=&#8221;1\/2&#8243;][cms_fancybox cms_template=&#8221;cms_fancybox&#8211;layout1.php&#8221; icon_type=&#8221;image&#8221; icon_image=&#8221;7440&#8243; title=&#8221;Industriepalette<br \/>\n100 cm x 120 cm&#8221; description=&#8221;Standardpalette:<br \/>\n17 Kartons pro Lage<br \/>\n11 Lagen<br \/>\n187 Kartons pro Palette&#8221;][vc_empty_space height=&#8221;40px&#8221;][\/vc_column][\/vc_row][vc_row][vc_column][vc_empty_space height=&#8221;40&#8243;][\/vc_column][\/vc_row][vc_row][vc_column][vc_column_text]<\/p>\n<h5 style=\"text-align: center;\"><strong>PDF-Datei mit dem Palettierungs-Layout f\u00fcr all unsere Produkte herunterladen<\/strong><br \/>\nF\u00fcr Europaletten und Industriepaletten<\/h5>\n<p>[\/vc_column_text][\/vc_column][\/vc_row][vc_row][vc_column][vc_btn title=&#8221;PDF-Datei mit Palettierungs-Layout herunterladen&#8221; style=&#8221;classic&#8221; shape=&#8221;square&#8221; color=&#8221;primary&#8221; size=&#8221;lg&#8221; align=&#8221;center&#8221; css_animation=&#8221;none&#8221; link=&#8221;url:https%3A%2F%2Fwww.canuti.com%2Fwp-content%2Fuploads%2F2022%2F12%2FPalettizzazione-Canuti-2022.pdf|title:Paletizzazione%20Canuti|target:%20_blank|&#8221;][\/vc_column][\/vc_row][vc_row][vc_column][vc_empty_space height=&#8221;40&#8243;][\/vc_column][\/vc_row]<\/p>\n<\/div>","protected":false},"excerpt":{"rendered":"<p>[vc_row][vc_column][cms_heading text=&#8221;Unser mehrsprachiges Packaging&#8221; tag=&#8221;h1&#8243; font_size=&#8221;48&#8243; line_height=&#8221;52&#8243; sub_title_position=&#8221;after-title&#8221; el_class=&#8221;page-title&#8221; margin_top=&#8221;20&#8243;][vc_column_text el_class=&#8221;page-paragraph-text&#8221;]Canuti-Verpackungen sind sofort erkennbar: jede Produktlinie hat ihre eigene Farbe und eine Packungsgr\u00f6\u00dfe, die so kompakt wie m\u00f6glich ist, um in den K\u00fchlschr\u00e4nken der Chefk\u00f6che m\u00f6glichst wenig Raum einzunehmen.[\/vc_column_text][vc_column_text el_class=&#8221;page-paragraph-text&#8221;]Der Karton f\u00fcr die Packungen ist robust und f\u00fcr die Aufbewahrung bei niedrigen Temperaturen geeignet, die [&hellip;]<\/p>\n","protected":false},"author":3,"featured_media":0,"parent":0,"menu_order":0,"comment_status":"closed","ping_status":"closed","template":"","meta":{"_acf_changed":false,"inline_featured_image":false,"_joinchat":[],"footnotes":""},"class_list":["post-19295","page","type-page","status-publish","hentry"],"acf":[],"yoast_head":"<!-- This site is optimized with the Yoast SEO plugin v25.0 - https:\/\/yoast.com\/wordpress\/plugins\/seo\/ -->\n<title>Packaging Multilingua Canuti: passione per la pasta unica e riconoscibile<\/title>\n<meta name=\"description\" content=\"Packaging Multilingua Canuti: ogni linea ha il suo colore ed una dimensione studiata per renderlo il pi\u00f9 compatto possibile.\" \/>\n<meta name=\"robots\" content=\"index, follow, max-snippet:-1, max-image-preview:large, max-video-preview:-1\" \/>\n<link rel=\"canonical\" href=\"https:\/\/www.canuti.com\/de\/unser-mehrsprachiges-packaging\/\" \/>\n<meta property=\"og:locale\" content=\"de_DE\" \/>\n<meta property=\"og:type\" content=\"article\" \/>\n<meta property=\"og:title\" content=\"Packaging Multilingua Canuti: passione per la pasta unica e riconoscibile\" \/>\n<meta property=\"og:description\" content=\"Packaging Multilingua Canuti: ogni linea ha il suo colore ed una dimensione studiata per renderlo il pi\u00f9 compatto possibile.\" \/>\n<meta property=\"og:url\" content=\"https:\/\/www.canuti.com\/de\/unser-mehrsprachiges-packaging\/\" \/>\n<meta property=\"og:site_name\" content=\"Canuti Sito Ufficiale\" \/>\n<meta property=\"article:modified_time\" content=\"2022-12-22T11:48:03+00:00\" \/>\n<meta name=\"twitter:card\" content=\"summary_large_image\" \/>\n<meta name=\"twitter:label1\" content=\"Gesch\u00e4tzte Lesezeit\" \/>\n\t<meta name=\"twitter:data1\" content=\"2\u00a0Minuten\" \/>\n<script type=\"application\/ld+json\" class=\"yoast-schema-graph\">{\"@context\":\"https:\/\/schema.org\",\"@graph\":[{\"@type\":\"WebPage\",\"@id\":\"https:\/\/www.canuti.com\/de\/unser-mehrsprachiges-packaging\/\",\"url\":\"https:\/\/www.canuti.com\/de\/unser-mehrsprachiges-packaging\/\",\"name\":\"Packaging Multilingua Canuti: passione per la pasta unica e riconoscibile\",\"isPartOf\":{\"@id\":\"https:\/\/www.canuti.com\/de\/#website\"},\"datePublished\":\"2019-10-01T10:25:00+00:00\",\"dateModified\":\"2022-12-22T11:48:03+00:00\",\"description\":\"Packaging Multilingua Canuti: ogni linea ha il suo colore ed una dimensione studiata per renderlo il pi\u00f9 compatto possibile.\",\"breadcrumb\":{\"@id\":\"https:\/\/www.canuti.com\/de\/unser-mehrsprachiges-packaging\/#breadcrumb\"},\"inLanguage\":\"de\",\"potentialAction\":[{\"@type\":\"ReadAction\",\"target\":[\"https:\/\/www.canuti.com\/de\/unser-mehrsprachiges-packaging\/\"]}]},{\"@type\":\"BreadcrumbList\",\"@id\":\"https:\/\/www.canuti.com\/de\/unser-mehrsprachiges-packaging\/#breadcrumb\",\"itemListElement\":[{\"@type\":\"ListItem\",\"position\":1,\"name\":\"Canuti\",\"item\":\"https:\/\/www.canuti.com\/de\/\"},{\"@type\":\"ListItem\",\"position\":2,\"name\":\"Unser mehrsprachiges Packaging\"}]},{\"@type\":\"WebSite\",\"@id\":\"https:\/\/www.canuti.com\/de\/#website\",\"url\":\"https:\/\/www.canuti.com\/de\/\",\"name\":\"Canuti Sito Ufficiale\",\"description\":\"Pasta fresca surgelata \u2013 Made in Italy per la ristorazione e il retail\",\"publisher\":{\"@id\":\"https:\/\/www.canuti.com\/de\/#organization\"},\"potentialAction\":[{\"@type\":\"SearchAction\",\"target\":{\"@type\":\"EntryPoint\",\"urlTemplate\":\"https:\/\/www.canuti.com\/de\/?s={search_term_string}\"},\"query-input\":{\"@type\":\"PropertyValueSpecification\",\"valueRequired\":true,\"valueName\":\"search_term_string\"}}],\"inLanguage\":\"de\"},{\"@type\":\"Organization\",\"@id\":\"https:\/\/www.canuti.com\/de\/#organization\",\"name\":\"Canuti Pasta Artisans\",\"url\":\"https:\/\/www.canuti.com\/de\/\",\"logo\":{\"@type\":\"ImageObject\",\"inLanguage\":\"de\",\"@id\":\"https:\/\/www.canuti.com\/de\/#\/schema\/logo\/image\/\",\"url\":\"http:\/\/www.canuti.com\/wp-content\/uploads\/2019\/09\/canuti_logo.png\",\"contentUrl\":\"http:\/\/www.canuti.com\/wp-content\/uploads\/2019\/09\/canuti_logo.png\",\"width\":172,\"height\":115,\"caption\":\"Canuti Pasta Artisans\"},\"image\":{\"@id\":\"https:\/\/www.canuti.com\/de\/#\/schema\/logo\/image\/\"}}]}<\/script>\n<!-- \/ Yoast SEO plugin. -->","yoast_head_json":{"title":"Packaging Multilingua Canuti: passione per la pasta unica e riconoscibile","description":"Packaging Multilingua Canuti: ogni linea ha il suo colore ed una dimensione studiata per renderlo il pi\u00f9 compatto possibile.","robots":{"index":"index","follow":"follow","max-snippet":"max-snippet:-1","max-image-preview":"max-image-preview:large","max-video-preview":"max-video-preview:-1"},"canonical":"https:\/\/www.canuti.com\/de\/unser-mehrsprachiges-packaging\/","og_locale":"de_DE","og_type":"article","og_title":"Packaging Multilingua Canuti: passione per la pasta unica e riconoscibile","og_description":"Packaging Multilingua Canuti: ogni linea ha il suo colore ed una dimensione studiata per renderlo il pi\u00f9 compatto possibile.","og_url":"https:\/\/www.canuti.com\/de\/unser-mehrsprachiges-packaging\/","og_site_name":"Canuti Sito Ufficiale","article_modified_time":"2022-12-22T11:48:03+00:00","twitter_card":"summary_large_image","twitter_misc":{"Gesch\u00e4tzte Lesezeit":"2\u00a0Minuten"},"schema":{"@context":"https:\/\/schema.org","@graph":[{"@type":"WebPage","@id":"https:\/\/www.canuti.com\/de\/unser-mehrsprachiges-packaging\/","url":"https:\/\/www.canuti.com\/de\/unser-mehrsprachiges-packaging\/","name":"Packaging Multilingua Canuti: passione per la pasta unica e riconoscibile","isPartOf":{"@id":"https:\/\/www.canuti.com\/de\/#website"},"datePublished":"2019-10-01T10:25:00+00:00","dateModified":"2022-12-22T11:48:03+00:00","description":"Packaging Multilingua Canuti: ogni linea ha il suo colore ed una dimensione studiata per renderlo il pi\u00f9 compatto possibile.","breadcrumb":{"@id":"https:\/\/www.canuti.com\/de\/unser-mehrsprachiges-packaging\/#breadcrumb"},"inLanguage":"de","potentialAction":[{"@type":"ReadAction","target":["https:\/\/www.canuti.com\/de\/unser-mehrsprachiges-packaging\/"]}]},{"@type":"BreadcrumbList","@id":"https:\/\/www.canuti.com\/de\/unser-mehrsprachiges-packaging\/#breadcrumb","itemListElement":[{"@type":"ListItem","position":1,"name":"Canuti","item":"https:\/\/www.canuti.com\/de\/"},{"@type":"ListItem","position":2,"name":"Unser mehrsprachiges Packaging"}]},{"@type":"WebSite","@id":"https:\/\/www.canuti.com\/de\/#website","url":"https:\/\/www.canuti.com\/de\/","name":"Canuti Sito Ufficiale","description":"Pasta fresca surgelata \u2013 Made in Italy per la ristorazione e il retail","publisher":{"@id":"https:\/\/www.canuti.com\/de\/#organization"},"potentialAction":[{"@type":"SearchAction","target":{"@type":"EntryPoint","urlTemplate":"https:\/\/www.canuti.com\/de\/?s={search_term_string}"},"query-input":{"@type":"PropertyValueSpecification","valueRequired":true,"valueName":"search_term_string"}}],"inLanguage":"de"},{"@type":"Organization","@id":"https:\/\/www.canuti.com\/de\/#organization","name":"Canuti Pasta Artisans","url":"https:\/\/www.canuti.com\/de\/","logo":{"@type":"ImageObject","inLanguage":"de","@id":"https:\/\/www.canuti.com\/de\/#\/schema\/logo\/image\/","url":"http:\/\/www.canuti.com\/wp-content\/uploads\/2019\/09\/canuti_logo.png","contentUrl":"http:\/\/www.canuti.com\/wp-content\/uploads\/2019\/09\/canuti_logo.png","width":172,"height":115,"caption":"Canuti Pasta Artisans"},"image":{"@id":"https:\/\/www.canuti.com\/de\/#\/schema\/logo\/image\/"}}]}},"_links":{"self":[{"href":"https:\/\/www.canuti.com\/de\/wp-json\/wp\/v2\/pages\/19295","targetHints":{"allow":["GET"]}}],"collection":[{"href":"https:\/\/www.canuti.com\/de\/wp-json\/wp\/v2\/pages"}],"about":[{"href":"https:\/\/www.canuti.com\/de\/wp-json\/wp\/v2\/types\/page"}],"author":[{"embeddable":true,"href":"https:\/\/www.canuti.com\/de\/wp-json\/wp\/v2\/users\/3"}],"replies":[{"embeddable":true,"href":"https:\/\/www.canuti.com\/de\/wp-json\/wp\/v2\/comments?post=19295"}],"version-history":[{"count":7,"href":"https:\/\/www.canuti.com\/de\/wp-json\/wp\/v2\/pages\/19295\/revisions"}],"predecessor-version":[{"id":23969,"href":"https:\/\/www.canuti.com\/de\/wp-json\/wp\/v2\/pages\/19295\/revisions\/23969"}],"wp:attachment":[{"href":"https:\/\/www.canuti.com\/de\/wp-json\/wp\/v2\/media?parent=19295"}],"curies":[{"name":"wp","href":"https:\/\/api.w.org\/{rel}","templated":true}]}}