{"id":19291,"date":"2019-09-30T15:04:03","date_gmt":"2019-09-30T15:04:03","guid":{"rendered":"https:\/\/www.canuti.com\/chi-siamo\/"},"modified":"2024-08-08T13:11:58","modified_gmt":"2024-08-08T13:11:58","slug":"ueber-uns","status":"publish","type":"page","link":"https:\/\/www.canuti.com\/de\/ueber-uns\/","title":{"rendered":"\u00dcber uns"},"content":{"rendered":"<div class=\"wpb-content-wrapper\"><p>[vc_row][vc_column][cms_heading text=&#8221;Nudelhersteller seit 1950&#8243; tag=&#8221;h1&#8243; font_size=&#8221;48&#8243; line_height=&#8221;52&#8243; sub_title_position=&#8221;after-title&#8221; el_class=&#8221;page-title&#8221;][vc_empty_space][vc_row_inner content_placement=&#8221;bottom&#8221; el_class=&#8221;logos-wrapper&#8221;][vc_column_inner width=&#8221;1\/2&#8243; offset=&#8221;vc_col-lg-3 vc_col-md-6 vc_col-xs-12&#8243;][vc_single_image image=&#8221;9357&#8243; img_size=&#8221;full&#8221; alignment=&#8221;center&#8221; css=&#8221;.vc_custom_1578648651941{margin-bottom: 10px !important;}&#8221;][vc_column_text el_class=&#8221;logo-caption&#8221;]70-er, 80-er, 90-er Jahre[\/vc_column_text][\/vc_column_inner][vc_column_inner width=&#8221;1\/2&#8243; offset=&#8221;vc_col-lg-3 vc_col-md-6 vc_col-xs-12&#8243;][vc_single_image image=&#8221;9361&#8243; img_size=&#8221;full&#8221; alignment=&#8221;center&#8221; css=&#8221;.vc_custom_1578648661413{margin-bottom: 10px !important;}&#8221;][vc_column_text el_class=&#8221;logo-caption&#8221;]Ab 2000[\/vc_column_text][\/vc_column_inner][vc_column_inner width=&#8221;1\/2&#8243; offset=&#8221;vc_col-lg-3 vc_col-md-6 vc_col-xs-12&#8243;][vc_single_image image=&#8221;9365&#8243; img_size=&#8221;full&#8221; alignment=&#8221;center&#8221; css=&#8221;.vc_custom_1578648669132{margin-bottom: 10px !important;}&#8221;][vc_column_text el_class=&#8221;logo-caption&#8221;]Ab 2013[\/vc_column_text][\/vc_column_inner][vc_column_inner width=&#8221;1\/2&#8243; offset=&#8221;vc_col-lg-3 vc_col-md-3 vc_hidden-md vc_hidden-sm vc_col-xs-12 vc_hidden-xs&#8221;][\/vc_column_inner][\/vc_row_inner][vc_column_text el_class=&#8221;page-paragraph-text&#8221;]Die Geschichte des Nudelherstellers Canuti zeugt von Liebe zu italienischer Tradition, von Kunst der Nudelherstellung und Leidenschaft f\u00fcr Kreativit\u00e4t, verstanden als Ausdruck von Geschmack und Genuss.<\/p>\n<p>Mario Canuti, der Gr\u00fcnder des Werks, er\u00f6ffnet 1950 seine erste Pastamanufaktur in Rimini, in der Emilia-Romagna, der Region, die auf der ganzen Welt f\u00fcr ihre gastronomische Exzellenz bekannt ist. Seit damals wuchs das Unternehmen best\u00e4ndig und produziert heute in einem modernen Werk.<\/p>\n<ul>\n<li>Wir erhalten uns die Kunst der handwerklichen Pastaherstellung und wenden sie so an, dass auch die unterschiedlichen Anspr\u00fcche unterschiedlicher M\u00e4rkte befriedigt werden.<\/li>\n<li>Wir setzen auf <strong>Tiefk\u00fchlung, die beste unter den verschiedenen Konservierungsmethoden<\/strong>, um unsere Produkte aus Italien in die ganze Welt zu exportieren.<\/li>\n<li>Unser Engagement hat sich im Laufe der Jahre ausgezahlt \u2013mittels <strong>Erwerb und Beibehaltung<\/strong> branchenspezifischer <strong>internationaler Zertifikationen<\/strong>.<\/li>\n<\/ul>\n<p>[\/vc_column_text][\/vc_column][\/vc_row][vc_row][vc_column][cms_heading text=&#8221;Unsere Geschichte&#8221; tag=&#8221;h2&#8243; font_size=&#8221;24&#8243; line_height=&#8221;38&#8243; sub_title_position=&#8221;after-title&#8221; el_class=&#8221;page-subtitle&#8221;][vc_column_text el_class=&#8221;page-paragraph-text&#8221;]Die ganze Leidenschaft und Qualit\u00e4t eines Unternehmens, das seit 1950 Pasta herstellt[\/vc_column_text][\/vc_column][\/vc_row][vc_row el_class=&#8221;timeline-row&#8221;][vc_column width=&#8221;1\/2&#8243; offset=&#8221;vc_col-lg-3 vc_col-md-6 vc_col-xs-12&#8243;][cms_fancybox cms_template=&#8221;cms_fancybox&#8211;layout6.php&#8221; title=&#8221;1950&#8243; description=&#8221;Mario Canuti er\u00f6ffnet die erste Pastamanufaktur in Rimini &#8221; el_class=&#8221;timeline-first&#8221;][vc_empty_space height=&#8221;24px&#8221;][\/vc_column][vc_column width=&#8221;1\/2&#8243; offset=&#8221;vc_col-lg-3 vc_col-md-6 vc_col-xs-12&#8243;][cms_fancybox cms_template=&#8221;cms_fancybox&#8211;layout6.php&#8221; title=&#8221;1960&#8243; description=&#8221;Er\u00f6ffnung von drei Verkaufspunkten in Rimini (Italien)&#8221;][vc_empty_space height=&#8221;24px&#8221;][\/vc_column][vc_column width=&#8221;1\/2&#8243; offset=&#8221;vc_col-lg-3 vc_col-md-6 vc_col-xs-12&#8243;][cms_fancybox cms_template=&#8221;cms_fancybox&#8211;layout6.php&#8221; title=&#8221;1970&#8243; description=&#8221;Direktvertrieb an Restaurants, Hotels und gro\u00dfe Supermarktketten &#8220;][vc_empty_space height=&#8221;24px&#8221;][\/vc_column][vc_column width=&#8221;1\/2&#8243; offset=&#8221;vc_col-lg-3 vc_col-md-6 vc_col-xs-12&#8243;][cms_fancybox cms_template=&#8221;cms_fancybox&#8211;layout6.php&#8221; title=&#8221;1980&#8243; description=&#8221;Das Unternehmen ist in Italien eines der ersten, die TK-Pasta herstellen &#8220;][vc_empty_space height=&#8221;24px&#8221;][\/vc_column][\/vc_row][vc_row el_class=&#8221;timeline-row&#8221;][vc_column width=&#8221;1\/2&#8243; offset=&#8221;vc_col-lg-3 vc_col-md-6 vc_col-xs-12&#8243;][cms_fancybox cms_template=&#8221;cms_fancybox&#8211;layout6.php&#8221; title=&#8221;1996&#8243; description=&#8221;Neues Produktionswerk &#8220;][vc_empty_space height=&#8221;24px&#8221;][\/vc_column][vc_column width=&#8221;1\/2&#8243; offset=&#8221;vc_col-lg-3 vc_col-md-6 vc_col-xs-12&#8243;][cms_fancybox cms_template=&#8221;cms_fancybox&#8211;layout6.php&#8221; title=&#8221;2000&#8243; description=&#8221;Export von TK-Pasta in die L\u00e4nder der EU &#8220;][vc_empty_space height=&#8221;24px&#8221;][\/vc_column][vc_column width=&#8221;1\/2&#8243; offset=&#8221;vc_col-lg-3 vc_col-md-6 vc_col-xs-12&#8243;][cms_fancybox cms_template=&#8221;cms_fancybox&#8211;layout6.php&#8221; title=&#8221;2013&#8243; description=&#8221;IFS-, BRC- und Halal-Zertifizierung &#8220;][vc_empty_space height=&#8221;24px&#8221;][\/vc_column][vc_column width=&#8221;1\/2&#8243; offset=&#8221;vc_col-lg-3 vc_col-md-6 vc_col-xs-12&#8243;][cms_fancybox cms_template=&#8221;cms_fancybox&#8211;layout6.php&#8221; title=&#8221;2014&#8243; description=&#8221;Bio-Zertifikat&#8221;][vc_empty_space height=&#8221;24px&#8221;][\/vc_column][\/vc_row][vc_row el_class=&#8221;timeline-row&#8221;][vc_column width=&#8221;1\/2&#8243; offset=&#8221;vc_col-lg-3 vc_col-md-6 vc_col-xs-12&#8243;][cms_fancybox cms_template=&#8221;cms_fancybox&#8211;layout6.php&#8221; title=&#8221;2015&#8243; description=&#8221;Erwerb durch die Gruppe Toffano&#8221;][vc_empty_space height=&#8221;24px&#8221;][\/vc_column][vc_column width=&#8221;1\/2&#8243; offset=&#8221;vc_col-lg-3 vc_col-md-6 vc_col-xs-12&#8243;][cms_fancybox cms_template=&#8221;cms_fancybox&#8211;layout6.php&#8221; title=&#8221;2016&#8243; description=&#8221;Modernisierung der Produktionsanlagen, Expansion die Foodservice- und Retailm\u00e4rkte von Nicht-EU-L\u00e4ndern&#8221;][vc_empty_space height=&#8221;24px&#8221;][\/vc_column][vc_column width=&#8221;1\/2&#8243; offset=&#8221;vc_col-lg-3 vc_col-md-6 vc_col-xs-12&#8243;][cms_fancybox cms_template=&#8221;cms_fancybox&#8211;layout6.php&#8221; title=&#8221;2017&#8243; description=&#8221;Erweiterung des Produktangebots mit den drei Produktlinien le Classiche, le Delizie und le Biospeciali &#8220;][vc_empty_space height=&#8221;24px&#8221;][\/vc_column][vc_column width=&#8221;1\/2&#8243; offset=&#8221;vc_col-lg-3 vc_col-md-6 vc_col-xs-12&#8243;][\/vc_column][\/vc_row][vc_row][vc_column][vc_empty_space][\/vc_column][\/vc_row][vc_row el_class=&#8221;canuti-location-images-wrapper&#8221;][vc_column width=&#8221;1\/2&#8243;][vc_single_image image=&#8221;6055&#8243; img_size=&#8221;full&#8221; css=&#8221;.vc_custom_1574758908124{margin-bottom: 16px !important;}&#8221;][vc_column_text text_align=&#8221;text-center&#8221; el_class=&#8221;page-paragraph-text&#8221;]<span style=\"color: #999999;\"><em>Die Herstellungsst\u00e4tten in der via Spagna in Rimini<br \/>\n<b>70-er Jahre<\/b><\/em><\/span>[\/vc_column_text][\/vc_column][vc_column width=&#8221;1\/2&#8243;][vc_single_image image=&#8221;6597&#8243; img_size=&#8221;full&#8221; css=&#8221;.vc_custom_1574758925895{margin-bottom: 16px !important;}&#8221;][vc_column_text text_align=&#8221;text-center&#8221; el_class=&#8221;page-paragraph-text&#8221;]<span style=\"color: #999999;\"><em>Produktion, B\u00fcros und Logistik in der via Sassonia 16, Rimini\u00a0<\/em><\/span><br \/>\n<strong>Aktuelles Bild <\/strong>[\/vc_column_text][\/vc_column][\/vc_row]<\/p>\n<\/div>","protected":false},"excerpt":{"rendered":"<p>[vc_row][vc_column][cms_heading text=&#8221;Nudelhersteller seit 1950&#8243; tag=&#8221;h1&#8243; font_size=&#8221;48&#8243; line_height=&#8221;52&#8243; sub_title_position=&#8221;after-title&#8221; el_class=&#8221;page-title&#8221;][vc_empty_space][vc_row_inner content_placement=&#8221;bottom&#8221; el_class=&#8221;logos-wrapper&#8221;][vc_column_inner width=&#8221;1\/2&#8243; offset=&#8221;vc_col-lg-3 vc_col-md-6 vc_col-xs-12&#8243;][vc_single_image image=&#8221;9357&#8243; img_size=&#8221;full&#8221; alignment=&#8221;center&#8221; css=&#8221;.vc_custom_1578648651941{margin-bottom: 10px !important;}&#8221;][vc_column_text el_class=&#8221;logo-caption&#8221;]70-er, 80-er, 90-er Jahre[\/vc_column_text][\/vc_column_inner][vc_column_inner width=&#8221;1\/2&#8243; offset=&#8221;vc_col-lg-3 vc_col-md-6 vc_col-xs-12&#8243;][vc_single_image image=&#8221;9361&#8243; img_size=&#8221;full&#8221; alignment=&#8221;center&#8221; css=&#8221;.vc_custom_1578648661413{margin-bottom: 10px !important;}&#8221;][vc_column_text el_class=&#8221;logo-caption&#8221;]Ab 2000[\/vc_column_text][\/vc_column_inner][vc_column_inner width=&#8221;1\/2&#8243; offset=&#8221;vc_col-lg-3 vc_col-md-6 vc_col-xs-12&#8243;][vc_single_image image=&#8221;9365&#8243; img_size=&#8221;full&#8221; alignment=&#8221;center&#8221; css=&#8221;.vc_custom_1578648669132{margin-bottom: 10px !important;}&#8221;][vc_column_text el_class=&#8221;logo-caption&#8221;]Ab 2013[\/vc_column_text][\/vc_column_inner][vc_column_inner width=&#8221;1\/2&#8243; offset=&#8221;vc_col-lg-3 vc_col-md-3 vc_hidden-md vc_hidden-sm vc_col-xs-12 [&hellip;]<\/p>\n","protected":false},"author":3,"featured_media":0,"parent":0,"menu_order":0,"comment_status":"closed","ping_status":"closed","template":"","meta":{"_acf_changed":false,"inline_featured_image":false,"_joinchat":[],"footnotes":""},"class_list":["post-19291","page","type-page","status-publish","hentry"],"acf":[],"yoast_head":"<!-- This site is optimized with the Yoast SEO plugin v25.0 - https:\/\/yoast.com\/wordpress\/plugins\/seo\/ -->\n<title>Pastificio Canuti: hochwertige handgemachte Pasta Made in Italy<\/title>\n<meta name=\"description\" content=\"La storia del pastificio Canuti testimonia l\u2019amore per la tradizione italiana, la sapienza per la pasta, la passione per la creativit\u00e0.\" \/>\n<meta name=\"robots\" content=\"index, follow, max-snippet:-1, max-image-preview:large, max-video-preview:-1\" \/>\n<link rel=\"canonical\" href=\"https:\/\/www.canuti.com\/de\/ueber-uns\/\" \/>\n<meta property=\"og:locale\" content=\"de_DE\" \/>\n<meta property=\"og:type\" content=\"article\" \/>\n<meta property=\"og:title\" content=\"Pastificio Canuti: hochwertige handgemachte Pasta Made in Italy\" \/>\n<meta property=\"og:description\" content=\"La storia del pastificio Canuti testimonia l\u2019amore per la tradizione italiana, la sapienza per la pasta, la passione per la creativit\u00e0.\" \/>\n<meta property=\"og:url\" content=\"https:\/\/www.canuti.com\/de\/ueber-uns\/\" \/>\n<meta property=\"og:site_name\" content=\"Canuti Sito Ufficiale\" \/>\n<meta property=\"article:modified_time\" content=\"2024-08-08T13:11:58+00:00\" \/>\n<meta name=\"twitter:card\" content=\"summary_large_image\" \/>\n<meta name=\"twitter:label1\" content=\"Gesch\u00e4tzte Lesezeit\" \/>\n\t<meta name=\"twitter:data1\" content=\"3\u00a0Minuten\" \/>\n<script type=\"application\/ld+json\" class=\"yoast-schema-graph\">{\"@context\":\"https:\/\/schema.org\",\"@graph\":[{\"@type\":\"WebPage\",\"@id\":\"https:\/\/www.canuti.com\/de\/ueber-uns\/\",\"url\":\"https:\/\/www.canuti.com\/de\/ueber-uns\/\",\"name\":\"Pastificio Canuti: hochwertige handgemachte Pasta Made in Italy\",\"isPartOf\":{\"@id\":\"https:\/\/www.canuti.com\/de\/#website\"},\"datePublished\":\"2019-09-30T15:04:03+00:00\",\"dateModified\":\"2024-08-08T13:11:58+00:00\",\"description\":\"La storia del pastificio Canuti testimonia l\u2019amore per la tradizione italiana, la sapienza per la pasta, la passione per la creativit\u00e0.\",\"breadcrumb\":{\"@id\":\"https:\/\/www.canuti.com\/de\/ueber-uns\/#breadcrumb\"},\"inLanguage\":\"de\",\"potentialAction\":[{\"@type\":\"ReadAction\",\"target\":[\"https:\/\/www.canuti.com\/de\/ueber-uns\/\"]}]},{\"@type\":\"BreadcrumbList\",\"@id\":\"https:\/\/www.canuti.com\/de\/ueber-uns\/#breadcrumb\",\"itemListElement\":[{\"@type\":\"ListItem\",\"position\":1,\"name\":\"Canuti\",\"item\":\"https:\/\/www.canuti.com\/de\/\"},{\"@type\":\"ListItem\",\"position\":2,\"name\":\"\u00dcber uns\"}]},{\"@type\":\"WebSite\",\"@id\":\"https:\/\/www.canuti.com\/de\/#website\",\"url\":\"https:\/\/www.canuti.com\/de\/\",\"name\":\"Canuti Sito Ufficiale\",\"description\":\"Pasta fresca surgelata \u2013 Made in Italy per la ristorazione e il retail\",\"publisher\":{\"@id\":\"https:\/\/www.canuti.com\/de\/#organization\"},\"potentialAction\":[{\"@type\":\"SearchAction\",\"target\":{\"@type\":\"EntryPoint\",\"urlTemplate\":\"https:\/\/www.canuti.com\/de\/?s={search_term_string}\"},\"query-input\":{\"@type\":\"PropertyValueSpecification\",\"valueRequired\":true,\"valueName\":\"search_term_string\"}}],\"inLanguage\":\"de\"},{\"@type\":\"Organization\",\"@id\":\"https:\/\/www.canuti.com\/de\/#organization\",\"name\":\"Canuti Pasta Artisans\",\"url\":\"https:\/\/www.canuti.com\/de\/\",\"logo\":{\"@type\":\"ImageObject\",\"inLanguage\":\"de\",\"@id\":\"https:\/\/www.canuti.com\/de\/#\/schema\/logo\/image\/\",\"url\":\"http:\/\/www.canuti.com\/wp-content\/uploads\/2019\/09\/canuti_logo.png\",\"contentUrl\":\"http:\/\/www.canuti.com\/wp-content\/uploads\/2019\/09\/canuti_logo.png\",\"width\":172,\"height\":115,\"caption\":\"Canuti Pasta Artisans\"},\"image\":{\"@id\":\"https:\/\/www.canuti.com\/de\/#\/schema\/logo\/image\/\"}}]}<\/script>\n<!-- \/ Yoast SEO plugin. -->","yoast_head_json":{"title":"Pastificio Canuti: hochwertige handgemachte Pasta Made in Italy","description":"La storia del pastificio Canuti testimonia l\u2019amore per la tradizione italiana, la sapienza per la pasta, la passione per la creativit\u00e0.","robots":{"index":"index","follow":"follow","max-snippet":"max-snippet:-1","max-image-preview":"max-image-preview:large","max-video-preview":"max-video-preview:-1"},"canonical":"https:\/\/www.canuti.com\/de\/ueber-uns\/","og_locale":"de_DE","og_type":"article","og_title":"Pastificio Canuti: hochwertige handgemachte Pasta Made in Italy","og_description":"La storia del pastificio Canuti testimonia l\u2019amore per la tradizione italiana, la sapienza per la pasta, la passione per la creativit\u00e0.","og_url":"https:\/\/www.canuti.com\/de\/ueber-uns\/","og_site_name":"Canuti Sito Ufficiale","article_modified_time":"2024-08-08T13:11:58+00:00","twitter_card":"summary_large_image","twitter_misc":{"Gesch\u00e4tzte Lesezeit":"3\u00a0Minuten"},"schema":{"@context":"https:\/\/schema.org","@graph":[{"@type":"WebPage","@id":"https:\/\/www.canuti.com\/de\/ueber-uns\/","url":"https:\/\/www.canuti.com\/de\/ueber-uns\/","name":"Pastificio Canuti: hochwertige handgemachte Pasta Made in Italy","isPartOf":{"@id":"https:\/\/www.canuti.com\/de\/#website"},"datePublished":"2019-09-30T15:04:03+00:00","dateModified":"2024-08-08T13:11:58+00:00","description":"La storia del pastificio Canuti testimonia l\u2019amore per la tradizione italiana, la sapienza per la pasta, la passione per la creativit\u00e0.","breadcrumb":{"@id":"https:\/\/www.canuti.com\/de\/ueber-uns\/#breadcrumb"},"inLanguage":"de","potentialAction":[{"@type":"ReadAction","target":["https:\/\/www.canuti.com\/de\/ueber-uns\/"]}]},{"@type":"BreadcrumbList","@id":"https:\/\/www.canuti.com\/de\/ueber-uns\/#breadcrumb","itemListElement":[{"@type":"ListItem","position":1,"name":"Canuti","item":"https:\/\/www.canuti.com\/de\/"},{"@type":"ListItem","position":2,"name":"\u00dcber uns"}]},{"@type":"WebSite","@id":"https:\/\/www.canuti.com\/de\/#website","url":"https:\/\/www.canuti.com\/de\/","name":"Canuti Sito Ufficiale","description":"Pasta fresca surgelata \u2013 Made in Italy per la ristorazione e il retail","publisher":{"@id":"https:\/\/www.canuti.com\/de\/#organization"},"potentialAction":[{"@type":"SearchAction","target":{"@type":"EntryPoint","urlTemplate":"https:\/\/www.canuti.com\/de\/?s={search_term_string}"},"query-input":{"@type":"PropertyValueSpecification","valueRequired":true,"valueName":"search_term_string"}}],"inLanguage":"de"},{"@type":"Organization","@id":"https:\/\/www.canuti.com\/de\/#organization","name":"Canuti Pasta Artisans","url":"https:\/\/www.canuti.com\/de\/","logo":{"@type":"ImageObject","inLanguage":"de","@id":"https:\/\/www.canuti.com\/de\/#\/schema\/logo\/image\/","url":"http:\/\/www.canuti.com\/wp-content\/uploads\/2019\/09\/canuti_logo.png","contentUrl":"http:\/\/www.canuti.com\/wp-content\/uploads\/2019\/09\/canuti_logo.png","width":172,"height":115,"caption":"Canuti Pasta Artisans"},"image":{"@id":"https:\/\/www.canuti.com\/de\/#\/schema\/logo\/image\/"}}]}},"_links":{"self":[{"href":"https:\/\/www.canuti.com\/de\/wp-json\/wp\/v2\/pages\/19291","targetHints":{"allow":["GET"]}}],"collection":[{"href":"https:\/\/www.canuti.com\/de\/wp-json\/wp\/v2\/pages"}],"about":[{"href":"https:\/\/www.canuti.com\/de\/wp-json\/wp\/v2\/types\/page"}],"author":[{"embeddable":true,"href":"https:\/\/www.canuti.com\/de\/wp-json\/wp\/v2\/users\/3"}],"replies":[{"embeddable":true,"href":"https:\/\/www.canuti.com\/de\/wp-json\/wp\/v2\/comments?post=19291"}],"version-history":[{"count":2,"href":"https:\/\/www.canuti.com\/de\/wp-json\/wp\/v2\/pages\/19291\/revisions"}],"predecessor-version":[{"id":19294,"href":"https:\/\/www.canuti.com\/de\/wp-json\/wp\/v2\/pages\/19291\/revisions\/19294"}],"wp:attachment":[{"href":"https:\/\/www.canuti.com\/de\/wp-json\/wp\/v2\/media?parent=19291"}],"curies":[{"name":"wp","href":"https:\/\/api.w.org\/{rel}","templated":true}]}}