{"id":19289,"date":"2022-05-23T14:39:20","date_gmt":"2022-05-23T14:39:20","guid":{"rendered":"https:\/\/www.canuti.com\/?page_id=19289"},"modified":"2022-05-23T15:22:10","modified_gmt":"2022-05-23T15:22:10","slug":"qualifizierte-qualitaet","status":"publish","type":"page","link":"https:\/\/www.canuti.com\/de\/qualifizierte-qualitaet\/","title":{"rendered":"Qualifizierte Qualit\u00e4t!"},"content":{"rendered":"<div class=\"wpb-content-wrapper\"><p>[vc_row][vc_column][cms_heading text=&#8221;Qualifizierte Qualit\u00e4t!&#8221; tag=&#8221;h1&#8243; font_size=&#8221;48&#8243; line_height=&#8221;52&#8243; sub_title_position=&#8221;after-title&#8221; el_class=&#8221;page-title&#8221;][vc_column_text el_class=&#8221;page-paragraph-text&#8221;]Canuti Tradizione Italiana steht seit jeher f\u00fcr Spitzenqualit\u00e4t bei Pasta (streng selektierte, tagesfrisch verarbeitete Rohstoffe, Bronzeverfahren, IQF-Tiefk\u00fchlung) und besitzt die wichtigsten internationalen System- und Produktzertifikate.[\/vc_column_text][cms_fancybox cms_template=&#8221;cms_fancybox&#8211;layout4.php&#8221; icon_type=&#8221;image&#8221; icon_image=&#8221;10494&#8243; title=&#8221;BRC (Technical Standard and Protocol for Companies Supplying Retailer Branded Food Products) &#8221; description=&#8221;Ein Standard, der 1998 in England eingef\u00fchrt wurde und der dort mittlerweile die Regel ist. Entwickelt wurde er von dem British Retail Consortium, das die wichtigsten Einzelh\u00e4ndler Gro\u00dfbritanniens vertritt, und vom UKAS (United Kingdom Accreditation Service), einer nationalen britischen Akkreditierungseinrichtung. &#8220;][vc_empty_space][cms_fancybox cms_template=&#8221;cms_fancybox&#8211;layout4.php&#8221; icon_type=&#8221;image&#8221; icon_image=&#8221;8427&#8243; title=&#8221;IFS (International Food Standard)&#8221; description=&#8221;Das Gegenst\u00fcck zum BRC f\u00fcr die zentraleurop\u00e4ischen Staaten (\u00d6sterreich, Schweiz, Frankreich und Deutschland). Dieser Standard wurde von dem Konsortium entwickelt, dem die wichtigsten Einzelh\u00e4ndler Lebensmittelhersteller Zentraleuropas angeh\u00f6ren, dem BDH (dem deutschen Handelsverband). &#8220;][vc_empty_space][cms_fancybox cms_template=&#8221;cms_fancybox&#8211;layout4.php&#8221; icon_type=&#8221;image&#8221; icon_image=&#8221;8419&#8243; title=&#8221;Biologico: certificazione di prodotto&#8221; description=&#8221;Der Anbau, die Herstellung (Produktion), der Import und der Verkauf biologischer Lebensmittel in Italien ist gesetzlich geregelt. Die Vorschriften dienen dem Zweck, den Verbrauchern ein Produkt zu garantieren, das ohne den Einsatz chemischer Hilfsmittel und genetisch ver\u00e4nderter Organismen (GVO) erzeugt wurde. Sie gelten in allen L\u00e4ndern der EU und weiteren Nicht-EU-L\u00e4ndern, in denen diese Vorschriften anerkannt werden und die Produkte frei im Handel sind. &#8220;][vc_empty_space][vc_column_text el_class=&#8221;page-paragraph-text&#8221;]Nachweise, die von der Zuverl\u00e4ssigkeit eines soliden, zertifizierten und dynamischen Unternehmens zeugen, das bereit ist, nur das Beste unter traditioneller italienischer Pasta anzubieten: Schmackhafte, gesunde und sichere, fachm\u00e4nnisch zubereitete Vorgerichte.[\/vc_column_text][\/vc_column][\/vc_row]<\/p>\n<\/div>","protected":false},"excerpt":{"rendered":"<p>[vc_row][vc_column][cms_heading text=&#8221;Qualifizierte Qualit\u00e4t!&#8221; tag=&#8221;h1&#8243; font_size=&#8221;48&#8243; line_height=&#8221;52&#8243; sub_title_position=&#8221;after-title&#8221; el_class=&#8221;page-title&#8221;][vc_column_text el_class=&#8221;page-paragraph-text&#8221;]Canuti Tradizione Italiana steht seit jeher f\u00fcr Spitzenqualit\u00e4t bei Pasta (streng selektierte, tagesfrisch verarbeitete Rohstoffe, Bronzeverfahren, IQF-Tiefk\u00fchlung) und besitzt die wichtigsten internationalen System- und Produktzertifikate.[\/vc_column_text][cms_fancybox cms_template=&#8221;cms_fancybox&#8211;layout4.php&#8221; icon_type=&#8221;image&#8221; icon_image=&#8221;10494&#8243; title=&#8221;BRC (Technical Standard and Protocol for Companies Supplying Retailer Branded Food Products) &#8221; description=&#8221;Ein Standard, der 1998 in England [&hellip;]<\/p>\n","protected":false},"author":6,"featured_media":0,"parent":0,"menu_order":0,"comment_status":"closed","ping_status":"closed","template":"","meta":{"_acf_changed":false,"inline_featured_image":false,"_joinchat":[],"footnotes":""},"class_list":["post-19289","page","type-page","status-publish","hentry"],"acf":[],"yoast_head":"<!-- This site is optimized with the Yoast SEO plugin v25.0 - https:\/\/yoast.com\/wordpress\/plugins\/seo\/ -->\n<title>Qualifizierte Qualit\u00e4t! - Canuti Sito Ufficiale<\/title>\n<meta name=\"robots\" content=\"index, follow, max-snippet:-1, max-image-preview:large, max-video-preview:-1\" \/>\n<link rel=\"canonical\" href=\"https:\/\/www.canuti.com\/de\/qualifizierte-qualitaet\/\" \/>\n<meta property=\"og:locale\" content=\"de_DE\" \/>\n<meta property=\"og:type\" content=\"article\" \/>\n<meta property=\"og:title\" content=\"Qualifizierte Qualit\u00e4t! - Canuti Sito Ufficiale\" \/>\n<meta property=\"og:description\" content=\"[vc_row][vc_column][cms_heading text=&#8221;Qualifizierte Qualit\u00e4t!&#8221; tag=&#8221;h1&#8243; font_size=&#8221;48&#8243; line_height=&#8221;52&#8243; sub_title_position=&#8221;after-title&#8221; el_class=&#8221;page-title&#8221;][vc_column_text el_class=&#8221;page-paragraph-text&#8221;]Canuti Tradizione Italiana steht seit jeher f\u00fcr Spitzenqualit\u00e4t bei Pasta (streng selektierte, tagesfrisch verarbeitete Rohstoffe, Bronzeverfahren, IQF-Tiefk\u00fchlung) und besitzt die wichtigsten internationalen System- und Produktzertifikate.[\/vc_column_text][cms_fancybox cms_template=&#8221;cms_fancybox&#8211;layout4.php&#8221; icon_type=&#8221;image&#8221; icon_image=&#8221;10494&#8243; title=&#8221;BRC (Technical Standard and Protocol for Companies Supplying Retailer Branded Food Products) &#8221; description=&#8221;Ein Standard, der 1998 in England [&hellip;]\" \/>\n<meta property=\"og:url\" content=\"https:\/\/www.canuti.com\/de\/qualifizierte-qualitaet\/\" \/>\n<meta property=\"og:site_name\" content=\"Canuti Sito Ufficiale\" \/>\n<meta property=\"article:modified_time\" content=\"2022-05-23T15:22:10+00:00\" \/>\n<meta name=\"twitter:card\" content=\"summary_large_image\" \/>\n<meta name=\"twitter:label1\" content=\"Gesch\u00e4tzte Lesezeit\" \/>\n\t<meta name=\"twitter:data1\" content=\"2\u00a0Minuten\" \/>\n<script type=\"application\/ld+json\" class=\"yoast-schema-graph\">{\"@context\":\"https:\/\/schema.org\",\"@graph\":[{\"@type\":\"WebPage\",\"@id\":\"https:\/\/www.canuti.com\/de\/qualifizierte-qualitaet\/\",\"url\":\"https:\/\/www.canuti.com\/de\/qualifizierte-qualitaet\/\",\"name\":\"Qualifizierte Qualit\u00e4t! - Canuti Sito Ufficiale\",\"isPartOf\":{\"@id\":\"https:\/\/www.canuti.com\/de\/#website\"},\"datePublished\":\"2022-05-23T14:39:20+00:00\",\"dateModified\":\"2022-05-23T15:22:10+00:00\",\"breadcrumb\":{\"@id\":\"https:\/\/www.canuti.com\/de\/qualifizierte-qualitaet\/#breadcrumb\"},\"inLanguage\":\"de\",\"potentialAction\":[{\"@type\":\"ReadAction\",\"target\":[\"https:\/\/www.canuti.com\/de\/qualifizierte-qualitaet\/\"]}]},{\"@type\":\"BreadcrumbList\",\"@id\":\"https:\/\/www.canuti.com\/de\/qualifizierte-qualitaet\/#breadcrumb\",\"itemListElement\":[{\"@type\":\"ListItem\",\"position\":1,\"name\":\"Canuti\",\"item\":\"https:\/\/www.canuti.com\/de\/\"},{\"@type\":\"ListItem\",\"position\":2,\"name\":\"Qualifizierte Qualit\u00e4t!\"}]},{\"@type\":\"WebSite\",\"@id\":\"https:\/\/www.canuti.com\/de\/#website\",\"url\":\"https:\/\/www.canuti.com\/de\/\",\"name\":\"Canuti Sito Ufficiale\",\"description\":\"Pasta fresca surgelata \u2013 Made in Italy per la ristorazione e il retail\",\"publisher\":{\"@id\":\"https:\/\/www.canuti.com\/de\/#organization\"},\"potentialAction\":[{\"@type\":\"SearchAction\",\"target\":{\"@type\":\"EntryPoint\",\"urlTemplate\":\"https:\/\/www.canuti.com\/de\/?s={search_term_string}\"},\"query-input\":{\"@type\":\"PropertyValueSpecification\",\"valueRequired\":true,\"valueName\":\"search_term_string\"}}],\"inLanguage\":\"de\"},{\"@type\":\"Organization\",\"@id\":\"https:\/\/www.canuti.com\/de\/#organization\",\"name\":\"Canuti Pasta Artisans\",\"url\":\"https:\/\/www.canuti.com\/de\/\",\"logo\":{\"@type\":\"ImageObject\",\"inLanguage\":\"de\",\"@id\":\"https:\/\/www.canuti.com\/de\/#\/schema\/logo\/image\/\",\"url\":\"http:\/\/www.canuti.com\/wp-content\/uploads\/2019\/09\/canuti_logo.png\",\"contentUrl\":\"http:\/\/www.canuti.com\/wp-content\/uploads\/2019\/09\/canuti_logo.png\",\"width\":172,\"height\":115,\"caption\":\"Canuti Pasta Artisans\"},\"image\":{\"@id\":\"https:\/\/www.canuti.com\/de\/#\/schema\/logo\/image\/\"}}]}<\/script>\n<!-- \/ Yoast SEO plugin. -->","yoast_head_json":{"title":"Qualifizierte Qualit\u00e4t! - Canuti Sito Ufficiale","robots":{"index":"index","follow":"follow","max-snippet":"max-snippet:-1","max-image-preview":"max-image-preview:large","max-video-preview":"max-video-preview:-1"},"canonical":"https:\/\/www.canuti.com\/de\/qualifizierte-qualitaet\/","og_locale":"de_DE","og_type":"article","og_title":"Qualifizierte Qualit\u00e4t! - Canuti Sito Ufficiale","og_description":"[vc_row][vc_column][cms_heading text=&#8221;Qualifizierte Qualit\u00e4t!&#8221; tag=&#8221;h1&#8243; font_size=&#8221;48&#8243; line_height=&#8221;52&#8243; sub_title_position=&#8221;after-title&#8221; el_class=&#8221;page-title&#8221;][vc_column_text el_class=&#8221;page-paragraph-text&#8221;]Canuti Tradizione Italiana steht seit jeher f\u00fcr Spitzenqualit\u00e4t bei Pasta (streng selektierte, tagesfrisch verarbeitete Rohstoffe, Bronzeverfahren, IQF-Tiefk\u00fchlung) und besitzt die wichtigsten internationalen System- und Produktzertifikate.[\/vc_column_text][cms_fancybox cms_template=&#8221;cms_fancybox&#8211;layout4.php&#8221; icon_type=&#8221;image&#8221; icon_image=&#8221;10494&#8243; title=&#8221;BRC (Technical Standard and Protocol for Companies Supplying Retailer Branded Food Products) &#8221; description=&#8221;Ein Standard, der 1998 in England [&hellip;]","og_url":"https:\/\/www.canuti.com\/de\/qualifizierte-qualitaet\/","og_site_name":"Canuti Sito Ufficiale","article_modified_time":"2022-05-23T15:22:10+00:00","twitter_card":"summary_large_image","twitter_misc":{"Gesch\u00e4tzte Lesezeit":"2\u00a0Minuten"},"schema":{"@context":"https:\/\/schema.org","@graph":[{"@type":"WebPage","@id":"https:\/\/www.canuti.com\/de\/qualifizierte-qualitaet\/","url":"https:\/\/www.canuti.com\/de\/qualifizierte-qualitaet\/","name":"Qualifizierte Qualit\u00e4t! - Canuti Sito Ufficiale","isPartOf":{"@id":"https:\/\/www.canuti.com\/de\/#website"},"datePublished":"2022-05-23T14:39:20+00:00","dateModified":"2022-05-23T15:22:10+00:00","breadcrumb":{"@id":"https:\/\/www.canuti.com\/de\/qualifizierte-qualitaet\/#breadcrumb"},"inLanguage":"de","potentialAction":[{"@type":"ReadAction","target":["https:\/\/www.canuti.com\/de\/qualifizierte-qualitaet\/"]}]},{"@type":"BreadcrumbList","@id":"https:\/\/www.canuti.com\/de\/qualifizierte-qualitaet\/#breadcrumb","itemListElement":[{"@type":"ListItem","position":1,"name":"Canuti","item":"https:\/\/www.canuti.com\/de\/"},{"@type":"ListItem","position":2,"name":"Qualifizierte Qualit\u00e4t!"}]},{"@type":"WebSite","@id":"https:\/\/www.canuti.com\/de\/#website","url":"https:\/\/www.canuti.com\/de\/","name":"Canuti Sito Ufficiale","description":"Pasta fresca surgelata \u2013 Made in Italy per la ristorazione e il retail","publisher":{"@id":"https:\/\/www.canuti.com\/de\/#organization"},"potentialAction":[{"@type":"SearchAction","target":{"@type":"EntryPoint","urlTemplate":"https:\/\/www.canuti.com\/de\/?s={search_term_string}"},"query-input":{"@type":"PropertyValueSpecification","valueRequired":true,"valueName":"search_term_string"}}],"inLanguage":"de"},{"@type":"Organization","@id":"https:\/\/www.canuti.com\/de\/#organization","name":"Canuti Pasta Artisans","url":"https:\/\/www.canuti.com\/de\/","logo":{"@type":"ImageObject","inLanguage":"de","@id":"https:\/\/www.canuti.com\/de\/#\/schema\/logo\/image\/","url":"http:\/\/www.canuti.com\/wp-content\/uploads\/2019\/09\/canuti_logo.png","contentUrl":"http:\/\/www.canuti.com\/wp-content\/uploads\/2019\/09\/canuti_logo.png","width":172,"height":115,"caption":"Canuti Pasta Artisans"},"image":{"@id":"https:\/\/www.canuti.com\/de\/#\/schema\/logo\/image\/"}}]}},"_links":{"self":[{"href":"https:\/\/www.canuti.com\/de\/wp-json\/wp\/v2\/pages\/19289","targetHints":{"allow":["GET"]}}],"collection":[{"href":"https:\/\/www.canuti.com\/de\/wp-json\/wp\/v2\/pages"}],"about":[{"href":"https:\/\/www.canuti.com\/de\/wp-json\/wp\/v2\/types\/page"}],"author":[{"embeddable":true,"href":"https:\/\/www.canuti.com\/de\/wp-json\/wp\/v2\/users\/6"}],"replies":[{"embeddable":true,"href":"https:\/\/www.canuti.com\/de\/wp-json\/wp\/v2\/comments?post=19289"}],"version-history":[{"count":1,"href":"https:\/\/www.canuti.com\/de\/wp-json\/wp\/v2\/pages\/19289\/revisions"}],"predecessor-version":[{"id":19290,"href":"https:\/\/www.canuti.com\/de\/wp-json\/wp\/v2\/pages\/19289\/revisions\/19290"}],"wp:attachment":[{"href":"https:\/\/www.canuti.com\/de\/wp-json\/wp\/v2\/media?parent=19289"}],"curies":[{"name":"wp","href":"https:\/\/api.w.org\/{rel}","templated":true}]}}