{"id":19281,"date":"2019-10-01T10:35:44","date_gmt":"2019-10-01T10:35:44","guid":{"rendered":"https:\/\/www.canuti.com\/la-sfoglia-gli-ingredienti-i-formati-ed-i-ripieni\/"},"modified":"2024-07-03T13:15:06","modified_gmt":"2024-07-03T13:15:06","slug":"der-nudelteig-die-zutaten-formate-und-fuellungen","status":"publish","type":"page","link":"https:\/\/www.canuti.com\/de\/der-nudelteig-die-zutaten-formate-und-fuellungen\/","title":{"rendered":"Der Nudelteig, die Zutaten, Formate und F\u00fcllungen"},"content":{"rendered":"<div class=\"wpb-content-wrapper\"><p>[vc_row][vc_column][cms_heading text=&#8221;Der Nudelteig, die Zutaten, Formate und F\u00fcllungen&#8221; tag=&#8221;h1&#8243; font_size=&#8221;48&#8243; line_height=&#8221;52&#8243; sub_title_position=&#8221;after-title&#8221; el_class=&#8221;page-title&#8221;][vc_empty_space][\/vc_column][\/vc_row][vc_row el_class=&#8221;page-paragraph-text&#8221;][vc_column][cms_banner cms_template=&#8221;cms_banner&#8211;layout1.php&#8221; content_position=&#8221;left&#8221; banner_image=&#8221;5193&#8243; title=&#8221;Der Nudelteig&#8221; description=&#8221;<\/p>\n<div>Wir machen Teig nach echt <strong>romagnolischer Tradition.<\/strong>. Nat\u00fcrlich <strong>rau<\/strong> wie ein Teig, der mit dem Nudelholz f\u00fcr die Rimineser \u201esfogline\u201c (Teigbl\u00e4tter) ausgezogen wurde, auch <strong>dank des Bronzeverfahrens.<\/strong><\/div>\n<div>\n<ul>\n<li>Teig, an dem jede Art von Sauce und sonstige Zutaten ausgezeichnet haften<\/li>\n<li>Duft nach Mehl und Eiern, typische, intensiv gelbe Farbe<\/li>\n<li>Mehr als 5 Eier pro Kilogramm Mehl<\/li>\n<li><strong>Ist noch eine gute Weile nach dem Kochen bzw.<\/strong> nach dem Anrichten <strong>bissfest<\/strong><\/li>\n<\/ul>\n<\/div>\n<div>F\u00fcr eine sch\u00f6ne Farbe verwenden wir ausschlie\u00dflich nur nat\u00fcrliche Zutaten pflanzlicher oder tierischer Herkunft wie Tomaten, Paprika, Spinat, Basilikum oder Tintenfischtinte. K\u00fcnstliche Farbstoffe kommen bei uns nicht zum Einsatz.<\/div>\n<p>&#8221; el_class=&#8221;page-paragraph-text&#8221;][vc_empty_space height=&#8221;64px&#8221;][cms_banner cms_template=&#8221;cms_banner&#8211;layout1.php&#8221; content_position=&#8221;left&#8221; banner_image=&#8221;5229&#8243; title=&#8221;Zutaten&#8221; description=&#8221;<\/p>\n<div>F\u00fcr alle Nudelformate, ob kurz oder lang, und Teigtaschen gilt:<\/div>\n<div>\n<ul>\n<li>Wir verwenden <strong>bestes Mehl aus italienischem Anbau<\/strong>: n\u00e4mlich Weichweizenmehl aus dem zentralen Mehlk\u00f6rper des Korns und Hartweizengrie\u00df<\/li>\n<li>Wir verwenden hochwertigste, in Italien verarbeitete <strong>Eier von H\u00fchnern aus Bodenhaltung<\/strong><\/li>\n<li>Die <strong>Rohstoffe enthalten keine GVO, sind nicht mit ionisierter Strahlung behandelt, enthalten keine zus\u00e4tzlichen Konservierungsstoffe <\/strong>und haben, wo m\u00f6glich, eine <strong>gesch\u00fctzte Herkunftsbezeichnung<\/strong>.<\/li>\n<\/ul>\n<\/div>\n<div>Wir arbeiten mit sorgf\u00e4ltig ausgew\u00e4hlten Lieferanten. Unsere F\u00fcllungen bestehen aus <strong>Rohstoffen, die wir selbst kontrollieren und immer innerhalb eines Tages<\/strong> frisch verarbeiten. Bei uns wird alles m\u00f6glichst unverarbeitet eingekauft und dann in unserer eigenen K\u00fcche verarbeitet.<\/div>\n<p>&#8220;][vc_empty_space height=&#8221;64px&#8221;][cms_banner cms_template=&#8221;cms_banner&#8211;layout1.php&#8221; content_position=&#8221;left&#8221; banner_image=&#8221;5201&#8243; title=&#8221;Formate und Teigtaschen&#8221; description=&#8221;<\/p>\n<div>\n<ul>\n<li><strong>Historische, traditionelle italienische, Formate<\/strong> wie Tortellini alla Bolognese mit Fleischf\u00fcllung<\/li>\n<li><strong>Regionaltypische italienische Produkte<\/strong> nach lokalen Rezepten wie die Tortelli Maremmani<\/li>\n<li><strong>Innovative F\u00fcllungen, die sich unsere K\u00fcchenmeister ausgedacht haben,<\/strong> wie die F\u00fcllung mit Ingwer und Fr\u00fchlingsgem\u00fcse<\/li>\n<li>Klassische <strong>Ofengerichte, auch Fertiggerichte und Gnocchi<\/strong><\/li>\n<\/ul>\n<\/div>\n<div><strong>Zu den unterschiedlichen F\u00fcllungen<\/strong> z\u00e4hlen auch die Grundrezepte mit:<\/div>\n<div>\n<ul>\n<li><strong>Fleisch<\/strong>wie eigens ausgew\u00e4hlte St\u00fccke vom Rind und vom Schwein, Mortadella, roher Schinken und Reh<\/li>\n<li><strong>K\u00e4se<\/strong> wie Gorgonzola DOP, Formaggio di Fossa di Sogliano DOP, Taleggio DOP, Grana Padano DOP, Parmigiano Reggiano DOP, Quartirolo DOP, Ricotta, Casatella, Robiola, ger\u00e4ucherter Provola und Pecorino Romano<\/li>\n<li><strong>Gem\u00fcse<\/strong>wie Artischocken, Spargel, Spinat, Auberginen, K\u00fcrbis und Kartoffeln<\/li>\n<li><strong>Steinpilze <\/strong> und <strong>Schwarzer Tr\u00fcffel<\/strong><\/li>\n<li><strong>Fisch <\/strong> und <strong>Krustentiere<\/strong>, wie Seehecht, Makrele, Wrackbarsch, Lachs, Miesmuscheln, Venusmuscheln, Garnelen, Hummer, Krebs und Jakobsmuscheln.<\/li>\n<\/ul>\n<\/div>\n<p>&#8220;][vc_empty_space height=&#8221;64px&#8221;][\/vc_column][\/vc_row]<\/p>\n<\/div>","protected":false},"excerpt":{"rendered":"<p>[vc_row][vc_column][cms_heading text=&#8221;Der Nudelteig, die Zutaten, Formate und F\u00fcllungen&#8221; tag=&#8221;h1&#8243; font_size=&#8221;48&#8243; line_height=&#8221;52&#8243; sub_title_position=&#8221;after-title&#8221; el_class=&#8221;page-title&#8221;][vc_empty_space][\/vc_column][\/vc_row][vc_row el_class=&#8221;page-paragraph-text&#8221;][vc_column][cms_banner cms_template=&#8221;cms_banner&#8211;layout1.php&#8221; content_position=&#8221;left&#8221; banner_image=&#8221;5193&#8243; title=&#8221;Der Nudelteig&#8221; description=&#8221; Wir machen Teig nach echt romagnolischer Tradition.. Nat\u00fcrlich rau wie ein Teig, der mit dem Nudelholz f\u00fcr die Rimineser \u201esfogline\u201c (Teigbl\u00e4tter) ausgezogen wurde, auch dank des Bronzeverfahrens. Teig, an dem jede Art von Sauce und [&hellip;]<\/p>\n","protected":false},"author":3,"featured_media":0,"parent":0,"menu_order":0,"comment_status":"closed","ping_status":"closed","template":"","meta":{"_acf_changed":false,"inline_featured_image":false,"_joinchat":[],"footnotes":""},"class_list":["post-19281","page","type-page","status-publish","hentry"],"acf":[],"yoast_head":"<!-- This site is optimized with the Yoast SEO plugin v25.0 - https:\/\/yoast.com\/wordpress\/plugins\/seo\/ -->\n<title>Das traditionelle Romagnola-Geb\u00e4ck, hergestellt in Italien von Canuti<\/title>\n<meta name=\"description\" content=\"Entdecken Sie das Canuti-Blatt, die Zutaten, die Formen und alle F\u00fcllungen unserer gefrorenen Frischnudellinien f\u00fcr die Gastronomie.\" \/>\n<meta name=\"robots\" content=\"index, follow, max-snippet:-1, max-image-preview:large, max-video-preview:-1\" \/>\n<link rel=\"canonical\" href=\"https:\/\/www.canuti.com\/de\/der-nudelteig-die-zutaten-formate-und-fuellungen\/\" \/>\n<meta property=\"og:locale\" content=\"de_DE\" \/>\n<meta property=\"og:type\" content=\"article\" \/>\n<meta property=\"og:title\" content=\"Das traditionelle Romagnola-Geb\u00e4ck, hergestellt in Italien von Canuti\" \/>\n<meta property=\"og:description\" content=\"Entdecken Sie das Canuti-Blatt, die Zutaten, die Formen und alle F\u00fcllungen unserer gefrorenen Frischnudellinien f\u00fcr die Gastronomie.\" \/>\n<meta property=\"og:url\" content=\"https:\/\/www.canuti.com\/de\/der-nudelteig-die-zutaten-formate-und-fuellungen\/\" \/>\n<meta property=\"og:site_name\" content=\"Canuti Sito Ufficiale\" \/>\n<meta property=\"article:modified_time\" content=\"2024-07-03T13:15:06+00:00\" \/>\n<meta name=\"twitter:card\" content=\"summary_large_image\" \/>\n<meta name=\"twitter:label1\" content=\"Gesch\u00e4tzte Lesezeit\" \/>\n\t<meta name=\"twitter:data1\" content=\"2\u00a0Minuten\" \/>\n<script type=\"application\/ld+json\" class=\"yoast-schema-graph\">{\"@context\":\"https:\/\/schema.org\",\"@graph\":[{\"@type\":\"WebPage\",\"@id\":\"https:\/\/www.canuti.com\/de\/der-nudelteig-die-zutaten-formate-und-fuellungen\/\",\"url\":\"https:\/\/www.canuti.com\/de\/der-nudelteig-die-zutaten-formate-und-fuellungen\/\",\"name\":\"Das traditionelle Romagnola-Geb\u00e4ck, hergestellt in Italien von Canuti\",\"isPartOf\":{\"@id\":\"https:\/\/www.canuti.com\/de\/#website\"},\"datePublished\":\"2019-10-01T10:35:44+00:00\",\"dateModified\":\"2024-07-03T13:15:06+00:00\",\"description\":\"Entdecken Sie das Canuti-Blatt, die Zutaten, die Formen und alle F\u00fcllungen unserer gefrorenen Frischnudellinien f\u00fcr die Gastronomie.\",\"breadcrumb\":{\"@id\":\"https:\/\/www.canuti.com\/de\/der-nudelteig-die-zutaten-formate-und-fuellungen\/#breadcrumb\"},\"inLanguage\":\"de\",\"potentialAction\":[{\"@type\":\"ReadAction\",\"target\":[\"https:\/\/www.canuti.com\/de\/der-nudelteig-die-zutaten-formate-und-fuellungen\/\"]}]},{\"@type\":\"BreadcrumbList\",\"@id\":\"https:\/\/www.canuti.com\/de\/der-nudelteig-die-zutaten-formate-und-fuellungen\/#breadcrumb\",\"itemListElement\":[{\"@type\":\"ListItem\",\"position\":1,\"name\":\"Canuti\",\"item\":\"https:\/\/www.canuti.com\/de\/\"},{\"@type\":\"ListItem\",\"position\":2,\"name\":\"Der Nudelteig, die Zutaten, Formate und F\u00fcllungen\"}]},{\"@type\":\"WebSite\",\"@id\":\"https:\/\/www.canuti.com\/de\/#website\",\"url\":\"https:\/\/www.canuti.com\/de\/\",\"name\":\"Canuti Sito Ufficiale\",\"description\":\"Pasta fresca surgelata \u2013 Made in Italy per la ristorazione e il retail\",\"publisher\":{\"@id\":\"https:\/\/www.canuti.com\/de\/#organization\"},\"potentialAction\":[{\"@type\":\"SearchAction\",\"target\":{\"@type\":\"EntryPoint\",\"urlTemplate\":\"https:\/\/www.canuti.com\/de\/?s={search_term_string}\"},\"query-input\":{\"@type\":\"PropertyValueSpecification\",\"valueRequired\":true,\"valueName\":\"search_term_string\"}}],\"inLanguage\":\"de\"},{\"@type\":\"Organization\",\"@id\":\"https:\/\/www.canuti.com\/de\/#organization\",\"name\":\"Canuti Pasta Artisans\",\"url\":\"https:\/\/www.canuti.com\/de\/\",\"logo\":{\"@type\":\"ImageObject\",\"inLanguage\":\"de\",\"@id\":\"https:\/\/www.canuti.com\/de\/#\/schema\/logo\/image\/\",\"url\":\"http:\/\/www.canuti.com\/wp-content\/uploads\/2019\/09\/canuti_logo.png\",\"contentUrl\":\"http:\/\/www.canuti.com\/wp-content\/uploads\/2019\/09\/canuti_logo.png\",\"width\":172,\"height\":115,\"caption\":\"Canuti Pasta Artisans\"},\"image\":{\"@id\":\"https:\/\/www.canuti.com\/de\/#\/schema\/logo\/image\/\"}}]}<\/script>\n<!-- \/ Yoast SEO plugin. -->","yoast_head_json":{"title":"Das traditionelle Romagnola-Geb\u00e4ck, hergestellt in Italien von Canuti","description":"Entdecken Sie das Canuti-Blatt, die Zutaten, die Formen und alle F\u00fcllungen unserer gefrorenen Frischnudellinien f\u00fcr die Gastronomie.","robots":{"index":"index","follow":"follow","max-snippet":"max-snippet:-1","max-image-preview":"max-image-preview:large","max-video-preview":"max-video-preview:-1"},"canonical":"https:\/\/www.canuti.com\/de\/der-nudelteig-die-zutaten-formate-und-fuellungen\/","og_locale":"de_DE","og_type":"article","og_title":"Das traditionelle Romagnola-Geb\u00e4ck, hergestellt in Italien von Canuti","og_description":"Entdecken Sie das Canuti-Blatt, die Zutaten, die Formen und alle F\u00fcllungen unserer gefrorenen Frischnudellinien f\u00fcr die Gastronomie.","og_url":"https:\/\/www.canuti.com\/de\/der-nudelteig-die-zutaten-formate-und-fuellungen\/","og_site_name":"Canuti Sito Ufficiale","article_modified_time":"2024-07-03T13:15:06+00:00","twitter_card":"summary_large_image","twitter_misc":{"Gesch\u00e4tzte Lesezeit":"2\u00a0Minuten"},"schema":{"@context":"https:\/\/schema.org","@graph":[{"@type":"WebPage","@id":"https:\/\/www.canuti.com\/de\/der-nudelteig-die-zutaten-formate-und-fuellungen\/","url":"https:\/\/www.canuti.com\/de\/der-nudelteig-die-zutaten-formate-und-fuellungen\/","name":"Das traditionelle Romagnola-Geb\u00e4ck, hergestellt in Italien von Canuti","isPartOf":{"@id":"https:\/\/www.canuti.com\/de\/#website"},"datePublished":"2019-10-01T10:35:44+00:00","dateModified":"2024-07-03T13:15:06+00:00","description":"Entdecken Sie das Canuti-Blatt, die Zutaten, die Formen und alle F\u00fcllungen unserer gefrorenen Frischnudellinien f\u00fcr die Gastronomie.","breadcrumb":{"@id":"https:\/\/www.canuti.com\/de\/der-nudelteig-die-zutaten-formate-und-fuellungen\/#breadcrumb"},"inLanguage":"de","potentialAction":[{"@type":"ReadAction","target":["https:\/\/www.canuti.com\/de\/der-nudelteig-die-zutaten-formate-und-fuellungen\/"]}]},{"@type":"BreadcrumbList","@id":"https:\/\/www.canuti.com\/de\/der-nudelteig-die-zutaten-formate-und-fuellungen\/#breadcrumb","itemListElement":[{"@type":"ListItem","position":1,"name":"Canuti","item":"https:\/\/www.canuti.com\/de\/"},{"@type":"ListItem","position":2,"name":"Der Nudelteig, die Zutaten, Formate und F\u00fcllungen"}]},{"@type":"WebSite","@id":"https:\/\/www.canuti.com\/de\/#website","url":"https:\/\/www.canuti.com\/de\/","name":"Canuti Sito Ufficiale","description":"Pasta fresca surgelata \u2013 Made in Italy per la ristorazione e il retail","publisher":{"@id":"https:\/\/www.canuti.com\/de\/#organization"},"potentialAction":[{"@type":"SearchAction","target":{"@type":"EntryPoint","urlTemplate":"https:\/\/www.canuti.com\/de\/?s={search_term_string}"},"query-input":{"@type":"PropertyValueSpecification","valueRequired":true,"valueName":"search_term_string"}}],"inLanguage":"de"},{"@type":"Organization","@id":"https:\/\/www.canuti.com\/de\/#organization","name":"Canuti Pasta Artisans","url":"https:\/\/www.canuti.com\/de\/","logo":{"@type":"ImageObject","inLanguage":"de","@id":"https:\/\/www.canuti.com\/de\/#\/schema\/logo\/image\/","url":"http:\/\/www.canuti.com\/wp-content\/uploads\/2019\/09\/canuti_logo.png","contentUrl":"http:\/\/www.canuti.com\/wp-content\/uploads\/2019\/09\/canuti_logo.png","width":172,"height":115,"caption":"Canuti Pasta Artisans"},"image":{"@id":"https:\/\/www.canuti.com\/de\/#\/schema\/logo\/image\/"}}]}},"_links":{"self":[{"href":"https:\/\/www.canuti.com\/de\/wp-json\/wp\/v2\/pages\/19281","targetHints":{"allow":["GET"]}}],"collection":[{"href":"https:\/\/www.canuti.com\/de\/wp-json\/wp\/v2\/pages"}],"about":[{"href":"https:\/\/www.canuti.com\/de\/wp-json\/wp\/v2\/types\/page"}],"author":[{"embeddable":true,"href":"https:\/\/www.canuti.com\/de\/wp-json\/wp\/v2\/users\/3"}],"replies":[{"embeddable":true,"href":"https:\/\/www.canuti.com\/de\/wp-json\/wp\/v2\/comments?post=19281"}],"version-history":[{"count":4,"href":"https:\/\/www.canuti.com\/de\/wp-json\/wp\/v2\/pages\/19281\/revisions"}],"predecessor-version":[{"id":25656,"href":"https:\/\/www.canuti.com\/de\/wp-json\/wp\/v2\/pages\/19281\/revisions\/25656"}],"wp:attachment":[{"href":"https:\/\/www.canuti.com\/de\/wp-json\/wp\/v2\/media?parent=19281"}],"curies":[{"name":"wp","href":"https:\/\/api.w.org\/{rel}","templated":true}]}}